{"id":3171,"date":"2019-08-06T15:40:10","date_gmt":"2019-08-06T13:40:10","guid":{"rendered":"https:\/\/www.hydrachim.fr\/product\/puresoft\/"},"modified":"2025-10-31T14:45:40","modified_gmt":"2025-10-31T12:45:40","slug":"clean_soft_002044194","status":"publish","type":"product","link":"https:\/\/www.hydrachim.fr\/en\/produit\/clean_soft_002044194\/","title":{"rendered":"Clean Soft"},"content":{"rendered":"<p><strong>CLEAN SOFT est un nettoyant d\u00e9sinfectant multi-surfaces.<br \/>\nFormul\u00e9 sans parfum.<\/p>\n<p>CLEAN SOFT est :<br \/>\n&#8211; Bact\u00e9ricide,<br \/>\n&#8211; Levuricide-Fongicide,<br \/>\n&#8211; Virucide.<br \/>\nEfficace sur Coronavirus.<\/strong><\/p>\n<p>CLEAN SOFT est formul\u00e9 pour le nettoyage et la d\u00e9sinfection de toutes les surfaces.<br \/>\nIl peut s&#8217;utiliser pour la d\u00e9sinfection en collectivit\u00e9 type cr\u00e8ches, \u00e9coles, garderies (chambres, couloirs, salles d&#8217;attente, ascenseurs, escaliers).<br \/>\nUtilisation possible pour la d\u00e9sinfection des jouets.<\/p>\n<p><strong>Disponible en :<br \/>\n&#8211; Carton de 6 x 750 mL. R\u00e9f. 002044192<br \/>\n&#8211; Carton de 4 x 5 L. R\u00e9f. 002044194<\/strong><\/p>\n<p class=\"y-product y-product__product-subtitle\">Avantage :<\/p>\n<p>CLEAN SOFT est Bact\u00e9ricide en condition de salet\u00e9 selon EN 1276, 5 min. \u00e0 20\u00b0C et EN 13697, 15 min. \u00e0 20\u00b0C. Levuricide &#8211; Fongicide en condition de salet\u00e9 selon EN 1650 et EN 13697, 15 min. \u00e0 20\u00b0C. Virucide en condition de salet\u00e9 selon EN 14476, 15 minutes \u00e0 20\u00b0C. Efficace sur Coronavirus. Virucide en condition de salet\u00e9 selon EN 16777, 15 minutes \u00e0 20\u00b0C. <\/p>\n<p>Retrouvez le mode d&#8217;emploi et le dosage du produit en t\u00e9l\u00e9chargeant sa Fiche Technique.<\/p>\n<p><em>Utilisez les biocides avec pr\u00e9caution. Avant toute utilisation, lisez l&#8217;\u00e9tiquette et les informations concernant le produit.<\/em><\/p>\n","protected":false},"excerpt":{"rendered":"<p>Nettoyant d\u00e9sinfectant multi-surfaces. Pr\u00eat \u00e0 l&#8217;emploi<\/p>\n","protected":false},"featured_media":22159,"template":"","meta":[],"product_brand":[],"product_type":[2],"product_visibility":[],"product_cat":[4111,4128,4189,4107,4112,4127],"class_list":{"0":"post-3171","1":"product","2":"type-product","3":"status-publish","4":"has-post-thumbnail","6":"product_cat-produitsdesinfection","7":"product_cat-solentretien","8":"product_cat-marquesidegreen","9":"product_cat-nos-produits-zro-pictossurface","10":"product_cat-dsinfectionsurface","11":"product_cat-produitssurface-sol","12":"product_tag-bactericide","13":"product_tag-crche","14":"product_tag-desinfectant","15":"product_tag-fongicide","16":"product_tag-levuricide","17":"product_tag-liquide","18":"product_tag-mur","19":"product_tag-nettoyant","20":"product_tag-sol","22":"first","23":"instock","24":"shipping-taxable","25":"product-type-simple"},"yoast_head":"<!-- This site is optimized with the Yoast SEO plugin v27.4 - https:\/\/yoast.com\/product\/yoast-seo-wordpress\/ -->\n<title>Nettoyant d\u00e9sinfectant bact\u00e9ricide multi-surfaces - Pure&#039;Soft - Hydrachim<\/title>\n<meta name=\"description\" content=\"PURE&#039;SOFT est un produit nettoyant, d\u00e9sinfectant et bact\u00e9ricide multi-surfaces. Il peut s&#039;utiliser pour la d\u00e9sinfection en collectivit\u00e9...\" \/>\n<meta name=\"robots\" content=\"index, follow, max-snippet:-1, max-image-preview:large, max-video-preview:-1\" \/>\n<link rel=\"canonical\" href=\"https:\/\/www.hydrachim.fr\/en\/produit\/clean_soft_002044194\/\" \/>\n<meta property=\"og:locale\" content=\"en_US\" \/>\n<meta property=\"og:type\" content=\"article\" \/>\n<meta property=\"og:title\" content=\"Nettoyant d\u00e9sinfectant bact\u00e9ricide multi-surfaces - Pure&#039;Soft - Hydrachim\" \/>\n<meta property=\"og:description\" content=\"PURE&#039;SOFT est un produit nettoyant, d\u00e9sinfectant et bact\u00e9ricide multi-surfaces. Il peut s&#039;utiliser pour la d\u00e9sinfection en collectivit\u00e9...\" \/>\n<meta property=\"og:url\" content=\"https:\/\/www.hydrachim.fr\/en\/produit\/clean_soft_002044194\/\" \/>\n<meta property=\"og:site_name\" content=\"Hydrachim\" \/>\n<meta property=\"article:modified_time\" content=\"2025-10-31T12:45:40+00:00\" \/>\n<meta property=\"og:image\" content=\"https:\/\/www.hydrachim.fr\/app\/uploads\/2025\/07\/IDEGREEN___0441_CLEAN_SOFT_750ML.png\" \/>\n\t<meta property=\"og:image:width\" content=\"512\" \/>\n\t<meta property=\"og:image:height\" content=\"931\" \/>\n\t<meta property=\"og:image:type\" content=\"image\/png\" \/>\n<meta name=\"twitter:card\" content=\"summary_large_image\" \/>\n<meta name=\"twitter:label1\" content=\"Est. reading time\" \/>\n\t<meta name=\"twitter:data1\" content=\"1 minute\" \/>\n<script type=\"application\/ld+json\" class=\"yoast-schema-graph\">{\"@context\":\"https:\\\/\\\/schema.org\",\"@graph\":[{\"@type\":\"WebPage\",\"@id\":\"https:\\\/\\\/www.hydrachim.fr\\\/en\\\/produit\\\/clean_soft_002044194\\\/\",\"url\":\"https:\\\/\\\/www.hydrachim.fr\\\/en\\\/produit\\\/clean_soft_002044194\\\/\",\"name\":\"Nettoyant d\u00e9sinfectant bact\u00e9ricide multi-surfaces - Pure'Soft - Hydrachim\",\"isPartOf\":{\"@id\":\"https:\\\/\\\/www.hydrachim.fr\\\/en\\\/#website\"},\"primaryImageOfPage\":{\"@id\":\"https:\\\/\\\/www.hydrachim.fr\\\/en\\\/produit\\\/clean_soft_002044194\\\/#primaryimage\"},\"image\":{\"@id\":\"https:\\\/\\\/www.hydrachim.fr\\\/en\\\/produit\\\/clean_soft_002044194\\\/#primaryimage\"},\"thumbnailUrl\":\"https:\\\/\\\/www.hydrachim.fr\\\/app\\\/uploads\\\/2025\\\/07\\\/IDEGREEN___0441_CLEAN_SOFT_750ML.png\",\"datePublished\":\"2019-08-06T13:40:10+00:00\",\"dateModified\":\"2025-10-31T12:45:40+00:00\",\"description\":\"PURE'SOFT est un produit nettoyant, d\u00e9sinfectant et bact\u00e9ricide multi-surfaces. Il peut s'utiliser pour la d\u00e9sinfection en collectivit\u00e9...\",\"breadcrumb\":{\"@id\":\"https:\\\/\\\/www.hydrachim.fr\\\/en\\\/produit\\\/clean_soft_002044194\\\/#breadcrumb\"},\"inLanguage\":\"en-US\",\"potentialAction\":[{\"@type\":\"ReadAction\",\"target\":[\"https:\\\/\\\/www.hydrachim.fr\\\/en\\\/produit\\\/clean_soft_002044194\\\/\"]}]},{\"@type\":\"ImageObject\",\"inLanguage\":\"en-US\",\"@id\":\"https:\\\/\\\/www.hydrachim.fr\\\/en\\\/produit\\\/clean_soft_002044194\\\/#primaryimage\",\"url\":\"https:\\\/\\\/www.hydrachim.fr\\\/app\\\/uploads\\\/2025\\\/07\\\/IDEGREEN___0441_CLEAN_SOFT_750ML.png\",\"contentUrl\":\"https:\\\/\\\/www.hydrachim.fr\\\/app\\\/uploads\\\/2025\\\/07\\\/IDEGREEN___0441_CLEAN_SOFT_750ML.png\",\"width\":512,\"height\":931},{\"@type\":\"BreadcrumbList\",\"@id\":\"https:\\\/\\\/www.hydrachim.fr\\\/en\\\/produit\\\/clean_soft_002044194\\\/#breadcrumb\",\"itemListElement\":[{\"@type\":\"ListItem\",\"position\":1,\"name\":\"Home\",\"item\":\"https:\\\/\\\/www.hydrachim.fr\\\/en\\\/\"},{\"@type\":\"ListItem\",\"position\":2,\"name\":\"Boutique\",\"item\":\"https:\\\/\\\/www.hydrachim.fr\\\/boutique\\\/\"},{\"@type\":\"ListItem\",\"position\":3,\"name\":\"Clean Soft\"}]},{\"@type\":\"WebSite\",\"@id\":\"https:\\\/\\\/www.hydrachim.fr\\\/en\\\/#website\",\"url\":\"https:\\\/\\\/www.hydrachim.fr\\\/en\\\/\",\"name\":\"Hydrachim\",\"description\":\"La science de l&#039;hygi\u00e8ne\",\"potentialAction\":[{\"@type\":\"SearchAction\",\"target\":{\"@type\":\"EntryPoint\",\"urlTemplate\":\"https:\\\/\\\/www.hydrachim.fr\\\/en\\\/?s={search_term_string}\"},\"query-input\":{\"@type\":\"PropertyValueSpecification\",\"valueRequired\":true,\"valueName\":\"search_term_string\"}}],\"inLanguage\":\"en-US\"}]}<\/script>\n<!-- \/ Yoast SEO plugin. -->","yoast_head_json":{"title":"Nettoyant d\u00e9sinfectant bact\u00e9ricide multi-surfaces - Pure'Soft - Hydrachim","description":"PURE'SOFT est un produit nettoyant, d\u00e9sinfectant et bact\u00e9ricide multi-surfaces. Il peut s'utiliser pour la d\u00e9sinfection en collectivit\u00e9...","robots":{"index":"index","follow":"follow","max-snippet":"max-snippet:-1","max-image-preview":"max-image-preview:large","max-video-preview":"max-video-preview:-1"},"canonical":"https:\/\/www.hydrachim.fr\/en\/produit\/clean_soft_002044194\/","og_locale":"en_US","og_type":"article","og_title":"Nettoyant d\u00e9sinfectant bact\u00e9ricide multi-surfaces - Pure'Soft - Hydrachim","og_description":"PURE'SOFT est un produit nettoyant, d\u00e9sinfectant et bact\u00e9ricide multi-surfaces. Il peut s'utiliser pour la d\u00e9sinfection en collectivit\u00e9...","og_url":"https:\/\/www.hydrachim.fr\/en\/produit\/clean_soft_002044194\/","og_site_name":"Hydrachim","article_modified_time":"2025-10-31T12:45:40+00:00","og_image":[{"width":512,"height":931,"url":"https:\/\/www.hydrachim.fr\/app\/uploads\/2025\/07\/IDEGREEN___0441_CLEAN_SOFT_750ML.png","type":"image\/png"}],"twitter_card":"summary_large_image","twitter_misc":{"Est. reading time":"1 minute"},"schema":{"@context":"https:\/\/schema.org","@graph":[{"@type":"WebPage","@id":"https:\/\/www.hydrachim.fr\/en\/produit\/clean_soft_002044194\/","url":"https:\/\/www.hydrachim.fr\/en\/produit\/clean_soft_002044194\/","name":"Nettoyant d\u00e9sinfectant bact\u00e9ricide multi-surfaces - Pure'Soft - Hydrachim","isPartOf":{"@id":"https:\/\/www.hydrachim.fr\/en\/#website"},"primaryImageOfPage":{"@id":"https:\/\/www.hydrachim.fr\/en\/produit\/clean_soft_002044194\/#primaryimage"},"image":{"@id":"https:\/\/www.hydrachim.fr\/en\/produit\/clean_soft_002044194\/#primaryimage"},"thumbnailUrl":"https:\/\/www.hydrachim.fr\/app\/uploads\/2025\/07\/IDEGREEN___0441_CLEAN_SOFT_750ML.png","datePublished":"2019-08-06T13:40:10+00:00","dateModified":"2025-10-31T12:45:40+00:00","description":"PURE'SOFT est un produit nettoyant, d\u00e9sinfectant et bact\u00e9ricide multi-surfaces. Il peut s'utiliser pour la d\u00e9sinfection en collectivit\u00e9...","breadcrumb":{"@id":"https:\/\/www.hydrachim.fr\/en\/produit\/clean_soft_002044194\/#breadcrumb"},"inLanguage":"en-US","potentialAction":[{"@type":"ReadAction","target":["https:\/\/www.hydrachim.fr\/en\/produit\/clean_soft_002044194\/"]}]},{"@type":"ImageObject","inLanguage":"en-US","@id":"https:\/\/www.hydrachim.fr\/en\/produit\/clean_soft_002044194\/#primaryimage","url":"https:\/\/www.hydrachim.fr\/app\/uploads\/2025\/07\/IDEGREEN___0441_CLEAN_SOFT_750ML.png","contentUrl":"https:\/\/www.hydrachim.fr\/app\/uploads\/2025\/07\/IDEGREEN___0441_CLEAN_SOFT_750ML.png","width":512,"height":931},{"@type":"BreadcrumbList","@id":"https:\/\/www.hydrachim.fr\/en\/produit\/clean_soft_002044194\/#breadcrumb","itemListElement":[{"@type":"ListItem","position":1,"name":"Home","item":"https:\/\/www.hydrachim.fr\/en\/"},{"@type":"ListItem","position":2,"name":"Boutique","item":"https:\/\/www.hydrachim.fr\/boutique\/"},{"@type":"ListItem","position":3,"name":"Clean Soft"}]},{"@type":"WebSite","@id":"https:\/\/www.hydrachim.fr\/en\/#website","url":"https:\/\/www.hydrachim.fr\/en\/","name":"Hydrachim","description":"La science de l&#039;hygi\u00e8ne","potentialAction":[{"@type":"SearchAction","target":{"@type":"EntryPoint","urlTemplate":"https:\/\/www.hydrachim.fr\/en\/?s={search_term_string}"},"query-input":{"@type":"PropertyValueSpecification","valueRequired":true,"valueName":"search_term_string"}}],"inLanguage":"en-US"}]}},"acf":{"fiche_technique":"https:\/\/www.hydrachim.fr\/app\/uploads\/2025\/10\/FT___0441___CLEAN_SOFT.pdf","fiche_methode":""},"_links":{"self":[{"href":"https:\/\/www.hydrachim.fr\/en\/wp-json\/wp\/v2\/product\/3171","targetHints":{"allow":["GET"]}}],"collection":[{"href":"https:\/\/www.hydrachim.fr\/en\/wp-json\/wp\/v2\/product"}],"about":[{"href":"https:\/\/www.hydrachim.fr\/en\/wp-json\/wp\/v2\/types\/product"}],"wp:featuredmedia":[{"embeddable":true,"href":"https:\/\/www.hydrachim.fr\/en\/wp-json\/wp\/v2\/media\/22159"}],"wp:attachment":[{"href":"https:\/\/www.hydrachim.fr\/en\/wp-json\/wp\/v2\/media?parent=3171"}],"wp:term":[{"taxonomy":"product_brand","embeddable":true,"href":"https:\/\/www.hydrachim.fr\/en\/wp-json\/wp\/v2\/product_brand?post=3171"},{"taxonomy":"product_type","embeddable":true,"href":"https:\/\/www.hydrachim.fr\/en\/wp-json\/wp\/v2\/product_type?post=3171"},{"taxonomy":"product_visibility","embeddable":true,"href":"https:\/\/www.hydrachim.fr\/en\/wp-json\/wp\/v2\/product_visibility?post=3171"},{"taxonomy":"product_cat","embeddable":true,"href":"https:\/\/www.hydrachim.fr\/en\/wp-json\/wp\/v2\/product_cat?post=3171"}],"curies":[{"name":"wp","href":"https:\/\/api.w.org\/{rel}","templated":true}]}}