{"id":3168,"date":"2019-08-06T15:40:08","date_gmt":"2019-08-06T13:40:08","guid":{"rendered":"https:\/\/www.hydrachim.fr\/product\/tri-hydrazym\/"},"modified":"2024-11-20T13:17:15","modified_gmt":"2024-11-20T11:17:15","slug":"tri_hydrazym_002151702","status":"publish","type":"product","link":"https:\/\/www.hydrachim.fr\/en\/produit\/tri_hydrazym_002151702\/","title":{"rendered":"Tri Hydrazym"},"content":{"rendered":"<p><strong>Combinaison de trois enzymes : prot\u00e9ases, lipases et amylases.<\/strong><\/p>\n<p>D\u00e9tergent concentr\u00e9 tri-enzymatique MOUSSANT. Combinaison unique de 3 enzymes, qui permet d\u2019\u00e9liminer aussi bien les graisses, les prot\u00e9ines et les polysaccharides.<br \/>\nTraitement pr\u00e9ventif de lutte contre les biofilms. Formul\u00e9 pour l&#8217;industrie agro-alimentaire impliquant la manipulation d&#8217;aliments.<br \/>\nTemps de contact prolong\u00e9 gr\u00e2ce \u00e0 sa mousse dense. Rin\u00e7age facile. Utilisable en canon \u00e0 mousse ou en trempage.<\/p>\n<p><strong>Disponible en :<br \/>\n&#8211; Carton de 2x5L. R\u00e9f. 002151701<br \/>\n&#8211; Bidon de 20L. R\u00e9f. 002151702<\/strong><\/p>\n<p class=\"y-product y-product__product-subtitle\">Avantage :<\/p>\n<p>Compatible avec tous types de mat\u00e9riaux, TRI-HYDRAZYM est un nettoyant NON CAUSTIQUE, repr\u00e9sentant une tr\u00e8s bonne alternative aux produits traditionnels.<\/p>\n<p>Retrouvez le mode d&#8217;emploi et le dosage du produit en t\u00e9l\u00e9chargeant la Fiche Technique.<\/p>\n","protected":false},"excerpt":{"rendered":"<p>Nettoyant tri-enzymatique d\u00e9tergent moussant pour les surfaces.<\/p>\n","protected":false},"featured_media":19560,"template":"","meta":[],"product_brand":[],"product_type":[2],"product_visibility":[],"product_cat":[4009,4163],"class_list":{"0":"post-3168","1":"product","2":"type-product","3":"status-publish","4":"has-post-thumbnail","6":"product_cat-produitshygiene-enzymatique","7":"product_cat-marqueshygine-enzymatique","8":"product_tag-agro-alimentaire","9":"product_tag-enzymatique","10":"product_tag-hydrazym","11":"product_tag-moussant","13":"first","14":"instock","15":"shipping-taxable","16":"product-type-simple"},"yoast_head":"<!-- This site is optimized with the Yoast SEO plugin v27.5 - https:\/\/yoast.com\/product\/yoast-seo-wordpress\/ -->\n<title>Tri Hydrazym - Hydrachim<\/title>\n<meta name=\"robots\" content=\"index, follow, max-snippet:-1, max-image-preview:large, max-video-preview:-1\" \/>\n<link rel=\"canonical\" href=\"https:\/\/www.hydrachim.fr\/en\/produit\/tri_hydrazym_002151702\/\" \/>\n<meta property=\"og:locale\" content=\"en_US\" \/>\n<meta property=\"og:type\" content=\"article\" \/>\n<meta property=\"og:title\" content=\"Tri Hydrazym - Hydrachim\" \/>\n<meta property=\"og:description\" content=\"Nettoyant tri-enzymatique d\u00e9tergent moussant pour les surfaces.\" \/>\n<meta property=\"og:url\" content=\"https:\/\/www.hydrachim.fr\/en\/produit\/tri_hydrazym_002151702\/\" \/>\n<meta property=\"og:site_name\" content=\"Hydrachim\" \/>\n<meta property=\"article:modified_time\" content=\"2024-11-20T11:17:15+00:00\" \/>\n<meta property=\"og:image\" content=\"https:\/\/www.hydrachim.fr\/app\/uploads\/2019\/10\/1517-TRI-HYDRAZYM-5L-PHOTO-WEB.png\" \/>\n\t<meta property=\"og:image:width\" content=\"386\" \/>\n\t<meta property=\"og:image:height\" content=\"600\" \/>\n\t<meta property=\"og:image:type\" content=\"image\/png\" \/>\n<meta name=\"twitter:card\" content=\"summary_large_image\" \/>\n<meta name=\"twitter:label1\" content=\"Est. reading time\" \/>\n\t<meta name=\"twitter:data1\" content=\"1 minute\" \/>\n<script type=\"application\/ld+json\" class=\"yoast-schema-graph\">{\"@context\":\"https:\\\/\\\/schema.org\",\"@graph\":[{\"@type\":\"WebPage\",\"@id\":\"https:\\\/\\\/www.hydrachim.fr\\\/en\\\/produit\\\/tri_hydrazym_002151702\\\/\",\"url\":\"https:\\\/\\\/www.hydrachim.fr\\\/en\\\/produit\\\/tri_hydrazym_002151702\\\/\",\"name\":\"Tri Hydrazym - Hydrachim\",\"isPartOf\":{\"@id\":\"https:\\\/\\\/www.hydrachim.fr\\\/en\\\/#website\"},\"primaryImageOfPage\":{\"@id\":\"https:\\\/\\\/www.hydrachim.fr\\\/en\\\/produit\\\/tri_hydrazym_002151702\\\/#primaryimage\"},\"image\":{\"@id\":\"https:\\\/\\\/www.hydrachim.fr\\\/en\\\/produit\\\/tri_hydrazym_002151702\\\/#primaryimage\"},\"thumbnailUrl\":\"https:\\\/\\\/www.hydrachim.fr\\\/app\\\/uploads\\\/2024\\\/11\\\/1517_TRI_HYDRAZIM_5L.png\",\"datePublished\":\"2019-08-06T13:40:08+00:00\",\"dateModified\":\"2024-11-20T11:17:15+00:00\",\"breadcrumb\":{\"@id\":\"https:\\\/\\\/www.hydrachim.fr\\\/en\\\/produit\\\/tri_hydrazym_002151702\\\/#breadcrumb\"},\"inLanguage\":\"en-US\",\"potentialAction\":[{\"@type\":\"ReadAction\",\"target\":[\"https:\\\/\\\/www.hydrachim.fr\\\/en\\\/produit\\\/tri_hydrazym_002151702\\\/\"]}]},{\"@type\":\"ImageObject\",\"inLanguage\":\"en-US\",\"@id\":\"https:\\\/\\\/www.hydrachim.fr\\\/en\\\/produit\\\/tri_hydrazym_002151702\\\/#primaryimage\",\"url\":\"https:\\\/\\\/www.hydrachim.fr\\\/app\\\/uploads\\\/2024\\\/11\\\/1517_TRI_HYDRAZIM_5L.png\",\"contentUrl\":\"https:\\\/\\\/www.hydrachim.fr\\\/app\\\/uploads\\\/2024\\\/11\\\/1517_TRI_HYDRAZIM_5L.png\",\"width\":571,\"height\":886},{\"@type\":\"BreadcrumbList\",\"@id\":\"https:\\\/\\\/www.hydrachim.fr\\\/en\\\/produit\\\/tri_hydrazym_002151702\\\/#breadcrumb\",\"itemListElement\":[{\"@type\":\"ListItem\",\"position\":1,\"name\":\"Home\",\"item\":\"https:\\\/\\\/www.hydrachim.fr\\\/en\\\/\"},{\"@type\":\"ListItem\",\"position\":2,\"name\":\"Boutique\",\"item\":\"https:\\\/\\\/www.hydrachim.fr\\\/boutique\\\/\"},{\"@type\":\"ListItem\",\"position\":3,\"name\":\"Tri Hydrazym\"}]},{\"@type\":\"WebSite\",\"@id\":\"https:\\\/\\\/www.hydrachim.fr\\\/en\\\/#website\",\"url\":\"https:\\\/\\\/www.hydrachim.fr\\\/en\\\/\",\"name\":\"Hydrachim\",\"description\":\"La science de l&#039;hygi\u00e8ne\",\"potentialAction\":[{\"@type\":\"SearchAction\",\"target\":{\"@type\":\"EntryPoint\",\"urlTemplate\":\"https:\\\/\\\/www.hydrachim.fr\\\/en\\\/?s={search_term_string}\"},\"query-input\":{\"@type\":\"PropertyValueSpecification\",\"valueRequired\":true,\"valueName\":\"search_term_string\"}}],\"inLanguage\":\"en-US\"}]}<\/script>\n<!-- \/ Yoast SEO plugin. -->","yoast_head_json":{"title":"Tri Hydrazym - Hydrachim","robots":{"index":"index","follow":"follow","max-snippet":"max-snippet:-1","max-image-preview":"max-image-preview:large","max-video-preview":"max-video-preview:-1"},"canonical":"https:\/\/www.hydrachim.fr\/en\/produit\/tri_hydrazym_002151702\/","og_locale":"en_US","og_type":"article","og_title":"Tri Hydrazym - Hydrachim","og_description":"Nettoyant tri-enzymatique d\u00e9tergent moussant pour les surfaces.","og_url":"https:\/\/www.hydrachim.fr\/en\/produit\/tri_hydrazym_002151702\/","og_site_name":"Hydrachim","article_modified_time":"2024-11-20T11:17:15+00:00","og_image":[{"width":386,"height":600,"url":"https:\/\/www.hydrachim.fr\/app\/uploads\/2019\/10\/1517-TRI-HYDRAZYM-5L-PHOTO-WEB.png","type":"image\/png"}],"twitter_card":"summary_large_image","twitter_misc":{"Est. reading time":"1 minute"},"schema":{"@context":"https:\/\/schema.org","@graph":[{"@type":"WebPage","@id":"https:\/\/www.hydrachim.fr\/en\/produit\/tri_hydrazym_002151702\/","url":"https:\/\/www.hydrachim.fr\/en\/produit\/tri_hydrazym_002151702\/","name":"Tri Hydrazym - Hydrachim","isPartOf":{"@id":"https:\/\/www.hydrachim.fr\/en\/#website"},"primaryImageOfPage":{"@id":"https:\/\/www.hydrachim.fr\/en\/produit\/tri_hydrazym_002151702\/#primaryimage"},"image":{"@id":"https:\/\/www.hydrachim.fr\/en\/produit\/tri_hydrazym_002151702\/#primaryimage"},"thumbnailUrl":"https:\/\/www.hydrachim.fr\/app\/uploads\/2024\/11\/1517_TRI_HYDRAZIM_5L.png","datePublished":"2019-08-06T13:40:08+00:00","dateModified":"2024-11-20T11:17:15+00:00","breadcrumb":{"@id":"https:\/\/www.hydrachim.fr\/en\/produit\/tri_hydrazym_002151702\/#breadcrumb"},"inLanguage":"en-US","potentialAction":[{"@type":"ReadAction","target":["https:\/\/www.hydrachim.fr\/en\/produit\/tri_hydrazym_002151702\/"]}]},{"@type":"ImageObject","inLanguage":"en-US","@id":"https:\/\/www.hydrachim.fr\/en\/produit\/tri_hydrazym_002151702\/#primaryimage","url":"https:\/\/www.hydrachim.fr\/app\/uploads\/2024\/11\/1517_TRI_HYDRAZIM_5L.png","contentUrl":"https:\/\/www.hydrachim.fr\/app\/uploads\/2024\/11\/1517_TRI_HYDRAZIM_5L.png","width":571,"height":886},{"@type":"BreadcrumbList","@id":"https:\/\/www.hydrachim.fr\/en\/produit\/tri_hydrazym_002151702\/#breadcrumb","itemListElement":[{"@type":"ListItem","position":1,"name":"Home","item":"https:\/\/www.hydrachim.fr\/en\/"},{"@type":"ListItem","position":2,"name":"Boutique","item":"https:\/\/www.hydrachim.fr\/boutique\/"},{"@type":"ListItem","position":3,"name":"Tri Hydrazym"}]},{"@type":"WebSite","@id":"https:\/\/www.hydrachim.fr\/en\/#website","url":"https:\/\/www.hydrachim.fr\/en\/","name":"Hydrachim","description":"La science de l&#039;hygi\u00e8ne","potentialAction":[{"@type":"SearchAction","target":{"@type":"EntryPoint","urlTemplate":"https:\/\/www.hydrachim.fr\/en\/?s={search_term_string}"},"query-input":{"@type":"PropertyValueSpecification","valueRequired":true,"valueName":"search_term_string"}}],"inLanguage":"en-US"}]}},"acf":{"fiche_technique":"https:\/\/www.hydrachim.fr\/app\/uploads\/2023\/11\/FT_1517_TRI_HYDRAZYM.pdf","fiche_methode":""},"_links":{"self":[{"href":"https:\/\/www.hydrachim.fr\/en\/wp-json\/wp\/v2\/product\/3168","targetHints":{"allow":["GET"]}}],"collection":[{"href":"https:\/\/www.hydrachim.fr\/en\/wp-json\/wp\/v2\/product"}],"about":[{"href":"https:\/\/www.hydrachim.fr\/en\/wp-json\/wp\/v2\/types\/product"}],"wp:featuredmedia":[{"embeddable":true,"href":"https:\/\/www.hydrachim.fr\/en\/wp-json\/wp\/v2\/media\/19560"}],"wp:attachment":[{"href":"https:\/\/www.hydrachim.fr\/en\/wp-json\/wp\/v2\/media?parent=3168"}],"wp:term":[{"taxonomy":"product_brand","embeddable":true,"href":"https:\/\/www.hydrachim.fr\/en\/wp-json\/wp\/v2\/product_brand?post=3168"},{"taxonomy":"product_type","embeddable":true,"href":"https:\/\/www.hydrachim.fr\/en\/wp-json\/wp\/v2\/product_type?post=3168"},{"taxonomy":"product_visibility","embeddable":true,"href":"https:\/\/www.hydrachim.fr\/en\/wp-json\/wp\/v2\/product_visibility?post=3168"},{"taxonomy":"product_cat","embeddable":true,"href":"https:\/\/www.hydrachim.fr\/en\/wp-json\/wp\/v2\/product_cat?post=3168"}],"curies":[{"name":"wp","href":"https:\/\/api.w.org\/{rel}","templated":true}]}}