{"id":3165,"date":"2019-08-06T15:40:05","date_gmt":"2019-08-06T13:40:05","guid":{"rendered":"https:\/\/www.hydrachim.fr\/product\/oxypro-foam-aag\/"},"modified":"2024-10-17T16:25:07","modified_gmt":"2024-10-17T14:25:07","slug":"oxypro_foam_aag_002132503","status":"publish","type":"product","link":"https:\/\/www.hydrachim.fr\/en\/produit\/oxypro_foam_aag_002132503\/","title":{"rendered":"OXYPRO FOAM AAG"},"content":{"rendered":"<p><strong>Oxypro foam AAG est un d\u00e9sinfectant moussant oxydant.<br \/>\nEfficacit\u00e9 virucide couverte sur le Coronavirus.<\/strong><\/p>\n<p>Oxypro foam AAG d\u00e9sinfecte toutes les surfaces et mat\u00e9riels propres en industrie agroalimentaire.<br \/>\nSon fort pouvoir oxydant apporte une grande effificacit\u00e9 d\u00e9sinfectante et une action blanchissante des supports.<br \/>\nCe produit est compatible avec les inox, PVC, Poly\u00e9thyl\u00e8ne, Polypropyl\u00e8ne, verre, caoutchouc.<\/p>\n<p><strong>Disponible en :<br \/>\n&#8211; Bidon de 20kg. R\u00e9f. 002132503.<br \/>\n&#8211; F\u00fbt de 200kg. R\u00e9f. 002132502.<\/strong><\/p>\n<p class=\"y-product y-product__product-subtitle\">Avantage :<\/p>\n<p>Action rapide. D\u00e9tartrante avec une bonne rin\u00e7abilit\u00e9.<\/p>\n<p>Retrouvez le mode d&#8217;emploi et le dosage du produit en t\u00e9l\u00e9chargeant, ci-dessous, sa Fiche Technique et\/ou sa Fiche M\u00e9thode.<\/p>\n<p><em>Utilisez les biocides avec pr\u00e9caution. Avant toute utilisation, lisez l&#8217;\u00e9tiquette et les informations concernant le produit.<\/em><\/p>\n","protected":false},"excerpt":{"rendered":"<p>D\u00e9sinfectant acide moussant oxydant.<br \/>\nEfficacit\u00e9 virucide couverte sur le Coronavirus.<\/p>\n","protected":false},"featured_media":6167,"template":"","meta":[],"product_brand":[],"product_type":[2],"product_visibility":[],"product_cat":[4027,4237,4151],"class_list":{"0":"post-3165","1":"product","2":"type-product","3":"status-publish","4":"has-post-thumbnail","6":"product_cat-agro-alimentaire-industrie","7":"product_cat-produits-produitsdsinfectioncoronavirus","8":"product_cat-marquesdeterquat","9":"product_tag-agro-alimentaire","10":"product_tag-alimentaire_1","11":"product_tag-bactericide-type-defficacit","12":"product_tag-bacteriophage","13":"product_tag-desinfectant","14":"product_tag-efficace-sur-coronavirus","15":"product_tag-equipements-et-machines","16":"product_tag-fongicide_1","17":"product_tag-industrie-agroalimentaire_1","18":"product_tag-industrie-viande-poisson","19":"product_tag-levuricide_1","20":"product_tag-liquide","21":"product_tag-moussant_1","22":"product_tag-mycobactericide","23":"product_tag-oxydant","24":"product_tag-sur-surfaces-ouvertes-sols-murs-plafonds","25":"product_tag-tous-types-dapplication","26":"product_tag-tous-types-defficacite","27":"product_tag-tous-types-de-secteur-dactivite","28":"product_tag-virucide_1","30":"first","31":"instock","32":"shipping-taxable","33":"product-type-simple"},"yoast_head":"<!-- This site is optimized with the Yoast SEO plugin v27.5 - https:\/\/yoast.com\/product\/yoast-seo-wordpress\/ -->\n<title>OXYPRO FOAM AAG - Hydrachim<\/title>\n<meta name=\"robots\" content=\"index, follow, max-snippet:-1, max-image-preview:large, max-video-preview:-1\" \/>\n<link rel=\"canonical\" href=\"https:\/\/www.hydrachim.fr\/en\/produit\/oxypro_foam_aag_002132503\/\" \/>\n<meta property=\"og:locale\" content=\"en_US\" \/>\n<meta property=\"og:type\" content=\"article\" \/>\n<meta property=\"og:title\" content=\"OXYPRO FOAM AAG - Hydrachim\" \/>\n<meta property=\"og:description\" content=\"D\u00e9sinfectant acide moussant oxydant. Efficacit\u00e9 virucide couverte sur le Coronavirus.\" \/>\n<meta property=\"og:url\" content=\"https:\/\/www.hydrachim.fr\/en\/produit\/oxypro_foam_aag_002132503\/\" \/>\n<meta property=\"og:site_name\" content=\"Hydrachim\" \/>\n<meta property=\"article:modified_time\" content=\"2024-10-17T14:25:07+00:00\" \/>\n<meta property=\"og:image\" content=\"https:\/\/www.hydrachim.fr\/app\/uploads\/2020\/01\/002132503_Deterquat_OXY_proFOAM_AAG_20kg.png\" \/>\n\t<meta property=\"og:image:width\" content=\"359\" \/>\n\t<meta property=\"og:image:height\" content=\"509\" \/>\n\t<meta property=\"og:image:type\" content=\"image\/png\" \/>\n<meta name=\"twitter:card\" content=\"summary_large_image\" \/>\n<meta name=\"twitter:label1\" content=\"Est. reading time\" \/>\n\t<meta name=\"twitter:data1\" content=\"1 minute\" \/>\n<script type=\"application\/ld+json\" class=\"yoast-schema-graph\">{\"@context\":\"https:\\\/\\\/schema.org\",\"@graph\":[{\"@type\":\"WebPage\",\"@id\":\"https:\\\/\\\/www.hydrachim.fr\\\/en\\\/produit\\\/oxypro_foam_aag_002132503\\\/\",\"url\":\"https:\\\/\\\/www.hydrachim.fr\\\/en\\\/produit\\\/oxypro_foam_aag_002132503\\\/\",\"name\":\"OXYPRO FOAM AAG - Hydrachim\",\"isPartOf\":{\"@id\":\"https:\\\/\\\/www.hydrachim.fr\\\/en\\\/#website\"},\"primaryImageOfPage\":{\"@id\":\"https:\\\/\\\/www.hydrachim.fr\\\/en\\\/produit\\\/oxypro_foam_aag_002132503\\\/#primaryimage\"},\"image\":{\"@id\":\"https:\\\/\\\/www.hydrachim.fr\\\/en\\\/produit\\\/oxypro_foam_aag_002132503\\\/#primaryimage\"},\"thumbnailUrl\":\"https:\\\/\\\/www.hydrachim.fr\\\/app\\\/uploads\\\/2020\\\/01\\\/002132503_Deterquat_OXY_proFOAM_AAG_20kg.png\",\"datePublished\":\"2019-08-06T13:40:05+00:00\",\"dateModified\":\"2024-10-17T14:25:07+00:00\",\"breadcrumb\":{\"@id\":\"https:\\\/\\\/www.hydrachim.fr\\\/en\\\/produit\\\/oxypro_foam_aag_002132503\\\/#breadcrumb\"},\"inLanguage\":\"en-US\",\"potentialAction\":[{\"@type\":\"ReadAction\",\"target\":[\"https:\\\/\\\/www.hydrachim.fr\\\/en\\\/produit\\\/oxypro_foam_aag_002132503\\\/\"]}]},{\"@type\":\"ImageObject\",\"inLanguage\":\"en-US\",\"@id\":\"https:\\\/\\\/www.hydrachim.fr\\\/en\\\/produit\\\/oxypro_foam_aag_002132503\\\/#primaryimage\",\"url\":\"https:\\\/\\\/www.hydrachim.fr\\\/app\\\/uploads\\\/2020\\\/01\\\/002132503_Deterquat_OXY_proFOAM_AAG_20kg.png\",\"contentUrl\":\"https:\\\/\\\/www.hydrachim.fr\\\/app\\\/uploads\\\/2020\\\/01\\\/002132503_Deterquat_OXY_proFOAM_AAG_20kg.png\",\"width\":359,\"height\":509},{\"@type\":\"BreadcrumbList\",\"@id\":\"https:\\\/\\\/www.hydrachim.fr\\\/en\\\/produit\\\/oxypro_foam_aag_002132503\\\/#breadcrumb\",\"itemListElement\":[{\"@type\":\"ListItem\",\"position\":1,\"name\":\"Home\",\"item\":\"https:\\\/\\\/www.hydrachim.fr\\\/en\\\/\"},{\"@type\":\"ListItem\",\"position\":2,\"name\":\"Boutique\",\"item\":\"https:\\\/\\\/www.hydrachim.fr\\\/boutique\\\/\"},{\"@type\":\"ListItem\",\"position\":3,\"name\":\"OXYPRO FOAM AAG\"}]},{\"@type\":\"WebSite\",\"@id\":\"https:\\\/\\\/www.hydrachim.fr\\\/en\\\/#website\",\"url\":\"https:\\\/\\\/www.hydrachim.fr\\\/en\\\/\",\"name\":\"Hydrachim\",\"description\":\"La science de l&#039;hygi\u00e8ne\",\"potentialAction\":[{\"@type\":\"SearchAction\",\"target\":{\"@type\":\"EntryPoint\",\"urlTemplate\":\"https:\\\/\\\/www.hydrachim.fr\\\/en\\\/?s={search_term_string}\"},\"query-input\":{\"@type\":\"PropertyValueSpecification\",\"valueRequired\":true,\"valueName\":\"search_term_string\"}}],\"inLanguage\":\"en-US\"}]}<\/script>\n<!-- \/ Yoast SEO plugin. -->","yoast_head_json":{"title":"OXYPRO FOAM AAG - Hydrachim","robots":{"index":"index","follow":"follow","max-snippet":"max-snippet:-1","max-image-preview":"max-image-preview:large","max-video-preview":"max-video-preview:-1"},"canonical":"https:\/\/www.hydrachim.fr\/en\/produit\/oxypro_foam_aag_002132503\/","og_locale":"en_US","og_type":"article","og_title":"OXYPRO FOAM AAG - Hydrachim","og_description":"D\u00e9sinfectant acide moussant oxydant. Efficacit\u00e9 virucide couverte sur le Coronavirus.","og_url":"https:\/\/www.hydrachim.fr\/en\/produit\/oxypro_foam_aag_002132503\/","og_site_name":"Hydrachim","article_modified_time":"2024-10-17T14:25:07+00:00","og_image":[{"width":359,"height":509,"url":"https:\/\/www.hydrachim.fr\/app\/uploads\/2020\/01\/002132503_Deterquat_OXY_proFOAM_AAG_20kg.png","type":"image\/png"}],"twitter_card":"summary_large_image","twitter_misc":{"Est. reading time":"1 minute"},"schema":{"@context":"https:\/\/schema.org","@graph":[{"@type":"WebPage","@id":"https:\/\/www.hydrachim.fr\/en\/produit\/oxypro_foam_aag_002132503\/","url":"https:\/\/www.hydrachim.fr\/en\/produit\/oxypro_foam_aag_002132503\/","name":"OXYPRO FOAM AAG - Hydrachim","isPartOf":{"@id":"https:\/\/www.hydrachim.fr\/en\/#website"},"primaryImageOfPage":{"@id":"https:\/\/www.hydrachim.fr\/en\/produit\/oxypro_foam_aag_002132503\/#primaryimage"},"image":{"@id":"https:\/\/www.hydrachim.fr\/en\/produit\/oxypro_foam_aag_002132503\/#primaryimage"},"thumbnailUrl":"https:\/\/www.hydrachim.fr\/app\/uploads\/2020\/01\/002132503_Deterquat_OXY_proFOAM_AAG_20kg.png","datePublished":"2019-08-06T13:40:05+00:00","dateModified":"2024-10-17T14:25:07+00:00","breadcrumb":{"@id":"https:\/\/www.hydrachim.fr\/en\/produit\/oxypro_foam_aag_002132503\/#breadcrumb"},"inLanguage":"en-US","potentialAction":[{"@type":"ReadAction","target":["https:\/\/www.hydrachim.fr\/en\/produit\/oxypro_foam_aag_002132503\/"]}]},{"@type":"ImageObject","inLanguage":"en-US","@id":"https:\/\/www.hydrachim.fr\/en\/produit\/oxypro_foam_aag_002132503\/#primaryimage","url":"https:\/\/www.hydrachim.fr\/app\/uploads\/2020\/01\/002132503_Deterquat_OXY_proFOAM_AAG_20kg.png","contentUrl":"https:\/\/www.hydrachim.fr\/app\/uploads\/2020\/01\/002132503_Deterquat_OXY_proFOAM_AAG_20kg.png","width":359,"height":509},{"@type":"BreadcrumbList","@id":"https:\/\/www.hydrachim.fr\/en\/produit\/oxypro_foam_aag_002132503\/#breadcrumb","itemListElement":[{"@type":"ListItem","position":1,"name":"Home","item":"https:\/\/www.hydrachim.fr\/en\/"},{"@type":"ListItem","position":2,"name":"Boutique","item":"https:\/\/www.hydrachim.fr\/boutique\/"},{"@type":"ListItem","position":3,"name":"OXYPRO FOAM AAG"}]},{"@type":"WebSite","@id":"https:\/\/www.hydrachim.fr\/en\/#website","url":"https:\/\/www.hydrachim.fr\/en\/","name":"Hydrachim","description":"La science de l&#039;hygi\u00e8ne","potentialAction":[{"@type":"SearchAction","target":{"@type":"EntryPoint","urlTemplate":"https:\/\/www.hydrachim.fr\/en\/?s={search_term_string}"},"query-input":{"@type":"PropertyValueSpecification","valueRequired":true,"valueName":"search_term_string"}}],"inLanguage":"en-US"}]}},"acf":{"fiche_technique":"https:\/\/www.hydrachim.fr\/app\/uploads\/2021\/07\/FT_1325_DETERQUAT_OXYPRO_FOAM_AAG.pdf","fiche_methode":""},"_links":{"self":[{"href":"https:\/\/www.hydrachim.fr\/en\/wp-json\/wp\/v2\/product\/3165","targetHints":{"allow":["GET"]}}],"collection":[{"href":"https:\/\/www.hydrachim.fr\/en\/wp-json\/wp\/v2\/product"}],"about":[{"href":"https:\/\/www.hydrachim.fr\/en\/wp-json\/wp\/v2\/types\/product"}],"wp:featuredmedia":[{"embeddable":true,"href":"https:\/\/www.hydrachim.fr\/en\/wp-json\/wp\/v2\/media\/6167"}],"wp:attachment":[{"href":"https:\/\/www.hydrachim.fr\/en\/wp-json\/wp\/v2\/media?parent=3165"}],"wp:term":[{"taxonomy":"product_brand","embeddable":true,"href":"https:\/\/www.hydrachim.fr\/en\/wp-json\/wp\/v2\/product_brand?post=3165"},{"taxonomy":"product_type","embeddable":true,"href":"https:\/\/www.hydrachim.fr\/en\/wp-json\/wp\/v2\/product_type?post=3165"},{"taxonomy":"product_visibility","embeddable":true,"href":"https:\/\/www.hydrachim.fr\/en\/wp-json\/wp\/v2\/product_visibility?post=3165"},{"taxonomy":"product_cat","embeddable":true,"href":"https:\/\/www.hydrachim.fr\/en\/wp-json\/wp\/v2\/product_cat?post=3165"}],"curies":[{"name":"wp","href":"https:\/\/api.w.org\/{rel}","templated":true}]}}