{"id":3155,"date":"2019-08-06T15:39:54","date_gmt":"2019-08-06T13:39:54","guid":{"rendered":"https:\/\/www.hydrachim.fr\/product\/deterquat-ultra-dna\/"},"modified":"2023-11-06T15:03:12","modified_gmt":"2023-11-06T13:03:12","slug":"dna_002043401","status":"publish","type":"product","link":"https:\/\/www.hydrachim.fr\/en\/produit\/dna_002043401\/","title":{"rendered":"DNA"},"content":{"rendered":"<p><strong>Bact\u00e9ricide, Levuricide, Fongicide, Virucide.<br \/>\nEfficacit\u00e9 prouv\u00e9e sur Coronavirus.<br \/>\n<\/strong><\/p>\n<p>DETERQUAT DNA est un d\u00e9graissant\/d\u00e9sinfectant, tout support*.<br \/>\nDETERQUAT DNA est :<br \/>\n&#8211; Bact\u00e9ricide<br \/>\n&#8211; Levuricide-Fongicide<br \/>\n&#8211; Fongicide<br \/>\n&#8211; Virucide<\/p>\n<p><b> Mode d&#8217;emploi : <\/b><\/p>\n<ul>\n<li><b>Bact\u00e9ricide :<\/b> Diluer \u00e0 raison de 50 mL dans 5 L d\u2019eau \u00e0 30\u00b0C minimum. Pulv\u00e9riser sur les surfaces. Laisser agir 5 minutes. Puis rincer apr\u00e8s application.<\/li>\n<li><b>Levuricide \u2013 fongicide :<\/b> Diluer \u00e0 raison de 150 mL dans 5 L d\u2019eau \u00e0 30\u00b0C minimum. Pulv\u00e9riser sur les surfaces. Laisser agir 15 minutes. Puis rincer apr\u00e8s application.<\/li>\n<li><b>Virucide :<\/b> Pour les surfaces en contact avec les denr\u00e9es alimentaires, diluer selon l\u2019efficacit\u00e9 souhait\u00e9e dans 5 L d\u2019eau \u00e0 20\u00b0C minimum. Pulv\u00e9riser sur les surfaces. Laisser agir selon l\u2019efficacit\u00e9 souhait\u00e9e, puis rincer apr\u00e8s application.<\/li>\n<\/ul>\n<p>Consulter notre fiche technique pour le d\u00e9tail des normes.<\/p>\n<p><strong>Disponible en :<br \/>\n&#8211; Carton de 4 x 5L. R\u00e9f. 002043401<br \/>\n&#8211; Bidon de 10L. R\u00e9f. 002043406<br \/>\n&#8211; Bidon de 20L. R\u00e9f. 002043402<br \/>\n<\/strong><\/p>\n<p class=\"y-product y-product__product-subtitle\">Avantage :<\/p>\n<p>Pouvoir d\u00e9graissant renforc\u00e9.<\/p>\n<p>Retrouvez le mode d&#8217;emploi et le dosage du produit en t\u00e9l\u00e9chargeant, ci-dessous, sa Fiche Technique et\/ou sa Fiche M\u00e9thode.<\/p>\n<p><em>Ne pas utiliser le produit sur le volant des v\u00e9hicules et sur le cuir.<br \/>\nUtilisez les biocides avec pr\u00e9caution. Avant toute utilisation, lisez l&#8217;\u00e9tiquette et les informations concernant le produit.<br \/>\nProduit strictement professionnel. <\/p>\n<p>Avant toute utilisation, assurez-vous que celle-ci est indispensable, notamment dans les lieux fr\u00e9quent\u00e9s par le grand public. Privil\u00e9giez chaque fois que possible les m\u00e9thodes alternatives et les produits pr\u00e9sentant le risque le plus faible pour la sant\u00e9 humaine et animale et pour l&#8217;environnement.<br \/>\nTP2 : D\u00e9sinfectants utilis\u00e9s dans le domaine priv\u00e9 et dans le domaine de la sant\u00e9 publique et autres produits biocides.<br \/>\nTP4 : D\u00e9sinfectants pour les surfaces en contact avec les denr\u00e9es alimentaires et les aliments pour animaux.<\/em><\/p>\n","protected":false},"excerpt":{"rendered":"<p>Le produit DETERQUAT DNA est un d\u00e9graissant et d\u00e9sinfectant tout support.<\/h3><\/p>\n","protected":false},"featured_media":7073,"template":"","meta":[],"product_brand":[],"product_type":[2],"product_visibility":[],"product_cat":[4027,4116,4237,4114,4111,4174,4151],"class_list":{"0":"post-3155","1":"product","2":"type-product","3":"status-publish","4":"has-post-thumbnail","6":"product_cat-agro-alimentaire-industrie","7":"product_cat-dsinfectionagro-alimentaire","8":"product_cat-produits-produitsdsinfectioncoronavirus","9":"product_cat-dsinfectioncuisine","10":"product_cat-produitsdesinfection","11":"product_cat-nouveautesdesinfection","12":"product_cat-marquesdeterquat","13":"product_tag-alimentaire_1","14":"product_tag-bactericide","15":"product_tag-bactericide-type-defficacit","16":"product_tag-boucherie","17":"product_tag-charcuterie","18":"product_tag-degraissant","19":"product_tag-desinfectant","20":"product_tag-efficace-sur-coronavirus","21":"product_tag-fongicide_1","22":"product_tag-fongicide","23":"product_tag-industrie-viande-poisson","24":"product_tag-levuricide_1","25":"product_tag-metiers-de-bouche","26":"product_tag-moussant_1","27":"product_tag-secteur-medical","28":"product_tag-sporicide_1","29":"product_tag-sur-surfaces-ouvertes-sols-murs-plafonds","30":"product_tag-tous-types-dapplication","31":"product_tag-tous-types-defficacite","32":"product_tag-tous-types-de-secteur-dactivite","33":"product_tag-tp2","34":"product_tag-tp4","35":"product_tag-traiteur-plats-prepares","36":"product_tag-virucide","37":"product_tag-virucide_1","39":"first","40":"instock","41":"shipping-taxable","42":"product-type-simple"},"yoast_head":"<!-- This site is optimized with the Yoast SEO plugin v27.5 - https:\/\/yoast.com\/product\/yoast-seo-wordpress\/ -->\n<title>DETERQUAT DNA - D\u00e9graissant\/d\u00e9sinfectant - Hydrachim<\/title>\n<meta name=\"description\" content=\"DETERQUAT DNA est un d\u00e9graissant\/d\u00e9sinfectant, tout support. Il est id\u00e9al pour les surfaces en contact alimentaire.\" \/>\n<meta name=\"robots\" content=\"index, follow, max-snippet:-1, max-image-preview:large, max-video-preview:-1\" \/>\n<link rel=\"canonical\" href=\"https:\/\/www.hydrachim.fr\/en\/produit\/dna_002043401\/\" \/>\n<meta property=\"og:locale\" content=\"en_US\" \/>\n<meta property=\"og:type\" content=\"article\" \/>\n<meta property=\"og:title\" content=\"DETERQUAT DNA - D\u00e9graissant\/d\u00e9sinfectant - Hydrachim\" \/>\n<meta property=\"og:description\" content=\"DETERQUAT DNA est un d\u00e9graissant\/d\u00e9sinfectant, tout support. Il est id\u00e9al pour les surfaces en contact alimentaire.\" \/>\n<meta property=\"og:url\" content=\"https:\/\/www.hydrachim.fr\/en\/produit\/dna_002043401\/\" \/>\n<meta property=\"og:site_name\" content=\"Hydrachim\" \/>\n<meta property=\"article:modified_time\" content=\"2023-11-06T13:03:12+00:00\" \/>\n<meta property=\"og:image\" content=\"https:\/\/www.hydrachim.fr\/app\/uploads\/2020\/07\/0434___DETERQUAT_DNA___5L_NEW_ETIQ..png\" \/>\n\t<meta property=\"og:image:width\" content=\"600\" \/>\n\t<meta property=\"og:image:height\" content=\"869\" \/>\n\t<meta property=\"og:image:type\" content=\"image\/png\" \/>\n<meta name=\"twitter:card\" content=\"summary_large_image\" \/>\n<meta name=\"twitter:label1\" content=\"Est. reading time\" \/>\n\t<meta name=\"twitter:data1\" content=\"2 minutes\" \/>\n<script type=\"application\/ld+json\" class=\"yoast-schema-graph\">{\"@context\":\"https:\\\/\\\/schema.org\",\"@graph\":[{\"@type\":\"WebPage\",\"@id\":\"https:\\\/\\\/www.hydrachim.fr\\\/en\\\/produit\\\/dna_002043401\\\/\",\"url\":\"https:\\\/\\\/www.hydrachim.fr\\\/en\\\/produit\\\/dna_002043401\\\/\",\"name\":\"DETERQUAT DNA - D\u00e9graissant\\\/d\u00e9sinfectant - Hydrachim\",\"isPartOf\":{\"@id\":\"https:\\\/\\\/www.hydrachim.fr\\\/en\\\/#website\"},\"primaryImageOfPage\":{\"@id\":\"https:\\\/\\\/www.hydrachim.fr\\\/en\\\/produit\\\/dna_002043401\\\/#primaryimage\"},\"image\":{\"@id\":\"https:\\\/\\\/www.hydrachim.fr\\\/en\\\/produit\\\/dna_002043401\\\/#primaryimage\"},\"thumbnailUrl\":\"https:\\\/\\\/www.hydrachim.fr\\\/app\\\/uploads\\\/2020\\\/07\\\/0434___DETERQUAT_DNA___5L_NEW_ETIQ..png\",\"datePublished\":\"2019-08-06T13:39:54+00:00\",\"dateModified\":\"2023-11-06T13:03:12+00:00\",\"description\":\"DETERQUAT DNA est un d\u00e9graissant\\\/d\u00e9sinfectant, tout support. Il est id\u00e9al pour les surfaces en contact alimentaire.\",\"breadcrumb\":{\"@id\":\"https:\\\/\\\/www.hydrachim.fr\\\/en\\\/produit\\\/dna_002043401\\\/#breadcrumb\"},\"inLanguage\":\"en-US\",\"potentialAction\":[{\"@type\":\"ReadAction\",\"target\":[\"https:\\\/\\\/www.hydrachim.fr\\\/en\\\/produit\\\/dna_002043401\\\/\"]}]},{\"@type\":\"ImageObject\",\"inLanguage\":\"en-US\",\"@id\":\"https:\\\/\\\/www.hydrachim.fr\\\/en\\\/produit\\\/dna_002043401\\\/#primaryimage\",\"url\":\"https:\\\/\\\/www.hydrachim.fr\\\/app\\\/uploads\\\/2020\\\/07\\\/0434___DETERQUAT_DNA___5L_NEW_ETIQ..png\",\"contentUrl\":\"https:\\\/\\\/www.hydrachim.fr\\\/app\\\/uploads\\\/2020\\\/07\\\/0434___DETERQUAT_DNA___5L_NEW_ETIQ..png\",\"width\":600,\"height\":869},{\"@type\":\"BreadcrumbList\",\"@id\":\"https:\\\/\\\/www.hydrachim.fr\\\/en\\\/produit\\\/dna_002043401\\\/#breadcrumb\",\"itemListElement\":[{\"@type\":\"ListItem\",\"position\":1,\"name\":\"Home\",\"item\":\"https:\\\/\\\/www.hydrachim.fr\\\/en\\\/\"},{\"@type\":\"ListItem\",\"position\":2,\"name\":\"Boutique\",\"item\":\"https:\\\/\\\/www.hydrachim.fr\\\/boutique\\\/\"},{\"@type\":\"ListItem\",\"position\":3,\"name\":\"DNA\"}]},{\"@type\":\"WebSite\",\"@id\":\"https:\\\/\\\/www.hydrachim.fr\\\/en\\\/#website\",\"url\":\"https:\\\/\\\/www.hydrachim.fr\\\/en\\\/\",\"name\":\"Hydrachim\",\"description\":\"La science de l&#039;hygi\u00e8ne\",\"potentialAction\":[{\"@type\":\"SearchAction\",\"target\":{\"@type\":\"EntryPoint\",\"urlTemplate\":\"https:\\\/\\\/www.hydrachim.fr\\\/en\\\/?s={search_term_string}\"},\"query-input\":{\"@type\":\"PropertyValueSpecification\",\"valueRequired\":true,\"valueName\":\"search_term_string\"}}],\"inLanguage\":\"en-US\"}]}<\/script>\n<!-- \/ Yoast SEO plugin. -->","yoast_head_json":{"title":"DETERQUAT DNA - D\u00e9graissant\/d\u00e9sinfectant - Hydrachim","description":"DETERQUAT DNA est un d\u00e9graissant\/d\u00e9sinfectant, tout support. Il est id\u00e9al pour les surfaces en contact alimentaire.","robots":{"index":"index","follow":"follow","max-snippet":"max-snippet:-1","max-image-preview":"max-image-preview:large","max-video-preview":"max-video-preview:-1"},"canonical":"https:\/\/www.hydrachim.fr\/en\/produit\/dna_002043401\/","og_locale":"en_US","og_type":"article","og_title":"DETERQUAT DNA - D\u00e9graissant\/d\u00e9sinfectant - Hydrachim","og_description":"DETERQUAT DNA est un d\u00e9graissant\/d\u00e9sinfectant, tout support. Il est id\u00e9al pour les surfaces en contact alimentaire.","og_url":"https:\/\/www.hydrachim.fr\/en\/produit\/dna_002043401\/","og_site_name":"Hydrachim","article_modified_time":"2023-11-06T13:03:12+00:00","og_image":[{"width":600,"height":869,"url":"https:\/\/www.hydrachim.fr\/app\/uploads\/2020\/07\/0434___DETERQUAT_DNA___5L_NEW_ETIQ..png","type":"image\/png"}],"twitter_card":"summary_large_image","twitter_misc":{"Est. reading time":"2 minutes"},"schema":{"@context":"https:\/\/schema.org","@graph":[{"@type":"WebPage","@id":"https:\/\/www.hydrachim.fr\/en\/produit\/dna_002043401\/","url":"https:\/\/www.hydrachim.fr\/en\/produit\/dna_002043401\/","name":"DETERQUAT DNA - D\u00e9graissant\/d\u00e9sinfectant - Hydrachim","isPartOf":{"@id":"https:\/\/www.hydrachim.fr\/en\/#website"},"primaryImageOfPage":{"@id":"https:\/\/www.hydrachim.fr\/en\/produit\/dna_002043401\/#primaryimage"},"image":{"@id":"https:\/\/www.hydrachim.fr\/en\/produit\/dna_002043401\/#primaryimage"},"thumbnailUrl":"https:\/\/www.hydrachim.fr\/app\/uploads\/2020\/07\/0434___DETERQUAT_DNA___5L_NEW_ETIQ..png","datePublished":"2019-08-06T13:39:54+00:00","dateModified":"2023-11-06T13:03:12+00:00","description":"DETERQUAT DNA est un d\u00e9graissant\/d\u00e9sinfectant, tout support. Il est id\u00e9al pour les surfaces en contact alimentaire.","breadcrumb":{"@id":"https:\/\/www.hydrachim.fr\/en\/produit\/dna_002043401\/#breadcrumb"},"inLanguage":"en-US","potentialAction":[{"@type":"ReadAction","target":["https:\/\/www.hydrachim.fr\/en\/produit\/dna_002043401\/"]}]},{"@type":"ImageObject","inLanguage":"en-US","@id":"https:\/\/www.hydrachim.fr\/en\/produit\/dna_002043401\/#primaryimage","url":"https:\/\/www.hydrachim.fr\/app\/uploads\/2020\/07\/0434___DETERQUAT_DNA___5L_NEW_ETIQ..png","contentUrl":"https:\/\/www.hydrachim.fr\/app\/uploads\/2020\/07\/0434___DETERQUAT_DNA___5L_NEW_ETIQ..png","width":600,"height":869},{"@type":"BreadcrumbList","@id":"https:\/\/www.hydrachim.fr\/en\/produit\/dna_002043401\/#breadcrumb","itemListElement":[{"@type":"ListItem","position":1,"name":"Home","item":"https:\/\/www.hydrachim.fr\/en\/"},{"@type":"ListItem","position":2,"name":"Boutique","item":"https:\/\/www.hydrachim.fr\/boutique\/"},{"@type":"ListItem","position":3,"name":"DNA"}]},{"@type":"WebSite","@id":"https:\/\/www.hydrachim.fr\/en\/#website","url":"https:\/\/www.hydrachim.fr\/en\/","name":"Hydrachim","description":"La science de l&#039;hygi\u00e8ne","potentialAction":[{"@type":"SearchAction","target":{"@type":"EntryPoint","urlTemplate":"https:\/\/www.hydrachim.fr\/en\/?s={search_term_string}"},"query-input":{"@type":"PropertyValueSpecification","valueRequired":true,"valueName":"search_term_string"}}],"inLanguage":"en-US"}]}},"acf":{"fiche_technique":"https:\/\/www.hydrachim.fr\/app\/uploads\/2023\/01\/FT___0434___DETERQUAT_DNA.pdf","fiche_methode":"https:\/\/www.hydrachim.fr\/app\/uploads\/2022\/09\/FM___0434___DETERQUAT_DNA.pdf"},"_links":{"self":[{"href":"https:\/\/www.hydrachim.fr\/en\/wp-json\/wp\/v2\/product\/3155","targetHints":{"allow":["GET"]}}],"collection":[{"href":"https:\/\/www.hydrachim.fr\/en\/wp-json\/wp\/v2\/product"}],"about":[{"href":"https:\/\/www.hydrachim.fr\/en\/wp-json\/wp\/v2\/types\/product"}],"wp:featuredmedia":[{"embeddable":true,"href":"https:\/\/www.hydrachim.fr\/en\/wp-json\/wp\/v2\/media\/7073"}],"wp:attachment":[{"href":"https:\/\/www.hydrachim.fr\/en\/wp-json\/wp\/v2\/media?parent=3155"}],"wp:term":[{"taxonomy":"product_brand","embeddable":true,"href":"https:\/\/www.hydrachim.fr\/en\/wp-json\/wp\/v2\/product_brand?post=3155"},{"taxonomy":"product_type","embeddable":true,"href":"https:\/\/www.hydrachim.fr\/en\/wp-json\/wp\/v2\/product_type?post=3155"},{"taxonomy":"product_visibility","embeddable":true,"href":"https:\/\/www.hydrachim.fr\/en\/wp-json\/wp\/v2\/product_visibility?post=3155"},{"taxonomy":"product_cat","embeddable":true,"href":"https:\/\/www.hydrachim.fr\/en\/wp-json\/wp\/v2\/product_cat?post=3155"}],"curies":[{"name":"wp","href":"https:\/\/api.w.org\/{rel}","templated":true}]}}