{"id":3134,"date":"2019-08-06T15:39:31","date_gmt":"2019-08-06T13:39:31","guid":{"rendered":"https:\/\/www.hydrachim.fr\/product\/creme-mains-ecolabel-parfum-fleur-de-lin-copier\/"},"modified":"2026-03-11T15:51:54","modified_gmt":"2026-03-11T13:51:54","slug":"bulle_cherie_002183602","status":"publish","type":"product","link":"https:\/\/www.hydrachim.fr\/en\/produit\/bulle_cherie_002183602\/","title":{"rendered":"Bulle ch\u00e9rie"},"content":{"rendered":"<p><strong>Bulle Ch\u00e9rie est une mousse lavante douce pour le lavage des mains. Elle laisse un agr\u00e9able parfum Jasmin. pH neutre. <\/strong><\/p>\n<p>Bulle Ch\u00e9rie est une lotion moussante formul\u00e9e \u00e0 base d&#8217;ingr\u00e9dients d&#8217;origine v\u00e9g\u00e9tale.<br \/>\nParfum Jasmin. <\/p>\n<p><strong>Disponible en :<br \/>\n&#8211; Carton de 6 poches savons x 1L. R\u00e9f. 002183605<br \/>\n&#8211; Carton de 4 x 5L. R\u00e9f. 002183606<\/strong><\/p>\n<p class=\"y-product y-product__product-subtitle\">Avantage :<\/p>\n<p>Formul\u00e9e \u00e0 base d&#8217;ingr\u00e9dients d&#8217;origine v\u00e9g\u00e9tale. <\/p>\n<p>Retrouvez le mode d&#8217;emploi et le dosage du produit en t\u00e9l\u00e9chargeant, ci-dessous, sa Fiche Technique et\/ou sa Fiche M\u00e9thode.<\/p>\n<p><em>Ingr\u00e9dients : AQUA, SODIUM LAURETH SULFATE, GLYCERIN, COCAMIDOPROPYL BETAINE, LAURYL GLUCOSIDE, SODIUM BENZOATE, CITRIC ACID, PARFUM, SODIUM HYDROXIDE. <\/em><\/p>\n","protected":false},"excerpt":{"rendered":"<p>Mousse lavante pour les mains au parfum Jasmin.<\/p>\n","protected":false},"featured_media":30554,"template":"","meta":[],"product_brand":[],"product_type":[2],"product_visibility":[],"product_cat":[4138,4137,4295],"class_list":{"0":"post-3134","1":"product","2":"type-product","3":"status-publish","4":"has-post-thumbnail","6":"product_cat-produits-produitsmains-corpscremes-lavantes-pour-les-mains","7":"product_cat-produitsmains-corps","8":"product_cat-marquessimplement","9":"product_tag-mains","10":"product_tag-moussant","11":"product_tag-origine-vegetale","13":"first","14":"instock","15":"shipping-taxable","16":"product-type-simple"},"yoast_head":"<!-- This site is optimized with the Yoast SEO plugin v27.6 - https:\/\/yoast.com\/product\/yoast-seo-wordpress\/ -->\n<title>Tendre bulle - Mousse lavante pour le lavage des mains - Hydrachim<\/title>\n<meta name=\"description\" content=\"Tendre bulle est une mousse lavante pour les mains au parfum fleur de lin. Parfum doux. S&#039;utilise dans des distributeurs mousse muraux.\" \/>\n<meta name=\"robots\" content=\"index, follow, max-snippet:-1, max-image-preview:large, max-video-preview:-1\" \/>\n<link rel=\"canonical\" href=\"https:\/\/www.hydrachim.fr\/en\/produit\/bulle_cherie_002183602\/\" \/>\n<meta property=\"og:locale\" content=\"en_US\" \/>\n<meta property=\"og:type\" content=\"article\" \/>\n<meta property=\"og:title\" content=\"Tendre bulle - Mousse lavante pour le lavage des mains - Hydrachim\" \/>\n<meta property=\"og:description\" content=\"Tendre bulle est une mousse lavante pour les mains au parfum fleur de lin. Parfum doux. S&#039;utilise dans des distributeurs mousse muraux.\" \/>\n<meta property=\"og:url\" content=\"https:\/\/www.hydrachim.fr\/en\/produit\/bulle_cherie_002183602\/\" \/>\n<meta property=\"og:site_name\" content=\"Hydrachim\" \/>\n<meta property=\"article:modified_time\" content=\"2026-03-11T13:51:54+00:00\" \/>\n<meta property=\"og:image\" content=\"https:\/\/www.hydrachim.fr\/app\/uploads\/2026\/03\/SIMPLEMENT___1836___BULLE_CH_RIE___5L.png\" \/>\n\t<meta property=\"og:image:width\" content=\"600\" \/>\n\t<meta property=\"og:image:height\" content=\"800\" \/>\n\t<meta property=\"og:image:type\" content=\"image\/png\" \/>\n<meta name=\"twitter:card\" content=\"summary_large_image\" \/>\n<meta name=\"twitter:label1\" content=\"Est. reading time\" \/>\n\t<meta name=\"twitter:data1\" content=\"1 minute\" \/>\n<script type=\"application\/ld+json\" class=\"yoast-schema-graph\">{\"@context\":\"https:\\\/\\\/schema.org\",\"@graph\":[{\"@type\":\"WebPage\",\"@id\":\"https:\\\/\\\/www.hydrachim.fr\\\/en\\\/produit\\\/bulle_cherie_002183602\\\/\",\"url\":\"https:\\\/\\\/www.hydrachim.fr\\\/en\\\/produit\\\/bulle_cherie_002183602\\\/\",\"name\":\"Tendre bulle - Mousse lavante pour le lavage des mains - Hydrachim\",\"isPartOf\":{\"@id\":\"https:\\\/\\\/www.hydrachim.fr\\\/en\\\/#website\"},\"primaryImageOfPage\":{\"@id\":\"https:\\\/\\\/www.hydrachim.fr\\\/en\\\/produit\\\/bulle_cherie_002183602\\\/#primaryimage\"},\"image\":{\"@id\":\"https:\\\/\\\/www.hydrachim.fr\\\/en\\\/produit\\\/bulle_cherie_002183602\\\/#primaryimage\"},\"thumbnailUrl\":\"https:\\\/\\\/www.hydrachim.fr\\\/app\\\/uploads\\\/2026\\\/03\\\/SIMPLEMENT___1836___BULLE_CH_RIE___5L.png\",\"datePublished\":\"2019-08-06T13:39:31+00:00\",\"dateModified\":\"2026-03-11T13:51:54+00:00\",\"description\":\"Tendre bulle est une mousse lavante pour les mains au parfum fleur de lin. Parfum doux. S'utilise dans des distributeurs mousse muraux.\",\"breadcrumb\":{\"@id\":\"https:\\\/\\\/www.hydrachim.fr\\\/en\\\/produit\\\/bulle_cherie_002183602\\\/#breadcrumb\"},\"inLanguage\":\"en-US\",\"potentialAction\":[{\"@type\":\"ReadAction\",\"target\":[\"https:\\\/\\\/www.hydrachim.fr\\\/en\\\/produit\\\/bulle_cherie_002183602\\\/\"]}]},{\"@type\":\"ImageObject\",\"inLanguage\":\"en-US\",\"@id\":\"https:\\\/\\\/www.hydrachim.fr\\\/en\\\/produit\\\/bulle_cherie_002183602\\\/#primaryimage\",\"url\":\"https:\\\/\\\/www.hydrachim.fr\\\/app\\\/uploads\\\/2026\\\/03\\\/SIMPLEMENT___1836___BULLE_CH_RIE___5L.png\",\"contentUrl\":\"https:\\\/\\\/www.hydrachim.fr\\\/app\\\/uploads\\\/2026\\\/03\\\/SIMPLEMENT___1836___BULLE_CH_RIE___5L.png\",\"width\":600,\"height\":800},{\"@type\":\"BreadcrumbList\",\"@id\":\"https:\\\/\\\/www.hydrachim.fr\\\/en\\\/produit\\\/bulle_cherie_002183602\\\/#breadcrumb\",\"itemListElement\":[{\"@type\":\"ListItem\",\"position\":1,\"name\":\"Home\",\"item\":\"https:\\\/\\\/www.hydrachim.fr\\\/en\\\/\"},{\"@type\":\"ListItem\",\"position\":2,\"name\":\"Boutique\",\"item\":\"https:\\\/\\\/www.hydrachim.fr\\\/boutique\\\/\"},{\"@type\":\"ListItem\",\"position\":3,\"name\":\"Bulle ch\u00e9rie\"}]},{\"@type\":\"WebSite\",\"@id\":\"https:\\\/\\\/www.hydrachim.fr\\\/en\\\/#website\",\"url\":\"https:\\\/\\\/www.hydrachim.fr\\\/en\\\/\",\"name\":\"Hydrachim\",\"description\":\"La science de l&#039;hygi\u00e8ne\",\"potentialAction\":[{\"@type\":\"SearchAction\",\"target\":{\"@type\":\"EntryPoint\",\"urlTemplate\":\"https:\\\/\\\/www.hydrachim.fr\\\/en\\\/?s={search_term_string}\"},\"query-input\":{\"@type\":\"PropertyValueSpecification\",\"valueRequired\":true,\"valueName\":\"search_term_string\"}}],\"inLanguage\":\"en-US\"}]}<\/script>\n<!-- \/ Yoast SEO plugin. -->","yoast_head_json":{"title":"Tendre bulle - Mousse lavante pour le lavage des mains - Hydrachim","description":"Tendre bulle est une mousse lavante pour les mains au parfum fleur de lin. Parfum doux. S'utilise dans des distributeurs mousse muraux.","robots":{"index":"index","follow":"follow","max-snippet":"max-snippet:-1","max-image-preview":"max-image-preview:large","max-video-preview":"max-video-preview:-1"},"canonical":"https:\/\/www.hydrachim.fr\/en\/produit\/bulle_cherie_002183602\/","og_locale":"en_US","og_type":"article","og_title":"Tendre bulle - Mousse lavante pour le lavage des mains - Hydrachim","og_description":"Tendre bulle est une mousse lavante pour les mains au parfum fleur de lin. Parfum doux. S'utilise dans des distributeurs mousse muraux.","og_url":"https:\/\/www.hydrachim.fr\/en\/produit\/bulle_cherie_002183602\/","og_site_name":"Hydrachim","article_modified_time":"2026-03-11T13:51:54+00:00","og_image":[{"width":600,"height":800,"url":"https:\/\/www.hydrachim.fr\/app\/uploads\/2026\/03\/SIMPLEMENT___1836___BULLE_CH_RIE___5L.png","type":"image\/png"}],"twitter_card":"summary_large_image","twitter_misc":{"Est. reading time":"1 minute"},"schema":{"@context":"https:\/\/schema.org","@graph":[{"@type":"WebPage","@id":"https:\/\/www.hydrachim.fr\/en\/produit\/bulle_cherie_002183602\/","url":"https:\/\/www.hydrachim.fr\/en\/produit\/bulle_cherie_002183602\/","name":"Tendre bulle - Mousse lavante pour le lavage des mains - Hydrachim","isPartOf":{"@id":"https:\/\/www.hydrachim.fr\/en\/#website"},"primaryImageOfPage":{"@id":"https:\/\/www.hydrachim.fr\/en\/produit\/bulle_cherie_002183602\/#primaryimage"},"image":{"@id":"https:\/\/www.hydrachim.fr\/en\/produit\/bulle_cherie_002183602\/#primaryimage"},"thumbnailUrl":"https:\/\/www.hydrachim.fr\/app\/uploads\/2026\/03\/SIMPLEMENT___1836___BULLE_CH_RIE___5L.png","datePublished":"2019-08-06T13:39:31+00:00","dateModified":"2026-03-11T13:51:54+00:00","description":"Tendre bulle est une mousse lavante pour les mains au parfum fleur de lin. Parfum doux. S'utilise dans des distributeurs mousse muraux.","breadcrumb":{"@id":"https:\/\/www.hydrachim.fr\/en\/produit\/bulle_cherie_002183602\/#breadcrumb"},"inLanguage":"en-US","potentialAction":[{"@type":"ReadAction","target":["https:\/\/www.hydrachim.fr\/en\/produit\/bulle_cherie_002183602\/"]}]},{"@type":"ImageObject","inLanguage":"en-US","@id":"https:\/\/www.hydrachim.fr\/en\/produit\/bulle_cherie_002183602\/#primaryimage","url":"https:\/\/www.hydrachim.fr\/app\/uploads\/2026\/03\/SIMPLEMENT___1836___BULLE_CH_RIE___5L.png","contentUrl":"https:\/\/www.hydrachim.fr\/app\/uploads\/2026\/03\/SIMPLEMENT___1836___BULLE_CH_RIE___5L.png","width":600,"height":800},{"@type":"BreadcrumbList","@id":"https:\/\/www.hydrachim.fr\/en\/produit\/bulle_cherie_002183602\/#breadcrumb","itemListElement":[{"@type":"ListItem","position":1,"name":"Home","item":"https:\/\/www.hydrachim.fr\/en\/"},{"@type":"ListItem","position":2,"name":"Boutique","item":"https:\/\/www.hydrachim.fr\/boutique\/"},{"@type":"ListItem","position":3,"name":"Bulle ch\u00e9rie"}]},{"@type":"WebSite","@id":"https:\/\/www.hydrachim.fr\/en\/#website","url":"https:\/\/www.hydrachim.fr\/en\/","name":"Hydrachim","description":"La science de l&#039;hygi\u00e8ne","potentialAction":[{"@type":"SearchAction","target":{"@type":"EntryPoint","urlTemplate":"https:\/\/www.hydrachim.fr\/en\/?s={search_term_string}"},"query-input":{"@type":"PropertyValueSpecification","valueRequired":true,"valueName":"search_term_string"}}],"inLanguage":"en-US"}]}},"acf":{"fiche_technique":"https:\/\/www.hydrachim.fr\/app\/uploads\/2026\/03\/FT_SIMPLEMENT___1836___BULLE_CH_RIE.pdf","fiche_methode":""},"_links":{"self":[{"href":"https:\/\/www.hydrachim.fr\/en\/wp-json\/wp\/v2\/product\/3134","targetHints":{"allow":["GET"]}}],"collection":[{"href":"https:\/\/www.hydrachim.fr\/en\/wp-json\/wp\/v2\/product"}],"about":[{"href":"https:\/\/www.hydrachim.fr\/en\/wp-json\/wp\/v2\/types\/product"}],"wp:featuredmedia":[{"embeddable":true,"href":"https:\/\/www.hydrachim.fr\/en\/wp-json\/wp\/v2\/media\/30554"}],"wp:attachment":[{"href":"https:\/\/www.hydrachim.fr\/en\/wp-json\/wp\/v2\/media?parent=3134"}],"wp:term":[{"taxonomy":"product_brand","embeddable":true,"href":"https:\/\/www.hydrachim.fr\/en\/wp-json\/wp\/v2\/product_brand?post=3134"},{"taxonomy":"product_type","embeddable":true,"href":"https:\/\/www.hydrachim.fr\/en\/wp-json\/wp\/v2\/product_type?post=3134"},{"taxonomy":"product_visibility","embeddable":true,"href":"https:\/\/www.hydrachim.fr\/en\/wp-json\/wp\/v2\/product_visibility?post=3134"},{"taxonomy":"product_cat","embeddable":true,"href":"https:\/\/www.hydrachim.fr\/en\/wp-json\/wp\/v2\/product_cat?post=3134"}],"curies":[{"name":"wp","href":"https:\/\/api.w.org\/{rel}","templated":true}]}}