{"id":3132,"date":"2019-08-06T15:39:29","date_gmt":"2019-08-06T13:39:29","guid":{"rendered":"https:\/\/www.hydrachim.fr\/product\/deterquat-steril-s\/"},"modified":"2025-09-18T11:59:36","modified_gmt":"2025-09-18T09:59:36","slug":"steril_s_002071601","status":"publish","type":"product","link":"https:\/\/www.hydrachim.fr\/en\/produit\/steril_s_002071601\/","title":{"rendered":"STERIL S"},"content":{"rendered":"<p><strong>D\u00e9sinfectant des surfaces en contact avec les denr\u00e9es alimentaires.<\/strong><\/p>\n<p>DETERQUAT STERIL S est l\u00e9g\u00e8rement alcalin, il s&#8217;utilise pour la d\u00e9sinfection en industrie agroalimentaire.<br \/>\nConforme \u00e0 la l\u00e9gislation relative aux produits de nettoyage du mat\u00e9riel pouvant se trouver en contact des denr\u00e9es alimentaires (Arr\u00eat\u00e9 du 08\/09\/1999 et ses amendements).<br \/>\nDETERQUAT STERIL S est :<br \/>\n&#8211; Bact\u00e9ricide,<br \/>\n&#8211; Levuricide,<br \/>\n&#8211; Fongicide,<br \/>\nselon les normes europ\u00e9ennes en vigueur.<\/p>\n<p><strong>Disponible en :<br \/>\n&#8211; Bidon de 20 kg R\u00e9f : 002071601,<br \/>\n&#8211; F\u00fbt de 200 kg R\u00e9f : 002071603,<br \/>\n&#8211; Container de 1000 Kg R\u00e9f : 002071602.<br \/>\n<\/strong><\/p>\n<p class=\"y-product y-product__product-subtitle\">Avantage :<\/p>\n<p>Sans chlore &#8211; Sans ammonium quaternaire &#8211; Sans glutarald\u00e9hyde &#8211; Sans PHMB\n<\/p>\n<p>Retrouvez le mode d&#8217;emploi et le dosage du produit en t\u00e9l\u00e9chargeant la fiche technique.<\/p>\n<p><em>Utilisez les biocides avec pr\u00e9caution. Avant toute utilisation, lisez l\u2019\u00e9tiquette et les informations concernant le produit.<br \/>\nAvant toute utilisation, assurez-vous que celle-ci est indispensable, notamment dans les lieux fr\u00e9quent\u00e9s par le grand public. Privil\u00e9giez chaque fois que possible les m\u00e9thodes alternatives et les produits pr\u00e9sentant le risque le plus faible pour la sant\u00e9 humaine et animale et pour l\u2019environnement.<br \/>\nTP2 : D\u00e9sinfectants utilis\u00e9s dans le domaine priv\u00e9 et dans le domaine de la sant\u00e9 publique et autres produits biocides<br \/>\nTP4 : D\u00e9sinfectants pour les surfaces en contact avec les denr\u00e9es alimentaires et les aliments pour animaux<br \/>\n<\/em><\/p>\n","protected":false},"excerpt":{"rendered":"<p>D\u00e9sinfectant des surfaces alimentaires, base triamine.<\/p>\n","protected":false},"featured_media":6387,"template":"","meta":[],"product_brand":[],"product_type":[2],"product_visibility":[],"product_cat":[4116,4111,4151,4026],"class_list":{"0":"post-3132","1":"product","2":"type-product","3":"status-publish","4":"has-post-thumbnail","6":"product_cat-dsinfectionagro-alimentaire","7":"product_cat-produitsdesinfection","8":"product_cat-marquesdeterquat","9":"product_cat-produitsindustrie","10":"product_tag-alimentaire","11":"product_tag-alimentaire_1","12":"product_tag-bactericide-type-defficacit","13":"product_tag-bactericide","14":"product_tag-desinfectant","15":"product_tag-equipements-et-machines","16":"product_tag-fongicide_1","17":"product_tag-fongicide","18":"product_tag-industrie-agroalimentaire_1","19":"product_tag-industrie-laitiere","20":"product_tag-industrie-viande-poisson","21":"product_tag-levuricide_1","22":"product_tag-moussant_1","23":"product_tag-sans-chlore","24":"product_tag-sur-surfaces-ouvertes-sols-murs-plafonds","25":"product_tag-tous-types-dapplication","26":"product_tag-tous-types-defficacite","27":"product_tag-tous-types-de-secteur-dactivite","28":"product_tag-tp2","29":"product_tag-tp4","31":"first","32":"instock","33":"shipping-taxable","34":"product-type-simple"},"yoast_head":"<!-- This site is optimized with the Yoast SEO plugin v27.5 - https:\/\/yoast.com\/product\/yoast-seo-wordpress\/ -->\n<title>STERIL S - Hydrachim<\/title>\n<meta name=\"robots\" content=\"index, follow, max-snippet:-1, max-image-preview:large, max-video-preview:-1\" \/>\n<link rel=\"canonical\" href=\"https:\/\/www.hydrachim.fr\/en\/produit\/steril_s_002071601\/\" \/>\n<meta property=\"og:locale\" content=\"en_US\" \/>\n<meta property=\"og:type\" content=\"article\" \/>\n<meta property=\"og:title\" content=\"STERIL S - Hydrachim\" \/>\n<meta property=\"og:description\" content=\"D\u00e9sinfectant des surfaces alimentaires, base triamine.\" \/>\n<meta property=\"og:url\" content=\"https:\/\/www.hydrachim.fr\/en\/produit\/steril_s_002071601\/\" \/>\n<meta property=\"og:site_name\" content=\"Hydrachim\" \/>\n<meta property=\"article:modified_time\" content=\"2025-09-18T09:59:36+00:00\" \/>\n<meta property=\"og:image\" content=\"https:\/\/www.hydrachim.fr\/app\/uploads\/2020\/03\/002071601_STERIL_S_20L.png\" \/>\n\t<meta property=\"og:image:width\" content=\"264\" \/>\n\t<meta property=\"og:image:height\" content=\"378\" \/>\n\t<meta property=\"og:image:type\" content=\"image\/png\" \/>\n<meta name=\"twitter:card\" content=\"summary_large_image\" \/>\n<meta name=\"twitter:label1\" content=\"Est. reading time\" \/>\n\t<meta name=\"twitter:data1\" content=\"1 minute\" \/>\n<script type=\"application\/ld+json\" class=\"yoast-schema-graph\">{\"@context\":\"https:\\\/\\\/schema.org\",\"@graph\":[{\"@type\":\"WebPage\",\"@id\":\"https:\\\/\\\/www.hydrachim.fr\\\/en\\\/produit\\\/steril_s_002071601\\\/\",\"url\":\"https:\\\/\\\/www.hydrachim.fr\\\/en\\\/produit\\\/steril_s_002071601\\\/\",\"name\":\"STERIL S - Hydrachim\",\"isPartOf\":{\"@id\":\"https:\\\/\\\/www.hydrachim.fr\\\/en\\\/#website\"},\"primaryImageOfPage\":{\"@id\":\"https:\\\/\\\/www.hydrachim.fr\\\/en\\\/produit\\\/steril_s_002071601\\\/#primaryimage\"},\"image\":{\"@id\":\"https:\\\/\\\/www.hydrachim.fr\\\/en\\\/produit\\\/steril_s_002071601\\\/#primaryimage\"},\"thumbnailUrl\":\"https:\\\/\\\/www.hydrachim.fr\\\/app\\\/uploads\\\/2020\\\/03\\\/002071601_STERIL_S_20L.png\",\"datePublished\":\"2019-08-06T13:39:29+00:00\",\"dateModified\":\"2025-09-18T09:59:36+00:00\",\"breadcrumb\":{\"@id\":\"https:\\\/\\\/www.hydrachim.fr\\\/en\\\/produit\\\/steril_s_002071601\\\/#breadcrumb\"},\"inLanguage\":\"en-US\",\"potentialAction\":[{\"@type\":\"ReadAction\",\"target\":[\"https:\\\/\\\/www.hydrachim.fr\\\/en\\\/produit\\\/steril_s_002071601\\\/\"]}]},{\"@type\":\"ImageObject\",\"inLanguage\":\"en-US\",\"@id\":\"https:\\\/\\\/www.hydrachim.fr\\\/en\\\/produit\\\/steril_s_002071601\\\/#primaryimage\",\"url\":\"https:\\\/\\\/www.hydrachim.fr\\\/app\\\/uploads\\\/2020\\\/03\\\/002071601_STERIL_S_20L.png\",\"contentUrl\":\"https:\\\/\\\/www.hydrachim.fr\\\/app\\\/uploads\\\/2020\\\/03\\\/002071601_STERIL_S_20L.png\",\"width\":264,\"height\":378},{\"@type\":\"BreadcrumbList\",\"@id\":\"https:\\\/\\\/www.hydrachim.fr\\\/en\\\/produit\\\/steril_s_002071601\\\/#breadcrumb\",\"itemListElement\":[{\"@type\":\"ListItem\",\"position\":1,\"name\":\"Home\",\"item\":\"https:\\\/\\\/www.hydrachim.fr\\\/en\\\/\"},{\"@type\":\"ListItem\",\"position\":2,\"name\":\"Boutique\",\"item\":\"https:\\\/\\\/www.hydrachim.fr\\\/boutique\\\/\"},{\"@type\":\"ListItem\",\"position\":3,\"name\":\"STERIL S\"}]},{\"@type\":\"WebSite\",\"@id\":\"https:\\\/\\\/www.hydrachim.fr\\\/en\\\/#website\",\"url\":\"https:\\\/\\\/www.hydrachim.fr\\\/en\\\/\",\"name\":\"Hydrachim\",\"description\":\"La science de l&#039;hygi\u00e8ne\",\"potentialAction\":[{\"@type\":\"SearchAction\",\"target\":{\"@type\":\"EntryPoint\",\"urlTemplate\":\"https:\\\/\\\/www.hydrachim.fr\\\/en\\\/?s={search_term_string}\"},\"query-input\":{\"@type\":\"PropertyValueSpecification\",\"valueRequired\":true,\"valueName\":\"search_term_string\"}}],\"inLanguage\":\"en-US\"}]}<\/script>\n<!-- \/ Yoast SEO plugin. -->","yoast_head_json":{"title":"STERIL S - Hydrachim","robots":{"index":"index","follow":"follow","max-snippet":"max-snippet:-1","max-image-preview":"max-image-preview:large","max-video-preview":"max-video-preview:-1"},"canonical":"https:\/\/www.hydrachim.fr\/en\/produit\/steril_s_002071601\/","og_locale":"en_US","og_type":"article","og_title":"STERIL S - Hydrachim","og_description":"D\u00e9sinfectant des surfaces alimentaires, base triamine.","og_url":"https:\/\/www.hydrachim.fr\/en\/produit\/steril_s_002071601\/","og_site_name":"Hydrachim","article_modified_time":"2025-09-18T09:59:36+00:00","og_image":[{"width":264,"height":378,"url":"https:\/\/www.hydrachim.fr\/app\/uploads\/2020\/03\/002071601_STERIL_S_20L.png","type":"image\/png"}],"twitter_card":"summary_large_image","twitter_misc":{"Est. reading time":"1 minute"},"schema":{"@context":"https:\/\/schema.org","@graph":[{"@type":"WebPage","@id":"https:\/\/www.hydrachim.fr\/en\/produit\/steril_s_002071601\/","url":"https:\/\/www.hydrachim.fr\/en\/produit\/steril_s_002071601\/","name":"STERIL S - Hydrachim","isPartOf":{"@id":"https:\/\/www.hydrachim.fr\/en\/#website"},"primaryImageOfPage":{"@id":"https:\/\/www.hydrachim.fr\/en\/produit\/steril_s_002071601\/#primaryimage"},"image":{"@id":"https:\/\/www.hydrachim.fr\/en\/produit\/steril_s_002071601\/#primaryimage"},"thumbnailUrl":"https:\/\/www.hydrachim.fr\/app\/uploads\/2020\/03\/002071601_STERIL_S_20L.png","datePublished":"2019-08-06T13:39:29+00:00","dateModified":"2025-09-18T09:59:36+00:00","breadcrumb":{"@id":"https:\/\/www.hydrachim.fr\/en\/produit\/steril_s_002071601\/#breadcrumb"},"inLanguage":"en-US","potentialAction":[{"@type":"ReadAction","target":["https:\/\/www.hydrachim.fr\/en\/produit\/steril_s_002071601\/"]}]},{"@type":"ImageObject","inLanguage":"en-US","@id":"https:\/\/www.hydrachim.fr\/en\/produit\/steril_s_002071601\/#primaryimage","url":"https:\/\/www.hydrachim.fr\/app\/uploads\/2020\/03\/002071601_STERIL_S_20L.png","contentUrl":"https:\/\/www.hydrachim.fr\/app\/uploads\/2020\/03\/002071601_STERIL_S_20L.png","width":264,"height":378},{"@type":"BreadcrumbList","@id":"https:\/\/www.hydrachim.fr\/en\/produit\/steril_s_002071601\/#breadcrumb","itemListElement":[{"@type":"ListItem","position":1,"name":"Home","item":"https:\/\/www.hydrachim.fr\/en\/"},{"@type":"ListItem","position":2,"name":"Boutique","item":"https:\/\/www.hydrachim.fr\/boutique\/"},{"@type":"ListItem","position":3,"name":"STERIL S"}]},{"@type":"WebSite","@id":"https:\/\/www.hydrachim.fr\/en\/#website","url":"https:\/\/www.hydrachim.fr\/en\/","name":"Hydrachim","description":"La science de l&#039;hygi\u00e8ne","potentialAction":[{"@type":"SearchAction","target":{"@type":"EntryPoint","urlTemplate":"https:\/\/www.hydrachim.fr\/en\/?s={search_term_string}"},"query-input":{"@type":"PropertyValueSpecification","valueRequired":true,"valueName":"search_term_string"}}],"inLanguage":"en-US"}]}},"acf":{"fiche_technique":"https:\/\/www.hydrachim.fr\/app\/uploads\/2025\/09\/FT_0716_STERIL_S.pdf","fiche_methode":""},"_links":{"self":[{"href":"https:\/\/www.hydrachim.fr\/en\/wp-json\/wp\/v2\/product\/3132","targetHints":{"allow":["GET"]}}],"collection":[{"href":"https:\/\/www.hydrachim.fr\/en\/wp-json\/wp\/v2\/product"}],"about":[{"href":"https:\/\/www.hydrachim.fr\/en\/wp-json\/wp\/v2\/types\/product"}],"wp:featuredmedia":[{"embeddable":true,"href":"https:\/\/www.hydrachim.fr\/en\/wp-json\/wp\/v2\/media\/6387"}],"wp:attachment":[{"href":"https:\/\/www.hydrachim.fr\/en\/wp-json\/wp\/v2\/media?parent=3132"}],"wp:term":[{"taxonomy":"product_brand","embeddable":true,"href":"https:\/\/www.hydrachim.fr\/en\/wp-json\/wp\/v2\/product_brand?post=3132"},{"taxonomy":"product_type","embeddable":true,"href":"https:\/\/www.hydrachim.fr\/en\/wp-json\/wp\/v2\/product_type?post=3132"},{"taxonomy":"product_visibility","embeddable":true,"href":"https:\/\/www.hydrachim.fr\/en\/wp-json\/wp\/v2\/product_visibility?post=3132"},{"taxonomy":"product_cat","embeddable":true,"href":"https:\/\/www.hydrachim.fr\/en\/wp-json\/wp\/v2\/product_cat?post=3132"}],"curies":[{"name":"wp","href":"https:\/\/api.w.org\/{rel}","templated":true}]}}