{"id":31039,"date":"2026-04-23T15:13:09","date_gmt":"2026-04-23T13:13:09","guid":{"rendered":"https:\/\/www.hydrachim.fr\/?post_type=product&#038;p=31039"},"modified":"2026-04-30T15:09:40","modified_gmt":"2026-04-30T13:09:40","slug":"induscar_002k48104","status":"publish","type":"product","link":"https:\/\/www.hydrachim.fr\/en\/produit\/induscar_002k48104\/","title":{"rendered":"INDUSCAR"},"content":{"rendered":"<p><strong>INDUSCAR est un shampooing carrosserie adapt\u00e9 \u00e0 tous les types de v\u00e9hicules (l\u00e9gers, bus, camions, tracteurs \u2026). Action rapide, m\u00eame sur des carrosseries tr\u00e8s encrass\u00e9es.<\/strong><\/p>\n<p>INDUSCAR s&#8217;utilise aussi bien en machine basse et haute pression pour le nettoyage des v\u00e9hicules l\u00e9gers et poids lourds (carrosseries, b\u00e2ches, ch\u00e2ssis, portiques de lavage &#8230;).<br \/>\nBien respecter les doses conseill\u00e9es.\n<\/p>\n<p><strong>Disponible en bidon de 20L<\/strong><\/p>\n<p class=\"y-product y-product__product-subtitle\">Avantage :<\/p>\n<p>&#8211; Sa composition, \u00e0 base de potasse et d&#8217;hydroxyde de potassium,<br \/>\nam\u00e9liore le d\u00e9collement et l&#8217;\u00e9limination du fil routier.<br \/>\n&#8211; Compos\u00e9 de 99% d\u2019ingr\u00e9dients d\u2019origine v\u00e9g\u00e9tale ou min\u00e9rale<br \/>\n&#8211; Sans parfum<\/p>\n<p>Retrouvez le mode d&#8217;emploi et le dosage du produit en t\u00e9l\u00e9chargeant, ci-dessous, sa Fiche Technique.<\/p>\n<p><em>D\u00e9tergent certifi\u00e9 par ECOCERT Greenlife selon le r\u00e9f\u00e9rentiel ECOCERT \u00abEcod\u00e9tergent\u00bb disponible sur<br \/>\nhttp:\/\/detergents.ecocert.com.<\/em><\/p>\n","protected":false},"excerpt":{"rendered":"<p>Shampooing carrosserie haute performance certifi\u00e9 ECOCERT.<\/p>\n","protected":false},"featured_media":31119,"template":"","meta":[],"product_brand":[],"product_type":[2],"product_visibility":[],"product_cat":[4097,4189,4143,4173,4092],"class_list":{"0":"post-31039","1":"product","2":"type-product","3":"status-publish","4":"has-post-thumbnail","6":"product_cat-produitsecocert","7":"product_cat-marquesidegreen","8":"product_cat-nouveautes","9":"product_cat-nouveautesproduits-verts","10":"product_cat-industriestation-vhicule","11":"product_tag-automobile","12":"product_tag-carrosserie","13":"product_tag-ecocert","14":"product_tag-haute-pression","15":"product_tag-jante","16":"product_tag-moussant","17":"product_tag-nettoyage","19":"first","20":"instock","21":"shipping-taxable","22":"product-type-simple"},"yoast_head":"<!-- This site is optimized with the Yoast SEO plugin v27.5 - https:\/\/yoast.com\/product\/yoast-seo-wordpress\/ -->\n<title>INDUSCAR - Hydrachim<\/title>\n<meta name=\"robots\" content=\"index, follow, max-snippet:-1, max-image-preview:large, max-video-preview:-1\" \/>\n<link rel=\"canonical\" href=\"https:\/\/www.hydrachim.fr\/en\/produit\/induscar_002k48104\/\" \/>\n<meta property=\"og:locale\" content=\"en_US\" \/>\n<meta property=\"og:type\" content=\"article\" \/>\n<meta property=\"og:title\" content=\"INDUSCAR - Hydrachim\" \/>\n<meta property=\"og:description\" content=\"Shampooing carrosserie haute performance certifi\u00e9 ECOCERT.\" \/>\n<meta property=\"og:url\" content=\"https:\/\/www.hydrachim.fr\/en\/produit\/induscar_002k48104\/\" \/>\n<meta property=\"og:site_name\" content=\"Hydrachim\" \/>\n<meta property=\"article:modified_time\" content=\"2026-04-30T13:09:40+00:00\" \/>\n<meta property=\"og:image\" content=\"https:\/\/www.hydrachim.fr\/app\/uploads\/2026\/04\/K481___INDUSCAR___20L__.png\" \/>\n\t<meta property=\"og:image:width\" content=\"600\" \/>\n\t<meta property=\"og:image:height\" content=\"818\" \/>\n\t<meta property=\"og:image:type\" content=\"image\/png\" \/>\n<meta name=\"twitter:card\" content=\"summary_large_image\" \/>\n<meta name=\"twitter:label1\" content=\"Est. reading time\" \/>\n\t<meta name=\"twitter:data1\" content=\"1 minute\" \/>\n<script type=\"application\/ld+json\" class=\"yoast-schema-graph\">{\"@context\":\"https:\\\/\\\/schema.org\",\"@graph\":[{\"@type\":\"WebPage\",\"@id\":\"https:\\\/\\\/www.hydrachim.fr\\\/en\\\/produit\\\/induscar_002k48104\\\/\",\"url\":\"https:\\\/\\\/www.hydrachim.fr\\\/en\\\/produit\\\/induscar_002k48104\\\/\",\"name\":\"INDUSCAR - Hydrachim\",\"isPartOf\":{\"@id\":\"https:\\\/\\\/www.hydrachim.fr\\\/en\\\/#website\"},\"primaryImageOfPage\":{\"@id\":\"https:\\\/\\\/www.hydrachim.fr\\\/en\\\/produit\\\/induscar_002k48104\\\/#primaryimage\"},\"image\":{\"@id\":\"https:\\\/\\\/www.hydrachim.fr\\\/en\\\/produit\\\/induscar_002k48104\\\/#primaryimage\"},\"thumbnailUrl\":\"https:\\\/\\\/www.hydrachim.fr\\\/app\\\/uploads\\\/2026\\\/04\\\/K481___INDUSCAR___20L__.png\",\"datePublished\":\"2026-04-23T13:13:09+00:00\",\"dateModified\":\"2026-04-30T13:09:40+00:00\",\"breadcrumb\":{\"@id\":\"https:\\\/\\\/www.hydrachim.fr\\\/en\\\/produit\\\/induscar_002k48104\\\/#breadcrumb\"},\"inLanguage\":\"en-US\",\"potentialAction\":[{\"@type\":\"ReadAction\",\"target\":[\"https:\\\/\\\/www.hydrachim.fr\\\/en\\\/produit\\\/induscar_002k48104\\\/\"]}]},{\"@type\":\"ImageObject\",\"inLanguage\":\"en-US\",\"@id\":\"https:\\\/\\\/www.hydrachim.fr\\\/en\\\/produit\\\/induscar_002k48104\\\/#primaryimage\",\"url\":\"https:\\\/\\\/www.hydrachim.fr\\\/app\\\/uploads\\\/2026\\\/04\\\/K481___INDUSCAR___20L__.png\",\"contentUrl\":\"https:\\\/\\\/www.hydrachim.fr\\\/app\\\/uploads\\\/2026\\\/04\\\/K481___INDUSCAR___20L__.png\",\"width\":600,\"height\":818},{\"@type\":\"BreadcrumbList\",\"@id\":\"https:\\\/\\\/www.hydrachim.fr\\\/en\\\/produit\\\/induscar_002k48104\\\/#breadcrumb\",\"itemListElement\":[{\"@type\":\"ListItem\",\"position\":1,\"name\":\"Home\",\"item\":\"https:\\\/\\\/www.hydrachim.fr\\\/en\\\/\"},{\"@type\":\"ListItem\",\"position\":2,\"name\":\"Boutique\",\"item\":\"https:\\\/\\\/www.hydrachim.fr\\\/boutique\\\/\"},{\"@type\":\"ListItem\",\"position\":3,\"name\":\"INDUSCAR\"}]},{\"@type\":\"WebSite\",\"@id\":\"https:\\\/\\\/www.hydrachim.fr\\\/en\\\/#website\",\"url\":\"https:\\\/\\\/www.hydrachim.fr\\\/en\\\/\",\"name\":\"Hydrachim\",\"description\":\"La science de l&#039;hygi\u00e8ne\",\"potentialAction\":[{\"@type\":\"SearchAction\",\"target\":{\"@type\":\"EntryPoint\",\"urlTemplate\":\"https:\\\/\\\/www.hydrachim.fr\\\/en\\\/?s={search_term_string}\"},\"query-input\":{\"@type\":\"PropertyValueSpecification\",\"valueRequired\":true,\"valueName\":\"search_term_string\"}}],\"inLanguage\":\"en-US\"}]}<\/script>\n<!-- \/ Yoast SEO plugin. -->","yoast_head_json":{"title":"INDUSCAR - Hydrachim","robots":{"index":"index","follow":"follow","max-snippet":"max-snippet:-1","max-image-preview":"max-image-preview:large","max-video-preview":"max-video-preview:-1"},"canonical":"https:\/\/www.hydrachim.fr\/en\/produit\/induscar_002k48104\/","og_locale":"en_US","og_type":"article","og_title":"INDUSCAR - Hydrachim","og_description":"Shampooing carrosserie haute performance certifi\u00e9 ECOCERT.","og_url":"https:\/\/www.hydrachim.fr\/en\/produit\/induscar_002k48104\/","og_site_name":"Hydrachim","article_modified_time":"2026-04-30T13:09:40+00:00","og_image":[{"width":600,"height":818,"url":"https:\/\/www.hydrachim.fr\/app\/uploads\/2026\/04\/K481___INDUSCAR___20L__.png","type":"image\/png"}],"twitter_card":"summary_large_image","twitter_misc":{"Est. reading time":"1 minute"},"schema":{"@context":"https:\/\/schema.org","@graph":[{"@type":"WebPage","@id":"https:\/\/www.hydrachim.fr\/en\/produit\/induscar_002k48104\/","url":"https:\/\/www.hydrachim.fr\/en\/produit\/induscar_002k48104\/","name":"INDUSCAR - Hydrachim","isPartOf":{"@id":"https:\/\/www.hydrachim.fr\/en\/#website"},"primaryImageOfPage":{"@id":"https:\/\/www.hydrachim.fr\/en\/produit\/induscar_002k48104\/#primaryimage"},"image":{"@id":"https:\/\/www.hydrachim.fr\/en\/produit\/induscar_002k48104\/#primaryimage"},"thumbnailUrl":"https:\/\/www.hydrachim.fr\/app\/uploads\/2026\/04\/K481___INDUSCAR___20L__.png","datePublished":"2026-04-23T13:13:09+00:00","dateModified":"2026-04-30T13:09:40+00:00","breadcrumb":{"@id":"https:\/\/www.hydrachim.fr\/en\/produit\/induscar_002k48104\/#breadcrumb"},"inLanguage":"en-US","potentialAction":[{"@type":"ReadAction","target":["https:\/\/www.hydrachim.fr\/en\/produit\/induscar_002k48104\/"]}]},{"@type":"ImageObject","inLanguage":"en-US","@id":"https:\/\/www.hydrachim.fr\/en\/produit\/induscar_002k48104\/#primaryimage","url":"https:\/\/www.hydrachim.fr\/app\/uploads\/2026\/04\/K481___INDUSCAR___20L__.png","contentUrl":"https:\/\/www.hydrachim.fr\/app\/uploads\/2026\/04\/K481___INDUSCAR___20L__.png","width":600,"height":818},{"@type":"BreadcrumbList","@id":"https:\/\/www.hydrachim.fr\/en\/produit\/induscar_002k48104\/#breadcrumb","itemListElement":[{"@type":"ListItem","position":1,"name":"Home","item":"https:\/\/www.hydrachim.fr\/en\/"},{"@type":"ListItem","position":2,"name":"Boutique","item":"https:\/\/www.hydrachim.fr\/boutique\/"},{"@type":"ListItem","position":3,"name":"INDUSCAR"}]},{"@type":"WebSite","@id":"https:\/\/www.hydrachim.fr\/en\/#website","url":"https:\/\/www.hydrachim.fr\/en\/","name":"Hydrachim","description":"La science de l&#039;hygi\u00e8ne","potentialAction":[{"@type":"SearchAction","target":{"@type":"EntryPoint","urlTemplate":"https:\/\/www.hydrachim.fr\/en\/?s={search_term_string}"},"query-input":{"@type":"PropertyValueSpecification","valueRequired":true,"valueName":"search_term_string"}}],"inLanguage":"en-US"}]}},"acf":{"fiche_methode":"","fiche_technique":"https:\/\/www.hydrachim.fr\/app\/uploads\/2026\/04\/FT_K481__IDEGREEN_ECOCERT___INDUSCAR.pdf"},"_links":{"self":[{"href":"https:\/\/www.hydrachim.fr\/en\/wp-json\/wp\/v2\/product\/31039","targetHints":{"allow":["GET"]}}],"collection":[{"href":"https:\/\/www.hydrachim.fr\/en\/wp-json\/wp\/v2\/product"}],"about":[{"href":"https:\/\/www.hydrachim.fr\/en\/wp-json\/wp\/v2\/types\/product"}],"wp:featuredmedia":[{"embeddable":true,"href":"https:\/\/www.hydrachim.fr\/en\/wp-json\/wp\/v2\/media\/31119"}],"wp:attachment":[{"href":"https:\/\/www.hydrachim.fr\/en\/wp-json\/wp\/v2\/media?parent=31039"}],"wp:term":[{"taxonomy":"product_brand","embeddable":true,"href":"https:\/\/www.hydrachim.fr\/en\/wp-json\/wp\/v2\/product_brand?post=31039"},{"taxonomy":"product_type","embeddable":true,"href":"https:\/\/www.hydrachim.fr\/en\/wp-json\/wp\/v2\/product_type?post=31039"},{"taxonomy":"product_visibility","embeddable":true,"href":"https:\/\/www.hydrachim.fr\/en\/wp-json\/wp\/v2\/product_visibility?post=31039"},{"taxonomy":"product_cat","embeddable":true,"href":"https:\/\/www.hydrachim.fr\/en\/wp-json\/wp\/v2\/product_cat?post=31039"}],"curies":[{"name":"wp","href":"https:\/\/api.w.org\/{rel}","templated":true}]}}