{"id":30884,"date":"2026-04-14T09:47:13","date_gmt":"2026-04-14T07:47:13","guid":{"rendered":"https:\/\/www.hydrachim.fr\/produit\/respecthome_pae_sanit_menthe_002229591\/"},"modified":"2026-04-15T16:29:59","modified_gmt":"2026-04-15T14:29:59","slug":"respecthome_pae_sanit_menthe_002229591","status":"publish","type":"product","link":"https:\/\/www.hydrachim.fr\/en\/produit\/respecthome_pae_sanit_menthe_002229591\/","title":{"rendered":"Respect&#8217;home PAE Sanit+ Menthe"},"content":{"rendered":"<p><strong>RESPECT\u2019HOME\u00ae PAE SANIT+MENTHE :<br \/>\n&#8211;  Nettoie<br \/>\n&#8211;  D\u00e9graisse<br \/>\n&#8211;  D\u00e9tartre<br \/>\n&#8211;  D\u00e9sinfecte<br \/>\n&#8211;  99% des ingr\u00e9dients sont d\u2019origine v\u00e9g\u00e9tale ou min\u00e9rale.<\/strong><\/p>\n<p>RESPECT\u2019HOME\u00ae PAE SANIT+ MENTHE nettoie, d\u00e9graisse, d\u00e9tartre et d\u00e9sinfecte toutes les surfaces* sanitaires : salle de bain, wc, douche, parois de verre, murs, carrelages, &#8230;<br \/>\nAction d\u00e9tartrante quotidienne, il \u00e9limine aussi les d\u00e9p\u00f4ts de savons et fait briller les surfaces. <\/p>\n<p>D\u00e9tergent certifi\u00e9 par ECOCERT Greenlife selon le r\u00e9f\u00e9rentiel ECOCERT \u00abEcod\u00e9tergent\u00bb disponible sur http:\/\/detergents.ecocert.com.<\/p>\n<p class=\"y-product y-product__product-subtitle\">Avantage :<\/p>\n<p>RESPECT\u2019HOME\u00ae PAE SANIT+ MENTHE est :<br \/>\n&#8211; Bact\u00e9ricide en condition de salet\u00e9 en 15 minutes \u00e0 20\u00b0C selon les normes EN 1276 et EN 13697<br \/>\n(Pseudomonas aeruginosa ; Escherichia coli ; Staphylococcus aureus ; Enterococcus hirae.)<br \/>\n&#8211; Levuricide en condition de salet\u00e9 en 15 minutes \u00e0 20\u00b0C selon les normes EN 1650 et EN 13697<br \/>\n(Candida albicans).<br \/>\n&#8211; Virucide selon la norme EN 14476 en condition de salet\u00e9 en :<br \/>\n. 5 minutes \u00e0 20\u00b0C (Coronavirus BCoV; Influenza aviaire H1N1 et MVA : Modified Vaccinavirus<br \/>\nAnkara).<br \/>\n. 60 minutes \u00e0 20\u00b0C (Ad\u00e9novirus, Murine norovirus et Poliovirus). Efficacit\u00e9 totale.<\/p>\n<p>Mode d&#8217;emploi :<br \/>\n&#8211; Pulv\u00e9riser le produit directement sur la surface sale.<br \/>\n&#8211; Frotter \u00e0 l\u2019aide d\u2019une \u00e9ponge propre<br \/>\n&#8211; Laisser agir 15 \u00e0 60 minutes (selon l\u2019efficacit\u00e9 recherch\u00e9e) puis rincer.<br \/>\nRin\u00e7age non obligatoire.<\/p>\n<p><em>Conditionnements :<br \/>\n&#8211; Carton de 6 x 750mL.<br \/>\nFlacon majoritairement recyclable.<br \/>\n&#8211; Carton de 4 x 5L<br \/>\nEmballages enti\u00e8rement recyclables.<\/em><\/p>\n","protected":false},"excerpt":{"rendered":"<p>Nettoyant d\u00e9tartrant polyvalent &#8211; Bact\u00e9ricide, levuricide &amp; virucide<\/p>\n","protected":false},"featured_media":30908,"template":"","meta":[],"product_brand":[],"product_type":[2],"product_visibility":[],"product_cat":[4141],"class_list":{"0":"post-30884","1":"product","2":"type-product","3":"status-publish","4":"has-post-thumbnail","6":"product_cat-produits","7":"product_tag-bactericide-type-defficacit","8":"product_tag-detartrant","9":"product_tag-ecocert","10":"product_tag-levuricide_1","11":"product_tag-menthe","12":"product_tag-pret-a-lemploi","13":"product_tag-sanitaire","14":"product_tag-virucide_1","16":"first","17":"instock","18":"shipping-taxable","19":"product-type-simple"},"yoast_head":"<!-- This site is optimized with the Yoast SEO plugin v27.4 - https:\/\/yoast.com\/product\/yoast-seo-wordpress\/ -->\n<title>Respect&#039;home PAE Sanit+ Menthe - Hydrachim<\/title>\n<meta name=\"robots\" content=\"index, follow, max-snippet:-1, max-image-preview:large, max-video-preview:-1\" \/>\n<link rel=\"canonical\" href=\"https:\/\/www.hydrachim.fr\/en\/produit\/respecthome_pae_sanit_menthe_002229591\/\" \/>\n<meta property=\"og:locale\" content=\"en_US\" \/>\n<meta property=\"og:type\" content=\"article\" \/>\n<meta property=\"og:title\" content=\"Respect&#039;home PAE Sanit+ Menthe - Hydrachim\" \/>\n<meta property=\"og:description\" content=\"Nettoyant d\u00e9tartrant polyvalent - Bact\u00e9ricide, levuricide &amp; virucide\" \/>\n<meta property=\"og:url\" content=\"https:\/\/www.hydrachim.fr\/en\/produit\/respecthome_pae_sanit_menthe_002229591\/\" \/>\n<meta property=\"og:site_name\" content=\"Hydrachim\" \/>\n<meta property=\"article:modified_time\" content=\"2026-04-15T14:29:59+00:00\" \/>\n<meta property=\"og:image\" content=\"https:\/\/www.hydrachim.fr\/app\/uploads\/2026\/04\/2295_RESPECT_HOME_PAE_SANIT___MENTHE___ECODETERGENT_ECOCERT___5L___rvb_.png\" \/>\n\t<meta property=\"og:image:width\" content=\"381\" \/>\n\t<meta property=\"og:image:height\" content=\"591\" \/>\n\t<meta property=\"og:image:type\" content=\"image\/png\" \/>\n<meta name=\"twitter:card\" content=\"summary_large_image\" \/>\n<meta name=\"twitter:label1\" content=\"Est. reading time\" \/>\n\t<meta name=\"twitter:data1\" content=\"1 minute\" \/>\n<script type=\"application\/ld+json\" class=\"yoast-schema-graph\">{\"@context\":\"https:\\\/\\\/schema.org\",\"@graph\":[{\"@type\":\"WebPage\",\"@id\":\"https:\\\/\\\/www.hydrachim.fr\\\/en\\\/produit\\\/respecthome_pae_sanit_menthe_002229591\\\/\",\"url\":\"https:\\\/\\\/www.hydrachim.fr\\\/en\\\/produit\\\/respecthome_pae_sanit_menthe_002229591\\\/\",\"name\":\"Respect'home PAE Sanit+ Menthe - Hydrachim\",\"isPartOf\":{\"@id\":\"https:\\\/\\\/www.hydrachim.fr\\\/en\\\/#website\"},\"primaryImageOfPage\":{\"@id\":\"https:\\\/\\\/www.hydrachim.fr\\\/en\\\/produit\\\/respecthome_pae_sanit_menthe_002229591\\\/#primaryimage\"},\"image\":{\"@id\":\"https:\\\/\\\/www.hydrachim.fr\\\/en\\\/produit\\\/respecthome_pae_sanit_menthe_002229591\\\/#primaryimage\"},\"thumbnailUrl\":\"https:\\\/\\\/www.hydrachim.fr\\\/app\\\/uploads\\\/2026\\\/04\\\/2295_RESPECT_HOME_PAE_SANIT___MENTHE___ECODETERGENT_ECOCERT___5L___rvb_.png\",\"datePublished\":\"2026-04-14T07:47:13+00:00\",\"dateModified\":\"2026-04-15T14:29:59+00:00\",\"breadcrumb\":{\"@id\":\"https:\\\/\\\/www.hydrachim.fr\\\/en\\\/produit\\\/respecthome_pae_sanit_menthe_002229591\\\/#breadcrumb\"},\"inLanguage\":\"en-US\",\"potentialAction\":[{\"@type\":\"ReadAction\",\"target\":[\"https:\\\/\\\/www.hydrachim.fr\\\/en\\\/produit\\\/respecthome_pae_sanit_menthe_002229591\\\/\"]}]},{\"@type\":\"ImageObject\",\"inLanguage\":\"en-US\",\"@id\":\"https:\\\/\\\/www.hydrachim.fr\\\/en\\\/produit\\\/respecthome_pae_sanit_menthe_002229591\\\/#primaryimage\",\"url\":\"https:\\\/\\\/www.hydrachim.fr\\\/app\\\/uploads\\\/2026\\\/04\\\/2295_RESPECT_HOME_PAE_SANIT___MENTHE___ECODETERGENT_ECOCERT___5L___rvb_.png\",\"contentUrl\":\"https:\\\/\\\/www.hydrachim.fr\\\/app\\\/uploads\\\/2026\\\/04\\\/2295_RESPECT_HOME_PAE_SANIT___MENTHE___ECODETERGENT_ECOCERT___5L___rvb_.png\",\"width\":381,\"height\":591},{\"@type\":\"BreadcrumbList\",\"@id\":\"https:\\\/\\\/www.hydrachim.fr\\\/en\\\/produit\\\/respecthome_pae_sanit_menthe_002229591\\\/#breadcrumb\",\"itemListElement\":[{\"@type\":\"ListItem\",\"position\":1,\"name\":\"Home\",\"item\":\"https:\\\/\\\/www.hydrachim.fr\\\/en\\\/\"},{\"@type\":\"ListItem\",\"position\":2,\"name\":\"Boutique\",\"item\":\"https:\\\/\\\/www.hydrachim.fr\\\/boutique\\\/\"},{\"@type\":\"ListItem\",\"position\":3,\"name\":\"Respect&rsquo;home PAE Sanit+ Menthe\"}]},{\"@type\":\"WebSite\",\"@id\":\"https:\\\/\\\/www.hydrachim.fr\\\/en\\\/#website\",\"url\":\"https:\\\/\\\/www.hydrachim.fr\\\/en\\\/\",\"name\":\"Hydrachim\",\"description\":\"La science de l&#039;hygi\u00e8ne\",\"potentialAction\":[{\"@type\":\"SearchAction\",\"target\":{\"@type\":\"EntryPoint\",\"urlTemplate\":\"https:\\\/\\\/www.hydrachim.fr\\\/en\\\/?s={search_term_string}\"},\"query-input\":{\"@type\":\"PropertyValueSpecification\",\"valueRequired\":true,\"valueName\":\"search_term_string\"}}],\"inLanguage\":\"en-US\"}]}<\/script>\n<!-- \/ Yoast SEO plugin. -->","yoast_head_json":{"title":"Respect'home PAE Sanit+ Menthe - Hydrachim","robots":{"index":"index","follow":"follow","max-snippet":"max-snippet:-1","max-image-preview":"max-image-preview:large","max-video-preview":"max-video-preview:-1"},"canonical":"https:\/\/www.hydrachim.fr\/en\/produit\/respecthome_pae_sanit_menthe_002229591\/","og_locale":"en_US","og_type":"article","og_title":"Respect'home PAE Sanit+ Menthe - Hydrachim","og_description":"Nettoyant d\u00e9tartrant polyvalent - Bact\u00e9ricide, levuricide &amp; virucide","og_url":"https:\/\/www.hydrachim.fr\/en\/produit\/respecthome_pae_sanit_menthe_002229591\/","og_site_name":"Hydrachim","article_modified_time":"2026-04-15T14:29:59+00:00","og_image":[{"width":381,"height":591,"url":"https:\/\/www.hydrachim.fr\/app\/uploads\/2026\/04\/2295_RESPECT_HOME_PAE_SANIT___MENTHE___ECODETERGENT_ECOCERT___5L___rvb_.png","type":"image\/png"}],"twitter_card":"summary_large_image","twitter_misc":{"Est. reading time":"1 minute"},"schema":{"@context":"https:\/\/schema.org","@graph":[{"@type":"WebPage","@id":"https:\/\/www.hydrachim.fr\/en\/produit\/respecthome_pae_sanit_menthe_002229591\/","url":"https:\/\/www.hydrachim.fr\/en\/produit\/respecthome_pae_sanit_menthe_002229591\/","name":"Respect'home PAE Sanit+ Menthe - Hydrachim","isPartOf":{"@id":"https:\/\/www.hydrachim.fr\/en\/#website"},"primaryImageOfPage":{"@id":"https:\/\/www.hydrachim.fr\/en\/produit\/respecthome_pae_sanit_menthe_002229591\/#primaryimage"},"image":{"@id":"https:\/\/www.hydrachim.fr\/en\/produit\/respecthome_pae_sanit_menthe_002229591\/#primaryimage"},"thumbnailUrl":"https:\/\/www.hydrachim.fr\/app\/uploads\/2026\/04\/2295_RESPECT_HOME_PAE_SANIT___MENTHE___ECODETERGENT_ECOCERT___5L___rvb_.png","datePublished":"2026-04-14T07:47:13+00:00","dateModified":"2026-04-15T14:29:59+00:00","breadcrumb":{"@id":"https:\/\/www.hydrachim.fr\/en\/produit\/respecthome_pae_sanit_menthe_002229591\/#breadcrumb"},"inLanguage":"en-US","potentialAction":[{"@type":"ReadAction","target":["https:\/\/www.hydrachim.fr\/en\/produit\/respecthome_pae_sanit_menthe_002229591\/"]}]},{"@type":"ImageObject","inLanguage":"en-US","@id":"https:\/\/www.hydrachim.fr\/en\/produit\/respecthome_pae_sanit_menthe_002229591\/#primaryimage","url":"https:\/\/www.hydrachim.fr\/app\/uploads\/2026\/04\/2295_RESPECT_HOME_PAE_SANIT___MENTHE___ECODETERGENT_ECOCERT___5L___rvb_.png","contentUrl":"https:\/\/www.hydrachim.fr\/app\/uploads\/2026\/04\/2295_RESPECT_HOME_PAE_SANIT___MENTHE___ECODETERGENT_ECOCERT___5L___rvb_.png","width":381,"height":591},{"@type":"BreadcrumbList","@id":"https:\/\/www.hydrachim.fr\/en\/produit\/respecthome_pae_sanit_menthe_002229591\/#breadcrumb","itemListElement":[{"@type":"ListItem","position":1,"name":"Home","item":"https:\/\/www.hydrachim.fr\/en\/"},{"@type":"ListItem","position":2,"name":"Boutique","item":"https:\/\/www.hydrachim.fr\/boutique\/"},{"@type":"ListItem","position":3,"name":"Respect&rsquo;home PAE Sanit+ Menthe"}]},{"@type":"WebSite","@id":"https:\/\/www.hydrachim.fr\/en\/#website","url":"https:\/\/www.hydrachim.fr\/en\/","name":"Hydrachim","description":"La science de l&#039;hygi\u00e8ne","potentialAction":[{"@type":"SearchAction","target":{"@type":"EntryPoint","urlTemplate":"https:\/\/www.hydrachim.fr\/en\/?s={search_term_string}"},"query-input":{"@type":"PropertyValueSpecification","valueRequired":true,"valueName":"search_term_string"}}],"inLanguage":"en-US"}]}},"acf":{"fiche_methode":"","fiche_technique":""},"_links":{"self":[{"href":"https:\/\/www.hydrachim.fr\/en\/wp-json\/wp\/v2\/product\/30884","targetHints":{"allow":["GET"]}}],"collection":[{"href":"https:\/\/www.hydrachim.fr\/en\/wp-json\/wp\/v2\/product"}],"about":[{"href":"https:\/\/www.hydrachim.fr\/en\/wp-json\/wp\/v2\/types\/product"}],"wp:featuredmedia":[{"embeddable":true,"href":"https:\/\/www.hydrachim.fr\/en\/wp-json\/wp\/v2\/media\/30908"}],"wp:attachment":[{"href":"https:\/\/www.hydrachim.fr\/en\/wp-json\/wp\/v2\/media?parent=30884"}],"wp:term":[{"taxonomy":"product_brand","embeddable":true,"href":"https:\/\/www.hydrachim.fr\/en\/wp-json\/wp\/v2\/product_brand?post=30884"},{"taxonomy":"product_type","embeddable":true,"href":"https:\/\/www.hydrachim.fr\/en\/wp-json\/wp\/v2\/product_type?post=30884"},{"taxonomy":"product_visibility","embeddable":true,"href":"https:\/\/www.hydrachim.fr\/en\/wp-json\/wp\/v2\/product_visibility?post=30884"},{"taxonomy":"product_cat","embeddable":true,"href":"https:\/\/www.hydrachim.fr\/en\/wp-json\/wp\/v2\/product_cat?post=30884"}],"curies":[{"name":"wp","href":"https:\/\/api.w.org\/{rel}","templated":true}]}}