{"id":30870,"date":"2026-04-13T17:45:12","date_gmt":"2026-04-13T15:45:12","guid":{"rendered":"https:\/\/www.hydrachim.fr\/produit\/respecthome_pae_alim_menthe_002229501\/"},"modified":"2026-04-15T16:33:17","modified_gmt":"2026-04-15T14:33:17","slug":"respecthome_pae_alim_menthe_002229501","status":"publish","type":"product","link":"https:\/\/www.hydrachim.fr\/en\/produit\/respecthome_pae_alim_menthe_002229501\/","title":{"rendered":"Respect&#8217;home PAE Alim+ Menthe"},"content":{"rendered":"<p><strong>RESPECT\u2019HOME PAE\u00ae ALIM+ MENTHE :<br \/>\n&#8211;  Nettoie<br \/>\n&#8211;  D\u00e9graisse<br \/>\n&#8211;  D\u00e9sinfecte<br \/>\n&#8211;  99% des ingr\u00e9dients sont d\u2019origine v\u00e9g\u00e9tale ou min\u00e9rale.<\/p>\n<p>RESPECT\u2019HOME PAE\u00ae ALIM+ MENTHE est un nettoyant d\u00e9graissant d\u00e9sinfectant des surfaces alimentaires**, pour toutes les surfaces lavables : plans de travail, tables, comptoirs,<br \/>\npasse-plat, murs, inox, vitrines et miroirs. Usage vide-ordures : utilisable pour la d\u00e9sinfection des locaux, mat\u00e9riels de transport et de stockage des ordures et d\u00e9chets.<\/p>\n<p>RESPECT\u2019HOME PAE\u00ae ALIM+ MENTHE est utilisable sur les surfaces alimentaires dans les domaines de l\u2019Industrie Agro Alimentaire, des cuisines collectives, des restaurants, des h\u00f4tels, des cr\u00e8ches.<\/p>\n<p>D\u00e9tergent certifi\u00e9 par ECOCERT Greenlife selon le r\u00e9f\u00e9rentiel ECOCERT \u00abEcod\u00e9tergent\u00bb disponible sur http:\/\/detergents.ecocert.com.<\/strong><\/p>\n<p>RESPECT\u2019HOME\u00ae PAE ALIM+ MENTHE est :<br \/>\n&#8211; Bact\u00e9ricide en condition de salet\u00e9 en 15 minutes \u00e0 20\u00b0C selon les normes EN 1276 et EN 13697 (Pseudomonas aeruginosa ; Escherichia coli ; Staphylococcus aureus ; Enterococcus hirae.)<br \/>\n&#8211; Levuricide en condition de salet\u00e9 en 15 minutes \u00e0 20\u00b0C selon les normes EN 1650 et EN 13697 (Candida albicans).<br \/>\n&#8211; Virucide selon la norme EN 14476 en condition de salet\u00e9 en :<br \/>\n. 5 minutes \u00e0 20\u00b0C (Coronavirus BCoV; Influenza aviaire H1N1 et MVA : Modified Vaccinavirus Ankara).<br \/>\n. 60 minutes \u00e0 20\u00b0C (Ad\u00e9novirus, Murine norovirus et Poliovirus). Efficacit\u00e9 totale.<\/p>\n<p>PAE ALIM + MENTHE est pr\u00eat \u00e0 l\u2019emploi :<br \/>\n&#8211; Pulv\u00e9riser le produit directement sur la surface sale \u00e0 nettoyer.<br \/>\n&#8211; Frotter \u00e0 l\u2019aide d\u2019une \u00e9ponge propre<br \/>\n&#8211; Laisser agir de 15 \u00e0 60 minutes (selon l\u2019efficacit\u00e9 recherch\u00e9e) puis rincer.<\/p>\n<p><em>Conditionnements :<br \/>\n&#8211; Carton de 6 x 750mL.<br \/>\nFlacon majoritairement recyclable.<br \/>\n&#8211; Carton de 4 x 5L<br \/>\nEmballages enti\u00e8rement recyclables.<\/em><\/p>\n","protected":false},"excerpt":{"rendered":"<p>Nettoyant polyvalent pour surfaces &amp; inox<br \/>\nBact\u00e9ricide, levuricide &amp; virucide<\/p>\n","protected":false},"featured_media":30871,"template":"","meta":[],"product_brand":[],"product_type":[2],"product_visibility":[],"product_cat":[4174,4097,4189],"class_list":{"0":"post-30870","1":"product","2":"type-product","3":"status-publish","4":"has-post-thumbnail","6":"product_cat-nouveautesdesinfection","7":"product_cat-produitsecocert","8":"product_cat-marquesidegreen","9":"product_tag-bactericide-type-defficacit","10":"product_tag-degraissant","11":"product_tag-desinfectant","12":"product_tag-ecocert","13":"product_tag-inox","14":"product_tag-levuricide_1","15":"product_tag-menthe","16":"product_tag-nettoyage","17":"product_tag-surface","18":"product_tag-virucide_1","20":"first","21":"instock","22":"shipping-taxable","23":"product-type-simple"},"yoast_head":"<!-- This site is optimized with the Yoast SEO plugin v27.4 - https:\/\/yoast.com\/product\/yoast-seo-wordpress\/ -->\n<title>Respect&#039;home PAE Alim+ Menthe - Hydrachim<\/title>\n<meta name=\"robots\" content=\"index, follow, max-snippet:-1, max-image-preview:large, max-video-preview:-1\" \/>\n<link rel=\"canonical\" href=\"https:\/\/www.hydrachim.fr\/en\/produit\/respecthome_pae_alim_menthe_002229501\/\" \/>\n<meta property=\"og:locale\" content=\"en_US\" \/>\n<meta property=\"og:type\" content=\"article\" \/>\n<meta property=\"og:title\" content=\"Respect&#039;home PAE Alim+ Menthe - Hydrachim\" \/>\n<meta property=\"og:description\" content=\"Nettoyant polyvalent pour surfaces &amp; inox Bact\u00e9ricide, levuricide &amp; virucide\" \/>\n<meta property=\"og:url\" content=\"https:\/\/www.hydrachim.fr\/en\/produit\/respecthome_pae_alim_menthe_002229501\/\" \/>\n<meta property=\"og:site_name\" content=\"Hydrachim\" \/>\n<meta property=\"article:modified_time\" content=\"2026-04-15T14:33:17+00:00\" \/>\n<meta property=\"og:image\" content=\"https:\/\/www.hydrachim.fr\/app\/uploads\/2026\/04\/2295_RESPECT_HOME_PAE_ALIM___MENTHE___ECODETERGENT_ECOCERT___5L___rvb-1.png\" \/>\n\t<meta property=\"og:image:width\" content=\"162\" \/>\n\t<meta property=\"og:image:height\" content=\"242\" \/>\n\t<meta property=\"og:image:type\" content=\"image\/png\" \/>\n<meta name=\"twitter:card\" content=\"summary_large_image\" \/>\n<meta name=\"twitter:label1\" content=\"Est. reading time\" \/>\n\t<meta name=\"twitter:data1\" content=\"1 minute\" \/>\n<script type=\"application\/ld+json\" class=\"yoast-schema-graph\">{\"@context\":\"https:\\\/\\\/schema.org\",\"@graph\":[{\"@type\":\"WebPage\",\"@id\":\"https:\\\/\\\/www.hydrachim.fr\\\/en\\\/produit\\\/respecthome_pae_alim_menthe_002229501\\\/\",\"url\":\"https:\\\/\\\/www.hydrachim.fr\\\/en\\\/produit\\\/respecthome_pae_alim_menthe_002229501\\\/\",\"name\":\"Respect'home PAE Alim+ Menthe - Hydrachim\",\"isPartOf\":{\"@id\":\"https:\\\/\\\/www.hydrachim.fr\\\/en\\\/#website\"},\"primaryImageOfPage\":{\"@id\":\"https:\\\/\\\/www.hydrachim.fr\\\/en\\\/produit\\\/respecthome_pae_alim_menthe_002229501\\\/#primaryimage\"},\"image\":{\"@id\":\"https:\\\/\\\/www.hydrachim.fr\\\/en\\\/produit\\\/respecthome_pae_alim_menthe_002229501\\\/#primaryimage\"},\"thumbnailUrl\":\"https:\\\/\\\/www.hydrachim.fr\\\/app\\\/uploads\\\/2026\\\/04\\\/2295_RESPECT_HOME_PAE_ALIM___MENTHE___ECODETERGENT_ECOCERT___5L___rvb-1.png\",\"datePublished\":\"2026-04-13T15:45:12+00:00\",\"dateModified\":\"2026-04-15T14:33:17+00:00\",\"breadcrumb\":{\"@id\":\"https:\\\/\\\/www.hydrachim.fr\\\/en\\\/produit\\\/respecthome_pae_alim_menthe_002229501\\\/#breadcrumb\"},\"inLanguage\":\"en-US\",\"potentialAction\":[{\"@type\":\"ReadAction\",\"target\":[\"https:\\\/\\\/www.hydrachim.fr\\\/en\\\/produit\\\/respecthome_pae_alim_menthe_002229501\\\/\"]}]},{\"@type\":\"ImageObject\",\"inLanguage\":\"en-US\",\"@id\":\"https:\\\/\\\/www.hydrachim.fr\\\/en\\\/produit\\\/respecthome_pae_alim_menthe_002229501\\\/#primaryimage\",\"url\":\"https:\\\/\\\/www.hydrachim.fr\\\/app\\\/uploads\\\/2026\\\/04\\\/2295_RESPECT_HOME_PAE_ALIM___MENTHE___ECODETERGENT_ECOCERT___5L___rvb-1.png\",\"contentUrl\":\"https:\\\/\\\/www.hydrachim.fr\\\/app\\\/uploads\\\/2026\\\/04\\\/2295_RESPECT_HOME_PAE_ALIM___MENTHE___ECODETERGENT_ECOCERT___5L___rvb-1.png\",\"width\":162,\"height\":242},{\"@type\":\"BreadcrumbList\",\"@id\":\"https:\\\/\\\/www.hydrachim.fr\\\/en\\\/produit\\\/respecthome_pae_alim_menthe_002229501\\\/#breadcrumb\",\"itemListElement\":[{\"@type\":\"ListItem\",\"position\":1,\"name\":\"Home\",\"item\":\"https:\\\/\\\/www.hydrachim.fr\\\/en\\\/\"},{\"@type\":\"ListItem\",\"position\":2,\"name\":\"Boutique\",\"item\":\"https:\\\/\\\/www.hydrachim.fr\\\/boutique\\\/\"},{\"@type\":\"ListItem\",\"position\":3,\"name\":\"Respect&rsquo;home PAE Alim+ Menthe\"}]},{\"@type\":\"WebSite\",\"@id\":\"https:\\\/\\\/www.hydrachim.fr\\\/en\\\/#website\",\"url\":\"https:\\\/\\\/www.hydrachim.fr\\\/en\\\/\",\"name\":\"Hydrachim\",\"description\":\"La science de l&#039;hygi\u00e8ne\",\"potentialAction\":[{\"@type\":\"SearchAction\",\"target\":{\"@type\":\"EntryPoint\",\"urlTemplate\":\"https:\\\/\\\/www.hydrachim.fr\\\/en\\\/?s={search_term_string}\"},\"query-input\":{\"@type\":\"PropertyValueSpecification\",\"valueRequired\":true,\"valueName\":\"search_term_string\"}}],\"inLanguage\":\"en-US\"}]}<\/script>\n<!-- \/ Yoast SEO plugin. -->","yoast_head_json":{"title":"Respect'home PAE Alim+ Menthe - Hydrachim","robots":{"index":"index","follow":"follow","max-snippet":"max-snippet:-1","max-image-preview":"max-image-preview:large","max-video-preview":"max-video-preview:-1"},"canonical":"https:\/\/www.hydrachim.fr\/en\/produit\/respecthome_pae_alim_menthe_002229501\/","og_locale":"en_US","og_type":"article","og_title":"Respect'home PAE Alim+ Menthe - Hydrachim","og_description":"Nettoyant polyvalent pour surfaces &amp; inox Bact\u00e9ricide, levuricide &amp; virucide","og_url":"https:\/\/www.hydrachim.fr\/en\/produit\/respecthome_pae_alim_menthe_002229501\/","og_site_name":"Hydrachim","article_modified_time":"2026-04-15T14:33:17+00:00","og_image":[{"width":162,"height":242,"url":"https:\/\/www.hydrachim.fr\/app\/uploads\/2026\/04\/2295_RESPECT_HOME_PAE_ALIM___MENTHE___ECODETERGENT_ECOCERT___5L___rvb-1.png","type":"image\/png"}],"twitter_card":"summary_large_image","twitter_misc":{"Est. reading time":"1 minute"},"schema":{"@context":"https:\/\/schema.org","@graph":[{"@type":"WebPage","@id":"https:\/\/www.hydrachim.fr\/en\/produit\/respecthome_pae_alim_menthe_002229501\/","url":"https:\/\/www.hydrachim.fr\/en\/produit\/respecthome_pae_alim_menthe_002229501\/","name":"Respect'home PAE Alim+ Menthe - Hydrachim","isPartOf":{"@id":"https:\/\/www.hydrachim.fr\/en\/#website"},"primaryImageOfPage":{"@id":"https:\/\/www.hydrachim.fr\/en\/produit\/respecthome_pae_alim_menthe_002229501\/#primaryimage"},"image":{"@id":"https:\/\/www.hydrachim.fr\/en\/produit\/respecthome_pae_alim_menthe_002229501\/#primaryimage"},"thumbnailUrl":"https:\/\/www.hydrachim.fr\/app\/uploads\/2026\/04\/2295_RESPECT_HOME_PAE_ALIM___MENTHE___ECODETERGENT_ECOCERT___5L___rvb-1.png","datePublished":"2026-04-13T15:45:12+00:00","dateModified":"2026-04-15T14:33:17+00:00","breadcrumb":{"@id":"https:\/\/www.hydrachim.fr\/en\/produit\/respecthome_pae_alim_menthe_002229501\/#breadcrumb"},"inLanguage":"en-US","potentialAction":[{"@type":"ReadAction","target":["https:\/\/www.hydrachim.fr\/en\/produit\/respecthome_pae_alim_menthe_002229501\/"]}]},{"@type":"ImageObject","inLanguage":"en-US","@id":"https:\/\/www.hydrachim.fr\/en\/produit\/respecthome_pae_alim_menthe_002229501\/#primaryimage","url":"https:\/\/www.hydrachim.fr\/app\/uploads\/2026\/04\/2295_RESPECT_HOME_PAE_ALIM___MENTHE___ECODETERGENT_ECOCERT___5L___rvb-1.png","contentUrl":"https:\/\/www.hydrachim.fr\/app\/uploads\/2026\/04\/2295_RESPECT_HOME_PAE_ALIM___MENTHE___ECODETERGENT_ECOCERT___5L___rvb-1.png","width":162,"height":242},{"@type":"BreadcrumbList","@id":"https:\/\/www.hydrachim.fr\/en\/produit\/respecthome_pae_alim_menthe_002229501\/#breadcrumb","itemListElement":[{"@type":"ListItem","position":1,"name":"Home","item":"https:\/\/www.hydrachim.fr\/en\/"},{"@type":"ListItem","position":2,"name":"Boutique","item":"https:\/\/www.hydrachim.fr\/boutique\/"},{"@type":"ListItem","position":3,"name":"Respect&rsquo;home PAE Alim+ Menthe"}]},{"@type":"WebSite","@id":"https:\/\/www.hydrachim.fr\/en\/#website","url":"https:\/\/www.hydrachim.fr\/en\/","name":"Hydrachim","description":"La science de l&#039;hygi\u00e8ne","potentialAction":[{"@type":"SearchAction","target":{"@type":"EntryPoint","urlTemplate":"https:\/\/www.hydrachim.fr\/en\/?s={search_term_string}"},"query-input":{"@type":"PropertyValueSpecification","valueRequired":true,"valueName":"search_term_string"}}],"inLanguage":"en-US"}]}},"acf":{"fiche_methode":"","fiche_technique":""},"_links":{"self":[{"href":"https:\/\/www.hydrachim.fr\/en\/wp-json\/wp\/v2\/product\/30870","targetHints":{"allow":["GET"]}}],"collection":[{"href":"https:\/\/www.hydrachim.fr\/en\/wp-json\/wp\/v2\/product"}],"about":[{"href":"https:\/\/www.hydrachim.fr\/en\/wp-json\/wp\/v2\/types\/product"}],"wp:featuredmedia":[{"embeddable":true,"href":"https:\/\/www.hydrachim.fr\/en\/wp-json\/wp\/v2\/media\/30871"}],"wp:attachment":[{"href":"https:\/\/www.hydrachim.fr\/en\/wp-json\/wp\/v2\/media?parent=30870"}],"wp:term":[{"taxonomy":"product_brand","embeddable":true,"href":"https:\/\/www.hydrachim.fr\/en\/wp-json\/wp\/v2\/product_brand?post=30870"},{"taxonomy":"product_type","embeddable":true,"href":"https:\/\/www.hydrachim.fr\/en\/wp-json\/wp\/v2\/product_type?post=30870"},{"taxonomy":"product_visibility","embeddable":true,"href":"https:\/\/www.hydrachim.fr\/en\/wp-json\/wp\/v2\/product_visibility?post=30870"},{"taxonomy":"product_cat","embeddable":true,"href":"https:\/\/www.hydrachim.fr\/en\/wp-json\/wp\/v2\/product_cat?post=30870"}],"curies":[{"name":"wp","href":"https:\/\/api.w.org\/{rel}","templated":true}]}}