{"id":30864,"date":"2026-04-13T16:57:04","date_gmt":"2026-04-13T14:57:04","guid":{"rendered":"https:\/\/www.hydrachim.fr\/produit\/respecthome_concentre_al_menthe_ecocert_002229401\/"},"modified":"2026-04-15T16:23:54","modified_gmt":"2026-04-15T14:23:54","slug":"respecthome_concentre_al_menthe_ecocert_002229401","status":"publish","type":"product","link":"https:\/\/www.hydrachim.fr\/en\/produit\/respecthome_concentre_al_menthe_ecocert_002229401\/","title":{"rendered":"Respect&#8217;home Concentr\u00e9 AL+ Menthe Ecocert"},"content":{"rendered":"<p><strong>RESPECT\u2019HOME CONCENTRE AL+ MENTHE :<br \/>\n&#8211; Nettoie<br \/>\n&#8211; D\u00e9graisse<br \/>\n&#8211; D\u00e9tartre<br \/>\n&#8211; D\u00e9sinfecte.<br \/>\n&#8211; 98% des ingr\u00e9dients sont d\u2019origine v\u00e9g\u00e9tale ou min\u00e9rale<\/strong><\/p>\n<p>Ce produit est un biocide polyvalent \u00e0 l&#8217;huile essentielle de menthe.<br \/>\nD\u00e9tergent certifi\u00e9 par ECOCERT Greenlife selon le r\u00e9f\u00e9rentiel ECOCERT \u00ab Ecod\u00e9tergent \u00bb disponible sur http:\/\/detergents.ecocert.com.<\/p>\n<p>Il s\u2019utilise sur toutes les surfaces* et dans de nombreux secteurs d\u2019activit\u00e9 :<br \/>\n&#8211; Surfaces alimentaires** : plans de travail, tables, murs, sols.<br \/>\n&#8211; Surfaces sanitaires : carrelages, wc, douches, sols, meubles.<br \/>\n&#8211; Surfaces neutres : cr\u00e8ches, jouets, EHPAD, salles d\u2018attente&#8230;<br \/>\nD\u00e9tartrant quotidien, il fait \u00e9galement briller les surfaces.<br \/>\nUsage vide-ordures : utilisable pour la d\u00e9sinfection des locaux, mat\u00e9riels de transport et de stockage des ordures et d\u00e9chets.<\/p>\n<p><b>Mode d&#8217;emploi :<\/b><br \/>\n&gt;&gt; Ne pas utiliser pur. Concentr\u00e9 AL+ Menthe est concentr\u00e9 et doit \u00eatre dilu\u00e9 avant utilisation. Pr\u00e9parer une solution \u00e0 la dose de 3 \u00e0 8% dans l\u2019eau \u00e0 20\u00b0C, pour un nettoyage et une d\u00e9sinfection optimale. (Le dosage, la temp\u00e9rature de l\u2019eau et le temps de contact peuvent varier selon l\u2019efficacit\u00e9 recherch\u00e9e. Se r\u00e9f\u00e9rer au tableau des efficacit\u00e9s.)<br \/>\nVous avez 2 mani\u00e8res de diluer ce produit dans vos pulv\u00e9risateurs techniques,<br \/>\nde mani\u00e8re \u00e0 obtenir l\u2019efficacit\u00e9 totale :<br \/>\n&gt;En automatique :<br \/>\n&#8211; En station de dilution : de mani\u00e8re \u00e0 obtenir 8% ou 50 mL de produit dans votre bidon de 650 mL.<br \/>\n&#8211; En poste de d\u00e9sinfection ou centrale d\u2019hygi\u00e8ne :<br \/>\nAjuster la buse de dosage de 3 \u00e0 8% en fonction de l&#8217;efficacit\u00e9 d\u00e9sinfectante recherch\u00e9e.<br \/>\n(se r\u00e9f\u00e9rer au tableau ci-dessus pour plus de d\u00e9tail).<\/p>\n<p>&gt;Pr\u00e9paration de vos 650 mL et 750 mL :<br \/>\nSi vous avez un bidon de 1 L bouillotte :<br \/>\n1. Prendre votre bidon,<br \/>\n2. Visser votre bouchon doseur $D-62<br \/>\n3. Presser sur le bidon plusieurs fois de mani\u00e8re \u00e0 obtenir la dose d\u00e9sinfectante souhait\u00e9e (dosage ci-dessous),<br \/>\n4. Verser la quantit\u00e9 dans votre pulv\u00e9risateur pr\u00e9alablement rempli d\u2019eau.<\/p>\n<p>Si vous avez un bidon de 5 L :<br \/>\n1. Prendre votre bidon,<br \/>\n2. Emboiter votre bec verseur $D-63,<br \/>\n3. Verser la dose d\u00e9sinfectante souhait\u00e9e dans votre pulv\u00e9risateur pr\u00e9alablement rempli d\u2019eau (dosage sur la fiche technique).<\/p>\n<p>MODE D\u2019EMPLOI AVEC ACTION MECANIQUE :<br \/>\n-Appliquer sur toutes surfaces lavables* (balayage humide, lingette ou \u00e9ponge propre) la solution nettoyante etd\u00e9sinfectante directement sur surface sale (d\u00e9blayer au pr\u00e9alable les surfaces tr\u00e8s encrass\u00e9es).<br \/>\n-Frotter avec votre lavette ou brosse.<br \/>\n-Laisser agir 15 minutes (pour une action bact\u00e9ricide et levuricide \u2013 se r\u00e9f\u00e9rer au tableau des efficacit\u00e9s).<br \/>\n-Puis rincer (pour les surfaces en contact avec les denr\u00e9es alimentaires).<br \/>\nBien rincer le mat\u00e9riel ayant servi \u00e0 la pr\u00e9paration et \u00e0 l\u2019utilisation de la solution.<\/p>\n<p>MODE D\u2019EMPLOI SANS ACTION MECANIQUE :<br \/>\n-Appliquer sur toutes surfaces lavables* (balayage humide, lingette ou \u00e9ponge propre) la solution nettoyante etd\u00e9sinfectante directement sur surface sale (d\u00e9blayer au pr\u00e9alable les surfaces tr\u00e8s encrass\u00e9es).<br \/>\n-Laisser agir 5 \u00e0 60 minutes (selon l\u2019activit\u00e9 d\u00e9sinfectante recherch\u00e9e).<br \/>\n-Puis rincer (pour les surfaces en contact avec les denr\u00e9es alimentaires).<br \/>\nBien rincer le mat\u00e9riel ayant servi \u00e0 la pr\u00e9paration et \u00e0 l\u2019utilisation de la solution.<br \/>\nPour r\u00e9duire l\u2019impact environnemental, respectez les doses recommand\u00e9es d\u2019utilisation.<\/p>\n<p><em>Conditionnements :<br \/>\n&#8211; Carton de 6x1L doseur.<br \/>\n&#8211; Carton de 4x5L.<br \/>\nEmballages enti\u00e8rement recyclables.<br \/>\n&#8211; Carton de 2&#215;3.3L.<br \/>\nEmballage majoritairement recyclable.<\/em><\/p>\n","protected":false},"excerpt":{"rendered":"<p>Nettoyant d\u00e9tartrant polyvalent<br \/>\nBact\u00e9ricide, levuricide &amp; virucide<\/p>\n","protected":false},"featured_media":30906,"template":"","meta":[],"product_brand":[],"product_type":[2],"product_visibility":[],"product_cat":[4174,4097,4189],"class_list":{"0":"post-30864","1":"product","2":"type-product","3":"status-publish","4":"has-post-thumbnail","6":"product_cat-nouveautesdesinfection","7":"product_cat-produitsecocert","8":"product_cat-marquesidegreen","9":"product_tag-bactericide-type-defficacit","10":"product_tag-biocide","11":"product_tag-concentre","12":"product_tag-desinfectant","13":"product_tag-detartrant","14":"product_tag-ecocert","15":"product_tag-levuricide_1","16":"product_tag-menthe","17":"product_tag-nettoyant","18":"product_tag-virucide_1","20":"first","21":"instock","22":"shipping-taxable","23":"product-type-simple"},"yoast_head":"<!-- This site is optimized with the Yoast SEO plugin v27.4 - https:\/\/yoast.com\/product\/yoast-seo-wordpress\/ -->\n<title>Respect&#039;home Concentr\u00e9 AL+ Menthe Ecocert - Hydrachim<\/title>\n<meta name=\"robots\" content=\"index, follow, max-snippet:-1, max-image-preview:large, max-video-preview:-1\" \/>\n<link rel=\"canonical\" href=\"https:\/\/www.hydrachim.fr\/en\/produit\/respecthome_concentre_al_menthe_ecocert_002229401\/\" \/>\n<meta property=\"og:locale\" content=\"en_US\" \/>\n<meta property=\"og:type\" content=\"article\" \/>\n<meta property=\"og:title\" content=\"Respect&#039;home Concentr\u00e9 AL+ Menthe Ecocert - Hydrachim\" \/>\n<meta property=\"og:description\" content=\"Nettoyant d\u00e9tartrant polyvalent Bact\u00e9ricide, levuricide &amp; virucide\" \/>\n<meta property=\"og:url\" content=\"https:\/\/www.hydrachim.fr\/en\/produit\/respecthome_concentre_al_menthe_ecocert_002229401\/\" \/>\n<meta property=\"og:site_name\" content=\"Hydrachim\" \/>\n<meta property=\"article:modified_time\" content=\"2026-04-15T14:23:54+00:00\" \/>\n<meta property=\"og:image\" content=\"https:\/\/www.hydrachim.fr\/app\/uploads\/2026\/04\/2294_IDEGREEN___RESPECT_HOME_CONCENTRE_AL__MENTHE_ECODETERGENT_ECOCERT_5L___rvb-1.png\" \/>\n\t<meta property=\"og:image:width\" content=\"183\" \/>\n\t<meta property=\"og:image:height\" content=\"283\" \/>\n\t<meta property=\"og:image:type\" content=\"image\/png\" \/>\n<meta name=\"twitter:card\" content=\"summary_large_image\" \/>\n<meta name=\"twitter:label1\" content=\"Est. reading time\" \/>\n\t<meta name=\"twitter:data1\" content=\"3 minutes\" \/>\n<script type=\"application\/ld+json\" class=\"yoast-schema-graph\">{\"@context\":\"https:\\\/\\\/schema.org\",\"@graph\":[{\"@type\":\"WebPage\",\"@id\":\"https:\\\/\\\/www.hydrachim.fr\\\/en\\\/produit\\\/respecthome_concentre_al_menthe_ecocert_002229401\\\/\",\"url\":\"https:\\\/\\\/www.hydrachim.fr\\\/en\\\/produit\\\/respecthome_concentre_al_menthe_ecocert_002229401\\\/\",\"name\":\"Respect'home Concentr\u00e9 AL+ Menthe Ecocert - Hydrachim\",\"isPartOf\":{\"@id\":\"https:\\\/\\\/www.hydrachim.fr\\\/en\\\/#website\"},\"primaryImageOfPage\":{\"@id\":\"https:\\\/\\\/www.hydrachim.fr\\\/en\\\/produit\\\/respecthome_concentre_al_menthe_ecocert_002229401\\\/#primaryimage\"},\"image\":{\"@id\":\"https:\\\/\\\/www.hydrachim.fr\\\/en\\\/produit\\\/respecthome_concentre_al_menthe_ecocert_002229401\\\/#primaryimage\"},\"thumbnailUrl\":\"https:\\\/\\\/www.hydrachim.fr\\\/app\\\/uploads\\\/2026\\\/04\\\/2294_IDEGREEN___RESPECT_HOME_CONCENTRE_AL__MENTHE_ECODETERGENT_ECOCERT_5L___rvb-1.png\",\"datePublished\":\"2026-04-13T14:57:04+00:00\",\"dateModified\":\"2026-04-15T14:23:54+00:00\",\"breadcrumb\":{\"@id\":\"https:\\\/\\\/www.hydrachim.fr\\\/en\\\/produit\\\/respecthome_concentre_al_menthe_ecocert_002229401\\\/#breadcrumb\"},\"inLanguage\":\"en-US\",\"potentialAction\":[{\"@type\":\"ReadAction\",\"target\":[\"https:\\\/\\\/www.hydrachim.fr\\\/en\\\/produit\\\/respecthome_concentre_al_menthe_ecocert_002229401\\\/\"]}]},{\"@type\":\"ImageObject\",\"inLanguage\":\"en-US\",\"@id\":\"https:\\\/\\\/www.hydrachim.fr\\\/en\\\/produit\\\/respecthome_concentre_al_menthe_ecocert_002229401\\\/#primaryimage\",\"url\":\"https:\\\/\\\/www.hydrachim.fr\\\/app\\\/uploads\\\/2026\\\/04\\\/2294_IDEGREEN___RESPECT_HOME_CONCENTRE_AL__MENTHE_ECODETERGENT_ECOCERT_5L___rvb-1.png\",\"contentUrl\":\"https:\\\/\\\/www.hydrachim.fr\\\/app\\\/uploads\\\/2026\\\/04\\\/2294_IDEGREEN___RESPECT_HOME_CONCENTRE_AL__MENTHE_ECODETERGENT_ECOCERT_5L___rvb-1.png\",\"width\":183,\"height\":283},{\"@type\":\"BreadcrumbList\",\"@id\":\"https:\\\/\\\/www.hydrachim.fr\\\/en\\\/produit\\\/respecthome_concentre_al_menthe_ecocert_002229401\\\/#breadcrumb\",\"itemListElement\":[{\"@type\":\"ListItem\",\"position\":1,\"name\":\"Home\",\"item\":\"https:\\\/\\\/www.hydrachim.fr\\\/en\\\/\"},{\"@type\":\"ListItem\",\"position\":2,\"name\":\"Boutique\",\"item\":\"https:\\\/\\\/www.hydrachim.fr\\\/boutique\\\/\"},{\"@type\":\"ListItem\",\"position\":3,\"name\":\"Respect&rsquo;home Concentr\u00e9 AL+ Menthe Ecocert\"}]},{\"@type\":\"WebSite\",\"@id\":\"https:\\\/\\\/www.hydrachim.fr\\\/en\\\/#website\",\"url\":\"https:\\\/\\\/www.hydrachim.fr\\\/en\\\/\",\"name\":\"Hydrachim\",\"description\":\"La science de l&#039;hygi\u00e8ne\",\"potentialAction\":[{\"@type\":\"SearchAction\",\"target\":{\"@type\":\"EntryPoint\",\"urlTemplate\":\"https:\\\/\\\/www.hydrachim.fr\\\/en\\\/?s={search_term_string}\"},\"query-input\":{\"@type\":\"PropertyValueSpecification\",\"valueRequired\":true,\"valueName\":\"search_term_string\"}}],\"inLanguage\":\"en-US\"}]}<\/script>\n<!-- \/ Yoast SEO plugin. -->","yoast_head_json":{"title":"Respect'home Concentr\u00e9 AL+ Menthe Ecocert - Hydrachim","robots":{"index":"index","follow":"follow","max-snippet":"max-snippet:-1","max-image-preview":"max-image-preview:large","max-video-preview":"max-video-preview:-1"},"canonical":"https:\/\/www.hydrachim.fr\/en\/produit\/respecthome_concentre_al_menthe_ecocert_002229401\/","og_locale":"en_US","og_type":"article","og_title":"Respect'home Concentr\u00e9 AL+ Menthe Ecocert - Hydrachim","og_description":"Nettoyant d\u00e9tartrant polyvalent Bact\u00e9ricide, levuricide &amp; virucide","og_url":"https:\/\/www.hydrachim.fr\/en\/produit\/respecthome_concentre_al_menthe_ecocert_002229401\/","og_site_name":"Hydrachim","article_modified_time":"2026-04-15T14:23:54+00:00","og_image":[{"width":183,"height":283,"url":"https:\/\/www.hydrachim.fr\/app\/uploads\/2026\/04\/2294_IDEGREEN___RESPECT_HOME_CONCENTRE_AL__MENTHE_ECODETERGENT_ECOCERT_5L___rvb-1.png","type":"image\/png"}],"twitter_card":"summary_large_image","twitter_misc":{"Est. reading time":"3 minutes"},"schema":{"@context":"https:\/\/schema.org","@graph":[{"@type":"WebPage","@id":"https:\/\/www.hydrachim.fr\/en\/produit\/respecthome_concentre_al_menthe_ecocert_002229401\/","url":"https:\/\/www.hydrachim.fr\/en\/produit\/respecthome_concentre_al_menthe_ecocert_002229401\/","name":"Respect'home Concentr\u00e9 AL+ Menthe Ecocert - Hydrachim","isPartOf":{"@id":"https:\/\/www.hydrachim.fr\/en\/#website"},"primaryImageOfPage":{"@id":"https:\/\/www.hydrachim.fr\/en\/produit\/respecthome_concentre_al_menthe_ecocert_002229401\/#primaryimage"},"image":{"@id":"https:\/\/www.hydrachim.fr\/en\/produit\/respecthome_concentre_al_menthe_ecocert_002229401\/#primaryimage"},"thumbnailUrl":"https:\/\/www.hydrachim.fr\/app\/uploads\/2026\/04\/2294_IDEGREEN___RESPECT_HOME_CONCENTRE_AL__MENTHE_ECODETERGENT_ECOCERT_5L___rvb-1.png","datePublished":"2026-04-13T14:57:04+00:00","dateModified":"2026-04-15T14:23:54+00:00","breadcrumb":{"@id":"https:\/\/www.hydrachim.fr\/en\/produit\/respecthome_concentre_al_menthe_ecocert_002229401\/#breadcrumb"},"inLanguage":"en-US","potentialAction":[{"@type":"ReadAction","target":["https:\/\/www.hydrachim.fr\/en\/produit\/respecthome_concentre_al_menthe_ecocert_002229401\/"]}]},{"@type":"ImageObject","inLanguage":"en-US","@id":"https:\/\/www.hydrachim.fr\/en\/produit\/respecthome_concentre_al_menthe_ecocert_002229401\/#primaryimage","url":"https:\/\/www.hydrachim.fr\/app\/uploads\/2026\/04\/2294_IDEGREEN___RESPECT_HOME_CONCENTRE_AL__MENTHE_ECODETERGENT_ECOCERT_5L___rvb-1.png","contentUrl":"https:\/\/www.hydrachim.fr\/app\/uploads\/2026\/04\/2294_IDEGREEN___RESPECT_HOME_CONCENTRE_AL__MENTHE_ECODETERGENT_ECOCERT_5L___rvb-1.png","width":183,"height":283},{"@type":"BreadcrumbList","@id":"https:\/\/www.hydrachim.fr\/en\/produit\/respecthome_concentre_al_menthe_ecocert_002229401\/#breadcrumb","itemListElement":[{"@type":"ListItem","position":1,"name":"Home","item":"https:\/\/www.hydrachim.fr\/en\/"},{"@type":"ListItem","position":2,"name":"Boutique","item":"https:\/\/www.hydrachim.fr\/boutique\/"},{"@type":"ListItem","position":3,"name":"Respect&rsquo;home Concentr\u00e9 AL+ Menthe Ecocert"}]},{"@type":"WebSite","@id":"https:\/\/www.hydrachim.fr\/en\/#website","url":"https:\/\/www.hydrachim.fr\/en\/","name":"Hydrachim","description":"La science de l&#039;hygi\u00e8ne","potentialAction":[{"@type":"SearchAction","target":{"@type":"EntryPoint","urlTemplate":"https:\/\/www.hydrachim.fr\/en\/?s={search_term_string}"},"query-input":{"@type":"PropertyValueSpecification","valueRequired":true,"valueName":"search_term_string"}}],"inLanguage":"en-US"}]}},"acf":{"fiche_methode":"","fiche_technique":""},"_links":{"self":[{"href":"https:\/\/www.hydrachim.fr\/en\/wp-json\/wp\/v2\/product\/30864","targetHints":{"allow":["GET"]}}],"collection":[{"href":"https:\/\/www.hydrachim.fr\/en\/wp-json\/wp\/v2\/product"}],"about":[{"href":"https:\/\/www.hydrachim.fr\/en\/wp-json\/wp\/v2\/types\/product"}],"wp:featuredmedia":[{"embeddable":true,"href":"https:\/\/www.hydrachim.fr\/en\/wp-json\/wp\/v2\/media\/30906"}],"wp:attachment":[{"href":"https:\/\/www.hydrachim.fr\/en\/wp-json\/wp\/v2\/media?parent=30864"}],"wp:term":[{"taxonomy":"product_brand","embeddable":true,"href":"https:\/\/www.hydrachim.fr\/en\/wp-json\/wp\/v2\/product_brand?post=30864"},{"taxonomy":"product_type","embeddable":true,"href":"https:\/\/www.hydrachim.fr\/en\/wp-json\/wp\/v2\/product_type?post=30864"},{"taxonomy":"product_visibility","embeddable":true,"href":"https:\/\/www.hydrachim.fr\/en\/wp-json\/wp\/v2\/product_visibility?post=30864"},{"taxonomy":"product_cat","embeddable":true,"href":"https:\/\/www.hydrachim.fr\/en\/wp-json\/wp\/v2\/product_cat?post=30864"}],"curies":[{"name":"wp","href":"https:\/\/api.w.org\/{rel}","templated":true}]}}