{"id":30863,"date":"2026-04-13T16:57:01","date_gmt":"2026-04-13T14:57:01","guid":{"rendered":"https:\/\/www.hydrachim.fr\/?post_type=product&#038;p=30863"},"modified":"2026-04-30T09:53:22","modified_gmt":"2026-04-30T07:53:22","slug":"nettoyant_jantes_002j48105","status":"publish","type":"product","link":"https:\/\/www.hydrachim.fr\/en\/produit\/nettoyant_jantes_002j48105\/","title":{"rendered":"NETTOYANT JANTES"},"content":{"rendered":"<p><strong>NETTOYANT JANTES est utilis\u00e9 pour nettoyer et d\u00e9graisser les jantes. Efficace sur les r\u00e9sidus de plaquettes et les poussi\u00e8res.<\/strong><\/p>\n<p>NETTOYANT JANTES s&#8217;utilise aussi bien en machine basse et haute pression, pour le nettoyage des jantes des v\u00e9hicules l\u00e9gers et poids lourds.<\/p>\n<p><strong>Disponible en bidon de 20L<\/strong><\/p>\n<p class=\"y-product y-product__product-subtitle\">Avantage :<\/p>\n<p>&#8211; Fait briller<br \/>\n&#8211; Compos\u00e9 de 99% d\u2019ingr\u00e9dients d\u2019origine v\u00e9g\u00e9tale ou min\u00e9rale<\/p>\n<p>Convient uniquement aux jantes auto vernies.<br \/>\nPour tout autre type de jantes, proc\u00e9der \u00e0 un essai pr\u00e9alable, sur une petite surface non visible.<\/p>\n<p>Retrouvez le mode d&#8217;emploi et le dosage du produit en t\u00e9l\u00e9chargeant, ci-dessous, sa Fiche Technique.<\/p>\n<p><em>D\u00e9tergent certifi\u00e9 par ECOCERT Greenlife selon le r\u00e9f\u00e9rentiel ECOCERT \u00abEcod\u00e9tergent\u00bb disponible sur<br \/>\nhttp:\/\/detergents.ecocert.com.<\/em><\/p>\n","protected":false},"excerpt":{"rendered":"<p>Nettoyant jantes professionnel certifi\u00e9 ECOCERT.<\/p>\n","protected":false},"featured_media":30875,"template":"","meta":[],"product_brand":[],"product_type":[2],"product_visibility":[],"product_cat":[4097,4189,4143,4173,4092],"class_list":{"0":"post-30863","1":"product","2":"type-product","3":"status-publish","4":"has-post-thumbnail","6":"product_cat-produitsecocert","7":"product_cat-marquesidegreen","8":"product_cat-nouveautes","9":"product_cat-nouveautesproduits-verts","10":"product_cat-industriestation-vhicule","11":"product_tag-automobile","12":"product_tag-ecocert","13":"product_tag-haute-pression","14":"product_tag-jante","15":"product_tag-moussant","16":"product_tag-nettoyage","18":"first","19":"instock","20":"shipping-taxable","21":"product-type-simple"},"yoast_head":"<!-- This site is optimized with the Yoast SEO plugin v27.5 - https:\/\/yoast.com\/product\/yoast-seo-wordpress\/ -->\n<title>NETTOYANT JANTES - Hydrachim<\/title>\n<meta name=\"robots\" content=\"index, follow, max-snippet:-1, max-image-preview:large, max-video-preview:-1\" \/>\n<link rel=\"canonical\" href=\"https:\/\/www.hydrachim.fr\/en\/produit\/nettoyant_jantes_002j48105\/\" \/>\n<meta property=\"og:locale\" content=\"en_US\" \/>\n<meta property=\"og:type\" content=\"article\" \/>\n<meta property=\"og:title\" content=\"NETTOYANT JANTES - Hydrachim\" \/>\n<meta property=\"og:description\" content=\"Nettoyant jantes professionnel certifi\u00e9 ECOCERT.\" \/>\n<meta property=\"og:url\" content=\"https:\/\/www.hydrachim.fr\/en\/produit\/nettoyant_jantes_002j48105\/\" \/>\n<meta property=\"og:site_name\" content=\"Hydrachim\" \/>\n<meta property=\"article:modified_time\" content=\"2026-04-30T07:53:22+00:00\" \/>\n<meta property=\"og:image\" content=\"https:\/\/www.hydrachim.fr\/app\/uploads\/2026\/04\/J481___NETTOYANT_JANTES___20L.png\" \/>\n\t<meta property=\"og:image:width\" content=\"600\" \/>\n\t<meta property=\"og:image:height\" content=\"818\" \/>\n\t<meta property=\"og:image:type\" content=\"image\/png\" \/>\n<meta name=\"twitter:card\" content=\"summary_large_image\" \/>\n<meta name=\"twitter:label1\" content=\"Est. reading time\" \/>\n\t<meta name=\"twitter:data1\" content=\"1 minute\" \/>\n<script type=\"application\/ld+json\" class=\"yoast-schema-graph\">{\"@context\":\"https:\\\/\\\/schema.org\",\"@graph\":[{\"@type\":\"WebPage\",\"@id\":\"https:\\\/\\\/www.hydrachim.fr\\\/en\\\/produit\\\/nettoyant_jantes_002j48105\\\/\",\"url\":\"https:\\\/\\\/www.hydrachim.fr\\\/en\\\/produit\\\/nettoyant_jantes_002j48105\\\/\",\"name\":\"NETTOYANT JANTES - Hydrachim\",\"isPartOf\":{\"@id\":\"https:\\\/\\\/www.hydrachim.fr\\\/en\\\/#website\"},\"primaryImageOfPage\":{\"@id\":\"https:\\\/\\\/www.hydrachim.fr\\\/en\\\/produit\\\/nettoyant_jantes_002j48105\\\/#primaryimage\"},\"image\":{\"@id\":\"https:\\\/\\\/www.hydrachim.fr\\\/en\\\/produit\\\/nettoyant_jantes_002j48105\\\/#primaryimage\"},\"thumbnailUrl\":\"https:\\\/\\\/www.hydrachim.fr\\\/app\\\/uploads\\\/2026\\\/04\\\/J481___NETTOYANT_JANTES___20L.png\",\"datePublished\":\"2026-04-13T14:57:01+00:00\",\"dateModified\":\"2026-04-30T07:53:22+00:00\",\"breadcrumb\":{\"@id\":\"https:\\\/\\\/www.hydrachim.fr\\\/en\\\/produit\\\/nettoyant_jantes_002j48105\\\/#breadcrumb\"},\"inLanguage\":\"en-US\",\"potentialAction\":[{\"@type\":\"ReadAction\",\"target\":[\"https:\\\/\\\/www.hydrachim.fr\\\/en\\\/produit\\\/nettoyant_jantes_002j48105\\\/\"]}]},{\"@type\":\"ImageObject\",\"inLanguage\":\"en-US\",\"@id\":\"https:\\\/\\\/www.hydrachim.fr\\\/en\\\/produit\\\/nettoyant_jantes_002j48105\\\/#primaryimage\",\"url\":\"https:\\\/\\\/www.hydrachim.fr\\\/app\\\/uploads\\\/2026\\\/04\\\/J481___NETTOYANT_JANTES___20L.png\",\"contentUrl\":\"https:\\\/\\\/www.hydrachim.fr\\\/app\\\/uploads\\\/2026\\\/04\\\/J481___NETTOYANT_JANTES___20L.png\",\"width\":600,\"height\":818},{\"@type\":\"BreadcrumbList\",\"@id\":\"https:\\\/\\\/www.hydrachim.fr\\\/en\\\/produit\\\/nettoyant_jantes_002j48105\\\/#breadcrumb\",\"itemListElement\":[{\"@type\":\"ListItem\",\"position\":1,\"name\":\"Home\",\"item\":\"https:\\\/\\\/www.hydrachim.fr\\\/en\\\/\"},{\"@type\":\"ListItem\",\"position\":2,\"name\":\"Boutique\",\"item\":\"https:\\\/\\\/www.hydrachim.fr\\\/boutique\\\/\"},{\"@type\":\"ListItem\",\"position\":3,\"name\":\"NETTOYANT JANTES\"}]},{\"@type\":\"WebSite\",\"@id\":\"https:\\\/\\\/www.hydrachim.fr\\\/en\\\/#website\",\"url\":\"https:\\\/\\\/www.hydrachim.fr\\\/en\\\/\",\"name\":\"Hydrachim\",\"description\":\"La science de l&#039;hygi\u00e8ne\",\"potentialAction\":[{\"@type\":\"SearchAction\",\"target\":{\"@type\":\"EntryPoint\",\"urlTemplate\":\"https:\\\/\\\/www.hydrachim.fr\\\/en\\\/?s={search_term_string}\"},\"query-input\":{\"@type\":\"PropertyValueSpecification\",\"valueRequired\":true,\"valueName\":\"search_term_string\"}}],\"inLanguage\":\"en-US\"}]}<\/script>\n<!-- \/ Yoast SEO plugin. -->","yoast_head_json":{"title":"NETTOYANT JANTES - Hydrachim","robots":{"index":"index","follow":"follow","max-snippet":"max-snippet:-1","max-image-preview":"max-image-preview:large","max-video-preview":"max-video-preview:-1"},"canonical":"https:\/\/www.hydrachim.fr\/en\/produit\/nettoyant_jantes_002j48105\/","og_locale":"en_US","og_type":"article","og_title":"NETTOYANT JANTES - Hydrachim","og_description":"Nettoyant jantes professionnel certifi\u00e9 ECOCERT.","og_url":"https:\/\/www.hydrachim.fr\/en\/produit\/nettoyant_jantes_002j48105\/","og_site_name":"Hydrachim","article_modified_time":"2026-04-30T07:53:22+00:00","og_image":[{"width":600,"height":818,"url":"https:\/\/www.hydrachim.fr\/app\/uploads\/2026\/04\/J481___NETTOYANT_JANTES___20L.png","type":"image\/png"}],"twitter_card":"summary_large_image","twitter_misc":{"Est. reading time":"1 minute"},"schema":{"@context":"https:\/\/schema.org","@graph":[{"@type":"WebPage","@id":"https:\/\/www.hydrachim.fr\/en\/produit\/nettoyant_jantes_002j48105\/","url":"https:\/\/www.hydrachim.fr\/en\/produit\/nettoyant_jantes_002j48105\/","name":"NETTOYANT JANTES - Hydrachim","isPartOf":{"@id":"https:\/\/www.hydrachim.fr\/en\/#website"},"primaryImageOfPage":{"@id":"https:\/\/www.hydrachim.fr\/en\/produit\/nettoyant_jantes_002j48105\/#primaryimage"},"image":{"@id":"https:\/\/www.hydrachim.fr\/en\/produit\/nettoyant_jantes_002j48105\/#primaryimage"},"thumbnailUrl":"https:\/\/www.hydrachim.fr\/app\/uploads\/2026\/04\/J481___NETTOYANT_JANTES___20L.png","datePublished":"2026-04-13T14:57:01+00:00","dateModified":"2026-04-30T07:53:22+00:00","breadcrumb":{"@id":"https:\/\/www.hydrachim.fr\/en\/produit\/nettoyant_jantes_002j48105\/#breadcrumb"},"inLanguage":"en-US","potentialAction":[{"@type":"ReadAction","target":["https:\/\/www.hydrachim.fr\/en\/produit\/nettoyant_jantes_002j48105\/"]}]},{"@type":"ImageObject","inLanguage":"en-US","@id":"https:\/\/www.hydrachim.fr\/en\/produit\/nettoyant_jantes_002j48105\/#primaryimage","url":"https:\/\/www.hydrachim.fr\/app\/uploads\/2026\/04\/J481___NETTOYANT_JANTES___20L.png","contentUrl":"https:\/\/www.hydrachim.fr\/app\/uploads\/2026\/04\/J481___NETTOYANT_JANTES___20L.png","width":600,"height":818},{"@type":"BreadcrumbList","@id":"https:\/\/www.hydrachim.fr\/en\/produit\/nettoyant_jantes_002j48105\/#breadcrumb","itemListElement":[{"@type":"ListItem","position":1,"name":"Home","item":"https:\/\/www.hydrachim.fr\/en\/"},{"@type":"ListItem","position":2,"name":"Boutique","item":"https:\/\/www.hydrachim.fr\/boutique\/"},{"@type":"ListItem","position":3,"name":"NETTOYANT JANTES"}]},{"@type":"WebSite","@id":"https:\/\/www.hydrachim.fr\/en\/#website","url":"https:\/\/www.hydrachim.fr\/en\/","name":"Hydrachim","description":"La science de l&#039;hygi\u00e8ne","potentialAction":[{"@type":"SearchAction","target":{"@type":"EntryPoint","urlTemplate":"https:\/\/www.hydrachim.fr\/en\/?s={search_term_string}"},"query-input":{"@type":"PropertyValueSpecification","valueRequired":true,"valueName":"search_term_string"}}],"inLanguage":"en-US"}]}},"acf":{"fiche_methode":"","fiche_technique":"https:\/\/www.hydrachim.fr\/app\/uploads\/2026\/04\/FT_J481__IDEGREEN_ECOCERT___NETTOYANT_JANTES.pdf"},"_links":{"self":[{"href":"https:\/\/www.hydrachim.fr\/en\/wp-json\/wp\/v2\/product\/30863","targetHints":{"allow":["GET"]}}],"collection":[{"href":"https:\/\/www.hydrachim.fr\/en\/wp-json\/wp\/v2\/product"}],"about":[{"href":"https:\/\/www.hydrachim.fr\/en\/wp-json\/wp\/v2\/types\/product"}],"wp:featuredmedia":[{"embeddable":true,"href":"https:\/\/www.hydrachim.fr\/en\/wp-json\/wp\/v2\/media\/30875"}],"wp:attachment":[{"href":"https:\/\/www.hydrachim.fr\/en\/wp-json\/wp\/v2\/media?parent=30863"}],"wp:term":[{"taxonomy":"product_brand","embeddable":true,"href":"https:\/\/www.hydrachim.fr\/en\/wp-json\/wp\/v2\/product_brand?post=30863"},{"taxonomy":"product_type","embeddable":true,"href":"https:\/\/www.hydrachim.fr\/en\/wp-json\/wp\/v2\/product_type?post=30863"},{"taxonomy":"product_visibility","embeddable":true,"href":"https:\/\/www.hydrachim.fr\/en\/wp-json\/wp\/v2\/product_visibility?post=30863"},{"taxonomy":"product_cat","embeddable":true,"href":"https:\/\/www.hydrachim.fr\/en\/wp-json\/wp\/v2\/product_cat?post=30863"}],"curies":[{"name":"wp","href":"https:\/\/api.w.org\/{rel}","templated":true}]}}