{"id":30719,"date":"2026-03-25T17:04:50","date_gmt":"2026-03-25T15:04:50","guid":{"rendered":"https:\/\/www.hydrachim.fr\/?post_type=product&#038;p=30719"},"modified":"2026-04-09T14:48:13","modified_gmt":"2026-04-09T12:48:13","slug":"brillinox_002048801","status":"publish","type":"product","link":"https:\/\/www.hydrachim.fr\/en\/produit\/brillinox_002048801\/","title":{"rendered":"BRILLINOX"},"content":{"rendered":"<p><strong>Brillinox r\u00e9nove les surfaces en \u00e9liminant les d\u00e9p\u00f4ts de tartre et d\u2019oxydations sur de multiples surfaces et m\u00e9taux. Son action sur les souillures min\u00e9rales optimise l\u2019efficacit\u00e9 des op\u00e9rations de nettoyage et de d\u00e9sinfection.   <\/strong><\/p>\n<p>Il est efficace sur de multiples surfaces : carrelages, vitres, fa\u00efences, aluminium anodis\u00e9, inox, chrome. <\/p>\n<p class=\"y-product y-product__product-subtitle\">Avantage :<\/p>\n<p>99 % des ingr\u00e9dients sont d\u2019origine v\u00e9g\u00e9tale et min\u00e9rale.<\/p>\n<p>Autoris\u00e9 pour une utilisation sur les surfaces alimentaires.<br \/>\nD\u00e9tergent certifi\u00e9 par ECOCERT Greenlife selon le r\u00e9f\u00e9rentiel ECOCERT \u00abEcod\u00e9tergent\u00bb disponible sur http:\/\/detergents.ecocert.com. Pour r\u00e9duire l\u2019impact environnemental, respecter les doses recommand\u00e9es d\u2019utilisation.<\/p>\n<p>Pr\u00eat \u00e0 l\u2019emploi, Brillinox se pulv\u00e9rise directement sur les surfaces, \u00e9vier, plan de travail, sols, mur, r\u00e9frig\u00e9rateur, cong\u00e9lateur.<br \/>\nPulv\u00e9riser et laisser agir 5 \u00e0 10 minutes, voir plusieurs heures si la pr\u00e9sence de tartre est importante.<br \/>\nFrotter la surface, puis rincer \u00e0 l\u2019eau.<br \/>\nSur des surfaces peu entartr\u00e9es, diluer le produit entre 25% et 50%.<\/p>\n","protected":false},"excerpt":{"rendered":"<p>D\u00e9tartrant pour les surfaces en contact alimentaire. Sp\u00e9cial inox.<\/p>\n","protected":false},"featured_media":30808,"template":"","meta":[],"product_brand":[],"product_type":[2],"product_visibility":[],"product_cat":[4117,4097,4189,4173],"class_list":{"0":"post-30719","1":"product","2":"type-product","3":"status-publish","4":"has-post-thumbnail","6":"product_cat-produitscuisine","7":"product_cat-produitsecocert","8":"product_cat-marquesidegreen","9":"product_cat-nouveautesproduits-verts","10":"product_tag-alimentaire","11":"product_tag-degraissant","12":"product_tag-inox","14":"first","15":"instock","16":"shipping-taxable","17":"product-type-simple"},"yoast_head":"<!-- This site is optimized with the Yoast SEO plugin v27.3 - https:\/\/yoast.com\/product\/yoast-seo-wordpress\/ -->\n<title>BRILLINOX - Hydrachim<\/title>\n<meta name=\"robots\" content=\"index, follow, max-snippet:-1, max-image-preview:large, max-video-preview:-1\" \/>\n<link rel=\"canonical\" href=\"https:\/\/www.hydrachim.fr\/en\/produit\/brillinox_002048801\/\" \/>\n<meta property=\"og:locale\" content=\"en_US\" \/>\n<meta property=\"og:type\" content=\"article\" \/>\n<meta property=\"og:title\" content=\"BRILLINOX - Hydrachim\" \/>\n<meta property=\"og:description\" content=\"D\u00e9tartrant pour les surfaces en contact alimentaire. Sp\u00e9cial inox.\" \/>\n<meta property=\"og:url\" content=\"https:\/\/www.hydrachim.fr\/en\/produit\/brillinox_002048801\/\" \/>\n<meta property=\"og:site_name\" content=\"Hydrachim\" \/>\n<meta property=\"article:modified_time\" content=\"2026-04-09T12:48:13+00:00\" \/>\n<meta property=\"og:image\" content=\"https:\/\/www.hydrachim.fr\/app\/uploads\/2026\/04\/0488_RESPECT_HOME_BRILLINOX_ECODETERGENT_ECOCERT_750ML___RVB.png\" \/>\n\t<meta property=\"og:image:width\" content=\"433\" \/>\n\t<meta property=\"og:image:height\" content=\"787\" \/>\n\t<meta property=\"og:image:type\" content=\"image\/png\" \/>\n<meta name=\"twitter:card\" content=\"summary_large_image\" \/>\n<meta name=\"twitter:label1\" content=\"Est. reading time\" \/>\n\t<meta name=\"twitter:data1\" content=\"1 minute\" \/>\n<script type=\"application\/ld+json\" class=\"yoast-schema-graph\">{\"@context\":\"https:\\\/\\\/schema.org\",\"@graph\":[{\"@type\":\"WebPage\",\"@id\":\"https:\\\/\\\/www.hydrachim.fr\\\/en\\\/produit\\\/brillinox_002048801\\\/\",\"url\":\"https:\\\/\\\/www.hydrachim.fr\\\/en\\\/produit\\\/brillinox_002048801\\\/\",\"name\":\"BRILLINOX - Hydrachim\",\"isPartOf\":{\"@id\":\"https:\\\/\\\/www.hydrachim.fr\\\/en\\\/#website\"},\"primaryImageOfPage\":{\"@id\":\"https:\\\/\\\/www.hydrachim.fr\\\/en\\\/produit\\\/brillinox_002048801\\\/#primaryimage\"},\"image\":{\"@id\":\"https:\\\/\\\/www.hydrachim.fr\\\/en\\\/produit\\\/brillinox_002048801\\\/#primaryimage\"},\"thumbnailUrl\":\"https:\\\/\\\/www.hydrachim.fr\\\/app\\\/uploads\\\/2026\\\/04\\\/0488_RESPECT_HOME_BRILLINOX_ECODETERGENT_ECOCERT_750ML___RVB.png\",\"datePublished\":\"2026-03-25T15:04:50+00:00\",\"dateModified\":\"2026-04-09T12:48:13+00:00\",\"breadcrumb\":{\"@id\":\"https:\\\/\\\/www.hydrachim.fr\\\/en\\\/produit\\\/brillinox_002048801\\\/#breadcrumb\"},\"inLanguage\":\"en-US\",\"potentialAction\":[{\"@type\":\"ReadAction\",\"target\":[\"https:\\\/\\\/www.hydrachim.fr\\\/en\\\/produit\\\/brillinox_002048801\\\/\"]}]},{\"@type\":\"ImageObject\",\"inLanguage\":\"en-US\",\"@id\":\"https:\\\/\\\/www.hydrachim.fr\\\/en\\\/produit\\\/brillinox_002048801\\\/#primaryimage\",\"url\":\"https:\\\/\\\/www.hydrachim.fr\\\/app\\\/uploads\\\/2026\\\/04\\\/0488_RESPECT_HOME_BRILLINOX_ECODETERGENT_ECOCERT_750ML___RVB.png\",\"contentUrl\":\"https:\\\/\\\/www.hydrachim.fr\\\/app\\\/uploads\\\/2026\\\/04\\\/0488_RESPECT_HOME_BRILLINOX_ECODETERGENT_ECOCERT_750ML___RVB.png\",\"width\":433,\"height\":787},{\"@type\":\"BreadcrumbList\",\"@id\":\"https:\\\/\\\/www.hydrachim.fr\\\/en\\\/produit\\\/brillinox_002048801\\\/#breadcrumb\",\"itemListElement\":[{\"@type\":\"ListItem\",\"position\":1,\"name\":\"Home\",\"item\":\"https:\\\/\\\/www.hydrachim.fr\\\/en\\\/\"},{\"@type\":\"ListItem\",\"position\":2,\"name\":\"Boutique\",\"item\":\"https:\\\/\\\/www.hydrachim.fr\\\/boutique\\\/\"},{\"@type\":\"ListItem\",\"position\":3,\"name\":\"BRILLINOX\"}]},{\"@type\":\"WebSite\",\"@id\":\"https:\\\/\\\/www.hydrachim.fr\\\/en\\\/#website\",\"url\":\"https:\\\/\\\/www.hydrachim.fr\\\/en\\\/\",\"name\":\"Hydrachim\",\"description\":\"La science de l&#039;hygi\u00e8ne\",\"potentialAction\":[{\"@type\":\"SearchAction\",\"target\":{\"@type\":\"EntryPoint\",\"urlTemplate\":\"https:\\\/\\\/www.hydrachim.fr\\\/en\\\/?s={search_term_string}\"},\"query-input\":{\"@type\":\"PropertyValueSpecification\",\"valueRequired\":true,\"valueName\":\"search_term_string\"}}],\"inLanguage\":\"en-US\"}]}<\/script>\n<!-- \/ Yoast SEO plugin. -->","yoast_head_json":{"title":"BRILLINOX - Hydrachim","robots":{"index":"index","follow":"follow","max-snippet":"max-snippet:-1","max-image-preview":"max-image-preview:large","max-video-preview":"max-video-preview:-1"},"canonical":"https:\/\/www.hydrachim.fr\/en\/produit\/brillinox_002048801\/","og_locale":"en_US","og_type":"article","og_title":"BRILLINOX - Hydrachim","og_description":"D\u00e9tartrant pour les surfaces en contact alimentaire. Sp\u00e9cial inox.","og_url":"https:\/\/www.hydrachim.fr\/en\/produit\/brillinox_002048801\/","og_site_name":"Hydrachim","article_modified_time":"2026-04-09T12:48:13+00:00","og_image":[{"width":433,"height":787,"url":"https:\/\/www.hydrachim.fr\/app\/uploads\/2026\/04\/0488_RESPECT_HOME_BRILLINOX_ECODETERGENT_ECOCERT_750ML___RVB.png","type":"image\/png"}],"twitter_card":"summary_large_image","twitter_misc":{"Est. reading time":"1 minute"},"schema":{"@context":"https:\/\/schema.org","@graph":[{"@type":"WebPage","@id":"https:\/\/www.hydrachim.fr\/en\/produit\/brillinox_002048801\/","url":"https:\/\/www.hydrachim.fr\/en\/produit\/brillinox_002048801\/","name":"BRILLINOX - Hydrachim","isPartOf":{"@id":"https:\/\/www.hydrachim.fr\/en\/#website"},"primaryImageOfPage":{"@id":"https:\/\/www.hydrachim.fr\/en\/produit\/brillinox_002048801\/#primaryimage"},"image":{"@id":"https:\/\/www.hydrachim.fr\/en\/produit\/brillinox_002048801\/#primaryimage"},"thumbnailUrl":"https:\/\/www.hydrachim.fr\/app\/uploads\/2026\/04\/0488_RESPECT_HOME_BRILLINOX_ECODETERGENT_ECOCERT_750ML___RVB.png","datePublished":"2026-03-25T15:04:50+00:00","dateModified":"2026-04-09T12:48:13+00:00","breadcrumb":{"@id":"https:\/\/www.hydrachim.fr\/en\/produit\/brillinox_002048801\/#breadcrumb"},"inLanguage":"en-US","potentialAction":[{"@type":"ReadAction","target":["https:\/\/www.hydrachim.fr\/en\/produit\/brillinox_002048801\/"]}]},{"@type":"ImageObject","inLanguage":"en-US","@id":"https:\/\/www.hydrachim.fr\/en\/produit\/brillinox_002048801\/#primaryimage","url":"https:\/\/www.hydrachim.fr\/app\/uploads\/2026\/04\/0488_RESPECT_HOME_BRILLINOX_ECODETERGENT_ECOCERT_750ML___RVB.png","contentUrl":"https:\/\/www.hydrachim.fr\/app\/uploads\/2026\/04\/0488_RESPECT_HOME_BRILLINOX_ECODETERGENT_ECOCERT_750ML___RVB.png","width":433,"height":787},{"@type":"BreadcrumbList","@id":"https:\/\/www.hydrachim.fr\/en\/produit\/brillinox_002048801\/#breadcrumb","itemListElement":[{"@type":"ListItem","position":1,"name":"Home","item":"https:\/\/www.hydrachim.fr\/en\/"},{"@type":"ListItem","position":2,"name":"Boutique","item":"https:\/\/www.hydrachim.fr\/boutique\/"},{"@type":"ListItem","position":3,"name":"BRILLINOX"}]},{"@type":"WebSite","@id":"https:\/\/www.hydrachim.fr\/en\/#website","url":"https:\/\/www.hydrachim.fr\/en\/","name":"Hydrachim","description":"La science de l&#039;hygi\u00e8ne","potentialAction":[{"@type":"SearchAction","target":{"@type":"EntryPoint","urlTemplate":"https:\/\/www.hydrachim.fr\/en\/?s={search_term_string}"},"query-input":{"@type":"PropertyValueSpecification","valueRequired":true,"valueName":"search_term_string"}}],"inLanguage":"en-US"}]}},"acf":{"fiche_methode":"","fiche_technique":""},"_links":{"self":[{"href":"https:\/\/www.hydrachim.fr\/en\/wp-json\/wp\/v2\/product\/30719","targetHints":{"allow":["GET"]}}],"collection":[{"href":"https:\/\/www.hydrachim.fr\/en\/wp-json\/wp\/v2\/product"}],"about":[{"href":"https:\/\/www.hydrachim.fr\/en\/wp-json\/wp\/v2\/types\/product"}],"wp:featuredmedia":[{"embeddable":true,"href":"https:\/\/www.hydrachim.fr\/en\/wp-json\/wp\/v2\/media\/30808"}],"wp:attachment":[{"href":"https:\/\/www.hydrachim.fr\/en\/wp-json\/wp\/v2\/media?parent=30719"}],"wp:term":[{"taxonomy":"product_brand","embeddable":true,"href":"https:\/\/www.hydrachim.fr\/en\/wp-json\/wp\/v2\/product_brand?post=30719"},{"taxonomy":"product_type","embeddable":true,"href":"https:\/\/www.hydrachim.fr\/en\/wp-json\/wp\/v2\/product_type?post=30719"},{"taxonomy":"product_visibility","embeddable":true,"href":"https:\/\/www.hydrachim.fr\/en\/wp-json\/wp\/v2\/product_visibility?post=30719"},{"taxonomy":"product_cat","embeddable":true,"href":"https:\/\/www.hydrachim.fr\/en\/wp-json\/wp\/v2\/product_cat?post=30719"}],"curies":[{"name":"wp","href":"https:\/\/api.w.org\/{rel}","templated":true}]}}