{"id":30718,"date":"2026-03-25T16:29:01","date_gmt":"2026-03-25T14:29:01","guid":{"rendered":"https:\/\/www.hydrachim.fr\/?post_type=product&#038;p=30718"},"modified":"2026-04-21T09:08:07","modified_gmt":"2026-04-21T07:08:07","slug":"alcool_menager_citron_ecocert_002048701","status":"publish","type":"product","link":"https:\/\/www.hydrachim.fr\/en\/produit\/alcool_menager_citron_ecocert_002048701\/","title":{"rendered":"ALCOOL M\u00c9NAGER CITRON ECOCERT"},"content":{"rendered":"<p><strong>Ce produit est un nettoyant pr\u00eat-\u00e0-l&#8217;emploi \u00e0 base d&#8217;alcool m\u00e9nager, parfum citron.<br \/>\n<\/strong><\/p>\n<p>Il est utilisable pour le nettoyage des vitres et des surfaces, sans laisser de traces.<br \/>\nIl respecte des surfaces.<br \/>\nRESPECT\u2019HOME Alcool M\u00e9nager Citron s\u2019utilise en collectivit\u00e9, cr\u00e8ches, EHPAD, locaux administratifs, locaux sportifs, piscines, h\u00f4tels, industries, locaux sociaux, tertiaires.\n<\/p>\n<p class=\"y-product y-product__product-subtitle\">Avantage :<\/p>\n<p>99% des ingr\u00e9dients sont d&#8217;origine v\u00e9g\u00e9tale ou min\u00e9rale.<\/p>\n<p>Autoris\u00e9 pour une utilisation sur les surfaces alimentaires.<br \/>\nD\u00e9tergent certifi\u00e9 par ECOCERT Greenlife selon le r\u00e9f\u00e9rentiel ECOCERT \u00abEcod\u00e9tergent\u00bb disponible sur http:\/\/detergents.ecocert.com. Pour r\u00e9duire l\u2019impact environnemental, respecter les doses recommand\u00e9es d\u2019utilisation.<\/p>\n<p>Mode d&#8217;emploi :<br \/>\n&#8211; Pulv\u00e9riser sur la surface \u00e0 nettoyer.<br \/>\n&#8211; Laisser agir 1 minute.<br \/>\n&#8211; Frotter \u00e0 l&#8217;aide d&#8217;une \u00e9ponge ou d&#8217;une lavette.<br \/>\n&#8211; Rincer \u00e0 l&#8217;eau clair.<\/p>\n","protected":false},"excerpt":{"rendered":"<p>Nettoyant vitres et surfaces<\/p>\n","protected":false},"featured_media":30716,"template":"","meta":[],"product_brand":[],"product_type":[2],"product_visibility":[],"product_cat":[4098,4097,4189,4173],"class_list":{"0":"post-30718","1":"product","2":"type-product","3":"status-publish","4":"has-post-thumbnail","6":"product_cat-ecocertcuisine","7":"product_cat-produitsecocert","8":"product_cat-marquesidegreen","9":"product_cat-nouveautesproduits-verts","10":"product_tag-alcool","11":"product_tag-anti-tartre","12":"product_tag-citron","13":"product_tag-nettoyant","15":"first","16":"instock","17":"shipping-taxable","18":"product-type-simple"},"yoast_head":"<!-- This site is optimized with the Yoast SEO plugin v27.6 - https:\/\/yoast.com\/product\/yoast-seo-wordpress\/ -->\n<title>ALCOOL M\u00c9NAGER CITRON ECOCERT - Hydrachim<\/title>\n<meta name=\"description\" content=\"Ce produit est un nettoyant pr\u00eat-\u00e0-l&#039;emploi \u00e0 base d&#039;alcool m\u00e9nager, parfum citron. Il est utilisable pour le nettoyage des vitres et\u2026\" \/>\n<meta name=\"robots\" content=\"index, follow, max-snippet:-1, max-image-preview:large, max-video-preview:-1\" \/>\n<link rel=\"canonical\" href=\"https:\/\/www.hydrachim.fr\/en\/produit\/alcool_menager_citron_ecocert_002048701\/\" \/>\n<meta property=\"og:locale\" content=\"en_US\" \/>\n<meta property=\"og:type\" content=\"article\" \/>\n<meta property=\"og:title\" content=\"ALCOOL M\u00c9NAGER CITRON ECOCERT - Hydrachim\" \/>\n<meta property=\"og:description\" content=\"Ce produit est un nettoyant pr\u00eat-\u00e0-l&#039;emploi \u00e0 base d&#039;alcool m\u00e9nager, parfum citron. Il est utilisable pour le nettoyage des vitres et\u2026\" \/>\n<meta property=\"og:url\" content=\"https:\/\/www.hydrachim.fr\/en\/produit\/alcool_menager_citron_ecocert_002048701\/\" \/>\n<meta property=\"og:site_name\" content=\"Hydrachim\" \/>\n<meta property=\"article:modified_time\" content=\"2026-04-21T07:08:07+00:00\" \/>\n<meta property=\"og:image\" content=\"https:\/\/www.hydrachim.fr\/app\/uploads\/2026\/03\/0487___ALCOOL_M_NAGER_CITRON___ECODETERGENT_ECOCERT___1L_BOUILLOTTE___RVB.png\" \/>\n\t<meta property=\"og:image:width\" content=\"198\" \/>\n\t<meta property=\"og:image:height\" content=\"551\" \/>\n\t<meta property=\"og:image:type\" content=\"image\/png\" \/>\n<meta name=\"twitter:card\" content=\"summary_large_image\" \/>\n<meta name=\"twitter:label1\" content=\"Est. reading time\" \/>\n\t<meta name=\"twitter:data1\" content=\"1 minute\" \/>\n<script type=\"application\/ld+json\" class=\"yoast-schema-graph\">{\"@context\":\"https:\\\/\\\/schema.org\",\"@graph\":[{\"@type\":\"WebPage\",\"@id\":\"https:\\\/\\\/www.hydrachim.fr\\\/en\\\/produit\\\/alcool_menager_citron_ecocert_002048701\\\/\",\"url\":\"https:\\\/\\\/www.hydrachim.fr\\\/en\\\/produit\\\/alcool_menager_citron_ecocert_002048701\\\/\",\"name\":\"ALCOOL M\u00c9NAGER CITRON ECOCERT - Hydrachim\",\"isPartOf\":{\"@id\":\"https:\\\/\\\/www.hydrachim.fr\\\/en\\\/#website\"},\"primaryImageOfPage\":{\"@id\":\"https:\\\/\\\/www.hydrachim.fr\\\/en\\\/produit\\\/alcool_menager_citron_ecocert_002048701\\\/#primaryimage\"},\"image\":{\"@id\":\"https:\\\/\\\/www.hydrachim.fr\\\/en\\\/produit\\\/alcool_menager_citron_ecocert_002048701\\\/#primaryimage\"},\"thumbnailUrl\":\"https:\\\/\\\/www.hydrachim.fr\\\/app\\\/uploads\\\/2026\\\/03\\\/0487___ALCOOL_M_NAGER_CITRON___ECODETERGENT_ECOCERT___1L_BOUILLOTTE___RVB.png\",\"datePublished\":\"2026-03-25T14:29:01+00:00\",\"dateModified\":\"2026-04-21T07:08:07+00:00\",\"description\":\"Ce produit est un nettoyant pr\u00eat-\u00e0-l'emploi \u00e0 base d'alcool m\u00e9nager, parfum citron. Il est utilisable pour le nettoyage des vitres et\u2026\",\"breadcrumb\":{\"@id\":\"https:\\\/\\\/www.hydrachim.fr\\\/en\\\/produit\\\/alcool_menager_citron_ecocert_002048701\\\/#breadcrumb\"},\"inLanguage\":\"en-US\",\"potentialAction\":[{\"@type\":\"ReadAction\",\"target\":[\"https:\\\/\\\/www.hydrachim.fr\\\/en\\\/produit\\\/alcool_menager_citron_ecocert_002048701\\\/\"]}]},{\"@type\":\"ImageObject\",\"inLanguage\":\"en-US\",\"@id\":\"https:\\\/\\\/www.hydrachim.fr\\\/en\\\/produit\\\/alcool_menager_citron_ecocert_002048701\\\/#primaryimage\",\"url\":\"https:\\\/\\\/www.hydrachim.fr\\\/app\\\/uploads\\\/2026\\\/03\\\/0487___ALCOOL_M_NAGER_CITRON___ECODETERGENT_ECOCERT___1L_BOUILLOTTE___RVB.png\",\"contentUrl\":\"https:\\\/\\\/www.hydrachim.fr\\\/app\\\/uploads\\\/2026\\\/03\\\/0487___ALCOOL_M_NAGER_CITRON___ECODETERGENT_ECOCERT___1L_BOUILLOTTE___RVB.png\",\"width\":198,\"height\":551},{\"@type\":\"BreadcrumbList\",\"@id\":\"https:\\\/\\\/www.hydrachim.fr\\\/en\\\/produit\\\/alcool_menager_citron_ecocert_002048701\\\/#breadcrumb\",\"itemListElement\":[{\"@type\":\"ListItem\",\"position\":1,\"name\":\"Home\",\"item\":\"https:\\\/\\\/www.hydrachim.fr\\\/en\\\/\"},{\"@type\":\"ListItem\",\"position\":2,\"name\":\"Boutique\",\"item\":\"https:\\\/\\\/www.hydrachim.fr\\\/boutique\\\/\"},{\"@type\":\"ListItem\",\"position\":3,\"name\":\"ALCOOL M\u00c9NAGER CITRON ECOCERT\"}]},{\"@type\":\"WebSite\",\"@id\":\"https:\\\/\\\/www.hydrachim.fr\\\/en\\\/#website\",\"url\":\"https:\\\/\\\/www.hydrachim.fr\\\/en\\\/\",\"name\":\"Hydrachim\",\"description\":\"La science de l&#039;hygi\u00e8ne\",\"potentialAction\":[{\"@type\":\"SearchAction\",\"target\":{\"@type\":\"EntryPoint\",\"urlTemplate\":\"https:\\\/\\\/www.hydrachim.fr\\\/en\\\/?s={search_term_string}\"},\"query-input\":{\"@type\":\"PropertyValueSpecification\",\"valueRequired\":true,\"valueName\":\"search_term_string\"}}],\"inLanguage\":\"en-US\"}]}<\/script>\n<!-- \/ Yoast SEO plugin. -->","yoast_head_json":{"title":"ALCOOL M\u00c9NAGER CITRON ECOCERT - Hydrachim","description":"Ce produit est un nettoyant pr\u00eat-\u00e0-l'emploi \u00e0 base d'alcool m\u00e9nager, parfum citron. Il est utilisable pour le nettoyage des vitres et\u2026","robots":{"index":"index","follow":"follow","max-snippet":"max-snippet:-1","max-image-preview":"max-image-preview:large","max-video-preview":"max-video-preview:-1"},"canonical":"https:\/\/www.hydrachim.fr\/en\/produit\/alcool_menager_citron_ecocert_002048701\/","og_locale":"en_US","og_type":"article","og_title":"ALCOOL M\u00c9NAGER CITRON ECOCERT - Hydrachim","og_description":"Ce produit est un nettoyant pr\u00eat-\u00e0-l'emploi \u00e0 base d'alcool m\u00e9nager, parfum citron. Il est utilisable pour le nettoyage des vitres et\u2026","og_url":"https:\/\/www.hydrachim.fr\/en\/produit\/alcool_menager_citron_ecocert_002048701\/","og_site_name":"Hydrachim","article_modified_time":"2026-04-21T07:08:07+00:00","og_image":[{"width":198,"height":551,"url":"https:\/\/www.hydrachim.fr\/app\/uploads\/2026\/03\/0487___ALCOOL_M_NAGER_CITRON___ECODETERGENT_ECOCERT___1L_BOUILLOTTE___RVB.png","type":"image\/png"}],"twitter_card":"summary_large_image","twitter_misc":{"Est. reading time":"1 minute"},"schema":{"@context":"https:\/\/schema.org","@graph":[{"@type":"WebPage","@id":"https:\/\/www.hydrachim.fr\/en\/produit\/alcool_menager_citron_ecocert_002048701\/","url":"https:\/\/www.hydrachim.fr\/en\/produit\/alcool_menager_citron_ecocert_002048701\/","name":"ALCOOL M\u00c9NAGER CITRON ECOCERT - Hydrachim","isPartOf":{"@id":"https:\/\/www.hydrachim.fr\/en\/#website"},"primaryImageOfPage":{"@id":"https:\/\/www.hydrachim.fr\/en\/produit\/alcool_menager_citron_ecocert_002048701\/#primaryimage"},"image":{"@id":"https:\/\/www.hydrachim.fr\/en\/produit\/alcool_menager_citron_ecocert_002048701\/#primaryimage"},"thumbnailUrl":"https:\/\/www.hydrachim.fr\/app\/uploads\/2026\/03\/0487___ALCOOL_M_NAGER_CITRON___ECODETERGENT_ECOCERT___1L_BOUILLOTTE___RVB.png","datePublished":"2026-03-25T14:29:01+00:00","dateModified":"2026-04-21T07:08:07+00:00","description":"Ce produit est un nettoyant pr\u00eat-\u00e0-l'emploi \u00e0 base d'alcool m\u00e9nager, parfum citron. Il est utilisable pour le nettoyage des vitres et\u2026","breadcrumb":{"@id":"https:\/\/www.hydrachim.fr\/en\/produit\/alcool_menager_citron_ecocert_002048701\/#breadcrumb"},"inLanguage":"en-US","potentialAction":[{"@type":"ReadAction","target":["https:\/\/www.hydrachim.fr\/en\/produit\/alcool_menager_citron_ecocert_002048701\/"]}]},{"@type":"ImageObject","inLanguage":"en-US","@id":"https:\/\/www.hydrachim.fr\/en\/produit\/alcool_menager_citron_ecocert_002048701\/#primaryimage","url":"https:\/\/www.hydrachim.fr\/app\/uploads\/2026\/03\/0487___ALCOOL_M_NAGER_CITRON___ECODETERGENT_ECOCERT___1L_BOUILLOTTE___RVB.png","contentUrl":"https:\/\/www.hydrachim.fr\/app\/uploads\/2026\/03\/0487___ALCOOL_M_NAGER_CITRON___ECODETERGENT_ECOCERT___1L_BOUILLOTTE___RVB.png","width":198,"height":551},{"@type":"BreadcrumbList","@id":"https:\/\/www.hydrachim.fr\/en\/produit\/alcool_menager_citron_ecocert_002048701\/#breadcrumb","itemListElement":[{"@type":"ListItem","position":1,"name":"Home","item":"https:\/\/www.hydrachim.fr\/en\/"},{"@type":"ListItem","position":2,"name":"Boutique","item":"https:\/\/www.hydrachim.fr\/boutique\/"},{"@type":"ListItem","position":3,"name":"ALCOOL M\u00c9NAGER CITRON ECOCERT"}]},{"@type":"WebSite","@id":"https:\/\/www.hydrachim.fr\/en\/#website","url":"https:\/\/www.hydrachim.fr\/en\/","name":"Hydrachim","description":"La science de l&#039;hygi\u00e8ne","potentialAction":[{"@type":"SearchAction","target":{"@type":"EntryPoint","urlTemplate":"https:\/\/www.hydrachim.fr\/en\/?s={search_term_string}"},"query-input":{"@type":"PropertyValueSpecification","valueRequired":true,"valueName":"search_term_string"}}],"inLanguage":"en-US"}]}},"acf":{"fiche_methode":"","fiche_technique":""},"_links":{"self":[{"href":"https:\/\/www.hydrachim.fr\/en\/wp-json\/wp\/v2\/product\/30718","targetHints":{"allow":["GET"]}}],"collection":[{"href":"https:\/\/www.hydrachim.fr\/en\/wp-json\/wp\/v2\/product"}],"about":[{"href":"https:\/\/www.hydrachim.fr\/en\/wp-json\/wp\/v2\/types\/product"}],"wp:featuredmedia":[{"embeddable":true,"href":"https:\/\/www.hydrachim.fr\/en\/wp-json\/wp\/v2\/media\/30716"}],"wp:attachment":[{"href":"https:\/\/www.hydrachim.fr\/en\/wp-json\/wp\/v2\/media?parent=30718"}],"wp:term":[{"taxonomy":"product_brand","embeddable":true,"href":"https:\/\/www.hydrachim.fr\/en\/wp-json\/wp\/v2\/product_brand?post=30718"},{"taxonomy":"product_type","embeddable":true,"href":"https:\/\/www.hydrachim.fr\/en\/wp-json\/wp\/v2\/product_type?post=30718"},{"taxonomy":"product_visibility","embeddable":true,"href":"https:\/\/www.hydrachim.fr\/en\/wp-json\/wp\/v2\/product_visibility?post=30718"},{"taxonomy":"product_cat","embeddable":true,"href":"https:\/\/www.hydrachim.fr\/en\/wp-json\/wp\/v2\/product_cat?post=30718"}],"curies":[{"name":"wp","href":"https:\/\/api.w.org\/{rel}","templated":true}]}}