{"id":30430,"date":"2026-03-04T18:02:08","date_gmt":"2026-03-04T16:02:08","guid":{"rendered":"https:\/\/www.hydrachim.fr\/?post_type=product&#038;p=30430"},"modified":"2026-03-05T09:30:21","modified_gmt":"2026-03-05T07:30:21","slug":"respecthome_degraissant_002048503","status":"publish","type":"product","link":"https:\/\/www.hydrachim.fr\/en\/produit\/respecthome_degraissant_002048503\/","title":{"rendered":"Respect\u2019Home\u00ae D\u00e9graissant"},"content":{"rendered":"<p><strong>RESPECT HOME\u00ae DEGRAISSANT est un puissant nettoyant alcalin. Il est tr\u00e8s efficace sur les surfaces et les sols.<\/strong><\/p>\n<p>RESPECT&#8217;HOME\u00ae DEGRAISSANT \u00e9limine souillures, huiles, graisses, d\u00e9p\u00f4ts alimentaires. RESPECT HOME DEGRAISSANT agit rapidement, m\u00eame sur des surfaces tr\u00e8s encrass\u00e9es.<br \/>\nIl s\u2019utilise dans l\u2019univers alimentaire, mais aussi dans tous les types d\u2019industries. Il est peu moussant il peut s\u2019utiliser en auto laveuse.<br \/>\nRESPECT&#8217;HOME\u00ae DEGRAISSANT, s\u2019utilise pour les mat\u00e9riels de cuisson des cuisines en collectivit\u00e9, cr\u00e8ches, EHPAD, locaux administratifs, h\u00f4tels, industries, locaux sociaux, tertiaires,\u2026<\/p>\n<p><strong>Disponible en carton de 2 x 5L. R\u00e9f. 002048503<\/strong><\/p>\n<p class=\"y-product y-product__product-subtitle\">Avantage :<\/p>\n<p>Respecte les surfaces, carrelages, ciment, plastiques.<br \/>\n&#8211; 99% des ingr\u00e9dients sont d\u2019origine v\u00e9g\u00e9tale ou min\u00e9rale.<\/p>\n<p>Retrouvez le mode d&#8217;emploi et le dosage du produit en t\u00e9l\u00e9chargeant sa Fiche Technique et\/ou sa Fiche M\u00e9thode.<\/p>\n<p><em>Avant toute utilisation, lire l&#8217;\u00e9tiquette et les informations concernant le produit.<br \/>\nProduit conforme \u00e0 la l\u00e9gislation relative aux proc\u00e9d\u00e9s et aux produits utilis\u00e9s pour le nettoyage des mat\u00e9riaux et objets destin\u00e9s \u00e0 entrer en contact avec des denr\u00e9es, produits et boissons pour l\u2019alimentation de l\u2019homme et des animaux (Arr\u00eat\u00e9 du 08\/09\/1999 modifi\u00e9 le 19.12.2013). Rin\u00e7age obligatoire.<br \/>\nD\u00e9tergent certifi\u00e9 par ECOCERT Greenlife selon le r\u00e9f\u00e9rentiel ECOCERT \u00abEcod\u00e9tergent\u00bb disponible sur http:\/\/detergents.ecocert.com.<\/em><\/p>\n","protected":false},"excerpt":{"rendered":"<p>D\u00e9graissant Alcalin Concentr\u00e9 Ecocert.<\/p>\n","protected":false},"featured_media":30436,"template":"","meta":[],"product_brand":[],"product_type":[2],"product_visibility":[],"product_cat":[4098,4117,4097,4119,4189,4143],"class_list":{"0":"post-30430","1":"product","2":"type-product","3":"status-publish","4":"has-post-thumbnail","6":"product_cat-ecocertcuisine","7":"product_cat-produitscuisine","8":"product_cat-produitsecocert","9":"product_cat-cuisineentretien","10":"product_cat-marquesidegreen","11":"product_cat-nouveautes","12":"product_tag-alcalin","13":"product_tag-autolaveuse","14":"product_tag-degraissant","15":"product_tag-ecocert","16":"product_tag-nettoyant","17":"product_tag-sol","18":"product_tag-surface","20":"first","21":"instock","22":"shipping-taxable","23":"product-type-simple"},"yoast_head":"<!-- This site is optimized with the Yoast SEO plugin v27.4 - https:\/\/yoast.com\/product\/yoast-seo-wordpress\/ -->\n<title>Respect\u2019Home\u00ae D\u00e9graissant - Hydrachim<\/title>\n<meta name=\"robots\" content=\"index, follow, max-snippet:-1, max-image-preview:large, max-video-preview:-1\" \/>\n<link rel=\"canonical\" href=\"https:\/\/www.hydrachim.fr\/en\/produit\/respecthome_degraissant_002048503\/\" \/>\n<meta property=\"og:locale\" content=\"en_US\" \/>\n<meta property=\"og:type\" content=\"article\" \/>\n<meta property=\"og:title\" content=\"Respect\u2019Home\u00ae D\u00e9graissant - Hydrachim\" \/>\n<meta property=\"og:description\" content=\"D\u00e9graissant Alcalin Concentr\u00e9 Ecocert.\" \/>\n<meta property=\"og:url\" content=\"https:\/\/www.hydrachim.fr\/en\/produit\/respecthome_degraissant_002048503\/\" \/>\n<meta property=\"og:site_name\" content=\"Hydrachim\" \/>\n<meta property=\"article:modified_time\" content=\"2026-03-05T07:30:21+00:00\" \/>\n<meta property=\"og:image\" content=\"https:\/\/www.hydrachim.fr\/app\/uploads\/2026\/03\/0485_RESPECT_HOME_DEGRAISSANT_ECODETERGENT_ECOCERT_5L-1.png\" \/>\n\t<meta property=\"og:image:width\" content=\"350\" \/>\n\t<meta property=\"og:image:height\" content=\"728\" \/>\n\t<meta property=\"og:image:type\" content=\"image\/png\" \/>\n<meta name=\"twitter:card\" content=\"summary_large_image\" \/>\n<meta name=\"twitter:label1\" content=\"Est. reading time\" \/>\n\t<meta name=\"twitter:data1\" content=\"1 minute\" \/>\n<script type=\"application\/ld+json\" class=\"yoast-schema-graph\">{\"@context\":\"https:\\\/\\\/schema.org\",\"@graph\":[{\"@type\":\"WebPage\",\"@id\":\"https:\\\/\\\/www.hydrachim.fr\\\/en\\\/produit\\\/respecthome_degraissant_002048503\\\/\",\"url\":\"https:\\\/\\\/www.hydrachim.fr\\\/en\\\/produit\\\/respecthome_degraissant_002048503\\\/\",\"name\":\"Respect\u2019Home\u00ae D\u00e9graissant - Hydrachim\",\"isPartOf\":{\"@id\":\"https:\\\/\\\/www.hydrachim.fr\\\/en\\\/#website\"},\"primaryImageOfPage\":{\"@id\":\"https:\\\/\\\/www.hydrachim.fr\\\/en\\\/produit\\\/respecthome_degraissant_002048503\\\/#primaryimage\"},\"image\":{\"@id\":\"https:\\\/\\\/www.hydrachim.fr\\\/en\\\/produit\\\/respecthome_degraissant_002048503\\\/#primaryimage\"},\"thumbnailUrl\":\"https:\\\/\\\/www.hydrachim.fr\\\/app\\\/uploads\\\/2026\\\/03\\\/0485_RESPECT_HOME_DEGRAISSANT_ECODETERGENT_ECOCERT_5L-1.png\",\"datePublished\":\"2026-03-04T16:02:08+00:00\",\"dateModified\":\"2026-03-05T07:30:21+00:00\",\"breadcrumb\":{\"@id\":\"https:\\\/\\\/www.hydrachim.fr\\\/en\\\/produit\\\/respecthome_degraissant_002048503\\\/#breadcrumb\"},\"inLanguage\":\"en-US\",\"potentialAction\":[{\"@type\":\"ReadAction\",\"target\":[\"https:\\\/\\\/www.hydrachim.fr\\\/en\\\/produit\\\/respecthome_degraissant_002048503\\\/\"]}]},{\"@type\":\"ImageObject\",\"inLanguage\":\"en-US\",\"@id\":\"https:\\\/\\\/www.hydrachim.fr\\\/en\\\/produit\\\/respecthome_degraissant_002048503\\\/#primaryimage\",\"url\":\"https:\\\/\\\/www.hydrachim.fr\\\/app\\\/uploads\\\/2026\\\/03\\\/0485_RESPECT_HOME_DEGRAISSANT_ECODETERGENT_ECOCERT_5L-1.png\",\"contentUrl\":\"https:\\\/\\\/www.hydrachim.fr\\\/app\\\/uploads\\\/2026\\\/03\\\/0485_RESPECT_HOME_DEGRAISSANT_ECODETERGENT_ECOCERT_5L-1.png\",\"width\":350,\"height\":728},{\"@type\":\"BreadcrumbList\",\"@id\":\"https:\\\/\\\/www.hydrachim.fr\\\/en\\\/produit\\\/respecthome_degraissant_002048503\\\/#breadcrumb\",\"itemListElement\":[{\"@type\":\"ListItem\",\"position\":1,\"name\":\"Home\",\"item\":\"https:\\\/\\\/www.hydrachim.fr\\\/en\\\/\"},{\"@type\":\"ListItem\",\"position\":2,\"name\":\"Boutique\",\"item\":\"https:\\\/\\\/www.hydrachim.fr\\\/boutique\\\/\"},{\"@type\":\"ListItem\",\"position\":3,\"name\":\"Respect\u2019Home\u00ae D\u00e9graissant\"}]},{\"@type\":\"WebSite\",\"@id\":\"https:\\\/\\\/www.hydrachim.fr\\\/en\\\/#website\",\"url\":\"https:\\\/\\\/www.hydrachim.fr\\\/en\\\/\",\"name\":\"Hydrachim\",\"description\":\"La science de l&#039;hygi\u00e8ne\",\"potentialAction\":[{\"@type\":\"SearchAction\",\"target\":{\"@type\":\"EntryPoint\",\"urlTemplate\":\"https:\\\/\\\/www.hydrachim.fr\\\/en\\\/?s={search_term_string}\"},\"query-input\":{\"@type\":\"PropertyValueSpecification\",\"valueRequired\":true,\"valueName\":\"search_term_string\"}}],\"inLanguage\":\"en-US\"}]}<\/script>\n<!-- \/ Yoast SEO plugin. -->","yoast_head_json":{"title":"Respect\u2019Home\u00ae D\u00e9graissant - Hydrachim","robots":{"index":"index","follow":"follow","max-snippet":"max-snippet:-1","max-image-preview":"max-image-preview:large","max-video-preview":"max-video-preview:-1"},"canonical":"https:\/\/www.hydrachim.fr\/en\/produit\/respecthome_degraissant_002048503\/","og_locale":"en_US","og_type":"article","og_title":"Respect\u2019Home\u00ae D\u00e9graissant - Hydrachim","og_description":"D\u00e9graissant Alcalin Concentr\u00e9 Ecocert.","og_url":"https:\/\/www.hydrachim.fr\/en\/produit\/respecthome_degraissant_002048503\/","og_site_name":"Hydrachim","article_modified_time":"2026-03-05T07:30:21+00:00","og_image":[{"width":350,"height":728,"url":"https:\/\/www.hydrachim.fr\/app\/uploads\/2026\/03\/0485_RESPECT_HOME_DEGRAISSANT_ECODETERGENT_ECOCERT_5L-1.png","type":"image\/png"}],"twitter_card":"summary_large_image","twitter_misc":{"Est. reading time":"1 minute"},"schema":{"@context":"https:\/\/schema.org","@graph":[{"@type":"WebPage","@id":"https:\/\/www.hydrachim.fr\/en\/produit\/respecthome_degraissant_002048503\/","url":"https:\/\/www.hydrachim.fr\/en\/produit\/respecthome_degraissant_002048503\/","name":"Respect\u2019Home\u00ae D\u00e9graissant - Hydrachim","isPartOf":{"@id":"https:\/\/www.hydrachim.fr\/en\/#website"},"primaryImageOfPage":{"@id":"https:\/\/www.hydrachim.fr\/en\/produit\/respecthome_degraissant_002048503\/#primaryimage"},"image":{"@id":"https:\/\/www.hydrachim.fr\/en\/produit\/respecthome_degraissant_002048503\/#primaryimage"},"thumbnailUrl":"https:\/\/www.hydrachim.fr\/app\/uploads\/2026\/03\/0485_RESPECT_HOME_DEGRAISSANT_ECODETERGENT_ECOCERT_5L-1.png","datePublished":"2026-03-04T16:02:08+00:00","dateModified":"2026-03-05T07:30:21+00:00","breadcrumb":{"@id":"https:\/\/www.hydrachim.fr\/en\/produit\/respecthome_degraissant_002048503\/#breadcrumb"},"inLanguage":"en-US","potentialAction":[{"@type":"ReadAction","target":["https:\/\/www.hydrachim.fr\/en\/produit\/respecthome_degraissant_002048503\/"]}]},{"@type":"ImageObject","inLanguage":"en-US","@id":"https:\/\/www.hydrachim.fr\/en\/produit\/respecthome_degraissant_002048503\/#primaryimage","url":"https:\/\/www.hydrachim.fr\/app\/uploads\/2026\/03\/0485_RESPECT_HOME_DEGRAISSANT_ECODETERGENT_ECOCERT_5L-1.png","contentUrl":"https:\/\/www.hydrachim.fr\/app\/uploads\/2026\/03\/0485_RESPECT_HOME_DEGRAISSANT_ECODETERGENT_ECOCERT_5L-1.png","width":350,"height":728},{"@type":"BreadcrumbList","@id":"https:\/\/www.hydrachim.fr\/en\/produit\/respecthome_degraissant_002048503\/#breadcrumb","itemListElement":[{"@type":"ListItem","position":1,"name":"Home","item":"https:\/\/www.hydrachim.fr\/en\/"},{"@type":"ListItem","position":2,"name":"Boutique","item":"https:\/\/www.hydrachim.fr\/boutique\/"},{"@type":"ListItem","position":3,"name":"Respect\u2019Home\u00ae D\u00e9graissant"}]},{"@type":"WebSite","@id":"https:\/\/www.hydrachim.fr\/en\/#website","url":"https:\/\/www.hydrachim.fr\/en\/","name":"Hydrachim","description":"La science de l&#039;hygi\u00e8ne","potentialAction":[{"@type":"SearchAction","target":{"@type":"EntryPoint","urlTemplate":"https:\/\/www.hydrachim.fr\/en\/?s={search_term_string}"},"query-input":{"@type":"PropertyValueSpecification","valueRequired":true,"valueName":"search_term_string"}}],"inLanguage":"en-US"}]}},"acf":{"fiche_methode":"","fiche_technique":"https:\/\/www.hydrachim.fr\/app\/uploads\/2026\/03\/FT_0485_IDEGREEN_ECOCERT___RESPECT_HOME_DEGRAISSANT.pdf"},"_links":{"self":[{"href":"https:\/\/www.hydrachim.fr\/en\/wp-json\/wp\/v2\/product\/30430","targetHints":{"allow":["GET"]}}],"collection":[{"href":"https:\/\/www.hydrachim.fr\/en\/wp-json\/wp\/v2\/product"}],"about":[{"href":"https:\/\/www.hydrachim.fr\/en\/wp-json\/wp\/v2\/types\/product"}],"wp:featuredmedia":[{"embeddable":true,"href":"https:\/\/www.hydrachim.fr\/en\/wp-json\/wp\/v2\/media\/30436"}],"wp:attachment":[{"href":"https:\/\/www.hydrachim.fr\/en\/wp-json\/wp\/v2\/media?parent=30430"}],"wp:term":[{"taxonomy":"product_brand","embeddable":true,"href":"https:\/\/www.hydrachim.fr\/en\/wp-json\/wp\/v2\/product_brand?post=30430"},{"taxonomy":"product_type","embeddable":true,"href":"https:\/\/www.hydrachim.fr\/en\/wp-json\/wp\/v2\/product_type?post=30430"},{"taxonomy":"product_visibility","embeddable":true,"href":"https:\/\/www.hydrachim.fr\/en\/wp-json\/wp\/v2\/product_visibility?post=30430"},{"taxonomy":"product_cat","embeddable":true,"href":"https:\/\/www.hydrachim.fr\/en\/wp-json\/wp\/v2\/product_cat?post=30430"}],"curies":[{"name":"wp","href":"https:\/\/api.w.org\/{rel}","templated":true}]}}