{"id":30255,"date":"2026-02-12T17:06:02","date_gmt":"2026-02-12T15:06:02","guid":{"rendered":"https:\/\/www.hydrachim.fr\/?post_type=product&#038;p=30255"},"modified":"2026-02-26T10:58:24","modified_gmt":"2026-02-26T08:58:24","slug":"str_lv2_001230401","status":"publish","type":"product","link":"https:\/\/www.hydrachim.fr\/en\/produit\/str_lv2_001230401\/","title":{"rendered":"STR LV2"},"content":{"rendered":"<p><strong>D\u00e9tergent \u00e0 moussage r\u00e9duit.<\/strong><\/p>\n<p>STR LV2 est un m\u00e9lange de surfactants et de dispersants \u00e0 moussage r\u00e9duit qui permet de supprimer les d\u00e9p\u00f4ts d\u2019huile, de graisse et d\u2019aliments.<br \/>\nSTR LV2 permet d\u2019obtenir un effet d\u00e9perlant et brillant, et limite les traces de d\u00e9p\u00f4ts.<br \/>\nSTR LV2 est con\u00e7u pour le nettoyage des bo\u00eetes de conserve, des bocaux en verre, barquettes et poches plastiques avant leur st\u00e9rilisation.<\/p>\n<p><strong>Disponible en :<br \/>\n\u2013 Bidon de 20 kg. R\u00e9f. 001230401<br \/>\n\u2013 F\u00fbt de 220 kg. R\u00e9f. 001230402<\/strong><\/p>\n<p>Retrouvez le mode d\u2019emploi et le dosage du produit en t\u00e9l\u00e9chargeant, la Fiche Technique.<\/p>\n","protected":false},"excerpt":{"rendered":"<p>Nettoyage des bo\u00eetes de conserves<\/p>\n","protected":false},"featured_media":30253,"template":"","meta":[],"product_brand":[],"product_type":[2],"product_visibility":[],"product_cat":[4155],"class_list":{"0":"post-30255","1":"product","2":"type-product","3":"status-publish","4":"has-post-thumbnail","6":"product_cat-marqueshydrachim-industrie","8":"first","9":"instock","10":"shipping-taxable","11":"product-type-simple"},"yoast_head":"<!-- This site is optimized with the Yoast SEO plugin v27.4 - https:\/\/yoast.com\/product\/yoast-seo-wordpress\/ -->\n<title>STR LV2 - Hydrachim<\/title>\n<meta name=\"robots\" content=\"index, follow, max-snippet:-1, max-image-preview:large, max-video-preview:-1\" \/>\n<link rel=\"canonical\" href=\"https:\/\/www.hydrachim.fr\/en\/produit\/str_lv2_001230401\/\" \/>\n<meta property=\"og:locale\" content=\"en_US\" \/>\n<meta property=\"og:type\" content=\"article\" \/>\n<meta property=\"og:title\" content=\"STR LV2 - Hydrachim\" \/>\n<meta property=\"og:description\" content=\"Nettoyage des bo\u00eetes de conserves\" \/>\n<meta property=\"og:url\" content=\"https:\/\/www.hydrachim.fr\/en\/produit\/str_lv2_001230401\/\" \/>\n<meta property=\"og:site_name\" content=\"Hydrachim\" \/>\n<meta property=\"article:modified_time\" content=\"2026-02-26T08:58:24+00:00\" \/>\n<meta property=\"og:image\" content=\"https:\/\/www.hydrachim.fr\/app\/uploads\/2026\/02\/001230401_STR_LV2_20L.png\" \/>\n\t<meta property=\"og:image:width\" content=\"888\" \/>\n\t<meta property=\"og:image:height\" content=\"1072\" \/>\n\t<meta property=\"og:image:type\" content=\"image\/png\" \/>\n<meta name=\"twitter:card\" content=\"summary_large_image\" \/>\n<meta name=\"twitter:label1\" content=\"Est. reading time\" \/>\n\t<meta name=\"twitter:data1\" content=\"1 minute\" \/>\n<script type=\"application\/ld+json\" class=\"yoast-schema-graph\">{\"@context\":\"https:\\\/\\\/schema.org\",\"@graph\":[{\"@type\":\"WebPage\",\"@id\":\"https:\\\/\\\/www.hydrachim.fr\\\/en\\\/produit\\\/str_lv2_001230401\\\/\",\"url\":\"https:\\\/\\\/www.hydrachim.fr\\\/en\\\/produit\\\/str_lv2_001230401\\\/\",\"name\":\"STR LV2 - Hydrachim\",\"isPartOf\":{\"@id\":\"https:\\\/\\\/www.hydrachim.fr\\\/en\\\/#website\"},\"primaryImageOfPage\":{\"@id\":\"https:\\\/\\\/www.hydrachim.fr\\\/en\\\/produit\\\/str_lv2_001230401\\\/#primaryimage\"},\"image\":{\"@id\":\"https:\\\/\\\/www.hydrachim.fr\\\/en\\\/produit\\\/str_lv2_001230401\\\/#primaryimage\"},\"thumbnailUrl\":\"https:\\\/\\\/www.hydrachim.fr\\\/app\\\/uploads\\\/2026\\\/02\\\/001230401_STR_LV2_20L.png\",\"datePublished\":\"2026-02-12T15:06:02+00:00\",\"dateModified\":\"2026-02-26T08:58:24+00:00\",\"breadcrumb\":{\"@id\":\"https:\\\/\\\/www.hydrachim.fr\\\/en\\\/produit\\\/str_lv2_001230401\\\/#breadcrumb\"},\"inLanguage\":\"en-US\",\"potentialAction\":[{\"@type\":\"ReadAction\",\"target\":[\"https:\\\/\\\/www.hydrachim.fr\\\/en\\\/produit\\\/str_lv2_001230401\\\/\"]}]},{\"@type\":\"ImageObject\",\"inLanguage\":\"en-US\",\"@id\":\"https:\\\/\\\/www.hydrachim.fr\\\/en\\\/produit\\\/str_lv2_001230401\\\/#primaryimage\",\"url\":\"https:\\\/\\\/www.hydrachim.fr\\\/app\\\/uploads\\\/2026\\\/02\\\/001230401_STR_LV2_20L.png\",\"contentUrl\":\"https:\\\/\\\/www.hydrachim.fr\\\/app\\\/uploads\\\/2026\\\/02\\\/001230401_STR_LV2_20L.png\",\"width\":888,\"height\":1072},{\"@type\":\"BreadcrumbList\",\"@id\":\"https:\\\/\\\/www.hydrachim.fr\\\/en\\\/produit\\\/str_lv2_001230401\\\/#breadcrumb\",\"itemListElement\":[{\"@type\":\"ListItem\",\"position\":1,\"name\":\"Home\",\"item\":\"https:\\\/\\\/www.hydrachim.fr\\\/en\\\/\"},{\"@type\":\"ListItem\",\"position\":2,\"name\":\"Boutique\",\"item\":\"https:\\\/\\\/www.hydrachim.fr\\\/boutique\\\/\"},{\"@type\":\"ListItem\",\"position\":3,\"name\":\"STR LV2\"}]},{\"@type\":\"WebSite\",\"@id\":\"https:\\\/\\\/www.hydrachim.fr\\\/en\\\/#website\",\"url\":\"https:\\\/\\\/www.hydrachim.fr\\\/en\\\/\",\"name\":\"Hydrachim\",\"description\":\"La science de l&#039;hygi\u00e8ne\",\"potentialAction\":[{\"@type\":\"SearchAction\",\"target\":{\"@type\":\"EntryPoint\",\"urlTemplate\":\"https:\\\/\\\/www.hydrachim.fr\\\/en\\\/?s={search_term_string}\"},\"query-input\":{\"@type\":\"PropertyValueSpecification\",\"valueRequired\":true,\"valueName\":\"search_term_string\"}}],\"inLanguage\":\"en-US\"}]}<\/script>\n<!-- \/ Yoast SEO plugin. -->","yoast_head_json":{"title":"STR LV2 - Hydrachim","robots":{"index":"index","follow":"follow","max-snippet":"max-snippet:-1","max-image-preview":"max-image-preview:large","max-video-preview":"max-video-preview:-1"},"canonical":"https:\/\/www.hydrachim.fr\/en\/produit\/str_lv2_001230401\/","og_locale":"en_US","og_type":"article","og_title":"STR LV2 - Hydrachim","og_description":"Nettoyage des bo\u00eetes de conserves","og_url":"https:\/\/www.hydrachim.fr\/en\/produit\/str_lv2_001230401\/","og_site_name":"Hydrachim","article_modified_time":"2026-02-26T08:58:24+00:00","og_image":[{"width":888,"height":1072,"url":"https:\/\/www.hydrachim.fr\/app\/uploads\/2026\/02\/001230401_STR_LV2_20L.png","type":"image\/png"}],"twitter_card":"summary_large_image","twitter_misc":{"Est. reading time":"1 minute"},"schema":{"@context":"https:\/\/schema.org","@graph":[{"@type":"WebPage","@id":"https:\/\/www.hydrachim.fr\/en\/produit\/str_lv2_001230401\/","url":"https:\/\/www.hydrachim.fr\/en\/produit\/str_lv2_001230401\/","name":"STR LV2 - Hydrachim","isPartOf":{"@id":"https:\/\/www.hydrachim.fr\/en\/#website"},"primaryImageOfPage":{"@id":"https:\/\/www.hydrachim.fr\/en\/produit\/str_lv2_001230401\/#primaryimage"},"image":{"@id":"https:\/\/www.hydrachim.fr\/en\/produit\/str_lv2_001230401\/#primaryimage"},"thumbnailUrl":"https:\/\/www.hydrachim.fr\/app\/uploads\/2026\/02\/001230401_STR_LV2_20L.png","datePublished":"2026-02-12T15:06:02+00:00","dateModified":"2026-02-26T08:58:24+00:00","breadcrumb":{"@id":"https:\/\/www.hydrachim.fr\/en\/produit\/str_lv2_001230401\/#breadcrumb"},"inLanguage":"en-US","potentialAction":[{"@type":"ReadAction","target":["https:\/\/www.hydrachim.fr\/en\/produit\/str_lv2_001230401\/"]}]},{"@type":"ImageObject","inLanguage":"en-US","@id":"https:\/\/www.hydrachim.fr\/en\/produit\/str_lv2_001230401\/#primaryimage","url":"https:\/\/www.hydrachim.fr\/app\/uploads\/2026\/02\/001230401_STR_LV2_20L.png","contentUrl":"https:\/\/www.hydrachim.fr\/app\/uploads\/2026\/02\/001230401_STR_LV2_20L.png","width":888,"height":1072},{"@type":"BreadcrumbList","@id":"https:\/\/www.hydrachim.fr\/en\/produit\/str_lv2_001230401\/#breadcrumb","itemListElement":[{"@type":"ListItem","position":1,"name":"Home","item":"https:\/\/www.hydrachim.fr\/en\/"},{"@type":"ListItem","position":2,"name":"Boutique","item":"https:\/\/www.hydrachim.fr\/boutique\/"},{"@type":"ListItem","position":3,"name":"STR LV2"}]},{"@type":"WebSite","@id":"https:\/\/www.hydrachim.fr\/en\/#website","url":"https:\/\/www.hydrachim.fr\/en\/","name":"Hydrachim","description":"La science de l&#039;hygi\u00e8ne","potentialAction":[{"@type":"SearchAction","target":{"@type":"EntryPoint","urlTemplate":"https:\/\/www.hydrachim.fr\/en\/?s={search_term_string}"},"query-input":{"@type":"PropertyValueSpecification","valueRequired":true,"valueName":"search_term_string"}}],"inLanguage":"en-US"}]}},"acf":{"fiche_methode":"","fiche_technique":""},"_links":{"self":[{"href":"https:\/\/www.hydrachim.fr\/en\/wp-json\/wp\/v2\/product\/30255","targetHints":{"allow":["GET"]}}],"collection":[{"href":"https:\/\/www.hydrachim.fr\/en\/wp-json\/wp\/v2\/product"}],"about":[{"href":"https:\/\/www.hydrachim.fr\/en\/wp-json\/wp\/v2\/types\/product"}],"wp:featuredmedia":[{"embeddable":true,"href":"https:\/\/www.hydrachim.fr\/en\/wp-json\/wp\/v2\/media\/30253"}],"wp:attachment":[{"href":"https:\/\/www.hydrachim.fr\/en\/wp-json\/wp\/v2\/media?parent=30255"}],"wp:term":[{"taxonomy":"product_brand","embeddable":true,"href":"https:\/\/www.hydrachim.fr\/en\/wp-json\/wp\/v2\/product_brand?post=30255"},{"taxonomy":"product_type","embeddable":true,"href":"https:\/\/www.hydrachim.fr\/en\/wp-json\/wp\/v2\/product_type?post=30255"},{"taxonomy":"product_visibility","embeddable":true,"href":"https:\/\/www.hydrachim.fr\/en\/wp-json\/wp\/v2\/product_visibility?post=30255"},{"taxonomy":"product_cat","embeddable":true,"href":"https:\/\/www.hydrachim.fr\/en\/wp-json\/wp\/v2\/product_cat?post=30255"}],"curies":[{"name":"wp","href":"https:\/\/api.w.org\/{rel}","templated":true}]}}