{"id":30235,"date":"2026-02-10T16:24:37","date_gmt":"2026-02-10T14:24:37","guid":{"rendered":"https:\/\/www.hydrachim.fr\/?post_type=product&#038;p=30235"},"modified":"2026-02-13T15:30:31","modified_gmt":"2026-02-13T13:30:31","slug":"deterquat_dqs_002216701","status":"publish","type":"product","link":"https:\/\/www.hydrachim.fr\/en\/produit\/deterquat_dqs_002216701\/","title":{"rendered":"DETERQUAT DQS"},"content":{"rendered":"<p><strong>DETERQUAT DQS est un d\u00e9sinfectant concentr\u00e9 polyvalent qui s\u2019utilise sur un grand nombre de surfaces dans tous les domaines d\u2019activit\u00e9s comme les IAA, collectivit\u00e9s, restaurants, cantines, cr\u00e8ches, industries agroalimentaires.<br \/>\nIndustries alimentaires :<br \/>\nPr\u00e9paration et transport de la nourriture des animaux domestiques, r\u00e9coltes, transports, stockages, transformations industrielles et commercialisation des produits d\u2019origine animale et v\u00e9g\u00e9tale.<br \/>\nProduction v\u00e9g\u00e9tale : locaux de stockage, mat\u00e9riel de stockage, mat\u00e9riel de transport.<br \/>\nIl s\u2019utilise \u00e9galement pour la d\u00e9sinfection des salles, chambres, couloirs, salles d\u2019attente, ascenseurs, escaliers dans les collectivit\u00e9s, cr\u00e8ches et \u00e9coles.<\/strong><\/p>\n<p>D\u00e9terquat DQS est un d\u00e9sinfectant en condition de propret\u00e9 :<br \/>\n&#8211; Bact\u00e9ricide,<br \/>\n&#8211; Levuricide,<br \/>\n&#8211; Fongicide,<br \/>\n&#8211; Virucide<br \/>\nselon les normes europ\u00e9ennes en vigueur.<\/p>\n<p><strong>Disponible en :<br \/>\n&#8211; Bidon de 20 L &#8211; R\u00e9f. 002216701<br \/>\n&#8211; Container de 1000 L &#8211; R\u00e9f. 002216702<\/strong><\/p>\n<p>Retrouvez le mode d\u2019emploi et le dosage du produit en t\u00e9l\u00e9chargeant sa Fiche Technique.<\/p>\n<p><em>Utiliser les biocides avec pr\u00e9cautions. Avant toute utilisation, lisez l\u2019\u00e9tiquette et les informations concernant le produit.<br \/>\nTP2 : D\u00e9sinfectants utilis\u00e9s dans le domaine priv\u00e9 et dans le domaine de la sant\u00e9 publique et autres produits biocides.<br \/>\nTP4 : D\u00e9sinfectants pour les surfaces en contact avec les denr\u00e9es alimentaires et les aliments pour animaux.<\/em><\/p>\n","protected":false},"excerpt":{"rendered":"<p>D\u00e9sinfectant concentr\u00e9 toutes surfaces<\/p>\n","protected":false},"featured_media":30233,"template":"","meta":[],"product_brand":[],"product_type":[2],"product_visibility":[],"product_cat":[4116,4151],"class_list":{"0":"post-30235","1":"product","2":"type-product","3":"status-publish","4":"has-post-thumbnail","6":"product_cat-dsinfectionagro-alimentaire","7":"product_cat-marquesdeterquat","8":"product_tag-alcalin","9":"product_tag-bactericide-type-defficacit","10":"product_tag-biocide","11":"product_tag-desinfectant","12":"product_tag-fongicide_1","13":"product_tag-industrie-agroalimentaire_1","14":"product_tag-levuricide_1","15":"product_tag-toutes-surfaces","16":"product_tag-virucide_1","18":"first","19":"instock","20":"shipping-taxable","21":"product-type-simple"},"yoast_head":"<!-- This site is optimized with the Yoast SEO plugin v27.1.1 - https:\/\/yoast.com\/product\/yoast-seo-wordpress\/ -->\n<title>DETERQUAT DQS - Hydrachim<\/title>\n<meta name=\"robots\" content=\"index, follow, max-snippet:-1, max-image-preview:large, max-video-preview:-1\" \/>\n<link rel=\"canonical\" href=\"https:\/\/www.hydrachim.fr\/en\/produit\/deterquat_dqs_002216701\/\" \/>\n<meta property=\"og:locale\" content=\"en_US\" \/>\n<meta property=\"og:type\" content=\"article\" \/>\n<meta property=\"og:title\" content=\"DETERQUAT DQS - Hydrachim\" \/>\n<meta property=\"og:description\" content=\"D\u00e9sinfectant concentr\u00e9 toutes surfaces\" \/>\n<meta property=\"og:url\" content=\"https:\/\/www.hydrachim.fr\/en\/produit\/deterquat_dqs_002216701\/\" \/>\n<meta property=\"og:site_name\" content=\"Hydrachim\" \/>\n<meta property=\"article:modified_time\" content=\"2026-02-13T13:30:31+00:00\" \/>\n<meta property=\"og:image\" content=\"https:\/\/www.hydrachim.fr\/app\/uploads\/2026\/02\/2167_Deterquat_DQS_20L_mercury.png\" \/>\n\t<meta property=\"og:image:width\" content=\"768\" \/>\n\t<meta property=\"og:image:height\" content=\"1152\" \/>\n\t<meta property=\"og:image:type\" content=\"image\/png\" \/>\n<meta name=\"twitter:card\" content=\"summary_large_image\" \/>\n<meta name=\"twitter:label1\" content=\"Est. reading time\" \/>\n\t<meta name=\"twitter:data1\" content=\"1 minute\" \/>\n<script type=\"application\/ld+json\" class=\"yoast-schema-graph\">{\"@context\":\"https:\/\/schema.org\",\"@graph\":[{\"@type\":\"WebPage\",\"@id\":\"https:\/\/www.hydrachim.fr\/en\/produit\/deterquat_dqs_002216701\/\",\"url\":\"https:\/\/www.hydrachim.fr\/en\/produit\/deterquat_dqs_002216701\/\",\"name\":\"DETERQUAT DQS - Hydrachim\",\"isPartOf\":{\"@id\":\"https:\/\/www.hydrachim.fr\/en\/#website\"},\"primaryImageOfPage\":{\"@id\":\"https:\/\/www.hydrachim.fr\/en\/produit\/deterquat_dqs_002216701\/#primaryimage\"},\"image\":{\"@id\":\"https:\/\/www.hydrachim.fr\/en\/produit\/deterquat_dqs_002216701\/#primaryimage\"},\"thumbnailUrl\":\"https:\/\/www.hydrachim.fr\/app\/uploads\/2026\/02\/2167_Deterquat_DQS_20L_mercury.png\",\"datePublished\":\"2026-02-10T14:24:37+00:00\",\"dateModified\":\"2026-02-13T13:30:31+00:00\",\"breadcrumb\":{\"@id\":\"https:\/\/www.hydrachim.fr\/en\/produit\/deterquat_dqs_002216701\/#breadcrumb\"},\"inLanguage\":\"en-US\",\"potentialAction\":[{\"@type\":\"ReadAction\",\"target\":[\"https:\/\/www.hydrachim.fr\/en\/produit\/deterquat_dqs_002216701\/\"]}]},{\"@type\":\"ImageObject\",\"inLanguage\":\"en-US\",\"@id\":\"https:\/\/www.hydrachim.fr\/en\/produit\/deterquat_dqs_002216701\/#primaryimage\",\"url\":\"https:\/\/www.hydrachim.fr\/app\/uploads\/2026\/02\/2167_Deterquat_DQS_20L_mercury.png\",\"contentUrl\":\"https:\/\/www.hydrachim.fr\/app\/uploads\/2026\/02\/2167_Deterquat_DQS_20L_mercury.png\",\"width\":768,\"height\":1152},{\"@type\":\"BreadcrumbList\",\"@id\":\"https:\/\/www.hydrachim.fr\/en\/produit\/deterquat_dqs_002216701\/#breadcrumb\",\"itemListElement\":[{\"@type\":\"ListItem\",\"position\":1,\"name\":\"Home\",\"item\":\"https:\/\/www.hydrachim.fr\/en\/\"},{\"@type\":\"ListItem\",\"position\":2,\"name\":\"Boutique\",\"item\":\"https:\/\/www.hydrachim.fr\/boutique\/\"},{\"@type\":\"ListItem\",\"position\":3,\"name\":\"DETERQUAT DQS\"}]},{\"@type\":\"WebSite\",\"@id\":\"https:\/\/www.hydrachim.fr\/en\/#website\",\"url\":\"https:\/\/www.hydrachim.fr\/en\/\",\"name\":\"Hydrachim\",\"description\":\"La science de l&#039;hygi\u00e8ne\",\"potentialAction\":[{\"@type\":\"SearchAction\",\"target\":{\"@type\":\"EntryPoint\",\"urlTemplate\":\"https:\/\/www.hydrachim.fr\/en\/?s={search_term_string}\"},\"query-input\":{\"@type\":\"PropertyValueSpecification\",\"valueRequired\":true,\"valueName\":\"search_term_string\"}}],\"inLanguage\":\"en-US\"}]}<\/script>\n<!-- \/ Yoast SEO plugin. -->","yoast_head_json":{"title":"DETERQUAT DQS - Hydrachim","robots":{"index":"index","follow":"follow","max-snippet":"max-snippet:-1","max-image-preview":"max-image-preview:large","max-video-preview":"max-video-preview:-1"},"canonical":"https:\/\/www.hydrachim.fr\/en\/produit\/deterquat_dqs_002216701\/","og_locale":"en_US","og_type":"article","og_title":"DETERQUAT DQS - Hydrachim","og_description":"D\u00e9sinfectant concentr\u00e9 toutes surfaces","og_url":"https:\/\/www.hydrachim.fr\/en\/produit\/deterquat_dqs_002216701\/","og_site_name":"Hydrachim","article_modified_time":"2026-02-13T13:30:31+00:00","og_image":[{"width":768,"height":1152,"url":"https:\/\/www.hydrachim.fr\/app\/uploads\/2026\/02\/2167_Deterquat_DQS_20L_mercury.png","type":"image\/png"}],"twitter_card":"summary_large_image","twitter_misc":{"Est. reading time":"1 minute"},"schema":{"@context":"https:\/\/schema.org","@graph":[{"@type":"WebPage","@id":"https:\/\/www.hydrachim.fr\/en\/produit\/deterquat_dqs_002216701\/","url":"https:\/\/www.hydrachim.fr\/en\/produit\/deterquat_dqs_002216701\/","name":"DETERQUAT DQS - Hydrachim","isPartOf":{"@id":"https:\/\/www.hydrachim.fr\/en\/#website"},"primaryImageOfPage":{"@id":"https:\/\/www.hydrachim.fr\/en\/produit\/deterquat_dqs_002216701\/#primaryimage"},"image":{"@id":"https:\/\/www.hydrachim.fr\/en\/produit\/deterquat_dqs_002216701\/#primaryimage"},"thumbnailUrl":"https:\/\/www.hydrachim.fr\/app\/uploads\/2026\/02\/2167_Deterquat_DQS_20L_mercury.png","datePublished":"2026-02-10T14:24:37+00:00","dateModified":"2026-02-13T13:30:31+00:00","breadcrumb":{"@id":"https:\/\/www.hydrachim.fr\/en\/produit\/deterquat_dqs_002216701\/#breadcrumb"},"inLanguage":"en-US","potentialAction":[{"@type":"ReadAction","target":["https:\/\/www.hydrachim.fr\/en\/produit\/deterquat_dqs_002216701\/"]}]},{"@type":"ImageObject","inLanguage":"en-US","@id":"https:\/\/www.hydrachim.fr\/en\/produit\/deterquat_dqs_002216701\/#primaryimage","url":"https:\/\/www.hydrachim.fr\/app\/uploads\/2026\/02\/2167_Deterquat_DQS_20L_mercury.png","contentUrl":"https:\/\/www.hydrachim.fr\/app\/uploads\/2026\/02\/2167_Deterquat_DQS_20L_mercury.png","width":768,"height":1152},{"@type":"BreadcrumbList","@id":"https:\/\/www.hydrachim.fr\/en\/produit\/deterquat_dqs_002216701\/#breadcrumb","itemListElement":[{"@type":"ListItem","position":1,"name":"Home","item":"https:\/\/www.hydrachim.fr\/en\/"},{"@type":"ListItem","position":2,"name":"Boutique","item":"https:\/\/www.hydrachim.fr\/boutique\/"},{"@type":"ListItem","position":3,"name":"DETERQUAT DQS"}]},{"@type":"WebSite","@id":"https:\/\/www.hydrachim.fr\/en\/#website","url":"https:\/\/www.hydrachim.fr\/en\/","name":"Hydrachim","description":"La science de l&#039;hygi\u00e8ne","potentialAction":[{"@type":"SearchAction","target":{"@type":"EntryPoint","urlTemplate":"https:\/\/www.hydrachim.fr\/en\/?s={search_term_string}"},"query-input":{"@type":"PropertyValueSpecification","valueRequired":true,"valueName":"search_term_string"}}],"inLanguage":"en-US"}]}},"acf":{"fiche_methode":"","fiche_technique":"https:\/\/www.hydrachim.fr\/app\/uploads\/2026\/02\/FT_2167_DETERQUAT_DQS.pdf"},"_links":{"self":[{"href":"https:\/\/www.hydrachim.fr\/en\/wp-json\/wp\/v2\/product\/30235","targetHints":{"allow":["GET"]}}],"collection":[{"href":"https:\/\/www.hydrachim.fr\/en\/wp-json\/wp\/v2\/product"}],"about":[{"href":"https:\/\/www.hydrachim.fr\/en\/wp-json\/wp\/v2\/types\/product"}],"wp:featuredmedia":[{"embeddable":true,"href":"https:\/\/www.hydrachim.fr\/en\/wp-json\/wp\/v2\/media\/30233"}],"wp:attachment":[{"href":"https:\/\/www.hydrachim.fr\/en\/wp-json\/wp\/v2\/media?parent=30235"}],"wp:term":[{"taxonomy":"product_brand","embeddable":true,"href":"https:\/\/www.hydrachim.fr\/en\/wp-json\/wp\/v2\/product_brand?post=30235"},{"taxonomy":"product_type","embeddable":true,"href":"https:\/\/www.hydrachim.fr\/en\/wp-json\/wp\/v2\/product_type?post=30235"},{"taxonomy":"product_visibility","embeddable":true,"href":"https:\/\/www.hydrachim.fr\/en\/wp-json\/wp\/v2\/product_visibility?post=30235"},{"taxonomy":"product_cat","embeddable":true,"href":"https:\/\/www.hydrachim.fr\/en\/wp-json\/wp\/v2\/product_cat?post=30235"}],"curies":[{"name":"wp","href":"https:\/\/api.w.org\/{rel}","templated":true}]}}