{"id":30131,"date":"2026-01-28T12:09:18","date_gmt":"2026-01-28T10:09:18","guid":{"rendered":"https:\/\/www.hydrachim.fr\/?post_type=product&#038;p=30131"},"modified":"2026-02-12T09:16:55","modified_gmt":"2026-02-12T07:16:55","slug":"str_at_10_001230301","status":"publish","type":"product","link":"https:\/\/www.hydrachim.fr\/en\/produit\/str_at_10_001230301\/","title":{"rendered":"STR AT 10"},"content":{"rendered":"<p><strong>STR AT10 est con\u00e7u pour les proc\u00e9d\u00e9s de st\u00e9rilisation des denr\u00e9es alimentaires. <\/strong><\/p>\n<p>Il pr\u00e9vient la corrosion, l\u2019entartrage et l\u2019encrassement des \u00e9quipements. Il contr\u00f4le \u00e9galement la corrosion, l\u2019encrassement et la formation des d\u00e9p\u00f4ts de graisses sur les bo\u00eetes, bocaux, barquettes et poches plastiques.<br \/>\nSTR AT10 est con\u00e7u pour \u00eatre efficace sur tous types d\u2019eau et peut-\u00eatre appliqu\u00e9 sur tous types de st\u00e9rilisateurs.<\/p>\n<p><strong>Disponible en :<br \/>\n&#8211; Bidon de 20 kg. R\u00e9f. 001230301<\/strong><\/p>\n<p>Retrouvez le mode d\u2019emploi et le dosage du produit en t\u00e9l\u00e9chargeant, la Fiche Technique.<\/p>\n","protected":false},"excerpt":{"rendered":"<p>Traitement des st\u00e9rilisateurs et pasteurisateurs<\/p>\n","protected":false},"featured_media":30251,"template":"","meta":[],"product_brand":[],"product_type":[2],"product_visibility":[],"product_cat":[4155],"class_list":{"0":"post-30131","1":"product","2":"type-product","3":"status-publish","4":"has-post-thumbnail","6":"product_cat-marqueshydrachim-industrie","8":"first","9":"instock","10":"shipping-taxable","11":"product-type-simple"},"yoast_head":"<!-- This site is optimized with the Yoast SEO plugin v27.6 - https:\/\/yoast.com\/product\/yoast-seo-wordpress\/ -->\n<title>STR AT 10 - Hydrachim<\/title>\n<meta name=\"robots\" content=\"index, follow, max-snippet:-1, max-image-preview:large, max-video-preview:-1\" \/>\n<link rel=\"canonical\" href=\"https:\/\/www.hydrachim.fr\/en\/produit\/str_at_10_001230301\/\" \/>\n<meta property=\"og:locale\" content=\"en_US\" \/>\n<meta property=\"og:type\" content=\"article\" \/>\n<meta property=\"og:title\" content=\"STR AT 10 - Hydrachim\" \/>\n<meta property=\"og:description\" content=\"Traitement des st\u00e9rilisateurs et pasteurisateurs\" \/>\n<meta property=\"og:url\" content=\"https:\/\/www.hydrachim.fr\/en\/produit\/str_at_10_001230301\/\" \/>\n<meta property=\"og:site_name\" content=\"Hydrachim\" \/>\n<meta property=\"article:modified_time\" content=\"2026-02-12T07:16:55+00:00\" \/>\n<meta property=\"og:image\" content=\"https:\/\/www.hydrachim.fr\/app\/uploads\/2026\/02\/STR_AT10_20L___001230301.png\" \/>\n\t<meta property=\"og:image:width\" content=\"888\" \/>\n\t<meta property=\"og:image:height\" content=\"1072\" \/>\n\t<meta property=\"og:image:type\" content=\"image\/png\" \/>\n<meta name=\"twitter:card\" content=\"summary_large_image\" \/>\n<meta name=\"twitter:label1\" content=\"Est. reading time\" \/>\n\t<meta name=\"twitter:data1\" content=\"1 minute\" \/>\n<script type=\"application\/ld+json\" class=\"yoast-schema-graph\">{\"@context\":\"https:\\\/\\\/schema.org\",\"@graph\":[{\"@type\":\"WebPage\",\"@id\":\"https:\\\/\\\/www.hydrachim.fr\\\/en\\\/produit\\\/str_at_10_001230301\\\/\",\"url\":\"https:\\\/\\\/www.hydrachim.fr\\\/en\\\/produit\\\/str_at_10_001230301\\\/\",\"name\":\"STR AT 10 - Hydrachim\",\"isPartOf\":{\"@id\":\"https:\\\/\\\/www.hydrachim.fr\\\/en\\\/#website\"},\"primaryImageOfPage\":{\"@id\":\"https:\\\/\\\/www.hydrachim.fr\\\/en\\\/produit\\\/str_at_10_001230301\\\/#primaryimage\"},\"image\":{\"@id\":\"https:\\\/\\\/www.hydrachim.fr\\\/en\\\/produit\\\/str_at_10_001230301\\\/#primaryimage\"},\"thumbnailUrl\":\"https:\\\/\\\/www.hydrachim.fr\\\/app\\\/uploads\\\/2026\\\/02\\\/STR_AT10_20L___001230301.png\",\"datePublished\":\"2026-01-28T10:09:18+00:00\",\"dateModified\":\"2026-02-12T07:16:55+00:00\",\"breadcrumb\":{\"@id\":\"https:\\\/\\\/www.hydrachim.fr\\\/en\\\/produit\\\/str_at_10_001230301\\\/#breadcrumb\"},\"inLanguage\":\"en-US\",\"potentialAction\":[{\"@type\":\"ReadAction\",\"target\":[\"https:\\\/\\\/www.hydrachim.fr\\\/en\\\/produit\\\/str_at_10_001230301\\\/\"]}]},{\"@type\":\"ImageObject\",\"inLanguage\":\"en-US\",\"@id\":\"https:\\\/\\\/www.hydrachim.fr\\\/en\\\/produit\\\/str_at_10_001230301\\\/#primaryimage\",\"url\":\"https:\\\/\\\/www.hydrachim.fr\\\/app\\\/uploads\\\/2026\\\/02\\\/STR_AT10_20L___001230301.png\",\"contentUrl\":\"https:\\\/\\\/www.hydrachim.fr\\\/app\\\/uploads\\\/2026\\\/02\\\/STR_AT10_20L___001230301.png\",\"width\":888,\"height\":1072},{\"@type\":\"BreadcrumbList\",\"@id\":\"https:\\\/\\\/www.hydrachim.fr\\\/en\\\/produit\\\/str_at_10_001230301\\\/#breadcrumb\",\"itemListElement\":[{\"@type\":\"ListItem\",\"position\":1,\"name\":\"Home\",\"item\":\"https:\\\/\\\/www.hydrachim.fr\\\/en\\\/\"},{\"@type\":\"ListItem\",\"position\":2,\"name\":\"Boutique\",\"item\":\"https:\\\/\\\/www.hydrachim.fr\\\/boutique\\\/\"},{\"@type\":\"ListItem\",\"position\":3,\"name\":\"STR AT 10\"}]},{\"@type\":\"WebSite\",\"@id\":\"https:\\\/\\\/www.hydrachim.fr\\\/en\\\/#website\",\"url\":\"https:\\\/\\\/www.hydrachim.fr\\\/en\\\/\",\"name\":\"Hydrachim\",\"description\":\"La science de l&#039;hygi\u00e8ne\",\"potentialAction\":[{\"@type\":\"SearchAction\",\"target\":{\"@type\":\"EntryPoint\",\"urlTemplate\":\"https:\\\/\\\/www.hydrachim.fr\\\/en\\\/?s={search_term_string}\"},\"query-input\":{\"@type\":\"PropertyValueSpecification\",\"valueRequired\":true,\"valueName\":\"search_term_string\"}}],\"inLanguage\":\"en-US\"}]}<\/script>\n<!-- \/ Yoast SEO plugin. -->","yoast_head_json":{"title":"STR AT 10 - Hydrachim","robots":{"index":"index","follow":"follow","max-snippet":"max-snippet:-1","max-image-preview":"max-image-preview:large","max-video-preview":"max-video-preview:-1"},"canonical":"https:\/\/www.hydrachim.fr\/en\/produit\/str_at_10_001230301\/","og_locale":"en_US","og_type":"article","og_title":"STR AT 10 - Hydrachim","og_description":"Traitement des st\u00e9rilisateurs et pasteurisateurs","og_url":"https:\/\/www.hydrachim.fr\/en\/produit\/str_at_10_001230301\/","og_site_name":"Hydrachim","article_modified_time":"2026-02-12T07:16:55+00:00","og_image":[{"width":888,"height":1072,"url":"https:\/\/www.hydrachim.fr\/app\/uploads\/2026\/02\/STR_AT10_20L___001230301.png","type":"image\/png"}],"twitter_card":"summary_large_image","twitter_misc":{"Est. reading time":"1 minute"},"schema":{"@context":"https:\/\/schema.org","@graph":[{"@type":"WebPage","@id":"https:\/\/www.hydrachim.fr\/en\/produit\/str_at_10_001230301\/","url":"https:\/\/www.hydrachim.fr\/en\/produit\/str_at_10_001230301\/","name":"STR AT 10 - Hydrachim","isPartOf":{"@id":"https:\/\/www.hydrachim.fr\/en\/#website"},"primaryImageOfPage":{"@id":"https:\/\/www.hydrachim.fr\/en\/produit\/str_at_10_001230301\/#primaryimage"},"image":{"@id":"https:\/\/www.hydrachim.fr\/en\/produit\/str_at_10_001230301\/#primaryimage"},"thumbnailUrl":"https:\/\/www.hydrachim.fr\/app\/uploads\/2026\/02\/STR_AT10_20L___001230301.png","datePublished":"2026-01-28T10:09:18+00:00","dateModified":"2026-02-12T07:16:55+00:00","breadcrumb":{"@id":"https:\/\/www.hydrachim.fr\/en\/produit\/str_at_10_001230301\/#breadcrumb"},"inLanguage":"en-US","potentialAction":[{"@type":"ReadAction","target":["https:\/\/www.hydrachim.fr\/en\/produit\/str_at_10_001230301\/"]}]},{"@type":"ImageObject","inLanguage":"en-US","@id":"https:\/\/www.hydrachim.fr\/en\/produit\/str_at_10_001230301\/#primaryimage","url":"https:\/\/www.hydrachim.fr\/app\/uploads\/2026\/02\/STR_AT10_20L___001230301.png","contentUrl":"https:\/\/www.hydrachim.fr\/app\/uploads\/2026\/02\/STR_AT10_20L___001230301.png","width":888,"height":1072},{"@type":"BreadcrumbList","@id":"https:\/\/www.hydrachim.fr\/en\/produit\/str_at_10_001230301\/#breadcrumb","itemListElement":[{"@type":"ListItem","position":1,"name":"Home","item":"https:\/\/www.hydrachim.fr\/en\/"},{"@type":"ListItem","position":2,"name":"Boutique","item":"https:\/\/www.hydrachim.fr\/boutique\/"},{"@type":"ListItem","position":3,"name":"STR AT 10"}]},{"@type":"WebSite","@id":"https:\/\/www.hydrachim.fr\/en\/#website","url":"https:\/\/www.hydrachim.fr\/en\/","name":"Hydrachim","description":"La science de l&#039;hygi\u00e8ne","potentialAction":[{"@type":"SearchAction","target":{"@type":"EntryPoint","urlTemplate":"https:\/\/www.hydrachim.fr\/en\/?s={search_term_string}"},"query-input":{"@type":"PropertyValueSpecification","valueRequired":true,"valueName":"search_term_string"}}],"inLanguage":"en-US"}]}},"acf":{"fiche_methode":"","fiche_technique":"https:\/\/www.hydrachim.fr\/app\/uploads\/2026\/01\/FT_2303_STR_AT10.pdf"},"_links":{"self":[{"href":"https:\/\/www.hydrachim.fr\/en\/wp-json\/wp\/v2\/product\/30131","targetHints":{"allow":["GET"]}}],"collection":[{"href":"https:\/\/www.hydrachim.fr\/en\/wp-json\/wp\/v2\/product"}],"about":[{"href":"https:\/\/www.hydrachim.fr\/en\/wp-json\/wp\/v2\/types\/product"}],"wp:featuredmedia":[{"embeddable":true,"href":"https:\/\/www.hydrachim.fr\/en\/wp-json\/wp\/v2\/media\/30251"}],"wp:attachment":[{"href":"https:\/\/www.hydrachim.fr\/en\/wp-json\/wp\/v2\/media?parent=30131"}],"wp:term":[{"taxonomy":"product_brand","embeddable":true,"href":"https:\/\/www.hydrachim.fr\/en\/wp-json\/wp\/v2\/product_brand?post=30131"},{"taxonomy":"product_type","embeddable":true,"href":"https:\/\/www.hydrachim.fr\/en\/wp-json\/wp\/v2\/product_type?post=30131"},{"taxonomy":"product_visibility","embeddable":true,"href":"https:\/\/www.hydrachim.fr\/en\/wp-json\/wp\/v2\/product_visibility?post=30131"},{"taxonomy":"product_cat","embeddable":true,"href":"https:\/\/www.hydrachim.fr\/en\/wp-json\/wp\/v2\/product_cat?post=30131"}],"curies":[{"name":"wp","href":"https:\/\/api.w.org\/{rel}","templated":true}]}}