{"id":30117,"date":"2026-01-28T11:17:43","date_gmt":"2026-01-28T09:17:43","guid":{"rendered":"https:\/\/www.hydrachim.fr\/?post_type=product&#038;p=30117"},"modified":"2026-02-12T09:14:55","modified_gmt":"2026-02-12T07:14:55","slug":"str_ac1_001230101","status":"publish","type":"product","link":"https:\/\/www.hydrachim.fr\/en\/produit\/str_ac1_001230101\/","title":{"rendered":"STR AC1"},"content":{"rendered":"<p><strong>STR AC1 est con\u00e7u pour une utilisation dans les \u00e9quipements de st\u00e9rilisation agroalimentaires.<\/strong><\/p>\n<p>STR AC1 est un m\u00e9lange d\u2019inhibiteurs de corrosion organiques, de phosphate, de dispersants et d\u2019agent mouillant, con\u00e7u pour une utilisation dans les \u00e9quipements de st\u00e9rilisation agroalimentaires.<br \/>\nSTR AC1 offre un contr\u00f4le efficace de la corrosion et des d\u00e9p\u00f4ts sur tous les \u00e9quipements de production en contact avec l\u2019eau, tout en am\u00e9liorant l\u2019aspect de surface des emballages. Il est particuli\u00e8rement adapt\u00e9 pour les bo\u00eetes de conserve en fer \u00e9tam\u00e9, aluminium\u2026<br \/>\nSTR AC1 est particuli\u00e8rement adapt\u00e9 aux eaux de circuits moyennement entartrantes \u00e0 moyennement agressives et formul\u00e9 pour r\u00e9sister aux eaux chlor\u00e9es.<\/p>\n<p><strong>Disponible en :<br \/>\n-Bidon de 20 kg. R\u00e9f. 001230101<br \/>\n-F\u00fbt de 220 kg. R\u00e9f 001230102<\/strong><\/p>\n<p>Le dosage du STR AC1 d\u00e9pend de la qualit\u00e9 de l\u2019eau et des caract\u00e9ristiques propres \u00e0 chaque installation.<\/p>\n","protected":false},"excerpt":{"rendered":"<p>Traitement des st\u00e9rilisateurs et pasteurisateurs.<\/p>\n","protected":false},"featured_media":30249,"template":"","meta":[],"product_brand":[],"product_type":[2],"product_visibility":[],"product_cat":[4155],"class_list":{"0":"post-30117","1":"product","2":"type-product","3":"status-publish","4":"has-post-thumbnail","6":"product_cat-marqueshydrachim-industrie","8":"first","9":"instock","10":"shipping-taxable","11":"product-type-simple"},"yoast_head":"<!-- This site is optimized with the Yoast SEO plugin v27.6 - https:\/\/yoast.com\/product\/yoast-seo-wordpress\/ -->\n<title>STR AC1 - Hydrachim<\/title>\n<meta name=\"robots\" content=\"index, follow, max-snippet:-1, max-image-preview:large, max-video-preview:-1\" \/>\n<link rel=\"canonical\" href=\"https:\/\/www.hydrachim.fr\/en\/produit\/str_ac1_001230101\/\" \/>\n<meta property=\"og:locale\" content=\"en_US\" \/>\n<meta property=\"og:type\" content=\"article\" \/>\n<meta property=\"og:title\" content=\"STR AC1 - Hydrachim\" \/>\n<meta property=\"og:description\" content=\"Traitement des st\u00e9rilisateurs et pasteurisateurs.\" \/>\n<meta property=\"og:url\" content=\"https:\/\/www.hydrachim.fr\/en\/produit\/str_ac1_001230101\/\" \/>\n<meta property=\"og:site_name\" content=\"Hydrachim\" \/>\n<meta property=\"article:modified_time\" content=\"2026-02-12T07:14:55+00:00\" \/>\n<meta property=\"og:image\" content=\"https:\/\/www.hydrachim.fr\/app\/uploads\/2026\/02\/STR_AC1_20L___001230101.png\" \/>\n\t<meta property=\"og:image:width\" content=\"888\" \/>\n\t<meta property=\"og:image:height\" content=\"1072\" \/>\n\t<meta property=\"og:image:type\" content=\"image\/png\" \/>\n<meta name=\"twitter:card\" content=\"summary_large_image\" \/>\n<meta name=\"twitter:label1\" content=\"Est. reading time\" \/>\n\t<meta name=\"twitter:data1\" content=\"1 minute\" \/>\n<script type=\"application\/ld+json\" class=\"yoast-schema-graph\">{\"@context\":\"https:\\\/\\\/schema.org\",\"@graph\":[{\"@type\":\"WebPage\",\"@id\":\"https:\\\/\\\/www.hydrachim.fr\\\/en\\\/produit\\\/str_ac1_001230101\\\/\",\"url\":\"https:\\\/\\\/www.hydrachim.fr\\\/en\\\/produit\\\/str_ac1_001230101\\\/\",\"name\":\"STR AC1 - Hydrachim\",\"isPartOf\":{\"@id\":\"https:\\\/\\\/www.hydrachim.fr\\\/en\\\/#website\"},\"primaryImageOfPage\":{\"@id\":\"https:\\\/\\\/www.hydrachim.fr\\\/en\\\/produit\\\/str_ac1_001230101\\\/#primaryimage\"},\"image\":{\"@id\":\"https:\\\/\\\/www.hydrachim.fr\\\/en\\\/produit\\\/str_ac1_001230101\\\/#primaryimage\"},\"thumbnailUrl\":\"https:\\\/\\\/www.hydrachim.fr\\\/app\\\/uploads\\\/2026\\\/02\\\/STR_AC1_20L___001230101.png\",\"datePublished\":\"2026-01-28T09:17:43+00:00\",\"dateModified\":\"2026-02-12T07:14:55+00:00\",\"breadcrumb\":{\"@id\":\"https:\\\/\\\/www.hydrachim.fr\\\/en\\\/produit\\\/str_ac1_001230101\\\/#breadcrumb\"},\"inLanguage\":\"en-US\",\"potentialAction\":[{\"@type\":\"ReadAction\",\"target\":[\"https:\\\/\\\/www.hydrachim.fr\\\/en\\\/produit\\\/str_ac1_001230101\\\/\"]}]},{\"@type\":\"ImageObject\",\"inLanguage\":\"en-US\",\"@id\":\"https:\\\/\\\/www.hydrachim.fr\\\/en\\\/produit\\\/str_ac1_001230101\\\/#primaryimage\",\"url\":\"https:\\\/\\\/www.hydrachim.fr\\\/app\\\/uploads\\\/2026\\\/02\\\/STR_AC1_20L___001230101.png\",\"contentUrl\":\"https:\\\/\\\/www.hydrachim.fr\\\/app\\\/uploads\\\/2026\\\/02\\\/STR_AC1_20L___001230101.png\",\"width\":888,\"height\":1072},{\"@type\":\"BreadcrumbList\",\"@id\":\"https:\\\/\\\/www.hydrachim.fr\\\/en\\\/produit\\\/str_ac1_001230101\\\/#breadcrumb\",\"itemListElement\":[{\"@type\":\"ListItem\",\"position\":1,\"name\":\"Home\",\"item\":\"https:\\\/\\\/www.hydrachim.fr\\\/en\\\/\"},{\"@type\":\"ListItem\",\"position\":2,\"name\":\"Boutique\",\"item\":\"https:\\\/\\\/www.hydrachim.fr\\\/boutique\\\/\"},{\"@type\":\"ListItem\",\"position\":3,\"name\":\"STR AC1\"}]},{\"@type\":\"WebSite\",\"@id\":\"https:\\\/\\\/www.hydrachim.fr\\\/en\\\/#website\",\"url\":\"https:\\\/\\\/www.hydrachim.fr\\\/en\\\/\",\"name\":\"Hydrachim\",\"description\":\"La science de l&#039;hygi\u00e8ne\",\"potentialAction\":[{\"@type\":\"SearchAction\",\"target\":{\"@type\":\"EntryPoint\",\"urlTemplate\":\"https:\\\/\\\/www.hydrachim.fr\\\/en\\\/?s={search_term_string}\"},\"query-input\":{\"@type\":\"PropertyValueSpecification\",\"valueRequired\":true,\"valueName\":\"search_term_string\"}}],\"inLanguage\":\"en-US\"}]}<\/script>\n<!-- \/ Yoast SEO plugin. -->","yoast_head_json":{"title":"STR AC1 - Hydrachim","robots":{"index":"index","follow":"follow","max-snippet":"max-snippet:-1","max-image-preview":"max-image-preview:large","max-video-preview":"max-video-preview:-1"},"canonical":"https:\/\/www.hydrachim.fr\/en\/produit\/str_ac1_001230101\/","og_locale":"en_US","og_type":"article","og_title":"STR AC1 - Hydrachim","og_description":"Traitement des st\u00e9rilisateurs et pasteurisateurs.","og_url":"https:\/\/www.hydrachim.fr\/en\/produit\/str_ac1_001230101\/","og_site_name":"Hydrachim","article_modified_time":"2026-02-12T07:14:55+00:00","og_image":[{"width":888,"height":1072,"url":"https:\/\/www.hydrachim.fr\/app\/uploads\/2026\/02\/STR_AC1_20L___001230101.png","type":"image\/png"}],"twitter_card":"summary_large_image","twitter_misc":{"Est. reading time":"1 minute"},"schema":{"@context":"https:\/\/schema.org","@graph":[{"@type":"WebPage","@id":"https:\/\/www.hydrachim.fr\/en\/produit\/str_ac1_001230101\/","url":"https:\/\/www.hydrachim.fr\/en\/produit\/str_ac1_001230101\/","name":"STR AC1 - Hydrachim","isPartOf":{"@id":"https:\/\/www.hydrachim.fr\/en\/#website"},"primaryImageOfPage":{"@id":"https:\/\/www.hydrachim.fr\/en\/produit\/str_ac1_001230101\/#primaryimage"},"image":{"@id":"https:\/\/www.hydrachim.fr\/en\/produit\/str_ac1_001230101\/#primaryimage"},"thumbnailUrl":"https:\/\/www.hydrachim.fr\/app\/uploads\/2026\/02\/STR_AC1_20L___001230101.png","datePublished":"2026-01-28T09:17:43+00:00","dateModified":"2026-02-12T07:14:55+00:00","breadcrumb":{"@id":"https:\/\/www.hydrachim.fr\/en\/produit\/str_ac1_001230101\/#breadcrumb"},"inLanguage":"en-US","potentialAction":[{"@type":"ReadAction","target":["https:\/\/www.hydrachim.fr\/en\/produit\/str_ac1_001230101\/"]}]},{"@type":"ImageObject","inLanguage":"en-US","@id":"https:\/\/www.hydrachim.fr\/en\/produit\/str_ac1_001230101\/#primaryimage","url":"https:\/\/www.hydrachim.fr\/app\/uploads\/2026\/02\/STR_AC1_20L___001230101.png","contentUrl":"https:\/\/www.hydrachim.fr\/app\/uploads\/2026\/02\/STR_AC1_20L___001230101.png","width":888,"height":1072},{"@type":"BreadcrumbList","@id":"https:\/\/www.hydrachim.fr\/en\/produit\/str_ac1_001230101\/#breadcrumb","itemListElement":[{"@type":"ListItem","position":1,"name":"Home","item":"https:\/\/www.hydrachim.fr\/en\/"},{"@type":"ListItem","position":2,"name":"Boutique","item":"https:\/\/www.hydrachim.fr\/boutique\/"},{"@type":"ListItem","position":3,"name":"STR AC1"}]},{"@type":"WebSite","@id":"https:\/\/www.hydrachim.fr\/en\/#website","url":"https:\/\/www.hydrachim.fr\/en\/","name":"Hydrachim","description":"La science de l&#039;hygi\u00e8ne","potentialAction":[{"@type":"SearchAction","target":{"@type":"EntryPoint","urlTemplate":"https:\/\/www.hydrachim.fr\/en\/?s={search_term_string}"},"query-input":{"@type":"PropertyValueSpecification","valueRequired":true,"valueName":"search_term_string"}}],"inLanguage":"en-US"}]}},"acf":{"fiche_methode":"","fiche_technique":"https:\/\/www.hydrachim.fr\/app\/uploads\/2026\/01\/FT_2301_STR_AC1.pdf"},"_links":{"self":[{"href":"https:\/\/www.hydrachim.fr\/en\/wp-json\/wp\/v2\/product\/30117","targetHints":{"allow":["GET"]}}],"collection":[{"href":"https:\/\/www.hydrachim.fr\/en\/wp-json\/wp\/v2\/product"}],"about":[{"href":"https:\/\/www.hydrachim.fr\/en\/wp-json\/wp\/v2\/types\/product"}],"wp:featuredmedia":[{"embeddable":true,"href":"https:\/\/www.hydrachim.fr\/en\/wp-json\/wp\/v2\/media\/30249"}],"wp:attachment":[{"href":"https:\/\/www.hydrachim.fr\/en\/wp-json\/wp\/v2\/media?parent=30117"}],"wp:term":[{"taxonomy":"product_brand","embeddable":true,"href":"https:\/\/www.hydrachim.fr\/en\/wp-json\/wp\/v2\/product_brand?post=30117"},{"taxonomy":"product_type","embeddable":true,"href":"https:\/\/www.hydrachim.fr\/en\/wp-json\/wp\/v2\/product_type?post=30117"},{"taxonomy":"product_visibility","embeddable":true,"href":"https:\/\/www.hydrachim.fr\/en\/wp-json\/wp\/v2\/product_visibility?post=30117"},{"taxonomy":"product_cat","embeddable":true,"href":"https:\/\/www.hydrachim.fr\/en\/wp-json\/wp\/v2\/product_cat?post=30117"}],"curies":[{"name":"wp","href":"https:\/\/api.w.org\/{rel}","templated":true}]}}