{"id":30112,"date":"2026-01-28T11:08:45","date_gmt":"2026-01-28T09:08:45","guid":{"rendered":"https:\/\/www.hydrachim.fr\/?post_type=product&#038;p=30112"},"modified":"2026-01-28T11:10:42","modified_gmt":"2026-01-28T09:10:42","slug":"cip_asm_001152101","status":"publish","type":"product","link":"https:\/\/www.hydrachim.fr\/en\/produit\/cip_asm_001152101\/","title":{"rendered":"CIP ASM"},"content":{"rendered":"<p><strong>D\u00e9tergent d\u00e9tartrant puissant pour circuit ferm\u00e9s.<\/strong><\/p>\n<p>CIP ASM est un d\u00e9tergent d\u00e9tartrant puissant formul\u00e9 \u00e0 partir d\u2019acides (sulfurique, citrique et m\u00e9thanesulfonique) et d\u2019agents anti-mousse.<br \/>\nCIP ASM \u00e9limine les souillures min\u00e9rales des circuits ferm\u00e9s, NEP et tunnels de lavage en IAA. Il peut \u00e9galement nettoyer et d\u00e9tartrer le mat\u00e9riel.<\/p>\n<p><strong>Disponible en :<br \/>\n&#8211; Bidon de 24 Kg. R\u00e9f. 001152101<\/strong><\/p>\n<p>Retrouvez le mode d\u2019emploi et le dosage du produit en t\u00e9l\u00e9chargeant, la Fiche Technique.<\/p>\n","protected":false},"excerpt":{"rendered":"<p>Acide d\u00e9tartrant non moussant pour circuits<\/p>\n","protected":false},"featured_media":30110,"template":"","meta":[],"product_brand":[],"product_type":[2],"product_visibility":[],"product_cat":[4155],"class_list":{"0":"post-30112","1":"product","2":"type-product","3":"status-publish","4":"has-post-thumbnail","6":"product_cat-marqueshydrachim-industrie","7":"product_tag-acide","8":"product_tag-anti-mousse","9":"product_tag-circuit","10":"product_tag-circuit-ferm","11":"product_tag-detartrant","12":"product_tag-industrie-agroalimentaire_1","14":"first","15":"instock","16":"shipping-taxable","17":"product-type-simple"},"yoast_head":"<!-- This site is optimized with the Yoast SEO plugin v27.5 - https:\/\/yoast.com\/product\/yoast-seo-wordpress\/ -->\n<title>CIP ASM - Hydrachim<\/title>\n<meta name=\"robots\" content=\"index, follow, max-snippet:-1, max-image-preview:large, max-video-preview:-1\" \/>\n<link rel=\"canonical\" href=\"https:\/\/www.hydrachim.fr\/en\/produit\/cip_asm_001152101\/\" \/>\n<meta property=\"og:locale\" content=\"en_US\" \/>\n<meta property=\"og:type\" content=\"article\" \/>\n<meta property=\"og:title\" content=\"CIP ASM - Hydrachim\" \/>\n<meta property=\"og:description\" content=\"Acide d\u00e9tartrant non moussant pour circuits\" \/>\n<meta property=\"og:url\" content=\"https:\/\/www.hydrachim.fr\/en\/produit\/cip_asm_001152101\/\" \/>\n<meta property=\"og:site_name\" content=\"Hydrachim\" \/>\n<meta property=\"article:modified_time\" content=\"2026-01-28T09:10:42+00:00\" \/>\n<meta property=\"og:image\" content=\"https:\/\/www.hydrachim.fr\/app\/uploads\/2026\/01\/CIP_ASM___001152101.png\" \/>\n\t<meta property=\"og:image:width\" content=\"712\" \/>\n\t<meta property=\"og:image:height\" content=\"1025\" \/>\n\t<meta property=\"og:image:type\" content=\"image\/png\" \/>\n<meta name=\"twitter:card\" content=\"summary_large_image\" \/>\n<script type=\"application\/ld+json\" class=\"yoast-schema-graph\">{\"@context\":\"https:\\\/\\\/schema.org\",\"@graph\":[{\"@type\":\"WebPage\",\"@id\":\"https:\\\/\\\/www.hydrachim.fr\\\/en\\\/produit\\\/cip_asm_001152101\\\/\",\"url\":\"https:\\\/\\\/www.hydrachim.fr\\\/en\\\/produit\\\/cip_asm_001152101\\\/\",\"name\":\"CIP ASM - Hydrachim\",\"isPartOf\":{\"@id\":\"https:\\\/\\\/www.hydrachim.fr\\\/en\\\/#website\"},\"primaryImageOfPage\":{\"@id\":\"https:\\\/\\\/www.hydrachim.fr\\\/en\\\/produit\\\/cip_asm_001152101\\\/#primaryimage\"},\"image\":{\"@id\":\"https:\\\/\\\/www.hydrachim.fr\\\/en\\\/produit\\\/cip_asm_001152101\\\/#primaryimage\"},\"thumbnailUrl\":\"https:\\\/\\\/www.hydrachim.fr\\\/app\\\/uploads\\\/2026\\\/01\\\/CIP_ASM___001152101.png\",\"datePublished\":\"2026-01-28T09:08:45+00:00\",\"dateModified\":\"2026-01-28T09:10:42+00:00\",\"breadcrumb\":{\"@id\":\"https:\\\/\\\/www.hydrachim.fr\\\/en\\\/produit\\\/cip_asm_001152101\\\/#breadcrumb\"},\"inLanguage\":\"en-US\",\"potentialAction\":[{\"@type\":\"ReadAction\",\"target\":[\"https:\\\/\\\/www.hydrachim.fr\\\/en\\\/produit\\\/cip_asm_001152101\\\/\"]}]},{\"@type\":\"ImageObject\",\"inLanguage\":\"en-US\",\"@id\":\"https:\\\/\\\/www.hydrachim.fr\\\/en\\\/produit\\\/cip_asm_001152101\\\/#primaryimage\",\"url\":\"https:\\\/\\\/www.hydrachim.fr\\\/app\\\/uploads\\\/2026\\\/01\\\/CIP_ASM___001152101.png\",\"contentUrl\":\"https:\\\/\\\/www.hydrachim.fr\\\/app\\\/uploads\\\/2026\\\/01\\\/CIP_ASM___001152101.png\",\"width\":712,\"height\":1025},{\"@type\":\"BreadcrumbList\",\"@id\":\"https:\\\/\\\/www.hydrachim.fr\\\/en\\\/produit\\\/cip_asm_001152101\\\/#breadcrumb\",\"itemListElement\":[{\"@type\":\"ListItem\",\"position\":1,\"name\":\"Home\",\"item\":\"https:\\\/\\\/www.hydrachim.fr\\\/en\\\/\"},{\"@type\":\"ListItem\",\"position\":2,\"name\":\"Boutique\",\"item\":\"https:\\\/\\\/www.hydrachim.fr\\\/boutique\\\/\"},{\"@type\":\"ListItem\",\"position\":3,\"name\":\"CIP ASM\"}]},{\"@type\":\"WebSite\",\"@id\":\"https:\\\/\\\/www.hydrachim.fr\\\/en\\\/#website\",\"url\":\"https:\\\/\\\/www.hydrachim.fr\\\/en\\\/\",\"name\":\"Hydrachim\",\"description\":\"La science de l&#039;hygi\u00e8ne\",\"potentialAction\":[{\"@type\":\"SearchAction\",\"target\":{\"@type\":\"EntryPoint\",\"urlTemplate\":\"https:\\\/\\\/www.hydrachim.fr\\\/en\\\/?s={search_term_string}\"},\"query-input\":{\"@type\":\"PropertyValueSpecification\",\"valueRequired\":true,\"valueName\":\"search_term_string\"}}],\"inLanguage\":\"en-US\"}]}<\/script>\n<!-- \/ Yoast SEO plugin. -->","yoast_head_json":{"title":"CIP ASM - Hydrachim","robots":{"index":"index","follow":"follow","max-snippet":"max-snippet:-1","max-image-preview":"max-image-preview:large","max-video-preview":"max-video-preview:-1"},"canonical":"https:\/\/www.hydrachim.fr\/en\/produit\/cip_asm_001152101\/","og_locale":"en_US","og_type":"article","og_title":"CIP ASM - Hydrachim","og_description":"Acide d\u00e9tartrant non moussant pour circuits","og_url":"https:\/\/www.hydrachim.fr\/en\/produit\/cip_asm_001152101\/","og_site_name":"Hydrachim","article_modified_time":"2026-01-28T09:10:42+00:00","og_image":[{"width":712,"height":1025,"url":"https:\/\/www.hydrachim.fr\/app\/uploads\/2026\/01\/CIP_ASM___001152101.png","type":"image\/png"}],"twitter_card":"summary_large_image","schema":{"@context":"https:\/\/schema.org","@graph":[{"@type":"WebPage","@id":"https:\/\/www.hydrachim.fr\/en\/produit\/cip_asm_001152101\/","url":"https:\/\/www.hydrachim.fr\/en\/produit\/cip_asm_001152101\/","name":"CIP ASM - Hydrachim","isPartOf":{"@id":"https:\/\/www.hydrachim.fr\/en\/#website"},"primaryImageOfPage":{"@id":"https:\/\/www.hydrachim.fr\/en\/produit\/cip_asm_001152101\/#primaryimage"},"image":{"@id":"https:\/\/www.hydrachim.fr\/en\/produit\/cip_asm_001152101\/#primaryimage"},"thumbnailUrl":"https:\/\/www.hydrachim.fr\/app\/uploads\/2026\/01\/CIP_ASM___001152101.png","datePublished":"2026-01-28T09:08:45+00:00","dateModified":"2026-01-28T09:10:42+00:00","breadcrumb":{"@id":"https:\/\/www.hydrachim.fr\/en\/produit\/cip_asm_001152101\/#breadcrumb"},"inLanguage":"en-US","potentialAction":[{"@type":"ReadAction","target":["https:\/\/www.hydrachim.fr\/en\/produit\/cip_asm_001152101\/"]}]},{"@type":"ImageObject","inLanguage":"en-US","@id":"https:\/\/www.hydrachim.fr\/en\/produit\/cip_asm_001152101\/#primaryimage","url":"https:\/\/www.hydrachim.fr\/app\/uploads\/2026\/01\/CIP_ASM___001152101.png","contentUrl":"https:\/\/www.hydrachim.fr\/app\/uploads\/2026\/01\/CIP_ASM___001152101.png","width":712,"height":1025},{"@type":"BreadcrumbList","@id":"https:\/\/www.hydrachim.fr\/en\/produit\/cip_asm_001152101\/#breadcrumb","itemListElement":[{"@type":"ListItem","position":1,"name":"Home","item":"https:\/\/www.hydrachim.fr\/en\/"},{"@type":"ListItem","position":2,"name":"Boutique","item":"https:\/\/www.hydrachim.fr\/boutique\/"},{"@type":"ListItem","position":3,"name":"CIP ASM"}]},{"@type":"WebSite","@id":"https:\/\/www.hydrachim.fr\/en\/#website","url":"https:\/\/www.hydrachim.fr\/en\/","name":"Hydrachim","description":"La science de l&#039;hygi\u00e8ne","potentialAction":[{"@type":"SearchAction","target":{"@type":"EntryPoint","urlTemplate":"https:\/\/www.hydrachim.fr\/en\/?s={search_term_string}"},"query-input":{"@type":"PropertyValueSpecification","valueRequired":true,"valueName":"search_term_string"}}],"inLanguage":"en-US"}]}},"acf":{"fiche_methode":"","fiche_technique":"https:\/\/www.hydrachim.fr\/app\/uploads\/2026\/01\/FT_1521_CIP_ASM.pdf"},"_links":{"self":[{"href":"https:\/\/www.hydrachim.fr\/en\/wp-json\/wp\/v2\/product\/30112","targetHints":{"allow":["GET"]}}],"collection":[{"href":"https:\/\/www.hydrachim.fr\/en\/wp-json\/wp\/v2\/product"}],"about":[{"href":"https:\/\/www.hydrachim.fr\/en\/wp-json\/wp\/v2\/types\/product"}],"wp:featuredmedia":[{"embeddable":true,"href":"https:\/\/www.hydrachim.fr\/en\/wp-json\/wp\/v2\/media\/30110"}],"wp:attachment":[{"href":"https:\/\/www.hydrachim.fr\/en\/wp-json\/wp\/v2\/media?parent=30112"}],"wp:term":[{"taxonomy":"product_brand","embeddable":true,"href":"https:\/\/www.hydrachim.fr\/en\/wp-json\/wp\/v2\/product_brand?post=30112"},{"taxonomy":"product_type","embeddable":true,"href":"https:\/\/www.hydrachim.fr\/en\/wp-json\/wp\/v2\/product_type?post=30112"},{"taxonomy":"product_visibility","embeddable":true,"href":"https:\/\/www.hydrachim.fr\/en\/wp-json\/wp\/v2\/product_visibility?post=30112"},{"taxonomy":"product_cat","embeddable":true,"href":"https:\/\/www.hydrachim.fr\/en\/wp-json\/wp\/v2\/product_cat?post=30112"}],"curies":[{"name":"wp","href":"https:\/\/api.w.org\/{rel}","templated":true}]}}