{"id":30105,"date":"2026-01-28T10:04:37","date_gmt":"2026-01-28T08:04:37","guid":{"rendered":"https:\/\/www.hydrachim.fr\/?post_type=product&#038;p=30105"},"modified":"2026-01-28T10:09:49","modified_gmt":"2026-01-28T08:09:49","slug":"hydrazym_ds_002151903","status":"publish","type":"product","link":"https:\/\/www.hydrachim.fr\/en\/produit\/hydrazym_ds_002151903\/","title":{"rendered":"Hydrazym DS"},"content":{"rendered":"<p><strong>HYDRAZYM DS est un nettoyant d\u00e9sinfectant enzymatique pour les surfaces alimentaires.<\/strong><\/p>\n<p>HYDRAZYM DS est un d\u00e9graissant alimentaire non caustique \u00e0 la dose d\u2019utilisation recommand\u00e9e, repr\u00e9sentant une tr\u00e8s bonne alternative aux produits traditionnels. Il est tr\u00e8s efficace pour le nettoyage des surfaces et mat\u00e9riels.<br \/>\nHYDRAZYM DS est bact\u00e9ricide et levuricide selon les normes europ\u00e9ennes en vigueur. Produit recommand\u00e9 pour la d\u00e9sinfection d\u2019entrep\u00f4ts de denr\u00e9es alimentaires et de locaux et mat\u00e9riels de transformation de denr\u00e9es alimentaires, cuisines et centrales collectives.<br \/>\nIl s\u2019utilise pour les sols, murs, mat\u00e9riels et \u00e9galement pour le nettoyage des hottes, plaques de cuisson, toutes les surfaces poss\u00e9dant des graisses non cuites en g\u00e9n\u00e9ral (cuisines collectives, bacs \u00e0 graisse, transformation des fruits et l\u00e9gumes, etc.)<br \/>\nIl est id\u00e9al pour le nettoyage de tous les mat\u00e9riels sensibles au chlore.<\/p>\n<p><strong>Disponible en :<br \/>\n\u2013 carton de 4 x 5L R\u00e9f. 002151902<br \/>\n\u2013 bidon de 20L R\u00e9f. 002151903<br \/>\n\u2013 container de 1000L R\u00e9f. 002151901<\/strong><\/p>\n<p class=\"y-product y-product__product-subtitle\">Avantage :<\/p>\n<p>Hydrazym DS est un d\u00e9graissant et d\u00e9sinfectant non caustique.<\/p>\n<p>Retrouvez le mode d\u2019emploi et le dosage du produit en t\u00e9l\u00e9chargeant la Fiche Technique.<\/p>\n<p><em>Utilisez les biocides avec pr\u00e9caution. Avant toute utilisation, lisez l\u2019\u00e9tiquette et les informations concernant le produit.<br \/>\nAvant toute utilisation, assurez-vous que celle-ci est indispensable, notamment dans les lieux fr\u00e9quent\u00e9s par le grand public. Privil\u00e9giez chaque fois que possible les m\u00e9thodes alternatives et les produits pr\u00e9sentant le risque le plus faible pour la sant\u00e9 humaine et animale et pour l\u2019environnement.<\/em><\/p>\n","protected":false},"excerpt":{"rendered":"<p>Nettoyant d\u00e9sinfectant enzymatique surfaces<\/p>\n","protected":false},"featured_media":30103,"template":"","meta":[],"product_brand":[],"product_type":[2],"product_visibility":[],"product_cat":[4163],"class_list":{"0":"post-30105","1":"product","2":"type-product","3":"status-publish","4":"has-post-thumbnail","6":"product_cat-marqueshygine-enzymatique","7":"product_tag-bactericide","8":"product_tag-desinfectant","9":"product_tag-enzymatique","10":"product_tag-fongicide","11":"product_tag-hydrazym","12":"product_tag-liquide","13":"product_tag-nettoyant","14":"product_tag-non-caustique","15":"product_tag-tp4","17":"first","18":"instock","19":"shipping-taxable","20":"product-type-simple"},"yoast_head":"<!-- This site is optimized with the Yoast SEO plugin v27.5 - https:\/\/yoast.com\/product\/yoast-seo-wordpress\/ -->\n<title>Hydrazym DS - Hydrachim<\/title>\n<meta name=\"robots\" content=\"index, follow, max-snippet:-1, max-image-preview:large, max-video-preview:-1\" \/>\n<link rel=\"canonical\" href=\"https:\/\/www.hydrachim.fr\/en\/produit\/hydrazym_ds_002151903\/\" \/>\n<meta property=\"og:locale\" content=\"en_US\" \/>\n<meta property=\"og:type\" content=\"article\" \/>\n<meta property=\"og:title\" content=\"Hydrazym DS - Hydrachim\" \/>\n<meta property=\"og:description\" content=\"Nettoyant d\u00e9sinfectant enzymatique surfaces\" \/>\n<meta property=\"og:url\" content=\"https:\/\/www.hydrachim.fr\/en\/produit\/hydrazym_ds_002151903\/\" \/>\n<meta property=\"og:site_name\" content=\"Hydrachim\" \/>\n<meta property=\"article:modified_time\" content=\"2026-01-28T08:09:49+00:00\" \/>\n<meta property=\"og:image\" content=\"https:\/\/www.hydrachim.fr\/app\/uploads\/2026\/01\/1519_HYDRAZIM_DS__NEW__5L.png\" \/>\n\t<meta property=\"og:image:width\" content=\"571\" \/>\n\t<meta property=\"og:image:height\" content=\"886\" \/>\n\t<meta property=\"og:image:type\" content=\"image\/png\" \/>\n<meta name=\"twitter:card\" content=\"summary_large_image\" \/>\n<meta name=\"twitter:label1\" content=\"Est. reading time\" \/>\n\t<meta name=\"twitter:data1\" content=\"1 minute\" \/>\n<script type=\"application\/ld+json\" class=\"yoast-schema-graph\">{\"@context\":\"https:\\\/\\\/schema.org\",\"@graph\":[{\"@type\":\"WebPage\",\"@id\":\"https:\\\/\\\/www.hydrachim.fr\\\/en\\\/produit\\\/hydrazym_ds_002151903\\\/\",\"url\":\"https:\\\/\\\/www.hydrachim.fr\\\/en\\\/produit\\\/hydrazym_ds_002151903\\\/\",\"name\":\"Hydrazym DS - Hydrachim\",\"isPartOf\":{\"@id\":\"https:\\\/\\\/www.hydrachim.fr\\\/en\\\/#website\"},\"primaryImageOfPage\":{\"@id\":\"https:\\\/\\\/www.hydrachim.fr\\\/en\\\/produit\\\/hydrazym_ds_002151903\\\/#primaryimage\"},\"image\":{\"@id\":\"https:\\\/\\\/www.hydrachim.fr\\\/en\\\/produit\\\/hydrazym_ds_002151903\\\/#primaryimage\"},\"thumbnailUrl\":\"https:\\\/\\\/www.hydrachim.fr\\\/app\\\/uploads\\\/2026\\\/01\\\/1519_HYDRAZIM_DS__NEW__5L.png\",\"datePublished\":\"2026-01-28T08:04:37+00:00\",\"dateModified\":\"2026-01-28T08:09:49+00:00\",\"breadcrumb\":{\"@id\":\"https:\\\/\\\/www.hydrachim.fr\\\/en\\\/produit\\\/hydrazym_ds_002151903\\\/#breadcrumb\"},\"inLanguage\":\"en-US\",\"potentialAction\":[{\"@type\":\"ReadAction\",\"target\":[\"https:\\\/\\\/www.hydrachim.fr\\\/en\\\/produit\\\/hydrazym_ds_002151903\\\/\"]}]},{\"@type\":\"ImageObject\",\"inLanguage\":\"en-US\",\"@id\":\"https:\\\/\\\/www.hydrachim.fr\\\/en\\\/produit\\\/hydrazym_ds_002151903\\\/#primaryimage\",\"url\":\"https:\\\/\\\/www.hydrachim.fr\\\/app\\\/uploads\\\/2026\\\/01\\\/1519_HYDRAZIM_DS__NEW__5L.png\",\"contentUrl\":\"https:\\\/\\\/www.hydrachim.fr\\\/app\\\/uploads\\\/2026\\\/01\\\/1519_HYDRAZIM_DS__NEW__5L.png\",\"width\":571,\"height\":886},{\"@type\":\"BreadcrumbList\",\"@id\":\"https:\\\/\\\/www.hydrachim.fr\\\/en\\\/produit\\\/hydrazym_ds_002151903\\\/#breadcrumb\",\"itemListElement\":[{\"@type\":\"ListItem\",\"position\":1,\"name\":\"Home\",\"item\":\"https:\\\/\\\/www.hydrachim.fr\\\/en\\\/\"},{\"@type\":\"ListItem\",\"position\":2,\"name\":\"Boutique\",\"item\":\"https:\\\/\\\/www.hydrachim.fr\\\/boutique\\\/\"},{\"@type\":\"ListItem\",\"position\":3,\"name\":\"Hydrazym DS\"}]},{\"@type\":\"WebSite\",\"@id\":\"https:\\\/\\\/www.hydrachim.fr\\\/en\\\/#website\",\"url\":\"https:\\\/\\\/www.hydrachim.fr\\\/en\\\/\",\"name\":\"Hydrachim\",\"description\":\"La science de l&#039;hygi\u00e8ne\",\"potentialAction\":[{\"@type\":\"SearchAction\",\"target\":{\"@type\":\"EntryPoint\",\"urlTemplate\":\"https:\\\/\\\/www.hydrachim.fr\\\/en\\\/?s={search_term_string}\"},\"query-input\":{\"@type\":\"PropertyValueSpecification\",\"valueRequired\":true,\"valueName\":\"search_term_string\"}}],\"inLanguage\":\"en-US\"}]}<\/script>\n<!-- \/ Yoast SEO plugin. -->","yoast_head_json":{"title":"Hydrazym DS - Hydrachim","robots":{"index":"index","follow":"follow","max-snippet":"max-snippet:-1","max-image-preview":"max-image-preview:large","max-video-preview":"max-video-preview:-1"},"canonical":"https:\/\/www.hydrachim.fr\/en\/produit\/hydrazym_ds_002151903\/","og_locale":"en_US","og_type":"article","og_title":"Hydrazym DS - Hydrachim","og_description":"Nettoyant d\u00e9sinfectant enzymatique surfaces","og_url":"https:\/\/www.hydrachim.fr\/en\/produit\/hydrazym_ds_002151903\/","og_site_name":"Hydrachim","article_modified_time":"2026-01-28T08:09:49+00:00","og_image":[{"width":571,"height":886,"url":"https:\/\/www.hydrachim.fr\/app\/uploads\/2026\/01\/1519_HYDRAZIM_DS__NEW__5L.png","type":"image\/png"}],"twitter_card":"summary_large_image","twitter_misc":{"Est. reading time":"1 minute"},"schema":{"@context":"https:\/\/schema.org","@graph":[{"@type":"WebPage","@id":"https:\/\/www.hydrachim.fr\/en\/produit\/hydrazym_ds_002151903\/","url":"https:\/\/www.hydrachim.fr\/en\/produit\/hydrazym_ds_002151903\/","name":"Hydrazym DS - Hydrachim","isPartOf":{"@id":"https:\/\/www.hydrachim.fr\/en\/#website"},"primaryImageOfPage":{"@id":"https:\/\/www.hydrachim.fr\/en\/produit\/hydrazym_ds_002151903\/#primaryimage"},"image":{"@id":"https:\/\/www.hydrachim.fr\/en\/produit\/hydrazym_ds_002151903\/#primaryimage"},"thumbnailUrl":"https:\/\/www.hydrachim.fr\/app\/uploads\/2026\/01\/1519_HYDRAZIM_DS__NEW__5L.png","datePublished":"2026-01-28T08:04:37+00:00","dateModified":"2026-01-28T08:09:49+00:00","breadcrumb":{"@id":"https:\/\/www.hydrachim.fr\/en\/produit\/hydrazym_ds_002151903\/#breadcrumb"},"inLanguage":"en-US","potentialAction":[{"@type":"ReadAction","target":["https:\/\/www.hydrachim.fr\/en\/produit\/hydrazym_ds_002151903\/"]}]},{"@type":"ImageObject","inLanguage":"en-US","@id":"https:\/\/www.hydrachim.fr\/en\/produit\/hydrazym_ds_002151903\/#primaryimage","url":"https:\/\/www.hydrachim.fr\/app\/uploads\/2026\/01\/1519_HYDRAZIM_DS__NEW__5L.png","contentUrl":"https:\/\/www.hydrachim.fr\/app\/uploads\/2026\/01\/1519_HYDRAZIM_DS__NEW__5L.png","width":571,"height":886},{"@type":"BreadcrumbList","@id":"https:\/\/www.hydrachim.fr\/en\/produit\/hydrazym_ds_002151903\/#breadcrumb","itemListElement":[{"@type":"ListItem","position":1,"name":"Home","item":"https:\/\/www.hydrachim.fr\/en\/"},{"@type":"ListItem","position":2,"name":"Boutique","item":"https:\/\/www.hydrachim.fr\/boutique\/"},{"@type":"ListItem","position":3,"name":"Hydrazym DS"}]},{"@type":"WebSite","@id":"https:\/\/www.hydrachim.fr\/en\/#website","url":"https:\/\/www.hydrachim.fr\/en\/","name":"Hydrachim","description":"La science de l&#039;hygi\u00e8ne","potentialAction":[{"@type":"SearchAction","target":{"@type":"EntryPoint","urlTemplate":"https:\/\/www.hydrachim.fr\/en\/?s={search_term_string}"},"query-input":{"@type":"PropertyValueSpecification","valueRequired":true,"valueName":"search_term_string"}}],"inLanguage":"en-US"}]}},"acf":{"fiche_methode":"","fiche_technique":"https:\/\/www.hydrachim.fr\/app\/uploads\/2026\/01\/FT_1519_HYDRAZYM_DS.pdf"},"_links":{"self":[{"href":"https:\/\/www.hydrachim.fr\/en\/wp-json\/wp\/v2\/product\/30105","targetHints":{"allow":["GET"]}}],"collection":[{"href":"https:\/\/www.hydrachim.fr\/en\/wp-json\/wp\/v2\/product"}],"about":[{"href":"https:\/\/www.hydrachim.fr\/en\/wp-json\/wp\/v2\/types\/product"}],"wp:featuredmedia":[{"embeddable":true,"href":"https:\/\/www.hydrachim.fr\/en\/wp-json\/wp\/v2\/media\/30103"}],"wp:attachment":[{"href":"https:\/\/www.hydrachim.fr\/en\/wp-json\/wp\/v2\/media?parent=30105"}],"wp:term":[{"taxonomy":"product_brand","embeddable":true,"href":"https:\/\/www.hydrachim.fr\/en\/wp-json\/wp\/v2\/product_brand?post=30105"},{"taxonomy":"product_type","embeddable":true,"href":"https:\/\/www.hydrachim.fr\/en\/wp-json\/wp\/v2\/product_type?post=30105"},{"taxonomy":"product_visibility","embeddable":true,"href":"https:\/\/www.hydrachim.fr\/en\/wp-json\/wp\/v2\/product_visibility?post=30105"},{"taxonomy":"product_cat","embeddable":true,"href":"https:\/\/www.hydrachim.fr\/en\/wp-json\/wp\/v2\/product_cat?post=30105"}],"curies":[{"name":"wp","href":"https:\/\/api.w.org\/{rel}","templated":true}]}}