{"id":30064,"date":"2026-01-20T16:38:46","date_gmt":"2026-01-20T14:38:46","guid":{"rendered":"https:\/\/www.hydrachim.fr\/?post_type=product&#038;p=30064"},"modified":"2026-01-20T16:43:36","modified_gmt":"2026-01-20T14:43:36","slug":"respecthome_wc_puls_002187991","status":"publish","type":"product","link":"https:\/\/www.hydrachim.fr\/en\/produit\/respecthome_wc_puls_002187991\/","title":{"rendered":"Respect\u2019Home\u00ae WC PUL&#8217;S"},"content":{"rendered":"<p><strong>D\u00e9sinfectant Bact\u00e9ricide* et L\u00e9vuricide*.<br \/>\nNettoie, d\u00e9tartre, fait briller et parfume les sanitaires, les cuvettes des WC et urinoirs.<\/strong><\/p>\n<p>Gr\u00e2ce \u00e0 la forme de son flacon, RESPECT\u2019HOME WC PULS\u2019\u00ae s\u2019utilise pour toutes les surfaces des salles de bains et toilettes, pas uniquement les cuvettes.<br \/>\nVous pouvez l\u2019utiliser pour les douches, les baignoires, lavabos, WC, urinoirs, lave mains.<br \/>\nRESPECT HOME WC PULS\u2019\u00ae s\u2019utilise en collectivit\u00e9, cr\u00e8ches, EHPAD, locaux administratifs, locaux sportifs, piscines, h\u00f4tels, industries, locaux sociaux, tertiaires,\u2026<\/p>\n<p><strong>Disponible en :<br \/>\n&#8211; Carton de 6 x 750 mL. R\u00e9f. 002187991<\/strong><\/p>\n<p class=\"y-product y-product__product-subtitle\">Avantage :<\/p>\n<p>La formule du Respect\u2019Home\u00ae WC PUL&#8217;S est soutenue au niveau du r\u00e8glement biocide (CE) n\u00b0528\/2012 en vue d\u2019obtenir une AMM.<br \/>\nFormul\u00e9 sans acide chlorhydrique ou phosphorique.<br \/>\n100% des ingr\u00e9dients sont d\u2019origine v\u00e9g\u00e9tale ou min\u00e9rale.<br \/>\nSans risque pour les fosses septiques.<\/p>\n<p>*Retrouvez le mode d&#8217;emploi et le dosage du produit en t\u00e9l\u00e9chargeant, ci-dessous, sa Fiche Technique.<\/p>\n<p><em>Utilisez les biocides avec pr\u00e9caution. Avant toute utilisation, lisez l&#8217;\u00e9tiquette et les informations concernant le produit.<br \/>\nD\u00e9tergent certifi\u00e9 par ECOCERT Greenlife selon le r\u00e9f\u00e9rentiel ECOCERT \u00abEcod\u00e9tergent\u00bb disponible sur http:\/\/detergents.ecocert.com.<\/p>\n<p>TP2 : D\u00e9sinfectants utilis\u00e9s dans le domaine priv\u00e9 et dans le domaine de la sant\u00e9 publique et autres produits biocides<br \/>\n<\/em><\/p>\n","protected":false},"excerpt":{"rendered":"<p>Gel Nettoyant, D\u00e9tartrant, D\u00e9sinfectant \u00e0 base d&#8217;acide lactique.<br \/>\nParfum Menthe Nanah-Grenade &#8211; Ecocert<\/p>\n","protected":false},"featured_media":30065,"template":"","meta":[],"product_brand":[],"product_type":[2],"product_visibility":[],"product_cat":[4174,4111,4097,4189,4143,4103,4108,4122,4123],"class_list":{"0":"post-30064","1":"product","2":"type-product","3":"status-publish","4":"has-post-thumbnail","6":"product_cat-nouveautesdesinfection","7":"product_cat-produitsdesinfection","8":"product_cat-produitsecocert","9":"product_cat-marquesidegreen","10":"product_cat-nouveautes","11":"product_cat-ecolabelsanitaire","12":"product_cat-nos-produits-zro-pictossanitaire","13":"product_cat-produitssanitaire","14":"product_cat-sanitairewc","15":"product_tag-bactericide","16":"product_tag-cuvette","17":"product_tag-desinfectant","18":"product_tag-detartrant","19":"product_tag-ecocert","20":"product_tag-gel","21":"product_tag-levuricide","22":"product_tag-nettoyant","23":"product_tag-sanitaire","24":"product_tag-tp2","25":"product_tag-wc","27":"first","28":"instock","29":"shipping-taxable","30":"product-type-simple"},"yoast_head":"<!-- This site is optimized with the Yoast SEO plugin v27.4 - https:\/\/yoast.com\/product\/yoast-seo-wordpress\/ -->\n<title>Respect\u2019Home\u00ae WC PUL&#039;S - Hydrachim<\/title>\n<meta name=\"robots\" content=\"index, follow, max-snippet:-1, max-image-preview:large, max-video-preview:-1\" \/>\n<link rel=\"canonical\" href=\"https:\/\/www.hydrachim.fr\/en\/produit\/respecthome_wc_puls_002187991\/\" \/>\n<meta property=\"og:locale\" content=\"en_US\" \/>\n<meta property=\"og:type\" content=\"article\" \/>\n<meta property=\"og:title\" content=\"Respect\u2019Home\u00ae WC PUL&#039;S - Hydrachim\" \/>\n<meta property=\"og:description\" content=\"Gel Nettoyant, D\u00e9tartrant, D\u00e9sinfectant \u00e0 base d&#039;acide lactique. Parfum Menthe Nanah-Grenade - Ecocert\" \/>\n<meta property=\"og:url\" content=\"https:\/\/www.hydrachim.fr\/en\/produit\/respecthome_wc_puls_002187991\/\" \/>\n<meta property=\"og:site_name\" content=\"Hydrachim\" \/>\n<meta property=\"article:modified_time\" content=\"2026-01-20T14:43:36+00:00\" \/>\n<meta property=\"og:image\" content=\"https:\/\/www.hydrachim.fr\/app\/uploads\/2022\/01\/1879_RESPECT_HOME_WC_PULS__750ML_V2..png\" \/>\n\t<meta property=\"og:image:width\" content=\"600\" \/>\n\t<meta property=\"og:image:height\" content=\"807\" \/>\n\t<meta property=\"og:image:type\" content=\"image\/png\" \/>\n<meta name=\"twitter:card\" content=\"summary_large_image\" \/>\n<meta name=\"twitter:label1\" content=\"Est. reading time\" \/>\n\t<meta name=\"twitter:data1\" content=\"1 minute\" \/>\n<script type=\"application\/ld+json\" class=\"yoast-schema-graph\">{\"@context\":\"https:\\\/\\\/schema.org\",\"@graph\":[{\"@type\":\"WebPage\",\"@id\":\"https:\\\/\\\/www.hydrachim.fr\\\/en\\\/produit\\\/respecthome_wc_puls_002187991\\\/\",\"url\":\"https:\\\/\\\/www.hydrachim.fr\\\/en\\\/produit\\\/respecthome_wc_puls_002187991\\\/\",\"name\":\"Respect\u2019Home\u00ae WC PUL'S - Hydrachim\",\"isPartOf\":{\"@id\":\"https:\\\/\\\/www.hydrachim.fr\\\/en\\\/#website\"},\"primaryImageOfPage\":{\"@id\":\"https:\\\/\\\/www.hydrachim.fr\\\/en\\\/produit\\\/respecthome_wc_puls_002187991\\\/#primaryimage\"},\"image\":{\"@id\":\"https:\\\/\\\/www.hydrachim.fr\\\/en\\\/produit\\\/respecthome_wc_puls_002187991\\\/#primaryimage\"},\"thumbnailUrl\":\"https:\\\/\\\/www.hydrachim.fr\\\/app\\\/uploads\\\/2026\\\/01\\\/1879___WC_PULS___750_ML__NEW_FLEX_.png\",\"datePublished\":\"2026-01-20T14:38:46+00:00\",\"dateModified\":\"2026-01-20T14:43:36+00:00\",\"breadcrumb\":{\"@id\":\"https:\\\/\\\/www.hydrachim.fr\\\/en\\\/produit\\\/respecthome_wc_puls_002187991\\\/#breadcrumb\"},\"inLanguage\":\"en-US\",\"potentialAction\":[{\"@type\":\"ReadAction\",\"target\":[\"https:\\\/\\\/www.hydrachim.fr\\\/en\\\/produit\\\/respecthome_wc_puls_002187991\\\/\"]}]},{\"@type\":\"ImageObject\",\"inLanguage\":\"en-US\",\"@id\":\"https:\\\/\\\/www.hydrachim.fr\\\/en\\\/produit\\\/respecthome_wc_puls_002187991\\\/#primaryimage\",\"url\":\"https:\\\/\\\/www.hydrachim.fr\\\/app\\\/uploads\\\/2026\\\/01\\\/1879___WC_PULS___750_ML__NEW_FLEX_.png\",\"contentUrl\":\"https:\\\/\\\/www.hydrachim.fr\\\/app\\\/uploads\\\/2026\\\/01\\\/1879___WC_PULS___750_ML__NEW_FLEX_.png\",\"width\":500,\"height\":833},{\"@type\":\"BreadcrumbList\",\"@id\":\"https:\\\/\\\/www.hydrachim.fr\\\/en\\\/produit\\\/respecthome_wc_puls_002187991\\\/#breadcrumb\",\"itemListElement\":[{\"@type\":\"ListItem\",\"position\":1,\"name\":\"Home\",\"item\":\"https:\\\/\\\/www.hydrachim.fr\\\/en\\\/\"},{\"@type\":\"ListItem\",\"position\":2,\"name\":\"Boutique\",\"item\":\"https:\\\/\\\/www.hydrachim.fr\\\/boutique\\\/\"},{\"@type\":\"ListItem\",\"position\":3,\"name\":\"Respect\u2019Home\u00ae WC PUL&rsquo;S\"}]},{\"@type\":\"WebSite\",\"@id\":\"https:\\\/\\\/www.hydrachim.fr\\\/en\\\/#website\",\"url\":\"https:\\\/\\\/www.hydrachim.fr\\\/en\\\/\",\"name\":\"Hydrachim\",\"description\":\"La science de l&#039;hygi\u00e8ne\",\"potentialAction\":[{\"@type\":\"SearchAction\",\"target\":{\"@type\":\"EntryPoint\",\"urlTemplate\":\"https:\\\/\\\/www.hydrachim.fr\\\/en\\\/?s={search_term_string}\"},\"query-input\":{\"@type\":\"PropertyValueSpecification\",\"valueRequired\":true,\"valueName\":\"search_term_string\"}}],\"inLanguage\":\"en-US\"}]}<\/script>\n<!-- \/ Yoast SEO plugin. -->","yoast_head_json":{"title":"Respect\u2019Home\u00ae WC PUL'S - Hydrachim","robots":{"index":"index","follow":"follow","max-snippet":"max-snippet:-1","max-image-preview":"max-image-preview:large","max-video-preview":"max-video-preview:-1"},"canonical":"https:\/\/www.hydrachim.fr\/en\/produit\/respecthome_wc_puls_002187991\/","og_locale":"en_US","og_type":"article","og_title":"Respect\u2019Home\u00ae WC PUL'S - Hydrachim","og_description":"Gel Nettoyant, D\u00e9tartrant, D\u00e9sinfectant \u00e0 base d'acide lactique. Parfum Menthe Nanah-Grenade - Ecocert","og_url":"https:\/\/www.hydrachim.fr\/en\/produit\/respecthome_wc_puls_002187991\/","og_site_name":"Hydrachim","article_modified_time":"2026-01-20T14:43:36+00:00","og_image":[{"width":600,"height":807,"url":"https:\/\/www.hydrachim.fr\/app\/uploads\/2022\/01\/1879_RESPECT_HOME_WC_PULS__750ML_V2..png","type":"image\/png"}],"twitter_card":"summary_large_image","twitter_misc":{"Est. reading time":"1 minute"},"schema":{"@context":"https:\/\/schema.org","@graph":[{"@type":"WebPage","@id":"https:\/\/www.hydrachim.fr\/en\/produit\/respecthome_wc_puls_002187991\/","url":"https:\/\/www.hydrachim.fr\/en\/produit\/respecthome_wc_puls_002187991\/","name":"Respect\u2019Home\u00ae WC PUL'S - Hydrachim","isPartOf":{"@id":"https:\/\/www.hydrachim.fr\/en\/#website"},"primaryImageOfPage":{"@id":"https:\/\/www.hydrachim.fr\/en\/produit\/respecthome_wc_puls_002187991\/#primaryimage"},"image":{"@id":"https:\/\/www.hydrachim.fr\/en\/produit\/respecthome_wc_puls_002187991\/#primaryimage"},"thumbnailUrl":"https:\/\/www.hydrachim.fr\/app\/uploads\/2026\/01\/1879___WC_PULS___750_ML__NEW_FLEX_.png","datePublished":"2026-01-20T14:38:46+00:00","dateModified":"2026-01-20T14:43:36+00:00","breadcrumb":{"@id":"https:\/\/www.hydrachim.fr\/en\/produit\/respecthome_wc_puls_002187991\/#breadcrumb"},"inLanguage":"en-US","potentialAction":[{"@type":"ReadAction","target":["https:\/\/www.hydrachim.fr\/en\/produit\/respecthome_wc_puls_002187991\/"]}]},{"@type":"ImageObject","inLanguage":"en-US","@id":"https:\/\/www.hydrachim.fr\/en\/produit\/respecthome_wc_puls_002187991\/#primaryimage","url":"https:\/\/www.hydrachim.fr\/app\/uploads\/2026\/01\/1879___WC_PULS___750_ML__NEW_FLEX_.png","contentUrl":"https:\/\/www.hydrachim.fr\/app\/uploads\/2026\/01\/1879___WC_PULS___750_ML__NEW_FLEX_.png","width":500,"height":833},{"@type":"BreadcrumbList","@id":"https:\/\/www.hydrachim.fr\/en\/produit\/respecthome_wc_puls_002187991\/#breadcrumb","itemListElement":[{"@type":"ListItem","position":1,"name":"Home","item":"https:\/\/www.hydrachim.fr\/en\/"},{"@type":"ListItem","position":2,"name":"Boutique","item":"https:\/\/www.hydrachim.fr\/boutique\/"},{"@type":"ListItem","position":3,"name":"Respect\u2019Home\u00ae WC PUL&rsquo;S"}]},{"@type":"WebSite","@id":"https:\/\/www.hydrachim.fr\/en\/#website","url":"https:\/\/www.hydrachim.fr\/en\/","name":"Hydrachim","description":"La science de l&#039;hygi\u00e8ne","potentialAction":[{"@type":"SearchAction","target":{"@type":"EntryPoint","urlTemplate":"https:\/\/www.hydrachim.fr\/en\/?s={search_term_string}"},"query-input":{"@type":"PropertyValueSpecification","valueRequired":true,"valueName":"search_term_string"}}],"inLanguage":"en-US"}]}},"acf":{"fiche_methode":"","fiche_technique":"https:\/\/www.hydrachim.fr\/app\/uploads\/2025\/04\/FT_1879_IDEGREEN_ECOCERT_RESPECTHOME_WC_PULS.pdf"},"_links":{"self":[{"href":"https:\/\/www.hydrachim.fr\/en\/wp-json\/wp\/v2\/product\/30064","targetHints":{"allow":["GET"]}}],"collection":[{"href":"https:\/\/www.hydrachim.fr\/en\/wp-json\/wp\/v2\/product"}],"about":[{"href":"https:\/\/www.hydrachim.fr\/en\/wp-json\/wp\/v2\/types\/product"}],"wp:featuredmedia":[{"embeddable":true,"href":"https:\/\/www.hydrachim.fr\/en\/wp-json\/wp\/v2\/media\/30065"}],"wp:attachment":[{"href":"https:\/\/www.hydrachim.fr\/en\/wp-json\/wp\/v2\/media?parent=30064"}],"wp:term":[{"taxonomy":"product_brand","embeddable":true,"href":"https:\/\/www.hydrachim.fr\/en\/wp-json\/wp\/v2\/product_brand?post=30064"},{"taxonomy":"product_type","embeddable":true,"href":"https:\/\/www.hydrachim.fr\/en\/wp-json\/wp\/v2\/product_type?post=30064"},{"taxonomy":"product_visibility","embeddable":true,"href":"https:\/\/www.hydrachim.fr\/en\/wp-json\/wp\/v2\/product_visibility?post=30064"},{"taxonomy":"product_cat","embeddable":true,"href":"https:\/\/www.hydrachim.fr\/en\/wp-json\/wp\/v2\/product_cat?post=30064"}],"curies":[{"name":"wp","href":"https:\/\/api.w.org\/{rel}","templated":true}]}}