{"id":30049,"date":"2026-01-20T09:49:22","date_gmt":"2026-01-20T07:49:22","guid":{"rendered":"https:\/\/www.hydrachim.fr\/?post_type=product&#038;p=30049"},"modified":"2026-03-18T10:04:51","modified_gmt":"2026-03-18T08:04:51","slug":"gel_javel_fresh_oxygen_002027991","status":"publish","type":"product","link":"https:\/\/www.hydrachim.fr\/en\/produit\/gel_javel_fresh_oxygen_002027991\/","title":{"rendered":"Gel JAVEL Fresh Oxygen"},"content":{"rendered":"<p><strong>Gel JAVEL Fresh Oxygen, nettoie, d\u00e9sinfecte et d\u00e9sodorise les cuvettes des WC. Il redonne blancheur et \u00e9clat. Agr\u00e9ablement parfum\u00e9, il laisse une odeur de frais.<\/strong><\/p>\n<p>Gel JAVEL Fresh Oxygen est :<br \/>\n&#8211; Bact\u00e9ricide<br \/>\n&#8211; Levuricide<br \/>\n&#8211; Sporicide et<br \/>\n&#8211; Virucide<br \/>\nEfficacit\u00e9 virucide couverte sur le Coronavirus.<\/p>\n<p><strong>Disponible en<br \/>\n&#8211; Carton de 6 x 750 mL. R\u00e9f. : 002027991<br \/>\n<\/strong><\/p>\n<p>Utilisez les biocides avec pr\u00e9caution. Avant toute utilisation, lisez l&#8217;\u00e9tiquette et les informations concernant le produit.<\/p>\n<p>Retrouvez le mode d&#8217;emploi et le dosage du produit en t\u00e9l\u00e9chargeant, ci-dessous, sa Fiche Technique et\/ou sa Fiche M\u00e9thode.<\/p>\n<p><em>Utilisez les biocides avec pr\u00e9caution. Avant toute utilisation, lisez l&#8217;\u00e9tiquette et les informations concernant le produit.<br \/>\nProduit strictement professionnel.<br \/>\nAvant toute utilisation, assurez-vous que celle-ci est indispensable, notamment dans les lieux fr\u00e9quent\u00e9s par le grand public. Privil\u00e9giez chaque fois que possible les m\u00e9thodes alternatives et les produits pr\u00e9sentant le risque le plus faible pour la sant\u00e9 humaine et animale et pour l&#8217;environnement.<\/p>\n<p>TP2 : D\u00e9sinfectants utilis\u00e9s dans le domaine priv\u00e9 et dans le domaine de la sant\u00e9 publique et autres produits biocides.<\/em><\/p>\n","protected":false},"excerpt":{"rendered":"<p>Nettoyant, blanchissant, d\u00e9sodorisant, d\u00e9sinfectant.<br \/>\nEfficacit\u00e9 virucide couverte sur Coronavirus.<\/p>\n","protected":false},"featured_media":30666,"template":"","meta":[],"product_brand":[],"product_type":[2],"product_visibility":[],"product_cat":[4174,4143,4145,4122,4124,4123],"class_list":{"0":"post-30049","1":"product","2":"type-product","3":"status-publish","4":"has-post-thumbnail","6":"product_cat-nouveautesdesinfection","7":"product_cat-nouveautes","8":"product_cat-marquesorlav","9":"product_cat-produitssanitaire","10":"product_cat-sanitairesurface","11":"product_cat-sanitairewc","12":"product_tag-bactericide","13":"product_tag-blanchissant","14":"product_tag-chr","15":"product_tag-cuvette","16":"product_tag-desinfectant","17":"product_tag-desodorisant","18":"product_tag-fongicide","19":"product_tag-gel","20":"product_tag-liquide","21":"product_tag-nettoyant","22":"product_tag-sporicide","23":"product_tag-tp2","24":"product_tag-virucide","25":"product_tag-wc","27":"first","28":"instock","29":"shipping-taxable","30":"product-type-simple"},"yoast_head":"<!-- This site is optimized with the Yoast SEO plugin v27.4 - https:\/\/yoast.com\/product\/yoast-seo-wordpress\/ -->\n<title>Gel JAVEL Fresh Oxygen - Hydrachim<\/title>\n<meta name=\"robots\" content=\"index, follow, max-snippet:-1, max-image-preview:large, max-video-preview:-1\" \/>\n<link rel=\"canonical\" href=\"https:\/\/www.hydrachim.fr\/en\/produit\/gel_javel_fresh_oxygen_002027991\/\" \/>\n<meta property=\"og:locale\" content=\"en_US\" \/>\n<meta property=\"og:type\" content=\"article\" \/>\n<meta property=\"og:title\" content=\"Gel JAVEL Fresh Oxygen - Hydrachim\" \/>\n<meta property=\"og:description\" content=\"Nettoyant, blanchissant, d\u00e9sodorisant, d\u00e9sinfectant. Efficacit\u00e9 virucide couverte sur Coronavirus.\" \/>\n<meta property=\"og:url\" content=\"https:\/\/www.hydrachim.fr\/en\/produit\/gel_javel_fresh_oxygen_002027991\/\" \/>\n<meta property=\"og:site_name\" content=\"Hydrachim\" \/>\n<meta property=\"article:modified_time\" content=\"2026-03-18T08:04:51+00:00\" \/>\n<meta property=\"og:image\" content=\"https:\/\/www.hydrachim.fr\/app\/uploads\/2026\/03\/0279___GEL_JAVEL_FRESH_OXYGENE___750_ML__NEW_FLEX_NAT__CMJN.png\" \/>\n\t<meta property=\"og:image:width\" content=\"600\" \/>\n\t<meta property=\"og:image:height\" content=\"800\" \/>\n\t<meta property=\"og:image:type\" content=\"image\/png\" \/>\n<meta name=\"twitter:card\" content=\"summary_large_image\" \/>\n<meta name=\"twitter:label1\" content=\"Est. reading time\" \/>\n\t<meta name=\"twitter:data1\" content=\"1 minute\" \/>\n<script type=\"application\/ld+json\" class=\"yoast-schema-graph\">{\"@context\":\"https:\\\/\\\/schema.org\",\"@graph\":[{\"@type\":\"WebPage\",\"@id\":\"https:\\\/\\\/www.hydrachim.fr\\\/en\\\/produit\\\/gel_javel_fresh_oxygen_002027991\\\/\",\"url\":\"https:\\\/\\\/www.hydrachim.fr\\\/en\\\/produit\\\/gel_javel_fresh_oxygen_002027991\\\/\",\"name\":\"Gel JAVEL Fresh Oxygen - Hydrachim\",\"isPartOf\":{\"@id\":\"https:\\\/\\\/www.hydrachim.fr\\\/en\\\/#website\"},\"primaryImageOfPage\":{\"@id\":\"https:\\\/\\\/www.hydrachim.fr\\\/en\\\/produit\\\/gel_javel_fresh_oxygen_002027991\\\/#primaryimage\"},\"image\":{\"@id\":\"https:\\\/\\\/www.hydrachim.fr\\\/en\\\/produit\\\/gel_javel_fresh_oxygen_002027991\\\/#primaryimage\"},\"thumbnailUrl\":\"https:\\\/\\\/www.hydrachim.fr\\\/app\\\/uploads\\\/2026\\\/03\\\/0279___GEL_JAVEL_FRESH_OXYGENE___750_ML__NEW_FLEX_NAT__CMJN.png\",\"datePublished\":\"2026-01-20T07:49:22+00:00\",\"dateModified\":\"2026-03-18T08:04:51+00:00\",\"breadcrumb\":{\"@id\":\"https:\\\/\\\/www.hydrachim.fr\\\/en\\\/produit\\\/gel_javel_fresh_oxygen_002027991\\\/#breadcrumb\"},\"inLanguage\":\"en-US\",\"potentialAction\":[{\"@type\":\"ReadAction\",\"target\":[\"https:\\\/\\\/www.hydrachim.fr\\\/en\\\/produit\\\/gel_javel_fresh_oxygen_002027991\\\/\"]}]},{\"@type\":\"ImageObject\",\"inLanguage\":\"en-US\",\"@id\":\"https:\\\/\\\/www.hydrachim.fr\\\/en\\\/produit\\\/gel_javel_fresh_oxygen_002027991\\\/#primaryimage\",\"url\":\"https:\\\/\\\/www.hydrachim.fr\\\/app\\\/uploads\\\/2026\\\/03\\\/0279___GEL_JAVEL_FRESH_OXYGENE___750_ML__NEW_FLEX_NAT__CMJN.png\",\"contentUrl\":\"https:\\\/\\\/www.hydrachim.fr\\\/app\\\/uploads\\\/2026\\\/03\\\/0279___GEL_JAVEL_FRESH_OXYGENE___750_ML__NEW_FLEX_NAT__CMJN.png\",\"width\":600,\"height\":800},{\"@type\":\"BreadcrumbList\",\"@id\":\"https:\\\/\\\/www.hydrachim.fr\\\/en\\\/produit\\\/gel_javel_fresh_oxygen_002027991\\\/#breadcrumb\",\"itemListElement\":[{\"@type\":\"ListItem\",\"position\":1,\"name\":\"Home\",\"item\":\"https:\\\/\\\/www.hydrachim.fr\\\/en\\\/\"},{\"@type\":\"ListItem\",\"position\":2,\"name\":\"Boutique\",\"item\":\"https:\\\/\\\/www.hydrachim.fr\\\/boutique\\\/\"},{\"@type\":\"ListItem\",\"position\":3,\"name\":\"Gel JAVEL Fresh Oxygen\"}]},{\"@type\":\"WebSite\",\"@id\":\"https:\\\/\\\/www.hydrachim.fr\\\/en\\\/#website\",\"url\":\"https:\\\/\\\/www.hydrachim.fr\\\/en\\\/\",\"name\":\"Hydrachim\",\"description\":\"La science de l&#039;hygi\u00e8ne\",\"potentialAction\":[{\"@type\":\"SearchAction\",\"target\":{\"@type\":\"EntryPoint\",\"urlTemplate\":\"https:\\\/\\\/www.hydrachim.fr\\\/en\\\/?s={search_term_string}\"},\"query-input\":{\"@type\":\"PropertyValueSpecification\",\"valueRequired\":true,\"valueName\":\"search_term_string\"}}],\"inLanguage\":\"en-US\"}]}<\/script>\n<!-- \/ Yoast SEO plugin. -->","yoast_head_json":{"title":"Gel JAVEL Fresh Oxygen - Hydrachim","robots":{"index":"index","follow":"follow","max-snippet":"max-snippet:-1","max-image-preview":"max-image-preview:large","max-video-preview":"max-video-preview:-1"},"canonical":"https:\/\/www.hydrachim.fr\/en\/produit\/gel_javel_fresh_oxygen_002027991\/","og_locale":"en_US","og_type":"article","og_title":"Gel JAVEL Fresh Oxygen - Hydrachim","og_description":"Nettoyant, blanchissant, d\u00e9sodorisant, d\u00e9sinfectant. Efficacit\u00e9 virucide couverte sur Coronavirus.","og_url":"https:\/\/www.hydrachim.fr\/en\/produit\/gel_javel_fresh_oxygen_002027991\/","og_site_name":"Hydrachim","article_modified_time":"2026-03-18T08:04:51+00:00","og_image":[{"width":600,"height":800,"url":"https:\/\/www.hydrachim.fr\/app\/uploads\/2026\/03\/0279___GEL_JAVEL_FRESH_OXYGENE___750_ML__NEW_FLEX_NAT__CMJN.png","type":"image\/png"}],"twitter_card":"summary_large_image","twitter_misc":{"Est. reading time":"1 minute"},"schema":{"@context":"https:\/\/schema.org","@graph":[{"@type":"WebPage","@id":"https:\/\/www.hydrachim.fr\/en\/produit\/gel_javel_fresh_oxygen_002027991\/","url":"https:\/\/www.hydrachim.fr\/en\/produit\/gel_javel_fresh_oxygen_002027991\/","name":"Gel JAVEL Fresh Oxygen - Hydrachim","isPartOf":{"@id":"https:\/\/www.hydrachim.fr\/en\/#website"},"primaryImageOfPage":{"@id":"https:\/\/www.hydrachim.fr\/en\/produit\/gel_javel_fresh_oxygen_002027991\/#primaryimage"},"image":{"@id":"https:\/\/www.hydrachim.fr\/en\/produit\/gel_javel_fresh_oxygen_002027991\/#primaryimage"},"thumbnailUrl":"https:\/\/www.hydrachim.fr\/app\/uploads\/2026\/03\/0279___GEL_JAVEL_FRESH_OXYGENE___750_ML__NEW_FLEX_NAT__CMJN.png","datePublished":"2026-01-20T07:49:22+00:00","dateModified":"2026-03-18T08:04:51+00:00","breadcrumb":{"@id":"https:\/\/www.hydrachim.fr\/en\/produit\/gel_javel_fresh_oxygen_002027991\/#breadcrumb"},"inLanguage":"en-US","potentialAction":[{"@type":"ReadAction","target":["https:\/\/www.hydrachim.fr\/en\/produit\/gel_javel_fresh_oxygen_002027991\/"]}]},{"@type":"ImageObject","inLanguage":"en-US","@id":"https:\/\/www.hydrachim.fr\/en\/produit\/gel_javel_fresh_oxygen_002027991\/#primaryimage","url":"https:\/\/www.hydrachim.fr\/app\/uploads\/2026\/03\/0279___GEL_JAVEL_FRESH_OXYGENE___750_ML__NEW_FLEX_NAT__CMJN.png","contentUrl":"https:\/\/www.hydrachim.fr\/app\/uploads\/2026\/03\/0279___GEL_JAVEL_FRESH_OXYGENE___750_ML__NEW_FLEX_NAT__CMJN.png","width":600,"height":800},{"@type":"BreadcrumbList","@id":"https:\/\/www.hydrachim.fr\/en\/produit\/gel_javel_fresh_oxygen_002027991\/#breadcrumb","itemListElement":[{"@type":"ListItem","position":1,"name":"Home","item":"https:\/\/www.hydrachim.fr\/en\/"},{"@type":"ListItem","position":2,"name":"Boutique","item":"https:\/\/www.hydrachim.fr\/boutique\/"},{"@type":"ListItem","position":3,"name":"Gel JAVEL Fresh Oxygen"}]},{"@type":"WebSite","@id":"https:\/\/www.hydrachim.fr\/en\/#website","url":"https:\/\/www.hydrachim.fr\/en\/","name":"Hydrachim","description":"La science de l&#039;hygi\u00e8ne","potentialAction":[{"@type":"SearchAction","target":{"@type":"EntryPoint","urlTemplate":"https:\/\/www.hydrachim.fr\/en\/?s={search_term_string}"},"query-input":{"@type":"PropertyValueSpecification","valueRequired":true,"valueName":"search_term_string"}}],"inLanguage":"en-US"}]}},"acf":{"fiche_methode":"","fiche_technique":"https:\/\/www.hydrachim.fr\/app\/uploads\/2026\/03\/FT_0279_GEL_JAVEL_WC_FRESH_OXYGEN.pdf"},"_links":{"self":[{"href":"https:\/\/www.hydrachim.fr\/en\/wp-json\/wp\/v2\/product\/30049","targetHints":{"allow":["GET"]}}],"collection":[{"href":"https:\/\/www.hydrachim.fr\/en\/wp-json\/wp\/v2\/product"}],"about":[{"href":"https:\/\/www.hydrachim.fr\/en\/wp-json\/wp\/v2\/types\/product"}],"wp:featuredmedia":[{"embeddable":true,"href":"https:\/\/www.hydrachim.fr\/en\/wp-json\/wp\/v2\/media\/30666"}],"wp:attachment":[{"href":"https:\/\/www.hydrachim.fr\/en\/wp-json\/wp\/v2\/media?parent=30049"}],"wp:term":[{"taxonomy":"product_brand","embeddable":true,"href":"https:\/\/www.hydrachim.fr\/en\/wp-json\/wp\/v2\/product_brand?post=30049"},{"taxonomy":"product_type","embeddable":true,"href":"https:\/\/www.hydrachim.fr\/en\/wp-json\/wp\/v2\/product_type?post=30049"},{"taxonomy":"product_visibility","embeddable":true,"href":"https:\/\/www.hydrachim.fr\/en\/wp-json\/wp\/v2\/product_visibility?post=30049"},{"taxonomy":"product_cat","embeddable":true,"href":"https:\/\/www.hydrachim.fr\/en\/wp-json\/wp\/v2\/product_cat?post=30049"}],"curies":[{"name":"wp","href":"https:\/\/api.w.org\/{rel}","templated":true}]}}