{"id":29996,"date":"2026-01-08T18:02:01","date_gmt":"2026-01-08T16:02:01","guid":{"rendered":"https:\/\/www.hydrachim.fr\/?post_type=product&#038;p=29996"},"modified":"2026-01-22T12:08:39","modified_gmt":"2026-01-22T10:08:39","slug":"patnet_acide_c_001281104","status":"publish","type":"product","link":"https:\/\/www.hydrachim.fr\/en\/produit\/patnet_acide_c_001281104\/","title":{"rendered":"Patnet Acide C"},"content":{"rendered":"<p><strong>Produit acide concentr\u00e9 pour p\u00e9diluve<\/strong><\/p>\n<p>Lors du passage en p\u00e9diluve, les animaux b\u00e9n\u00e9ficieront d\u2019une bonne r\u00e9partition du produit, qui va tapisser l\u2019espace interdigital.<br \/>\nCette zone d\u00e9licate et soumise \u00e0 de nombreux probl\u00e8me d\u2019hygi\u00e8ne sera isol\u00e9e de l\u2019humidit\u00e9.<br \/>\nL\u2019utilisation du concentr\u00e9 pour p\u00e9diluve peut \u00eatre r\u00e9alis\u00e9 une \u00e0 deux fois par mois, avec un passage \u00e0 chaque traite notamment en p\u00e9riode humide \/ hivernale. A adapter en fonction de votre \u00e9levage.<\/p>\n<p>Produit non agressif, \u00e0 utiliser sur la peau et les sabots.<br \/>\nLe formol et le sulfate de cuivre sont respectivement canc\u00e9rig\u00e8ne pour l\u2019homme et \u00e9cotoxique par accumulation pour l\u2019environnement, l\u2019utilisation de ch\u00e9late est donc pr\u00e9f\u00e9rable. PATNET contient des ch\u00e9lates de Zinc et de Cuivre.<\/p>\n<p>Action k\u00e9ratolytique : favorise l\u2019\u00e9limination des cellules mortes, aide \u00e0 la repousse d&#8217;une corne saine et stimule la pousse de l\u2019ongle.<\/p>\n<p><strong>Disponible :<br \/>\n&#8211;\tBidon de 20L. R\u00e9f. 001281104,<br \/>\n&#8211;\tF\u00fbt de 60L R\u00e9f 001281103,<br \/>\n&#8211;\tF\u00fbt de 200L R\u00e9f 001281102.<\/strong><\/p>\n<p class=\"y-product y-product__product-subtitle\">Avantage :<\/p>\n<p>Veiller \u00e0 bien r\u00e9partir le produit notamment sur les pattes arri\u00e8re, qui sont plus souvent concern\u00e9es par les maladies de Mortellaro et la dermatite inter-digitale.<br \/>\nSa formulation acide abaisse le pH cr\u00e9ant un environnement d\u00e9favorable \u00e0 la prolif\u00e9ration bact\u00e9riennes.<\/p>\n<p>Retrouvez le mode d&#8217;emploi en t\u00e9l\u00e9chargeant la Fiche Technique.<\/p>\n<p><em>Adapt\u00e9 \u00e0 tous les sabots ! Bovins, ovins, \u00e9quins.<\/em><\/p>\n","protected":false},"excerpt":{"rendered":"<p>Hygi\u00e8ne et soin du sabot et de l&#8217;espace interdigital<\/p>\n","protected":false},"featured_media":30009,"template":"","meta":[],"product_brand":[],"product_type":[2],"product_visibility":[],"product_cat":[4154,4089,4802],"class_list":{"0":"post-29996","1":"product","2":"type-product","3":"status-publish","4":"has-post-thumbnail","6":"product_cat-marqueshydrachim-elevage","7":"product_cat-elevagehygine-levage","8":"product_cat-nouveautshygiene-en-elevage","9":"product_tag-acide","10":"product_tag-barriere","11":"product_tag-concentre","12":"product_tag-pediluve","13":"product_tag-sabot_1","15":"first","16":"instock","17":"shipping-taxable","18":"product-type-simple"},"yoast_head":"<!-- This site is optimized with the Yoast SEO plugin v27.3 - https:\/\/yoast.com\/product\/yoast-seo-wordpress\/ -->\n<title>Patnet Acide C - Hydrachim<\/title>\n<meta name=\"robots\" content=\"index, follow, max-snippet:-1, max-image-preview:large, max-video-preview:-1\" \/>\n<link rel=\"canonical\" href=\"https:\/\/www.hydrachim.fr\/en\/produit\/patnet_acide_c_001281104\/\" \/>\n<meta property=\"og:locale\" content=\"en_US\" \/>\n<meta property=\"og:type\" content=\"article\" \/>\n<meta property=\"og:title\" content=\"Patnet Acide C - Hydrachim\" \/>\n<meta property=\"og:description\" content=\"Hygi\u00e8ne et soin du sabot et de l&#039;espace interdigital\" \/>\n<meta property=\"og:url\" content=\"https:\/\/www.hydrachim.fr\/en\/produit\/patnet_acide_c_001281104\/\" \/>\n<meta property=\"og:site_name\" content=\"Hydrachim\" \/>\n<meta property=\"article:modified_time\" content=\"2026-01-22T10:08:39+00:00\" \/>\n<meta property=\"og:image\" content=\"https:\/\/www.hydrachim.fr\/app\/uploads\/2026\/01\/001281104_20L.png\" \/>\n\t<meta property=\"og:image:width\" content=\"1023\" \/>\n\t<meta property=\"og:image:height\" content=\"1211\" \/>\n\t<meta property=\"og:image:type\" content=\"image\/png\" \/>\n<meta name=\"twitter:card\" content=\"summary_large_image\" \/>\n<meta name=\"twitter:label1\" content=\"Est. reading time\" \/>\n\t<meta name=\"twitter:data1\" content=\"1 minute\" \/>\n<script type=\"application\/ld+json\" class=\"yoast-schema-graph\">{\"@context\":\"https:\\\/\\\/schema.org\",\"@graph\":[{\"@type\":\"WebPage\",\"@id\":\"https:\\\/\\\/www.hydrachim.fr\\\/en\\\/produit\\\/patnet_acide_c_001281104\\\/\",\"url\":\"https:\\\/\\\/www.hydrachim.fr\\\/en\\\/produit\\\/patnet_acide_c_001281104\\\/\",\"name\":\"Patnet Acide C - Hydrachim\",\"isPartOf\":{\"@id\":\"https:\\\/\\\/www.hydrachim.fr\\\/en\\\/#website\"},\"primaryImageOfPage\":{\"@id\":\"https:\\\/\\\/www.hydrachim.fr\\\/en\\\/produit\\\/patnet_acide_c_001281104\\\/#primaryimage\"},\"image\":{\"@id\":\"https:\\\/\\\/www.hydrachim.fr\\\/en\\\/produit\\\/patnet_acide_c_001281104\\\/#primaryimage\"},\"thumbnailUrl\":\"https:\\\/\\\/www.hydrachim.fr\\\/app\\\/uploads\\\/2026\\\/01\\\/001281104_20L.png\",\"datePublished\":\"2026-01-08T16:02:01+00:00\",\"dateModified\":\"2026-01-22T10:08:39+00:00\",\"breadcrumb\":{\"@id\":\"https:\\\/\\\/www.hydrachim.fr\\\/en\\\/produit\\\/patnet_acide_c_001281104\\\/#breadcrumb\"},\"inLanguage\":\"en-US\",\"potentialAction\":[{\"@type\":\"ReadAction\",\"target\":[\"https:\\\/\\\/www.hydrachim.fr\\\/en\\\/produit\\\/patnet_acide_c_001281104\\\/\"]}]},{\"@type\":\"ImageObject\",\"inLanguage\":\"en-US\",\"@id\":\"https:\\\/\\\/www.hydrachim.fr\\\/en\\\/produit\\\/patnet_acide_c_001281104\\\/#primaryimage\",\"url\":\"https:\\\/\\\/www.hydrachim.fr\\\/app\\\/uploads\\\/2026\\\/01\\\/001281104_20L.png\",\"contentUrl\":\"https:\\\/\\\/www.hydrachim.fr\\\/app\\\/uploads\\\/2026\\\/01\\\/001281104_20L.png\",\"width\":1023,\"height\":1211},{\"@type\":\"BreadcrumbList\",\"@id\":\"https:\\\/\\\/www.hydrachim.fr\\\/en\\\/produit\\\/patnet_acide_c_001281104\\\/#breadcrumb\",\"itemListElement\":[{\"@type\":\"ListItem\",\"position\":1,\"name\":\"Home\",\"item\":\"https:\\\/\\\/www.hydrachim.fr\\\/en\\\/\"},{\"@type\":\"ListItem\",\"position\":2,\"name\":\"Boutique\",\"item\":\"https:\\\/\\\/www.hydrachim.fr\\\/boutique\\\/\"},{\"@type\":\"ListItem\",\"position\":3,\"name\":\"Patnet Acide C\"}]},{\"@type\":\"WebSite\",\"@id\":\"https:\\\/\\\/www.hydrachim.fr\\\/en\\\/#website\",\"url\":\"https:\\\/\\\/www.hydrachim.fr\\\/en\\\/\",\"name\":\"Hydrachim\",\"description\":\"La science de l&#039;hygi\u00e8ne\",\"potentialAction\":[{\"@type\":\"SearchAction\",\"target\":{\"@type\":\"EntryPoint\",\"urlTemplate\":\"https:\\\/\\\/www.hydrachim.fr\\\/en\\\/?s={search_term_string}\"},\"query-input\":{\"@type\":\"PropertyValueSpecification\",\"valueRequired\":true,\"valueName\":\"search_term_string\"}}],\"inLanguage\":\"en-US\"}]}<\/script>\n<!-- \/ Yoast SEO plugin. -->","yoast_head_json":{"title":"Patnet Acide C - Hydrachim","robots":{"index":"index","follow":"follow","max-snippet":"max-snippet:-1","max-image-preview":"max-image-preview:large","max-video-preview":"max-video-preview:-1"},"canonical":"https:\/\/www.hydrachim.fr\/en\/produit\/patnet_acide_c_001281104\/","og_locale":"en_US","og_type":"article","og_title":"Patnet Acide C - Hydrachim","og_description":"Hygi\u00e8ne et soin du sabot et de l'espace interdigital","og_url":"https:\/\/www.hydrachim.fr\/en\/produit\/patnet_acide_c_001281104\/","og_site_name":"Hydrachim","article_modified_time":"2026-01-22T10:08:39+00:00","og_image":[{"width":1023,"height":1211,"url":"https:\/\/www.hydrachim.fr\/app\/uploads\/2026\/01\/001281104_20L.png","type":"image\/png"}],"twitter_card":"summary_large_image","twitter_misc":{"Est. reading time":"1 minute"},"schema":{"@context":"https:\/\/schema.org","@graph":[{"@type":"WebPage","@id":"https:\/\/www.hydrachim.fr\/en\/produit\/patnet_acide_c_001281104\/","url":"https:\/\/www.hydrachim.fr\/en\/produit\/patnet_acide_c_001281104\/","name":"Patnet Acide C - Hydrachim","isPartOf":{"@id":"https:\/\/www.hydrachim.fr\/en\/#website"},"primaryImageOfPage":{"@id":"https:\/\/www.hydrachim.fr\/en\/produit\/patnet_acide_c_001281104\/#primaryimage"},"image":{"@id":"https:\/\/www.hydrachim.fr\/en\/produit\/patnet_acide_c_001281104\/#primaryimage"},"thumbnailUrl":"https:\/\/www.hydrachim.fr\/app\/uploads\/2026\/01\/001281104_20L.png","datePublished":"2026-01-08T16:02:01+00:00","dateModified":"2026-01-22T10:08:39+00:00","breadcrumb":{"@id":"https:\/\/www.hydrachim.fr\/en\/produit\/patnet_acide_c_001281104\/#breadcrumb"},"inLanguage":"en-US","potentialAction":[{"@type":"ReadAction","target":["https:\/\/www.hydrachim.fr\/en\/produit\/patnet_acide_c_001281104\/"]}]},{"@type":"ImageObject","inLanguage":"en-US","@id":"https:\/\/www.hydrachim.fr\/en\/produit\/patnet_acide_c_001281104\/#primaryimage","url":"https:\/\/www.hydrachim.fr\/app\/uploads\/2026\/01\/001281104_20L.png","contentUrl":"https:\/\/www.hydrachim.fr\/app\/uploads\/2026\/01\/001281104_20L.png","width":1023,"height":1211},{"@type":"BreadcrumbList","@id":"https:\/\/www.hydrachim.fr\/en\/produit\/patnet_acide_c_001281104\/#breadcrumb","itemListElement":[{"@type":"ListItem","position":1,"name":"Home","item":"https:\/\/www.hydrachim.fr\/en\/"},{"@type":"ListItem","position":2,"name":"Boutique","item":"https:\/\/www.hydrachim.fr\/boutique\/"},{"@type":"ListItem","position":3,"name":"Patnet Acide C"}]},{"@type":"WebSite","@id":"https:\/\/www.hydrachim.fr\/en\/#website","url":"https:\/\/www.hydrachim.fr\/en\/","name":"Hydrachim","description":"La science de l&#039;hygi\u00e8ne","potentialAction":[{"@type":"SearchAction","target":{"@type":"EntryPoint","urlTemplate":"https:\/\/www.hydrachim.fr\/en\/?s={search_term_string}"},"query-input":{"@type":"PropertyValueSpecification","valueRequired":true,"valueName":"search_term_string"}}],"inLanguage":"en-US"}]}},"acf":{"fiche_methode":"","fiche_technique":"https:\/\/www.hydrachim.fr\/app\/uploads\/2026\/01\/HYDRACHIM_ELEVAGE_FT2811_ACIDE_C.pdf"},"_links":{"self":[{"href":"https:\/\/www.hydrachim.fr\/en\/wp-json\/wp\/v2\/product\/29996","targetHints":{"allow":["GET"]}}],"collection":[{"href":"https:\/\/www.hydrachim.fr\/en\/wp-json\/wp\/v2\/product"}],"about":[{"href":"https:\/\/www.hydrachim.fr\/en\/wp-json\/wp\/v2\/types\/product"}],"wp:featuredmedia":[{"embeddable":true,"href":"https:\/\/www.hydrachim.fr\/en\/wp-json\/wp\/v2\/media\/30009"}],"wp:attachment":[{"href":"https:\/\/www.hydrachim.fr\/en\/wp-json\/wp\/v2\/media?parent=29996"}],"wp:term":[{"taxonomy":"product_brand","embeddable":true,"href":"https:\/\/www.hydrachim.fr\/en\/wp-json\/wp\/v2\/product_brand?post=29996"},{"taxonomy":"product_type","embeddable":true,"href":"https:\/\/www.hydrachim.fr\/en\/wp-json\/wp\/v2\/product_type?post=29996"},{"taxonomy":"product_visibility","embeddable":true,"href":"https:\/\/www.hydrachim.fr\/en\/wp-json\/wp\/v2\/product_visibility?post=29996"},{"taxonomy":"product_cat","embeddable":true,"href":"https:\/\/www.hydrachim.fr\/en\/wp-json\/wp\/v2\/product_cat?post=29996"}],"curies":[{"name":"wp","href":"https:\/\/api.w.org\/{rel}","templated":true}]}}