{"id":29855,"date":"2025-12-19T12:08:11","date_gmt":"2025-12-19T10:08:11","guid":{"rendered":"https:\/\/www.hydrachim.fr\/?post_type=product&#038;p=29855"},"modified":"2026-04-16T16:29:08","modified_gmt":"2026-04-16T14:29:08","slug":"anti_lichen_30_003213405","status":"publish","type":"product","link":"https:\/\/www.hydrachim.fr\/en\/produit\/anti_lichen_30_003213405\/","title":{"rendered":"ANTI LICHEN 30"},"content":{"rendered":"<p><strong>Anti-lichen 30 concentr\u00e9 est un produit d\u00e9di\u00e9 \u00e0 la destruction des lichens, algues et moisissures pr\u00e9sents sur les fa\u00e7ades, toitures, terrasses, murs, fontaines, sculptures &#8230;<\/strong><\/p>\n<p>Action curative sur tous types de toitures, fa\u00e7ades, terrasses, murets,&#8230;<br \/>\nProvoque le jaunissement puis le dess\u00e9chement des amas.<br \/>\nGr\u00e2ce son pH neutre, il n\u2019attaque pas les surfaces telles que verre, zinc, aluminium,&#8230;<\/p>\n<p><strong>Disponible en :<br \/>\n&#8211; Carton de 4 x 5L. R\u00e9f. 003213405<br \/>\n&#8211; Bidon de 20L. R\u00e9f. 003213402<\/strong><\/p>\n<p class=\"y-product y-product__product-subtitle\">Avantage :<\/p>\n<p>L&#8217;Anti-lichen 30 peut \u00eatre utilis\u00e9 en action pr\u00e9ventive ou curative. <\/p>\n<p>Retrouvez le mode d&#8217;emploi et le dosage du produit en t\u00e9l\u00e9chargeant sa Fiche Technique.<\/p>\n<p><em>Utilisez les biocides avec pr\u00e9caution. Avant toute utilisation, lisez l&#8217;\u00e9tiquette et les informations concernant le produit.<\/em><\/p>\n","protected":false},"excerpt":{"rendered":"<p>Anti-lichen 30 Concentr\u00e9<\/p>\n","protected":false},"featured_media":30967,"template":"","meta":[],"product_brand":[],"product_type":[2],"product_visibility":[],"product_cat":[4128,4153,4130,4127],"class_list":{"0":"post-29855","1":"product","2":"type-product","3":"status-publish","4":"has-post-thumbnail","6":"product_cat-solentretien","7":"product_cat-marqueskemnet","8":"product_cat-solprotection","9":"product_cat-produitssurface-sol","10":"product_tag-anti-lichen","11":"product_tag-concentre","12":"product_tag-entretien-3","13":"product_tag-facade","14":"product_tag-liquide","15":"product_tag-mur","16":"product_tag-toiture","18":"first","19":"instock","20":"shipping-taxable","21":"product-type-simple"},"yoast_head":"<!-- This site is optimized with the Yoast SEO plugin v27.5 - https:\/\/yoast.com\/product\/yoast-seo-wordpress\/ -->\n<title>ANTI LICHEN 30 - Hydrachim<\/title>\n<meta name=\"robots\" content=\"index, follow, max-snippet:-1, max-image-preview:large, max-video-preview:-1\" \/>\n<link rel=\"canonical\" href=\"https:\/\/www.hydrachim.fr\/en\/produit\/anti_lichen_30_003213405\/\" \/>\n<meta property=\"og:locale\" content=\"en_US\" \/>\n<meta property=\"og:type\" content=\"article\" \/>\n<meta property=\"og:title\" content=\"ANTI LICHEN 30 - Hydrachim\" \/>\n<meta property=\"og:description\" content=\"Anti-lichen 30 Concentr\u00e9\" \/>\n<meta property=\"og:url\" content=\"https:\/\/www.hydrachim.fr\/en\/produit\/anti_lichen_30_003213405\/\" \/>\n<meta property=\"og:site_name\" content=\"Hydrachim\" \/>\n<meta property=\"article:modified_time\" content=\"2026-04-16T14:29:08+00:00\" \/>\n<meta property=\"og:image\" content=\"https:\/\/www.hydrachim.fr\/app\/uploads\/2026\/04\/2134___ANTI_LICHEN_30___5L-1.png\" \/>\n\t<meta property=\"og:image:width\" content=\"600\" \/>\n\t<meta property=\"og:image:height\" content=\"1026\" \/>\n\t<meta property=\"og:image:type\" content=\"image\/png\" \/>\n<meta name=\"twitter:card\" content=\"summary_large_image\" \/>\n<meta name=\"twitter:label1\" content=\"Est. reading time\" \/>\n\t<meta name=\"twitter:data1\" content=\"1 minute\" \/>\n<script type=\"application\/ld+json\" class=\"yoast-schema-graph\">{\"@context\":\"https:\\\/\\\/schema.org\",\"@graph\":[{\"@type\":\"WebPage\",\"@id\":\"https:\\\/\\\/www.hydrachim.fr\\\/en\\\/produit\\\/anti_lichen_30_003213405\\\/\",\"url\":\"https:\\\/\\\/www.hydrachim.fr\\\/en\\\/produit\\\/anti_lichen_30_003213405\\\/\",\"name\":\"ANTI LICHEN 30 - Hydrachim\",\"isPartOf\":{\"@id\":\"https:\\\/\\\/www.hydrachim.fr\\\/en\\\/#website\"},\"primaryImageOfPage\":{\"@id\":\"https:\\\/\\\/www.hydrachim.fr\\\/en\\\/produit\\\/anti_lichen_30_003213405\\\/#primaryimage\"},\"image\":{\"@id\":\"https:\\\/\\\/www.hydrachim.fr\\\/en\\\/produit\\\/anti_lichen_30_003213405\\\/#primaryimage\"},\"thumbnailUrl\":\"https:\\\/\\\/www.hydrachim.fr\\\/app\\\/uploads\\\/2026\\\/04\\\/2134___ANTI_LICHEN_30___5L-1.png\",\"datePublished\":\"2025-12-19T10:08:11+00:00\",\"dateModified\":\"2026-04-16T14:29:08+00:00\",\"breadcrumb\":{\"@id\":\"https:\\\/\\\/www.hydrachim.fr\\\/en\\\/produit\\\/anti_lichen_30_003213405\\\/#breadcrumb\"},\"inLanguage\":\"en-US\",\"potentialAction\":[{\"@type\":\"ReadAction\",\"target\":[\"https:\\\/\\\/www.hydrachim.fr\\\/en\\\/produit\\\/anti_lichen_30_003213405\\\/\"]}]},{\"@type\":\"ImageObject\",\"inLanguage\":\"en-US\",\"@id\":\"https:\\\/\\\/www.hydrachim.fr\\\/en\\\/produit\\\/anti_lichen_30_003213405\\\/#primaryimage\",\"url\":\"https:\\\/\\\/www.hydrachim.fr\\\/app\\\/uploads\\\/2026\\\/04\\\/2134___ANTI_LICHEN_30___5L-1.png\",\"contentUrl\":\"https:\\\/\\\/www.hydrachim.fr\\\/app\\\/uploads\\\/2026\\\/04\\\/2134___ANTI_LICHEN_30___5L-1.png\",\"width\":600,\"height\":1026},{\"@type\":\"BreadcrumbList\",\"@id\":\"https:\\\/\\\/www.hydrachim.fr\\\/en\\\/produit\\\/anti_lichen_30_003213405\\\/#breadcrumb\",\"itemListElement\":[{\"@type\":\"ListItem\",\"position\":1,\"name\":\"Home\",\"item\":\"https:\\\/\\\/www.hydrachim.fr\\\/en\\\/\"},{\"@type\":\"ListItem\",\"position\":2,\"name\":\"Boutique\",\"item\":\"https:\\\/\\\/www.hydrachim.fr\\\/boutique\\\/\"},{\"@type\":\"ListItem\",\"position\":3,\"name\":\"ANTI LICHEN 30\"}]},{\"@type\":\"WebSite\",\"@id\":\"https:\\\/\\\/www.hydrachim.fr\\\/en\\\/#website\",\"url\":\"https:\\\/\\\/www.hydrachim.fr\\\/en\\\/\",\"name\":\"Hydrachim\",\"description\":\"La science de l&#039;hygi\u00e8ne\",\"potentialAction\":[{\"@type\":\"SearchAction\",\"target\":{\"@type\":\"EntryPoint\",\"urlTemplate\":\"https:\\\/\\\/www.hydrachim.fr\\\/en\\\/?s={search_term_string}\"},\"query-input\":{\"@type\":\"PropertyValueSpecification\",\"valueRequired\":true,\"valueName\":\"search_term_string\"}}],\"inLanguage\":\"en-US\"}]}<\/script>\n<!-- \/ Yoast SEO plugin. -->","yoast_head_json":{"title":"ANTI LICHEN 30 - Hydrachim","robots":{"index":"index","follow":"follow","max-snippet":"max-snippet:-1","max-image-preview":"max-image-preview:large","max-video-preview":"max-video-preview:-1"},"canonical":"https:\/\/www.hydrachim.fr\/en\/produit\/anti_lichen_30_003213405\/","og_locale":"en_US","og_type":"article","og_title":"ANTI LICHEN 30 - Hydrachim","og_description":"Anti-lichen 30 Concentr\u00e9","og_url":"https:\/\/www.hydrachim.fr\/en\/produit\/anti_lichen_30_003213405\/","og_site_name":"Hydrachim","article_modified_time":"2026-04-16T14:29:08+00:00","og_image":[{"width":600,"height":1026,"url":"https:\/\/www.hydrachim.fr\/app\/uploads\/2026\/04\/2134___ANTI_LICHEN_30___5L-1.png","type":"image\/png"}],"twitter_card":"summary_large_image","twitter_misc":{"Est. reading time":"1 minute"},"schema":{"@context":"https:\/\/schema.org","@graph":[{"@type":"WebPage","@id":"https:\/\/www.hydrachim.fr\/en\/produit\/anti_lichen_30_003213405\/","url":"https:\/\/www.hydrachim.fr\/en\/produit\/anti_lichen_30_003213405\/","name":"ANTI LICHEN 30 - Hydrachim","isPartOf":{"@id":"https:\/\/www.hydrachim.fr\/en\/#website"},"primaryImageOfPage":{"@id":"https:\/\/www.hydrachim.fr\/en\/produit\/anti_lichen_30_003213405\/#primaryimage"},"image":{"@id":"https:\/\/www.hydrachim.fr\/en\/produit\/anti_lichen_30_003213405\/#primaryimage"},"thumbnailUrl":"https:\/\/www.hydrachim.fr\/app\/uploads\/2026\/04\/2134___ANTI_LICHEN_30___5L-1.png","datePublished":"2025-12-19T10:08:11+00:00","dateModified":"2026-04-16T14:29:08+00:00","breadcrumb":{"@id":"https:\/\/www.hydrachim.fr\/en\/produit\/anti_lichen_30_003213405\/#breadcrumb"},"inLanguage":"en-US","potentialAction":[{"@type":"ReadAction","target":["https:\/\/www.hydrachim.fr\/en\/produit\/anti_lichen_30_003213405\/"]}]},{"@type":"ImageObject","inLanguage":"en-US","@id":"https:\/\/www.hydrachim.fr\/en\/produit\/anti_lichen_30_003213405\/#primaryimage","url":"https:\/\/www.hydrachim.fr\/app\/uploads\/2026\/04\/2134___ANTI_LICHEN_30___5L-1.png","contentUrl":"https:\/\/www.hydrachim.fr\/app\/uploads\/2026\/04\/2134___ANTI_LICHEN_30___5L-1.png","width":600,"height":1026},{"@type":"BreadcrumbList","@id":"https:\/\/www.hydrachim.fr\/en\/produit\/anti_lichen_30_003213405\/#breadcrumb","itemListElement":[{"@type":"ListItem","position":1,"name":"Home","item":"https:\/\/www.hydrachim.fr\/en\/"},{"@type":"ListItem","position":2,"name":"Boutique","item":"https:\/\/www.hydrachim.fr\/boutique\/"},{"@type":"ListItem","position":3,"name":"ANTI LICHEN 30"}]},{"@type":"WebSite","@id":"https:\/\/www.hydrachim.fr\/en\/#website","url":"https:\/\/www.hydrachim.fr\/en\/","name":"Hydrachim","description":"La science de l&#039;hygi\u00e8ne","potentialAction":[{"@type":"SearchAction","target":{"@type":"EntryPoint","urlTemplate":"https:\/\/www.hydrachim.fr\/en\/?s={search_term_string}"},"query-input":{"@type":"PropertyValueSpecification","valueRequired":true,"valueName":"search_term_string"}}],"inLanguage":"en-US"}]}},"acf":{"fiche_methode":"","fiche_technique":"https:\/\/www.hydrachim.fr\/app\/uploads\/2026\/03\/FT_2134_Kemnetpro_ANTI_LICHEN_30_CONCENTRE.pdf"},"_links":{"self":[{"href":"https:\/\/www.hydrachim.fr\/en\/wp-json\/wp\/v2\/product\/29855","targetHints":{"allow":["GET"]}}],"collection":[{"href":"https:\/\/www.hydrachim.fr\/en\/wp-json\/wp\/v2\/product"}],"about":[{"href":"https:\/\/www.hydrachim.fr\/en\/wp-json\/wp\/v2\/types\/product"}],"wp:featuredmedia":[{"embeddable":true,"href":"https:\/\/www.hydrachim.fr\/en\/wp-json\/wp\/v2\/media\/30967"}],"wp:attachment":[{"href":"https:\/\/www.hydrachim.fr\/en\/wp-json\/wp\/v2\/media?parent=29855"}],"wp:term":[{"taxonomy":"product_brand","embeddable":true,"href":"https:\/\/www.hydrachim.fr\/en\/wp-json\/wp\/v2\/product_brand?post=29855"},{"taxonomy":"product_type","embeddable":true,"href":"https:\/\/www.hydrachim.fr\/en\/wp-json\/wp\/v2\/product_type?post=29855"},{"taxonomy":"product_visibility","embeddable":true,"href":"https:\/\/www.hydrachim.fr\/en\/wp-json\/wp\/v2\/product_visibility?post=29855"},{"taxonomy":"product_cat","embeddable":true,"href":"https:\/\/www.hydrachim.fr\/en\/wp-json\/wp\/v2\/product_cat?post=29855"}],"curies":[{"name":"wp","href":"https:\/\/api.w.org\/{rel}","templated":true}]}}