{"id":23230,"date":"2025-11-24T13:19:14","date_gmt":"2025-11-24T11:19:14","guid":{"rendered":"https:\/\/www.hydrachim.fr\/?post_type=product&#038;p=23230"},"modified":"2026-03-02T15:47:52","modified_gmt":"2026-03-02T13:47:52","slug":"pastilles_lavage_four_002006401","status":"publish","type":"product","link":"https:\/\/www.hydrachim.fr\/en\/produit\/pastilles_lavage_four_002006401\/","title":{"rendered":"Pastilles Lavage Four"},"content":{"rendered":"<p><strong>Pastilles de haute agressivit\u00e9 pour les salissures et qui respectent au maximum les composants du four. Son action \u00e9nergique d\u00e9carbonise les r\u00e9sidus de cuisson et \u00e9limine les odeurs r\u00e9siduels.<\/strong><\/p>\n<p>Formule \u00e0 base de sels de potassium \u00e0 haute agressivit\u00e9 sur les salissures et qui respecte au maximum les composants du four, con\u00e7u pour la phase de nettoyage \u00e0 l\u2019int\u00e9rieur des chambres de cuisson des fours auto-nettoyants de cuisines professionnelles.<br \/>\n&#8211; Action \u00e9nergique d\u00e9carbonisante sur les r\u00e9sidus de cuisson.<br \/>\n&#8211; \u00c9limine les odeurs r\u00e9siduels<\/p>\n<p>Mode d&#8217;emploi :<br \/>\n&#8211; Placer la pastille dans le logement pr\u00e9vu. Si pas de logement, mettre la pastille sur la grille de la chambre avant de commencer me cycle de solubilisation.<br \/>\n&#8211; Mettre une quantit\u00e9 de pastilles pour le cycle de lavage selon les indications du fabricant du four.<br \/>\n&#8211; Utiliser de l\u2019eau \u00e0 une temp\u00e9rature d\u2019au moins 85\u00b0C pour permettre que la pastille se dissolve compl\u00e8tement.<br \/>\n&#8211; Une fois la phase de lavage termin\u00e9e, d\u00e9marrer un cycle de rin\u00e7age.<\/p>\n<p>Toujours manipuler la pastille avec des gants de protection.<\/p>\n<p><em>Seau de 6.6 Kg. R\u00e9f.002006401<\/em><\/p>\n","protected":false},"excerpt":{"rendered":"<p>Pastilles con\u00e7ues pour le lavage de l&#8217;int\u00e9rieur des chambres de cuisson des fours auto-nettoyants de cuisines professionnelles.<\/p>\n","protected":false},"featured_media":23227,"template":"","meta":[],"product_brand":[],"product_type":[2],"product_visibility":[],"product_cat":[4117,4145],"class_list":{"0":"post-23230","1":"product","2":"type-product","3":"status-publish","4":"has-post-thumbnail","6":"product_cat-produitscuisine","7":"product_cat-marquesorlav","8":"product_tag-four","9":"product_tag-lavage","10":"product_tag-pastille","12":"first","13":"instock","14":"shipping-taxable","15":"product-type-simple"},"yoast_head":"<!-- This site is optimized with the Yoast SEO plugin v27.5 - https:\/\/yoast.com\/product\/yoast-seo-wordpress\/ -->\n<title>Pastilles Lavage Four - Hydrachim<\/title>\n<meta name=\"robots\" content=\"index, follow, max-snippet:-1, max-image-preview:large, max-video-preview:-1\" \/>\n<link rel=\"canonical\" href=\"https:\/\/www.hydrachim.fr\/en\/produit\/pastilles_lavage_four_002006401\/\" \/>\n<meta property=\"og:locale\" content=\"en_US\" \/>\n<meta property=\"og:type\" content=\"article\" \/>\n<meta property=\"og:title\" content=\"Pastilles Lavage Four - Hydrachim\" \/>\n<meta property=\"og:description\" content=\"Pastilles con\u00e7ues pour le lavage de l&#039;int\u00e9rieur des chambres de cuisson des fours auto-nettoyants de cuisines professionnelles.\" \/>\n<meta property=\"og:url\" content=\"https:\/\/www.hydrachim.fr\/en\/produit\/pastilles_lavage_four_002006401\/\" \/>\n<meta property=\"og:site_name\" content=\"Hydrachim\" \/>\n<meta property=\"article:modified_time\" content=\"2026-03-02T13:47:52+00:00\" \/>\n<meta property=\"og:image\" content=\"https:\/\/www.hydrachim.fr\/app\/uploads\/2025\/11\/Seau_pastilles_Lavage_four_0064___RVB.png\" \/>\n\t<meta property=\"og:image:width\" content=\"283\" \/>\n\t<meta property=\"og:image:height\" content=\"283\" \/>\n\t<meta property=\"og:image:type\" content=\"image\/png\" \/>\n<meta name=\"twitter:card\" content=\"summary_large_image\" \/>\n<meta name=\"twitter:label1\" content=\"Est. reading time\" \/>\n\t<meta name=\"twitter:data1\" content=\"1 minute\" \/>\n<script type=\"application\/ld+json\" class=\"yoast-schema-graph\">{\"@context\":\"https:\\\/\\\/schema.org\",\"@graph\":[{\"@type\":\"WebPage\",\"@id\":\"https:\\\/\\\/www.hydrachim.fr\\\/en\\\/produit\\\/pastilles_lavage_four_002006401\\\/\",\"url\":\"https:\\\/\\\/www.hydrachim.fr\\\/en\\\/produit\\\/pastilles_lavage_four_002006401\\\/\",\"name\":\"Pastilles Lavage Four - Hydrachim\",\"isPartOf\":{\"@id\":\"https:\\\/\\\/www.hydrachim.fr\\\/en\\\/#website\"},\"primaryImageOfPage\":{\"@id\":\"https:\\\/\\\/www.hydrachim.fr\\\/en\\\/produit\\\/pastilles_lavage_four_002006401\\\/#primaryimage\"},\"image\":{\"@id\":\"https:\\\/\\\/www.hydrachim.fr\\\/en\\\/produit\\\/pastilles_lavage_four_002006401\\\/#primaryimage\"},\"thumbnailUrl\":\"https:\\\/\\\/www.hydrachim.fr\\\/app\\\/uploads\\\/2025\\\/11\\\/Seau_pastilles_Lavage_four_0064___RVB.png\",\"datePublished\":\"2025-11-24T11:19:14+00:00\",\"dateModified\":\"2026-03-02T13:47:52+00:00\",\"breadcrumb\":{\"@id\":\"https:\\\/\\\/www.hydrachim.fr\\\/en\\\/produit\\\/pastilles_lavage_four_002006401\\\/#breadcrumb\"},\"inLanguage\":\"en-US\",\"potentialAction\":[{\"@type\":\"ReadAction\",\"target\":[\"https:\\\/\\\/www.hydrachim.fr\\\/en\\\/produit\\\/pastilles_lavage_four_002006401\\\/\"]}]},{\"@type\":\"ImageObject\",\"inLanguage\":\"en-US\",\"@id\":\"https:\\\/\\\/www.hydrachim.fr\\\/en\\\/produit\\\/pastilles_lavage_four_002006401\\\/#primaryimage\",\"url\":\"https:\\\/\\\/www.hydrachim.fr\\\/app\\\/uploads\\\/2025\\\/11\\\/Seau_pastilles_Lavage_four_0064___RVB.png\",\"contentUrl\":\"https:\\\/\\\/www.hydrachim.fr\\\/app\\\/uploads\\\/2025\\\/11\\\/Seau_pastilles_Lavage_four_0064___RVB.png\",\"width\":283,\"height\":283},{\"@type\":\"BreadcrumbList\",\"@id\":\"https:\\\/\\\/www.hydrachim.fr\\\/en\\\/produit\\\/pastilles_lavage_four_002006401\\\/#breadcrumb\",\"itemListElement\":[{\"@type\":\"ListItem\",\"position\":1,\"name\":\"Home\",\"item\":\"https:\\\/\\\/www.hydrachim.fr\\\/en\\\/\"},{\"@type\":\"ListItem\",\"position\":2,\"name\":\"Boutique\",\"item\":\"https:\\\/\\\/www.hydrachim.fr\\\/boutique\\\/\"},{\"@type\":\"ListItem\",\"position\":3,\"name\":\"Pastilles Lavage Four\"}]},{\"@type\":\"WebSite\",\"@id\":\"https:\\\/\\\/www.hydrachim.fr\\\/en\\\/#website\",\"url\":\"https:\\\/\\\/www.hydrachim.fr\\\/en\\\/\",\"name\":\"Hydrachim\",\"description\":\"La science de l&#039;hygi\u00e8ne\",\"potentialAction\":[{\"@type\":\"SearchAction\",\"target\":{\"@type\":\"EntryPoint\",\"urlTemplate\":\"https:\\\/\\\/www.hydrachim.fr\\\/en\\\/?s={search_term_string}\"},\"query-input\":{\"@type\":\"PropertyValueSpecification\",\"valueRequired\":true,\"valueName\":\"search_term_string\"}}],\"inLanguage\":\"en-US\"}]}<\/script>\n<!-- \/ Yoast SEO plugin. -->","yoast_head_json":{"title":"Pastilles Lavage Four - Hydrachim","robots":{"index":"index","follow":"follow","max-snippet":"max-snippet:-1","max-image-preview":"max-image-preview:large","max-video-preview":"max-video-preview:-1"},"canonical":"https:\/\/www.hydrachim.fr\/en\/produit\/pastilles_lavage_four_002006401\/","og_locale":"en_US","og_type":"article","og_title":"Pastilles Lavage Four - Hydrachim","og_description":"Pastilles con\u00e7ues pour le lavage de l'int\u00e9rieur des chambres de cuisson des fours auto-nettoyants de cuisines professionnelles.","og_url":"https:\/\/www.hydrachim.fr\/en\/produit\/pastilles_lavage_four_002006401\/","og_site_name":"Hydrachim","article_modified_time":"2026-03-02T13:47:52+00:00","og_image":[{"width":283,"height":283,"url":"https:\/\/www.hydrachim.fr\/app\/uploads\/2025\/11\/Seau_pastilles_Lavage_four_0064___RVB.png","type":"image\/png"}],"twitter_card":"summary_large_image","twitter_misc":{"Est. reading time":"1 minute"},"schema":{"@context":"https:\/\/schema.org","@graph":[{"@type":"WebPage","@id":"https:\/\/www.hydrachim.fr\/en\/produit\/pastilles_lavage_four_002006401\/","url":"https:\/\/www.hydrachim.fr\/en\/produit\/pastilles_lavage_four_002006401\/","name":"Pastilles Lavage Four - Hydrachim","isPartOf":{"@id":"https:\/\/www.hydrachim.fr\/en\/#website"},"primaryImageOfPage":{"@id":"https:\/\/www.hydrachim.fr\/en\/produit\/pastilles_lavage_four_002006401\/#primaryimage"},"image":{"@id":"https:\/\/www.hydrachim.fr\/en\/produit\/pastilles_lavage_four_002006401\/#primaryimage"},"thumbnailUrl":"https:\/\/www.hydrachim.fr\/app\/uploads\/2025\/11\/Seau_pastilles_Lavage_four_0064___RVB.png","datePublished":"2025-11-24T11:19:14+00:00","dateModified":"2026-03-02T13:47:52+00:00","breadcrumb":{"@id":"https:\/\/www.hydrachim.fr\/en\/produit\/pastilles_lavage_four_002006401\/#breadcrumb"},"inLanguage":"en-US","potentialAction":[{"@type":"ReadAction","target":["https:\/\/www.hydrachim.fr\/en\/produit\/pastilles_lavage_four_002006401\/"]}]},{"@type":"ImageObject","inLanguage":"en-US","@id":"https:\/\/www.hydrachim.fr\/en\/produit\/pastilles_lavage_four_002006401\/#primaryimage","url":"https:\/\/www.hydrachim.fr\/app\/uploads\/2025\/11\/Seau_pastilles_Lavage_four_0064___RVB.png","contentUrl":"https:\/\/www.hydrachim.fr\/app\/uploads\/2025\/11\/Seau_pastilles_Lavage_four_0064___RVB.png","width":283,"height":283},{"@type":"BreadcrumbList","@id":"https:\/\/www.hydrachim.fr\/en\/produit\/pastilles_lavage_four_002006401\/#breadcrumb","itemListElement":[{"@type":"ListItem","position":1,"name":"Home","item":"https:\/\/www.hydrachim.fr\/en\/"},{"@type":"ListItem","position":2,"name":"Boutique","item":"https:\/\/www.hydrachim.fr\/boutique\/"},{"@type":"ListItem","position":3,"name":"Pastilles Lavage Four"}]},{"@type":"WebSite","@id":"https:\/\/www.hydrachim.fr\/en\/#website","url":"https:\/\/www.hydrachim.fr\/en\/","name":"Hydrachim","description":"La science de l&#039;hygi\u00e8ne","potentialAction":[{"@type":"SearchAction","target":{"@type":"EntryPoint","urlTemplate":"https:\/\/www.hydrachim.fr\/en\/?s={search_term_string}"},"query-input":{"@type":"PropertyValueSpecification","valueRequired":true,"valueName":"search_term_string"}}],"inLanguage":"en-US"}]}},"acf":{"fiche_methode":"","fiche_technique":"https:\/\/www.hydrachim.fr\/app\/uploads\/2025\/12\/FT___0064___Pastilles_lavage_four.pdf"},"_links":{"self":[{"href":"https:\/\/www.hydrachim.fr\/en\/wp-json\/wp\/v2\/product\/23230","targetHints":{"allow":["GET"]}}],"collection":[{"href":"https:\/\/www.hydrachim.fr\/en\/wp-json\/wp\/v2\/product"}],"about":[{"href":"https:\/\/www.hydrachim.fr\/en\/wp-json\/wp\/v2\/types\/product"}],"wp:featuredmedia":[{"embeddable":true,"href":"https:\/\/www.hydrachim.fr\/en\/wp-json\/wp\/v2\/media\/23227"}],"wp:attachment":[{"href":"https:\/\/www.hydrachim.fr\/en\/wp-json\/wp\/v2\/media?parent=23230"}],"wp:term":[{"taxonomy":"product_brand","embeddable":true,"href":"https:\/\/www.hydrachim.fr\/en\/wp-json\/wp\/v2\/product_brand?post=23230"},{"taxonomy":"product_type","embeddable":true,"href":"https:\/\/www.hydrachim.fr\/en\/wp-json\/wp\/v2\/product_type?post=23230"},{"taxonomy":"product_visibility","embeddable":true,"href":"https:\/\/www.hydrachim.fr\/en\/wp-json\/wp\/v2\/product_visibility?post=23230"},{"taxonomy":"product_cat","embeddable":true,"href":"https:\/\/www.hydrachim.fr\/en\/wp-json\/wp\/v2\/product_cat?post=23230"}],"curies":[{"name":"wp","href":"https:\/\/api.w.org\/{rel}","templated":true}]}}