{"id":23229,"date":"2025-11-24T13:17:23","date_gmt":"2025-11-24T11:17:23","guid":{"rendered":"https:\/\/www.hydrachim.fr\/produit\/pastilles_lavage_four_002006401\/"},"modified":"2026-03-02T15:47:25","modified_gmt":"2026-03-02T13:47:25","slug":"pastilles_rincage_four_002006801","status":"publish","type":"product","link":"https:\/\/www.hydrachim.fr\/en\/produit\/pastilles_rincage_four_002006801\/","title":{"rendered":"Pastilles Rin\u00e7age Four"},"content":{"rendered":"<p><strong>Pastille con\u00e7ue pour rincer et d\u00e9tartrer la chambre des fours professionnels avec cycle de nettoyage automatique.<br \/>\nElle laisse la chambre de cuisson brillante.<\/p>\n<p>Les substances qui accompagnent la pastille ne sont pas agressives sur les mat\u00e9riaux de contact.<\/strong><\/p>\n<p>Pastille en poudre con\u00e7ue pour rincer et d\u00e9tartrer la chambre des fours professionnels avec cycle de nettoyage automatique.<br \/>\nElle laisse la chambre de cuisson brillante.<br \/>\nLes substances qui constituent la pastille ne sont pas agressives sur les mat\u00e9riaux de contact.<\/p>\n<p>Mode d&#8217;emploi :<br \/>\n&#8211; Placer la pastille dans le logement pr\u00e9vu. Si pas de logement, mettre la pastille sur la grille de la chambre avant de commencer me cycle de solubilisation.<br \/>\n&#8211; Mettre une quantit\u00e9 de pastilles pour le cycle de rin\u00e7age selon les indications du fabricant du four.<br \/>\n&#8211; Utiliser de l\u2019eau \u00e0 une temp\u00e9rature d\u2019au moins 85\u00b0C pour permettre que la pastille se dissolve compl\u00e8tement.<\/p>\n<p>Toujours manipuler la pastille avec des gants de protection.<\/p>\n<p><em>Seau de 6.6 Kg. R\u00e9f.002006801<\/em><\/p>\n","protected":false},"excerpt":{"rendered":"<p>Pastilles con\u00e7ues pour le rin\u00e7age de l&#8217;int\u00e9rieur des chambres de cuisson des fours auto-nettoyants de cuisines professionnelles.<\/p>\n","protected":false},"featured_media":23231,"template":"","meta":[],"product_brand":[],"product_type":[2],"product_visibility":[],"product_cat":[4117,4145],"class_list":{"0":"post-23229","1":"product","2":"type-product","3":"status-publish","4":"has-post-thumbnail","6":"product_cat-produitscuisine","7":"product_cat-marquesorlav","8":"product_tag-four","9":"product_tag-pastille","10":"product_tag-rincage","12":"first","13":"instock","14":"shipping-taxable","15":"product-type-simple"},"yoast_head":"<!-- This site is optimized with the Yoast SEO plugin v27.5 - https:\/\/yoast.com\/product\/yoast-seo-wordpress\/ -->\n<title>Pastilles Rin\u00e7age Four - Hydrachim<\/title>\n<meta name=\"robots\" content=\"index, follow, max-snippet:-1, max-image-preview:large, max-video-preview:-1\" \/>\n<link rel=\"canonical\" href=\"https:\/\/www.hydrachim.fr\/en\/produit\/pastilles_rincage_four_002006801\/\" \/>\n<meta property=\"og:locale\" content=\"en_US\" \/>\n<meta property=\"og:type\" content=\"article\" \/>\n<meta property=\"og:title\" content=\"Pastilles Rin\u00e7age Four - Hydrachim\" \/>\n<meta property=\"og:description\" content=\"Pastilles con\u00e7ues pour le rin\u00e7age de l&#039;int\u00e9rieur des chambres de cuisson des fours auto-nettoyants de cuisines professionnelles.\" \/>\n<meta property=\"og:url\" content=\"https:\/\/www.hydrachim.fr\/en\/produit\/pastilles_rincage_four_002006801\/\" \/>\n<meta property=\"og:site_name\" content=\"Hydrachim\" \/>\n<meta property=\"article:modified_time\" content=\"2026-03-02T13:47:25+00:00\" \/>\n<meta property=\"og:image\" content=\"https:\/\/www.hydrachim.fr\/app\/uploads\/2025\/11\/Seau_pastilles_Rin_age_four_0068___RVB.png\" \/>\n\t<meta property=\"og:image:width\" content=\"283\" \/>\n\t<meta property=\"og:image:height\" content=\"283\" \/>\n\t<meta property=\"og:image:type\" content=\"image\/png\" \/>\n<meta name=\"twitter:card\" content=\"summary_large_image\" \/>\n<meta name=\"twitter:label1\" content=\"Est. reading time\" \/>\n\t<meta name=\"twitter:data1\" content=\"1 minute\" \/>\n<script type=\"application\/ld+json\" class=\"yoast-schema-graph\">{\"@context\":\"https:\\\/\\\/schema.org\",\"@graph\":[{\"@type\":\"WebPage\",\"@id\":\"https:\\\/\\\/www.hydrachim.fr\\\/en\\\/produit\\\/pastilles_rincage_four_002006801\\\/\",\"url\":\"https:\\\/\\\/www.hydrachim.fr\\\/en\\\/produit\\\/pastilles_rincage_four_002006801\\\/\",\"name\":\"Pastilles Rin\u00e7age Four - Hydrachim\",\"isPartOf\":{\"@id\":\"https:\\\/\\\/www.hydrachim.fr\\\/en\\\/#website\"},\"primaryImageOfPage\":{\"@id\":\"https:\\\/\\\/www.hydrachim.fr\\\/en\\\/produit\\\/pastilles_rincage_four_002006801\\\/#primaryimage\"},\"image\":{\"@id\":\"https:\\\/\\\/www.hydrachim.fr\\\/en\\\/produit\\\/pastilles_rincage_four_002006801\\\/#primaryimage\"},\"thumbnailUrl\":\"https:\\\/\\\/www.hydrachim.fr\\\/app\\\/uploads\\\/2025\\\/11\\\/Seau_pastilles_Rin_age_four_0068___RVB.png\",\"datePublished\":\"2025-11-24T11:17:23+00:00\",\"dateModified\":\"2026-03-02T13:47:25+00:00\",\"breadcrumb\":{\"@id\":\"https:\\\/\\\/www.hydrachim.fr\\\/en\\\/produit\\\/pastilles_rincage_four_002006801\\\/#breadcrumb\"},\"inLanguage\":\"en-US\",\"potentialAction\":[{\"@type\":\"ReadAction\",\"target\":[\"https:\\\/\\\/www.hydrachim.fr\\\/en\\\/produit\\\/pastilles_rincage_four_002006801\\\/\"]}]},{\"@type\":\"ImageObject\",\"inLanguage\":\"en-US\",\"@id\":\"https:\\\/\\\/www.hydrachim.fr\\\/en\\\/produit\\\/pastilles_rincage_four_002006801\\\/#primaryimage\",\"url\":\"https:\\\/\\\/www.hydrachim.fr\\\/app\\\/uploads\\\/2025\\\/11\\\/Seau_pastilles_Rin_age_four_0068___RVB.png\",\"contentUrl\":\"https:\\\/\\\/www.hydrachim.fr\\\/app\\\/uploads\\\/2025\\\/11\\\/Seau_pastilles_Rin_age_four_0068___RVB.png\",\"width\":283,\"height\":283},{\"@type\":\"BreadcrumbList\",\"@id\":\"https:\\\/\\\/www.hydrachim.fr\\\/en\\\/produit\\\/pastilles_rincage_four_002006801\\\/#breadcrumb\",\"itemListElement\":[{\"@type\":\"ListItem\",\"position\":1,\"name\":\"Home\",\"item\":\"https:\\\/\\\/www.hydrachim.fr\\\/en\\\/\"},{\"@type\":\"ListItem\",\"position\":2,\"name\":\"Boutique\",\"item\":\"https:\\\/\\\/www.hydrachim.fr\\\/boutique\\\/\"},{\"@type\":\"ListItem\",\"position\":3,\"name\":\"Pastilles Rin\u00e7age Four\"}]},{\"@type\":\"WebSite\",\"@id\":\"https:\\\/\\\/www.hydrachim.fr\\\/en\\\/#website\",\"url\":\"https:\\\/\\\/www.hydrachim.fr\\\/en\\\/\",\"name\":\"Hydrachim\",\"description\":\"La science de l&#039;hygi\u00e8ne\",\"potentialAction\":[{\"@type\":\"SearchAction\",\"target\":{\"@type\":\"EntryPoint\",\"urlTemplate\":\"https:\\\/\\\/www.hydrachim.fr\\\/en\\\/?s={search_term_string}\"},\"query-input\":{\"@type\":\"PropertyValueSpecification\",\"valueRequired\":true,\"valueName\":\"search_term_string\"}}],\"inLanguage\":\"en-US\"}]}<\/script>\n<!-- \/ Yoast SEO plugin. -->","yoast_head_json":{"title":"Pastilles Rin\u00e7age Four - Hydrachim","robots":{"index":"index","follow":"follow","max-snippet":"max-snippet:-1","max-image-preview":"max-image-preview:large","max-video-preview":"max-video-preview:-1"},"canonical":"https:\/\/www.hydrachim.fr\/en\/produit\/pastilles_rincage_four_002006801\/","og_locale":"en_US","og_type":"article","og_title":"Pastilles Rin\u00e7age Four - Hydrachim","og_description":"Pastilles con\u00e7ues pour le rin\u00e7age de l'int\u00e9rieur des chambres de cuisson des fours auto-nettoyants de cuisines professionnelles.","og_url":"https:\/\/www.hydrachim.fr\/en\/produit\/pastilles_rincage_four_002006801\/","og_site_name":"Hydrachim","article_modified_time":"2026-03-02T13:47:25+00:00","og_image":[{"width":283,"height":283,"url":"https:\/\/www.hydrachim.fr\/app\/uploads\/2025\/11\/Seau_pastilles_Rin_age_four_0068___RVB.png","type":"image\/png"}],"twitter_card":"summary_large_image","twitter_misc":{"Est. reading time":"1 minute"},"schema":{"@context":"https:\/\/schema.org","@graph":[{"@type":"WebPage","@id":"https:\/\/www.hydrachim.fr\/en\/produit\/pastilles_rincage_four_002006801\/","url":"https:\/\/www.hydrachim.fr\/en\/produit\/pastilles_rincage_four_002006801\/","name":"Pastilles Rin\u00e7age Four - Hydrachim","isPartOf":{"@id":"https:\/\/www.hydrachim.fr\/en\/#website"},"primaryImageOfPage":{"@id":"https:\/\/www.hydrachim.fr\/en\/produit\/pastilles_rincage_four_002006801\/#primaryimage"},"image":{"@id":"https:\/\/www.hydrachim.fr\/en\/produit\/pastilles_rincage_four_002006801\/#primaryimage"},"thumbnailUrl":"https:\/\/www.hydrachim.fr\/app\/uploads\/2025\/11\/Seau_pastilles_Rin_age_four_0068___RVB.png","datePublished":"2025-11-24T11:17:23+00:00","dateModified":"2026-03-02T13:47:25+00:00","breadcrumb":{"@id":"https:\/\/www.hydrachim.fr\/en\/produit\/pastilles_rincage_four_002006801\/#breadcrumb"},"inLanguage":"en-US","potentialAction":[{"@type":"ReadAction","target":["https:\/\/www.hydrachim.fr\/en\/produit\/pastilles_rincage_four_002006801\/"]}]},{"@type":"ImageObject","inLanguage":"en-US","@id":"https:\/\/www.hydrachim.fr\/en\/produit\/pastilles_rincage_four_002006801\/#primaryimage","url":"https:\/\/www.hydrachim.fr\/app\/uploads\/2025\/11\/Seau_pastilles_Rin_age_four_0068___RVB.png","contentUrl":"https:\/\/www.hydrachim.fr\/app\/uploads\/2025\/11\/Seau_pastilles_Rin_age_four_0068___RVB.png","width":283,"height":283},{"@type":"BreadcrumbList","@id":"https:\/\/www.hydrachim.fr\/en\/produit\/pastilles_rincage_four_002006801\/#breadcrumb","itemListElement":[{"@type":"ListItem","position":1,"name":"Home","item":"https:\/\/www.hydrachim.fr\/en\/"},{"@type":"ListItem","position":2,"name":"Boutique","item":"https:\/\/www.hydrachim.fr\/boutique\/"},{"@type":"ListItem","position":3,"name":"Pastilles Rin\u00e7age Four"}]},{"@type":"WebSite","@id":"https:\/\/www.hydrachim.fr\/en\/#website","url":"https:\/\/www.hydrachim.fr\/en\/","name":"Hydrachim","description":"La science de l&#039;hygi\u00e8ne","potentialAction":[{"@type":"SearchAction","target":{"@type":"EntryPoint","urlTemplate":"https:\/\/www.hydrachim.fr\/en\/?s={search_term_string}"},"query-input":{"@type":"PropertyValueSpecification","valueRequired":true,"valueName":"search_term_string"}}],"inLanguage":"en-US"}]}},"acf":{"fiche_methode":"","fiche_technique":"https:\/\/www.hydrachim.fr\/app\/uploads\/2025\/12\/FT___0068___Pastilles_rin_age_four.pdf"},"_links":{"self":[{"href":"https:\/\/www.hydrachim.fr\/en\/wp-json\/wp\/v2\/product\/23229","targetHints":{"allow":["GET"]}}],"collection":[{"href":"https:\/\/www.hydrachim.fr\/en\/wp-json\/wp\/v2\/product"}],"about":[{"href":"https:\/\/www.hydrachim.fr\/en\/wp-json\/wp\/v2\/types\/product"}],"wp:featuredmedia":[{"embeddable":true,"href":"https:\/\/www.hydrachim.fr\/en\/wp-json\/wp\/v2\/media\/23231"}],"wp:attachment":[{"href":"https:\/\/www.hydrachim.fr\/en\/wp-json\/wp\/v2\/media?parent=23229"}],"wp:term":[{"taxonomy":"product_brand","embeddable":true,"href":"https:\/\/www.hydrachim.fr\/en\/wp-json\/wp\/v2\/product_brand?post=23229"},{"taxonomy":"product_type","embeddable":true,"href":"https:\/\/www.hydrachim.fr\/en\/wp-json\/wp\/v2\/product_type?post=23229"},{"taxonomy":"product_visibility","embeddable":true,"href":"https:\/\/www.hydrachim.fr\/en\/wp-json\/wp\/v2\/product_visibility?post=23229"},{"taxonomy":"product_cat","embeddable":true,"href":"https:\/\/www.hydrachim.fr\/en\/wp-json\/wp\/v2\/product_cat?post=23229"}],"curies":[{"name":"wp","href":"https:\/\/api.w.org\/{rel}","templated":true}]}}