{"id":23226,"date":"2025-11-24T12:08:06","date_gmt":"2025-11-24T10:08:06","guid":{"rendered":"https:\/\/www.hydrachim.fr\/?post_type=product&#038;p=23226"},"modified":"2026-03-16T13:04:48","modified_gmt":"2026-03-16T11:04:48","slug":"hydralin_p_001146582","status":"publish","type":"product","link":"https:\/\/www.hydrachim.fr\/en\/produit\/hydralin_p_001146582\/","title":{"rendered":"Hydralin P"},"content":{"rendered":"<p><strong>D\u00e9graissant sp\u00e9cial machine \u00e0 traire et robot de traite en eau dure. Fort pouvoir nettoyant et d\u00e9sincrustant.<\/strong><\/p>\n<p>HYDRALIN P est un produit liquide alcalin non chlor\u00e9, stable m\u00eame \u00e0 des temp\u00e9ratures \u00e9lev\u00e9es.<br \/>\nIl est utilis\u00e9 pour \u00e9liminer les souillures organiques dont le lait et les mati\u00e8res grasses.<br \/>\nIl peut \u00eatre utilis\u00e9 en robot de traite, machine \u00e0 traire, tanks et citernes.<\/p>\n<p><strong>Alcalin s\u00e9questrant non moussant, concentr\u00e9 avec une densit\u00e9 forte sp\u00e9ciale pour robots de traite.<\/strong><\/p>\n<p class=\"y-product y-product__product-subtitle\">Avantage :<\/p>\n<p>Efficace \u00e0 temp\u00e9rature \u00e9lev\u00e9e de 75\u00b0C \u00e0 95\u00b0C.<br \/>\nProduit utilisable en agriculture biologique conform\u00e9ment au r\u00e8glement (UE) 2018\/848 (et ses amendements).<\/p>\n<p>Disponible en :<br \/>\n&#8211; Bidon de 24 kg. R\u00e9f. 001146582<br \/>\n&#8211; F\u00fbt de 72 kg. R\u00e9f. 001146506<\/p>\n<p>Retrouvez le mode d&#8217;emploi et le dosage du produit en t\u00e9l\u00e9chargeant sa Fiche Technique.<\/p>\n<p><em>Ne jamais m\u00e9langer HYDRALIN P avec un produit acide.<\/em><\/p>\n","protected":false},"excerpt":{"rendered":"<p>Alcalin fort \u00e0 base de potasse pour machine \u00e0 traire et robot de traite.<\/p>\n","protected":false},"featured_media":30626,"template":"","meta":[],"product_brand":[],"product_type":[2],"product_visibility":[],"product_cat":[4154],"class_list":{"0":"post-23226","1":"product","2":"type-product","3":"status-publish","4":"has-post-thumbnail","6":"product_cat-marqueshydrachim-elevage","7":"product_tag-agriculture-biologique","8":"product_tag-alcalin","9":"product_tag-concentre","10":"product_tag-degraissant","11":"product_tag-desincrustant","12":"product_tag-detergent","13":"product_tag-nettoyant","14":"product_tag-non-moussant_1","15":"product_tag-robot-de-traite","16":"product_tag-tank","18":"first","19":"instock","20":"shipping-taxable","21":"product-type-simple"},"yoast_head":"<!-- This site is optimized with the Yoast SEO plugin v27.5 - https:\/\/yoast.com\/product\/yoast-seo-wordpress\/ -->\n<title>Hydralin P - Hydrachim<\/title>\n<meta name=\"robots\" content=\"index, follow, max-snippet:-1, max-image-preview:large, max-video-preview:-1\" \/>\n<link rel=\"canonical\" href=\"https:\/\/www.hydrachim.fr\/en\/produit\/hydralin_p_001146582\/\" \/>\n<meta property=\"og:locale\" content=\"en_US\" \/>\n<meta property=\"og:type\" content=\"article\" \/>\n<meta property=\"og:title\" content=\"Hydralin P - Hydrachim\" \/>\n<meta property=\"og:description\" content=\"Alcalin fort \u00e0 base de potasse pour machine \u00e0 traire et robot de traite.\" \/>\n<meta property=\"og:url\" content=\"https:\/\/www.hydrachim.fr\/en\/produit\/hydralin_p_001146582\/\" \/>\n<meta property=\"og:site_name\" content=\"Hydrachim\" \/>\n<meta property=\"article:modified_time\" content=\"2026-03-16T11:04:48+00:00\" \/>\n<meta property=\"og:image\" content=\"https:\/\/www.hydrachim.fr\/app\/uploads\/2026\/03\/HYDRALIN_P_24kg.png\" \/>\n\t<meta property=\"og:image:width\" content=\"729\" \/>\n\t<meta property=\"og:image:height\" content=\"1008\" \/>\n\t<meta property=\"og:image:type\" content=\"image\/png\" \/>\n<meta name=\"twitter:card\" content=\"summary_large_image\" \/>\n<meta name=\"twitter:label1\" content=\"Est. reading time\" \/>\n\t<meta name=\"twitter:data1\" content=\"1 minute\" \/>\n<script type=\"application\/ld+json\" class=\"yoast-schema-graph\">{\"@context\":\"https:\\\/\\\/schema.org\",\"@graph\":[{\"@type\":\"WebPage\",\"@id\":\"https:\\\/\\\/www.hydrachim.fr\\\/en\\\/produit\\\/hydralin_p_001146582\\\/\",\"url\":\"https:\\\/\\\/www.hydrachim.fr\\\/en\\\/produit\\\/hydralin_p_001146582\\\/\",\"name\":\"Hydralin P - Hydrachim\",\"isPartOf\":{\"@id\":\"https:\\\/\\\/www.hydrachim.fr\\\/en\\\/#website\"},\"primaryImageOfPage\":{\"@id\":\"https:\\\/\\\/www.hydrachim.fr\\\/en\\\/produit\\\/hydralin_p_001146582\\\/#primaryimage\"},\"image\":{\"@id\":\"https:\\\/\\\/www.hydrachim.fr\\\/en\\\/produit\\\/hydralin_p_001146582\\\/#primaryimage\"},\"thumbnailUrl\":\"https:\\\/\\\/www.hydrachim.fr\\\/app\\\/uploads\\\/2026\\\/03\\\/HYDRALIN_P_24kg.png\",\"datePublished\":\"2025-11-24T10:08:06+00:00\",\"dateModified\":\"2026-03-16T11:04:48+00:00\",\"breadcrumb\":{\"@id\":\"https:\\\/\\\/www.hydrachim.fr\\\/en\\\/produit\\\/hydralin_p_001146582\\\/#breadcrumb\"},\"inLanguage\":\"en-US\",\"potentialAction\":[{\"@type\":\"ReadAction\",\"target\":[\"https:\\\/\\\/www.hydrachim.fr\\\/en\\\/produit\\\/hydralin_p_001146582\\\/\"]}]},{\"@type\":\"ImageObject\",\"inLanguage\":\"en-US\",\"@id\":\"https:\\\/\\\/www.hydrachim.fr\\\/en\\\/produit\\\/hydralin_p_001146582\\\/#primaryimage\",\"url\":\"https:\\\/\\\/www.hydrachim.fr\\\/app\\\/uploads\\\/2026\\\/03\\\/HYDRALIN_P_24kg.png\",\"contentUrl\":\"https:\\\/\\\/www.hydrachim.fr\\\/app\\\/uploads\\\/2026\\\/03\\\/HYDRALIN_P_24kg.png\",\"width\":729,\"height\":1008},{\"@type\":\"BreadcrumbList\",\"@id\":\"https:\\\/\\\/www.hydrachim.fr\\\/en\\\/produit\\\/hydralin_p_001146582\\\/#breadcrumb\",\"itemListElement\":[{\"@type\":\"ListItem\",\"position\":1,\"name\":\"Home\",\"item\":\"https:\\\/\\\/www.hydrachim.fr\\\/en\\\/\"},{\"@type\":\"ListItem\",\"position\":2,\"name\":\"Boutique\",\"item\":\"https:\\\/\\\/www.hydrachim.fr\\\/boutique\\\/\"},{\"@type\":\"ListItem\",\"position\":3,\"name\":\"Hydralin P\"}]},{\"@type\":\"WebSite\",\"@id\":\"https:\\\/\\\/www.hydrachim.fr\\\/en\\\/#website\",\"url\":\"https:\\\/\\\/www.hydrachim.fr\\\/en\\\/\",\"name\":\"Hydrachim\",\"description\":\"La science de l&#039;hygi\u00e8ne\",\"potentialAction\":[{\"@type\":\"SearchAction\",\"target\":{\"@type\":\"EntryPoint\",\"urlTemplate\":\"https:\\\/\\\/www.hydrachim.fr\\\/en\\\/?s={search_term_string}\"},\"query-input\":{\"@type\":\"PropertyValueSpecification\",\"valueRequired\":true,\"valueName\":\"search_term_string\"}}],\"inLanguage\":\"en-US\"}]}<\/script>\n<!-- \/ Yoast SEO plugin. -->","yoast_head_json":{"title":"Hydralin P - Hydrachim","robots":{"index":"index","follow":"follow","max-snippet":"max-snippet:-1","max-image-preview":"max-image-preview:large","max-video-preview":"max-video-preview:-1"},"canonical":"https:\/\/www.hydrachim.fr\/en\/produit\/hydralin_p_001146582\/","og_locale":"en_US","og_type":"article","og_title":"Hydralin P - Hydrachim","og_description":"Alcalin fort \u00e0 base de potasse pour machine \u00e0 traire et robot de traite.","og_url":"https:\/\/www.hydrachim.fr\/en\/produit\/hydralin_p_001146582\/","og_site_name":"Hydrachim","article_modified_time":"2026-03-16T11:04:48+00:00","og_image":[{"width":729,"height":1008,"url":"https:\/\/www.hydrachim.fr\/app\/uploads\/2026\/03\/HYDRALIN_P_24kg.png","type":"image\/png"}],"twitter_card":"summary_large_image","twitter_misc":{"Est. reading time":"1 minute"},"schema":{"@context":"https:\/\/schema.org","@graph":[{"@type":"WebPage","@id":"https:\/\/www.hydrachim.fr\/en\/produit\/hydralin_p_001146582\/","url":"https:\/\/www.hydrachim.fr\/en\/produit\/hydralin_p_001146582\/","name":"Hydralin P - Hydrachim","isPartOf":{"@id":"https:\/\/www.hydrachim.fr\/en\/#website"},"primaryImageOfPage":{"@id":"https:\/\/www.hydrachim.fr\/en\/produit\/hydralin_p_001146582\/#primaryimage"},"image":{"@id":"https:\/\/www.hydrachim.fr\/en\/produit\/hydralin_p_001146582\/#primaryimage"},"thumbnailUrl":"https:\/\/www.hydrachim.fr\/app\/uploads\/2026\/03\/HYDRALIN_P_24kg.png","datePublished":"2025-11-24T10:08:06+00:00","dateModified":"2026-03-16T11:04:48+00:00","breadcrumb":{"@id":"https:\/\/www.hydrachim.fr\/en\/produit\/hydralin_p_001146582\/#breadcrumb"},"inLanguage":"en-US","potentialAction":[{"@type":"ReadAction","target":["https:\/\/www.hydrachim.fr\/en\/produit\/hydralin_p_001146582\/"]}]},{"@type":"ImageObject","inLanguage":"en-US","@id":"https:\/\/www.hydrachim.fr\/en\/produit\/hydralin_p_001146582\/#primaryimage","url":"https:\/\/www.hydrachim.fr\/app\/uploads\/2026\/03\/HYDRALIN_P_24kg.png","contentUrl":"https:\/\/www.hydrachim.fr\/app\/uploads\/2026\/03\/HYDRALIN_P_24kg.png","width":729,"height":1008},{"@type":"BreadcrumbList","@id":"https:\/\/www.hydrachim.fr\/en\/produit\/hydralin_p_001146582\/#breadcrumb","itemListElement":[{"@type":"ListItem","position":1,"name":"Home","item":"https:\/\/www.hydrachim.fr\/en\/"},{"@type":"ListItem","position":2,"name":"Boutique","item":"https:\/\/www.hydrachim.fr\/boutique\/"},{"@type":"ListItem","position":3,"name":"Hydralin P"}]},{"@type":"WebSite","@id":"https:\/\/www.hydrachim.fr\/en\/#website","url":"https:\/\/www.hydrachim.fr\/en\/","name":"Hydrachim","description":"La science de l&#039;hygi\u00e8ne","potentialAction":[{"@type":"SearchAction","target":{"@type":"EntryPoint","urlTemplate":"https:\/\/www.hydrachim.fr\/en\/?s={search_term_string}"},"query-input":{"@type":"PropertyValueSpecification","valueRequired":true,"valueName":"search_term_string"}}],"inLanguage":"en-US"}]}},"acf":{"fiche_methode":"","fiche_technique":"https:\/\/www.hydrachim.fr\/app\/uploads\/2025\/12\/HYDRACHIM_ELEVAGE_FT1465_HYDRALIN_P-2.pdf"},"_links":{"self":[{"href":"https:\/\/www.hydrachim.fr\/en\/wp-json\/wp\/v2\/product\/23226","targetHints":{"allow":["GET"]}}],"collection":[{"href":"https:\/\/www.hydrachim.fr\/en\/wp-json\/wp\/v2\/product"}],"about":[{"href":"https:\/\/www.hydrachim.fr\/en\/wp-json\/wp\/v2\/types\/product"}],"wp:featuredmedia":[{"embeddable":true,"href":"https:\/\/www.hydrachim.fr\/en\/wp-json\/wp\/v2\/media\/30626"}],"wp:attachment":[{"href":"https:\/\/www.hydrachim.fr\/en\/wp-json\/wp\/v2\/media?parent=23226"}],"wp:term":[{"taxonomy":"product_brand","embeddable":true,"href":"https:\/\/www.hydrachim.fr\/en\/wp-json\/wp\/v2\/product_brand?post=23226"},{"taxonomy":"product_type","embeddable":true,"href":"https:\/\/www.hydrachim.fr\/en\/wp-json\/wp\/v2\/product_type?post=23226"},{"taxonomy":"product_visibility","embeddable":true,"href":"https:\/\/www.hydrachim.fr\/en\/wp-json\/wp\/v2\/product_visibility?post=23226"},{"taxonomy":"product_cat","embeddable":true,"href":"https:\/\/www.hydrachim.fr\/en\/wp-json\/wp\/v2\/product_cat?post=23226"}],"curies":[{"name":"wp","href":"https:\/\/api.w.org\/{rel}","templated":true}]}}