{"id":22974,"date":"2025-10-23T10:25:09","date_gmt":"2025-10-23T08:25:09","guid":{"rendered":"https:\/\/www.hydrachim.fr\/?post_type=product&#038;p=22974"},"modified":"2025-10-23T10:31:51","modified_gmt":"2025-10-23T08:31:51","slug":"dosettes_deonet_2d_parfum_fleurs_dolivier_002185204","status":"publish","type":"product","link":"https:\/\/www.hydrachim.fr\/en\/produit\/dosettes_deonet_2d_parfum_fleurs_dolivier_002185204\/","title":{"rendered":"DOSETTES DEONET 2D PARFUM FLEURS D&#8217;OLIVIER"},"content":{"rendered":"<p>DEONET 2D parfum fleurs d&#8217;olivier est un nettoyant surodorant utilisable sur tous les types de sol. A base d&#8217;ingr\u00e9dients d&#8217;origine v\u00e9g\u00e9tale et min\u00e9rale. Dosette enti\u00e8rement recyclable gr\u00e2ce \u00e0 son emballage mono-mat\u00e9riau.<br \/>\nDEONET 2D neutralise les mauvaises odeurs. Il est tr\u00e8s r\u00e9manent et laisse un agr\u00e9able parfum apr\u00e8s le nettoyage.<\/p>\n<p><strong>Diluer une dose de 16 mL de DEONET 2D dans un seau de 8 litres d\u2019eau ti\u00e8de. <\/strong><\/p>\n<p class=\"y-product y-product__product-subtitle\">Avantage :<\/p>\n<p>R\u00e9f. 002185204 &#8211; Carton de 250 dosettes de 16mL. <\/p>\n<p><em>Tenir hors de port\u00e9e des enfants. Produit strictement professionnel. Formule (N\u00b01852) d\u00e9pos\u00e9e au centre antipoison europ\u00e9en (PCN). N\u00b0 d\u2019appel d\u2019urgence ORFILA : + 33 (0)1 45 42 59 59. Fiche de donn\u00e9es de s\u00e9curit\u00e9 disponible sur www.hydrachim.fr. Processus de production incluant une sous-traitance partielle. <\/em><\/p>\n","protected":false},"excerpt":{"rendered":"<p>Dosette nettoyant surodorant utilisable sur tous les types de sol.<\/p>\n","protected":false},"featured_media":22975,"template":"","meta":[],"product_brand":[],"product_type":[2],"product_visibility":[],"product_cat":[4189,4127],"class_list":{"0":"post-22974","1":"product","2":"type-product","3":"status-publish","4":"has-post-thumbnail","6":"product_cat-marquesidegreen","7":"product_cat-produitssurface-sol","8":"product_tag-2d","9":"product_tag-dosette","10":"product_tag-fleur-dolivier","11":"product_tag-sol","13":"first","14":"instock","15":"shipping-taxable","16":"product-type-simple"},"yoast_head":"<!-- This site is optimized with the Yoast SEO plugin v27.5 - https:\/\/yoast.com\/product\/yoast-seo-wordpress\/ -->\n<title>DOSETTES DEONET 2D PARFUM FLEURS D&#039;OLIVIER - Hydrachim<\/title>\n<meta name=\"robots\" content=\"index, follow, max-snippet:-1, max-image-preview:large, max-video-preview:-1\" \/>\n<link rel=\"canonical\" href=\"https:\/\/www.hydrachim.fr\/en\/produit\/dosettes_deonet_2d_parfum_fleurs_dolivier_002185204\/\" \/>\n<meta property=\"og:locale\" content=\"en_US\" \/>\n<meta property=\"og:type\" content=\"article\" \/>\n<meta property=\"og:title\" content=\"DOSETTES DEONET 2D PARFUM FLEURS D&#039;OLIVIER - Hydrachim\" \/>\n<meta property=\"og:description\" content=\"Dosette nettoyant surodorant utilisable sur tous les types de sol.\" \/>\n<meta property=\"og:url\" content=\"https:\/\/www.hydrachim.fr\/en\/produit\/dosettes_deonet_2d_parfum_fleurs_dolivier_002185204\/\" \/>\n<meta property=\"og:site_name\" content=\"Hydrachim\" \/>\n<meta property=\"article:modified_time\" content=\"2025-10-23T08:31:51+00:00\" \/>\n<meta property=\"og:image\" content=\"https:\/\/www.hydrachim.fr\/app\/uploads\/2025\/10\/1852___DEONET_2D_PARFUM_FLEUR_D_OLIVIER___DOSETTE_16ML-scaled.jpg\" \/>\n\t<meta property=\"og:image:width\" content=\"2560\" \/>\n\t<meta property=\"og:image:height\" content=\"1707\" \/>\n\t<meta property=\"og:image:type\" content=\"image\/jpeg\" \/>\n<meta name=\"twitter:card\" content=\"summary_large_image\" \/>\n<meta name=\"twitter:label1\" content=\"Est. reading time\" \/>\n\t<meta name=\"twitter:data1\" content=\"1 minute\" \/>\n<script type=\"application\/ld+json\" class=\"yoast-schema-graph\">{\"@context\":\"https:\\\/\\\/schema.org\",\"@graph\":[{\"@type\":\"WebPage\",\"@id\":\"https:\\\/\\\/www.hydrachim.fr\\\/en\\\/produit\\\/dosettes_deonet_2d_parfum_fleurs_dolivier_002185204\\\/\",\"url\":\"https:\\\/\\\/www.hydrachim.fr\\\/en\\\/produit\\\/dosettes_deonet_2d_parfum_fleurs_dolivier_002185204\\\/\",\"name\":\"DOSETTES DEONET 2D PARFUM FLEURS D'OLIVIER - Hydrachim\",\"isPartOf\":{\"@id\":\"https:\\\/\\\/www.hydrachim.fr\\\/en\\\/#website\"},\"primaryImageOfPage\":{\"@id\":\"https:\\\/\\\/www.hydrachim.fr\\\/en\\\/produit\\\/dosettes_deonet_2d_parfum_fleurs_dolivier_002185204\\\/#primaryimage\"},\"image\":{\"@id\":\"https:\\\/\\\/www.hydrachim.fr\\\/en\\\/produit\\\/dosettes_deonet_2d_parfum_fleurs_dolivier_002185204\\\/#primaryimage\"},\"thumbnailUrl\":\"https:\\\/\\\/www.hydrachim.fr\\\/app\\\/uploads\\\/2025\\\/10\\\/1852___DEONET_2D_PARFUM_FLEUR_D_OLIVIER___DOSETTE_16ML-scaled.jpg\",\"datePublished\":\"2025-10-23T08:25:09+00:00\",\"dateModified\":\"2025-10-23T08:31:51+00:00\",\"breadcrumb\":{\"@id\":\"https:\\\/\\\/www.hydrachim.fr\\\/en\\\/produit\\\/dosettes_deonet_2d_parfum_fleurs_dolivier_002185204\\\/#breadcrumb\"},\"inLanguage\":\"en-US\",\"potentialAction\":[{\"@type\":\"ReadAction\",\"target\":[\"https:\\\/\\\/www.hydrachim.fr\\\/en\\\/produit\\\/dosettes_deonet_2d_parfum_fleurs_dolivier_002185204\\\/\"]}]},{\"@type\":\"ImageObject\",\"inLanguage\":\"en-US\",\"@id\":\"https:\\\/\\\/www.hydrachim.fr\\\/en\\\/produit\\\/dosettes_deonet_2d_parfum_fleurs_dolivier_002185204\\\/#primaryimage\",\"url\":\"https:\\\/\\\/www.hydrachim.fr\\\/app\\\/uploads\\\/2025\\\/10\\\/1852___DEONET_2D_PARFUM_FLEUR_D_OLIVIER___DOSETTE_16ML-scaled.jpg\",\"contentUrl\":\"https:\\\/\\\/www.hydrachim.fr\\\/app\\\/uploads\\\/2025\\\/10\\\/1852___DEONET_2D_PARFUM_FLEUR_D_OLIVIER___DOSETTE_16ML-scaled.jpg\",\"width\":2560,\"height\":1707},{\"@type\":\"BreadcrumbList\",\"@id\":\"https:\\\/\\\/www.hydrachim.fr\\\/en\\\/produit\\\/dosettes_deonet_2d_parfum_fleurs_dolivier_002185204\\\/#breadcrumb\",\"itemListElement\":[{\"@type\":\"ListItem\",\"position\":1,\"name\":\"Home\",\"item\":\"https:\\\/\\\/www.hydrachim.fr\\\/en\\\/\"},{\"@type\":\"ListItem\",\"position\":2,\"name\":\"Boutique\",\"item\":\"https:\\\/\\\/www.hydrachim.fr\\\/boutique\\\/\"},{\"@type\":\"ListItem\",\"position\":3,\"name\":\"DOSETTES DEONET 2D PARFUM FLEURS D&rsquo;OLIVIER\"}]},{\"@type\":\"WebSite\",\"@id\":\"https:\\\/\\\/www.hydrachim.fr\\\/en\\\/#website\",\"url\":\"https:\\\/\\\/www.hydrachim.fr\\\/en\\\/\",\"name\":\"Hydrachim\",\"description\":\"La science de l&#039;hygi\u00e8ne\",\"potentialAction\":[{\"@type\":\"SearchAction\",\"target\":{\"@type\":\"EntryPoint\",\"urlTemplate\":\"https:\\\/\\\/www.hydrachim.fr\\\/en\\\/?s={search_term_string}\"},\"query-input\":{\"@type\":\"PropertyValueSpecification\",\"valueRequired\":true,\"valueName\":\"search_term_string\"}}],\"inLanguage\":\"en-US\"}]}<\/script>\n<!-- \/ Yoast SEO plugin. -->","yoast_head_json":{"title":"DOSETTES DEONET 2D PARFUM FLEURS D'OLIVIER - Hydrachim","robots":{"index":"index","follow":"follow","max-snippet":"max-snippet:-1","max-image-preview":"max-image-preview:large","max-video-preview":"max-video-preview:-1"},"canonical":"https:\/\/www.hydrachim.fr\/en\/produit\/dosettes_deonet_2d_parfum_fleurs_dolivier_002185204\/","og_locale":"en_US","og_type":"article","og_title":"DOSETTES DEONET 2D PARFUM FLEURS D'OLIVIER - Hydrachim","og_description":"Dosette nettoyant surodorant utilisable sur tous les types de sol.","og_url":"https:\/\/www.hydrachim.fr\/en\/produit\/dosettes_deonet_2d_parfum_fleurs_dolivier_002185204\/","og_site_name":"Hydrachim","article_modified_time":"2025-10-23T08:31:51+00:00","og_image":[{"width":2560,"height":1707,"url":"https:\/\/www.hydrachim.fr\/app\/uploads\/2025\/10\/1852___DEONET_2D_PARFUM_FLEUR_D_OLIVIER___DOSETTE_16ML-scaled.jpg","type":"image\/jpeg"}],"twitter_card":"summary_large_image","twitter_misc":{"Est. reading time":"1 minute"},"schema":{"@context":"https:\/\/schema.org","@graph":[{"@type":"WebPage","@id":"https:\/\/www.hydrachim.fr\/en\/produit\/dosettes_deonet_2d_parfum_fleurs_dolivier_002185204\/","url":"https:\/\/www.hydrachim.fr\/en\/produit\/dosettes_deonet_2d_parfum_fleurs_dolivier_002185204\/","name":"DOSETTES DEONET 2D PARFUM FLEURS D'OLIVIER - Hydrachim","isPartOf":{"@id":"https:\/\/www.hydrachim.fr\/en\/#website"},"primaryImageOfPage":{"@id":"https:\/\/www.hydrachim.fr\/en\/produit\/dosettes_deonet_2d_parfum_fleurs_dolivier_002185204\/#primaryimage"},"image":{"@id":"https:\/\/www.hydrachim.fr\/en\/produit\/dosettes_deonet_2d_parfum_fleurs_dolivier_002185204\/#primaryimage"},"thumbnailUrl":"https:\/\/www.hydrachim.fr\/app\/uploads\/2025\/10\/1852___DEONET_2D_PARFUM_FLEUR_D_OLIVIER___DOSETTE_16ML-scaled.jpg","datePublished":"2025-10-23T08:25:09+00:00","dateModified":"2025-10-23T08:31:51+00:00","breadcrumb":{"@id":"https:\/\/www.hydrachim.fr\/en\/produit\/dosettes_deonet_2d_parfum_fleurs_dolivier_002185204\/#breadcrumb"},"inLanguage":"en-US","potentialAction":[{"@type":"ReadAction","target":["https:\/\/www.hydrachim.fr\/en\/produit\/dosettes_deonet_2d_parfum_fleurs_dolivier_002185204\/"]}]},{"@type":"ImageObject","inLanguage":"en-US","@id":"https:\/\/www.hydrachim.fr\/en\/produit\/dosettes_deonet_2d_parfum_fleurs_dolivier_002185204\/#primaryimage","url":"https:\/\/www.hydrachim.fr\/app\/uploads\/2025\/10\/1852___DEONET_2D_PARFUM_FLEUR_D_OLIVIER___DOSETTE_16ML-scaled.jpg","contentUrl":"https:\/\/www.hydrachim.fr\/app\/uploads\/2025\/10\/1852___DEONET_2D_PARFUM_FLEUR_D_OLIVIER___DOSETTE_16ML-scaled.jpg","width":2560,"height":1707},{"@type":"BreadcrumbList","@id":"https:\/\/www.hydrachim.fr\/en\/produit\/dosettes_deonet_2d_parfum_fleurs_dolivier_002185204\/#breadcrumb","itemListElement":[{"@type":"ListItem","position":1,"name":"Home","item":"https:\/\/www.hydrachim.fr\/en\/"},{"@type":"ListItem","position":2,"name":"Boutique","item":"https:\/\/www.hydrachim.fr\/boutique\/"},{"@type":"ListItem","position":3,"name":"DOSETTES DEONET 2D PARFUM FLEURS D&rsquo;OLIVIER"}]},{"@type":"WebSite","@id":"https:\/\/www.hydrachim.fr\/en\/#website","url":"https:\/\/www.hydrachim.fr\/en\/","name":"Hydrachim","description":"La science de l&#039;hygi\u00e8ne","potentialAction":[{"@type":"SearchAction","target":{"@type":"EntryPoint","urlTemplate":"https:\/\/www.hydrachim.fr\/en\/?s={search_term_string}"},"query-input":{"@type":"PropertyValueSpecification","valueRequired":true,"valueName":"search_term_string"}}],"inLanguage":"en-US"}]}},"acf":{"fiche_methode":"","fiche_technique":"https:\/\/www.hydrachim.fr\/app\/uploads\/2025\/10\/FT_1852_DOSETTES_DEONET_2D_PARFUM_FLEUR_D_OLIVIER.pdf"},"_links":{"self":[{"href":"https:\/\/www.hydrachim.fr\/en\/wp-json\/wp\/v2\/product\/22974","targetHints":{"allow":["GET"]}}],"collection":[{"href":"https:\/\/www.hydrachim.fr\/en\/wp-json\/wp\/v2\/product"}],"about":[{"href":"https:\/\/www.hydrachim.fr\/en\/wp-json\/wp\/v2\/types\/product"}],"wp:featuredmedia":[{"embeddable":true,"href":"https:\/\/www.hydrachim.fr\/en\/wp-json\/wp\/v2\/media\/22975"}],"wp:attachment":[{"href":"https:\/\/www.hydrachim.fr\/en\/wp-json\/wp\/v2\/media?parent=22974"}],"wp:term":[{"taxonomy":"product_brand","embeddable":true,"href":"https:\/\/www.hydrachim.fr\/en\/wp-json\/wp\/v2\/product_brand?post=22974"},{"taxonomy":"product_type","embeddable":true,"href":"https:\/\/www.hydrachim.fr\/en\/wp-json\/wp\/v2\/product_type?post=22974"},{"taxonomy":"product_visibility","embeddable":true,"href":"https:\/\/www.hydrachim.fr\/en\/wp-json\/wp\/v2\/product_visibility?post=22974"},{"taxonomy":"product_cat","embeddable":true,"href":"https:\/\/www.hydrachim.fr\/en\/wp-json\/wp\/v2\/product_cat?post=22974"}],"curies":[{"name":"wp","href":"https:\/\/api.w.org\/{rel}","templated":true}]}}