{"id":22677,"date":"2025-09-18T16:37:42","date_gmt":"2025-09-18T14:37:42","guid":{"rendered":"https:\/\/www.hydrachim.fr\/?post_type=product&#038;p=22677"},"modified":"2025-11-18T10:30:07","modified_gmt":"2025-11-18T08:30:07","slug":"cfr_2265_001098601","status":"publish","type":"product","link":"https:\/\/www.hydrachim.fr\/en\/produit\/cfr_2265_001098601\/","title":{"rendered":"CFR 2265"},"content":{"rendered":"<p><strong>CFR 2265 est une formulation liquide destin\u00e9e \u00e0 la lutte contre le d\u00e9veloppement des micro-organismes dans les circuits de refroidissement La formulation CFR 2265 a un effet bact\u00e9ricide sur les l\u00e9gionelles.<br \/>\n<\/strong><\/p>\n<p>CFR 2265 a un large spectre d\u2019activit\u00e9. Il est actif sur les champignons microscopiques (levures, moisissures), les bact\u00e9ries, dont celles g\u00e9n\u00e9ratrices de biofilm et les bact\u00e9ries sulfato-r\u00e9ductrices. Le pouvoir du biocide CFR 2265 n\u2019est pas affect\u00e9 par le pH.<\/p>\n<p><strong>Disponible en :<br \/>\nBidon de 20Kg<br \/>\nF\u00fbt de 220Kg<\/strong><\/p>\n<p class=\"y-product y-product__product-subtitle\">Avantage :<\/p>\n<p>CFR 2265 est inject\u00e9 pur dans le circuit par une station de dosage, en choc \u00e0 raison de 30 \u00e0 100 g\/m3 en routine et de 100 \u00e0 300 g\/m3 en curatif.<\/p>\n<p>La fr\u00e9quence des injections est fonction de l\u2019\u00e9tat d\u2019encrassement du circuit et de l\u2019\u00e9volution de la contamination bact\u00e9riologique. <\/p>\n<p>Retrouvez le mode d&#8217;emploi et le dosage du produit en t\u00e9l\u00e9chargeant, ci-dessous, sa Fiche Technique et\/ou sa Fiche M\u00e9thode.<\/p>\n<p><em>Utilisez les biocides avec pr\u00e9caution. Avant toute utilisation, lisez l&#8217;\u00e9tiquette et les informations concernant le produit.<\/em><\/p>\n","protected":false},"excerpt":{"rendered":"<p>Biocide Organique<\/p>\n","protected":false},"featured_media":22915,"template":"","meta":[],"product_brand":[],"product_type":[2],"product_visibility":[],"product_cat":[4726,4732,4175,4142,4143,4141,4724],"class_list":{"0":"post-22677","1":"product","2":"type-product","3":"status-publish","4":"has-post-thumbnail","6":"product_cat-produits-produitstraitement-des-eauxcircuit-refroidissement","7":"product_cat-marqueshydrachim-water","8":"product_cat-nouveautesindustries","9":"product_cat-marques","10":"product_cat-nouveautes","11":"product_cat-produits","12":"product_cat-produitstraitement-des-eaux","14":"first","15":"instock","16":"shipping-taxable","17":"product-type-simple"},"yoast_head":"<!-- This site is optimized with the Yoast SEO plugin v27.4 - https:\/\/yoast.com\/product\/yoast-seo-wordpress\/ -->\n<title>CFR 2265 - Hydrachim<\/title>\n<meta name=\"robots\" content=\"index, follow, max-snippet:-1, max-image-preview:large, max-video-preview:-1\" \/>\n<link rel=\"canonical\" href=\"https:\/\/www.hydrachim.fr\/en\/produit\/cfr_2265_001098601\/\" \/>\n<meta property=\"og:locale\" content=\"en_US\" \/>\n<meta property=\"og:type\" content=\"article\" \/>\n<meta property=\"og:title\" content=\"CFR 2265 - Hydrachim\" \/>\n<meta property=\"og:description\" content=\"Biocide Organique\" \/>\n<meta property=\"og:url\" content=\"https:\/\/www.hydrachim.fr\/en\/produit\/cfr_2265_001098601\/\" \/>\n<meta property=\"og:site_name\" content=\"Hydrachim\" \/>\n<meta property=\"article:modified_time\" content=\"2025-11-18T08:30:07+00:00\" \/>\n<meta property=\"og:image\" content=\"https:\/\/www.hydrachim.fr\/app\/uploads\/2025\/10\/CFR_2265_20KG.png\" \/>\n\t<meta property=\"og:image:width\" content=\"542\" \/>\n\t<meta property=\"og:image:height\" content=\"575\" \/>\n\t<meta property=\"og:image:type\" content=\"image\/png\" \/>\n<meta name=\"twitter:card\" content=\"summary_large_image\" \/>\n<meta name=\"twitter:label1\" content=\"Est. reading time\" \/>\n\t<meta name=\"twitter:data1\" content=\"1 minute\" \/>\n<script type=\"application\/ld+json\" class=\"yoast-schema-graph\">{\"@context\":\"https:\\\/\\\/schema.org\",\"@graph\":[{\"@type\":\"WebPage\",\"@id\":\"https:\\\/\\\/www.hydrachim.fr\\\/en\\\/produit\\\/cfr_2265_001098601\\\/\",\"url\":\"https:\\\/\\\/www.hydrachim.fr\\\/en\\\/produit\\\/cfr_2265_001098601\\\/\",\"name\":\"CFR 2265 - Hydrachim\",\"isPartOf\":{\"@id\":\"https:\\\/\\\/www.hydrachim.fr\\\/en\\\/#website\"},\"primaryImageOfPage\":{\"@id\":\"https:\\\/\\\/www.hydrachim.fr\\\/en\\\/produit\\\/cfr_2265_001098601\\\/#primaryimage\"},\"image\":{\"@id\":\"https:\\\/\\\/www.hydrachim.fr\\\/en\\\/produit\\\/cfr_2265_001098601\\\/#primaryimage\"},\"thumbnailUrl\":\"https:\\\/\\\/www.hydrachim.fr\\\/app\\\/uploads\\\/2025\\\/10\\\/CFR_2265_20KG.png\",\"datePublished\":\"2025-09-18T14:37:42+00:00\",\"dateModified\":\"2025-11-18T08:30:07+00:00\",\"breadcrumb\":{\"@id\":\"https:\\\/\\\/www.hydrachim.fr\\\/en\\\/produit\\\/cfr_2265_001098601\\\/#breadcrumb\"},\"inLanguage\":\"en-US\",\"potentialAction\":[{\"@type\":\"ReadAction\",\"target\":[\"https:\\\/\\\/www.hydrachim.fr\\\/en\\\/produit\\\/cfr_2265_001098601\\\/\"]}]},{\"@type\":\"ImageObject\",\"inLanguage\":\"en-US\",\"@id\":\"https:\\\/\\\/www.hydrachim.fr\\\/en\\\/produit\\\/cfr_2265_001098601\\\/#primaryimage\",\"url\":\"https:\\\/\\\/www.hydrachim.fr\\\/app\\\/uploads\\\/2025\\\/10\\\/CFR_2265_20KG.png\",\"contentUrl\":\"https:\\\/\\\/www.hydrachim.fr\\\/app\\\/uploads\\\/2025\\\/10\\\/CFR_2265_20KG.png\",\"width\":542,\"height\":575},{\"@type\":\"BreadcrumbList\",\"@id\":\"https:\\\/\\\/www.hydrachim.fr\\\/en\\\/produit\\\/cfr_2265_001098601\\\/#breadcrumb\",\"itemListElement\":[{\"@type\":\"ListItem\",\"position\":1,\"name\":\"Home\",\"item\":\"https:\\\/\\\/www.hydrachim.fr\\\/en\\\/\"},{\"@type\":\"ListItem\",\"position\":2,\"name\":\"Boutique\",\"item\":\"https:\\\/\\\/www.hydrachim.fr\\\/boutique\\\/\"},{\"@type\":\"ListItem\",\"position\":3,\"name\":\"CFR 2265\"}]},{\"@type\":\"WebSite\",\"@id\":\"https:\\\/\\\/www.hydrachim.fr\\\/en\\\/#website\",\"url\":\"https:\\\/\\\/www.hydrachim.fr\\\/en\\\/\",\"name\":\"Hydrachim\",\"description\":\"La science de l&#039;hygi\u00e8ne\",\"potentialAction\":[{\"@type\":\"SearchAction\",\"target\":{\"@type\":\"EntryPoint\",\"urlTemplate\":\"https:\\\/\\\/www.hydrachim.fr\\\/en\\\/?s={search_term_string}\"},\"query-input\":{\"@type\":\"PropertyValueSpecification\",\"valueRequired\":true,\"valueName\":\"search_term_string\"}}],\"inLanguage\":\"en-US\"}]}<\/script>\n<!-- \/ Yoast SEO plugin. -->","yoast_head_json":{"title":"CFR 2265 - Hydrachim","robots":{"index":"index","follow":"follow","max-snippet":"max-snippet:-1","max-image-preview":"max-image-preview:large","max-video-preview":"max-video-preview:-1"},"canonical":"https:\/\/www.hydrachim.fr\/en\/produit\/cfr_2265_001098601\/","og_locale":"en_US","og_type":"article","og_title":"CFR 2265 - Hydrachim","og_description":"Biocide Organique","og_url":"https:\/\/www.hydrachim.fr\/en\/produit\/cfr_2265_001098601\/","og_site_name":"Hydrachim","article_modified_time":"2025-11-18T08:30:07+00:00","og_image":[{"width":542,"height":575,"url":"https:\/\/www.hydrachim.fr\/app\/uploads\/2025\/10\/CFR_2265_20KG.png","type":"image\/png"}],"twitter_card":"summary_large_image","twitter_misc":{"Est. reading time":"1 minute"},"schema":{"@context":"https:\/\/schema.org","@graph":[{"@type":"WebPage","@id":"https:\/\/www.hydrachim.fr\/en\/produit\/cfr_2265_001098601\/","url":"https:\/\/www.hydrachim.fr\/en\/produit\/cfr_2265_001098601\/","name":"CFR 2265 - Hydrachim","isPartOf":{"@id":"https:\/\/www.hydrachim.fr\/en\/#website"},"primaryImageOfPage":{"@id":"https:\/\/www.hydrachim.fr\/en\/produit\/cfr_2265_001098601\/#primaryimage"},"image":{"@id":"https:\/\/www.hydrachim.fr\/en\/produit\/cfr_2265_001098601\/#primaryimage"},"thumbnailUrl":"https:\/\/www.hydrachim.fr\/app\/uploads\/2025\/10\/CFR_2265_20KG.png","datePublished":"2025-09-18T14:37:42+00:00","dateModified":"2025-11-18T08:30:07+00:00","breadcrumb":{"@id":"https:\/\/www.hydrachim.fr\/en\/produit\/cfr_2265_001098601\/#breadcrumb"},"inLanguage":"en-US","potentialAction":[{"@type":"ReadAction","target":["https:\/\/www.hydrachim.fr\/en\/produit\/cfr_2265_001098601\/"]}]},{"@type":"ImageObject","inLanguage":"en-US","@id":"https:\/\/www.hydrachim.fr\/en\/produit\/cfr_2265_001098601\/#primaryimage","url":"https:\/\/www.hydrachim.fr\/app\/uploads\/2025\/10\/CFR_2265_20KG.png","contentUrl":"https:\/\/www.hydrachim.fr\/app\/uploads\/2025\/10\/CFR_2265_20KG.png","width":542,"height":575},{"@type":"BreadcrumbList","@id":"https:\/\/www.hydrachim.fr\/en\/produit\/cfr_2265_001098601\/#breadcrumb","itemListElement":[{"@type":"ListItem","position":1,"name":"Home","item":"https:\/\/www.hydrachim.fr\/en\/"},{"@type":"ListItem","position":2,"name":"Boutique","item":"https:\/\/www.hydrachim.fr\/boutique\/"},{"@type":"ListItem","position":3,"name":"CFR 2265"}]},{"@type":"WebSite","@id":"https:\/\/www.hydrachim.fr\/en\/#website","url":"https:\/\/www.hydrachim.fr\/en\/","name":"Hydrachim","description":"La science de l&#039;hygi\u00e8ne","potentialAction":[{"@type":"SearchAction","target":{"@type":"EntryPoint","urlTemplate":"https:\/\/www.hydrachim.fr\/en\/?s={search_term_string}"},"query-input":{"@type":"PropertyValueSpecification","valueRequired":true,"valueName":"search_term_string"}}],"inLanguage":"en-US"}]}},"acf":{"fiche_methode":"","fiche_technique":"https:\/\/www.hydrachim.fr\/app\/uploads\/2025\/11\/HYDRACHIM_WATER_FT_0986_CFR_2265.pdf"},"_links":{"self":[{"href":"https:\/\/www.hydrachim.fr\/en\/wp-json\/wp\/v2\/product\/22677","targetHints":{"allow":["GET"]}}],"collection":[{"href":"https:\/\/www.hydrachim.fr\/en\/wp-json\/wp\/v2\/product"}],"about":[{"href":"https:\/\/www.hydrachim.fr\/en\/wp-json\/wp\/v2\/types\/product"}],"wp:featuredmedia":[{"embeddable":true,"href":"https:\/\/www.hydrachim.fr\/en\/wp-json\/wp\/v2\/media\/22915"}],"wp:attachment":[{"href":"https:\/\/www.hydrachim.fr\/en\/wp-json\/wp\/v2\/media?parent=22677"}],"wp:term":[{"taxonomy":"product_brand","embeddable":true,"href":"https:\/\/www.hydrachim.fr\/en\/wp-json\/wp\/v2\/product_brand?post=22677"},{"taxonomy":"product_type","embeddable":true,"href":"https:\/\/www.hydrachim.fr\/en\/wp-json\/wp\/v2\/product_type?post=22677"},{"taxonomy":"product_visibility","embeddable":true,"href":"https:\/\/www.hydrachim.fr\/en\/wp-json\/wp\/v2\/product_visibility?post=22677"},{"taxonomy":"product_cat","embeddable":true,"href":"https:\/\/www.hydrachim.fr\/en\/wp-json\/wp\/v2\/product_cat?post=22677"}],"curies":[{"name":"wp","href":"https:\/\/api.w.org\/{rel}","templated":true}]}}