{"id":22676,"date":"2025-09-18T16:34:39","date_gmt":"2025-09-18T14:34:39","guid":{"rendered":"https:\/\/www.hydrachim.fr\/?post_type=product&#038;p=22676"},"modified":"2025-11-18T10:42:24","modified_gmt":"2025-11-18T08:42:24","slug":"cfr_2360_1389","status":"publish","type":"product","link":"https:\/\/www.hydrachim.fr\/en\/produit\/cfr_2360_1389\/","title":{"rendered":"CFR 2360"},"content":{"rendered":"<p><strong>CFR 2360 est une formulation \u00e0 base de tensio-actifs et de dispersants destin\u00e9e \u00e0 am\u00e9liorer la performance des programmes biocides. Il est particuli\u00e8rement adapt\u00e9 pour les installations pr\u00e9sentant des conditions d\u2019encrassement par des mati\u00e8res organiques ou biofilms.<br \/>\n<\/strong><\/p>\n<p>CFR 2360 modifie la tension superficielle de l\u2019eau pour que l\u2019eau trait\u00e9e en biocide p\u00e9n\u00e8tre mieux les petites cavit\u00e9s et les structures organiques complexes comme le biofilm. Il permet de disperser les d\u00e9p\u00f4ts organiques d\u00e9j\u00e0 form\u00e9s et de pr\u00e9venir la formation de nouveaux d\u00e9p\u00f4ts.<\/p>\n<p><strong>Disponible en :<br \/>\nBidon de 20Kg<\/strong><\/p>\n<p class=\"y-product y-product__product-subtitle\">Avantage :<\/p>\n<p>CFR 2360 est compatible avec les programmes biocides de synth\u00e8se comme avec les programmes biocides oxydants.<br \/>\nCFR 2360 peut produire une mousse non consistante qui permet d\u2019atteindre les d\u00e9p\u00f4ts non immerg\u00e9s.<\/p>\n<p>CFR 2360 est inject\u00e9 pur principalement en continu au moyen d\u2019une station de dosage proportionnelle au d\u00e9bit d\u2019appoint ou du volume \u00e0 traiter. CFR 2360 est inject\u00e9 proportionnellement \u00e0 l\u2019eau d\u2019appoint \u00e0 raison de 10 \u00e0 40 g\/m3 en routine et de 50 \u00e0 200 mg\/l en curatif . Le dosage doit \u00eatre fonction de l\u2019importance de l\u2019encrassement potentiel.\n<\/p>\n<p>Retrouvez le mode d&#8217;emploi et le dosage du produit en t\u00e9l\u00e9chargeant, ci-dessous, sa Fiche Technique et\/ou sa Fiche M\u00e9thode.<\/p>\n<p><em>Utilisez les biocides avec pr\u00e9caution. Avant toute utilisation, lisez l&#8217;\u00e9tiquette et les informations concernant le produit.<\/em><\/p>\n","protected":false},"excerpt":{"rendered":"<p>Biodispersant<\/p>\n","protected":false},"featured_media":22913,"template":"","meta":[],"product_brand":[],"product_type":[2],"product_visibility":[],"product_cat":[4726,4732,4175,4142,4143,4141,4724],"class_list":{"0":"post-22676","1":"product","2":"type-product","3":"status-publish","4":"has-post-thumbnail","6":"product_cat-produits-produitstraitement-des-eauxcircuit-refroidissement","7":"product_cat-marqueshydrachim-water","8":"product_cat-nouveautesindustries","9":"product_cat-marques","10":"product_cat-nouveautes","11":"product_cat-produits","12":"product_cat-produitstraitement-des-eaux","14":"first","15":"instock","16":"shipping-taxable","17":"product-type-simple"},"yoast_head":"<!-- This site is optimized with the Yoast SEO plugin v27.4 - https:\/\/yoast.com\/product\/yoast-seo-wordpress\/ -->\n<title>CFR 2360 - Hydrachim<\/title>\n<meta name=\"robots\" content=\"index, follow, max-snippet:-1, max-image-preview:large, max-video-preview:-1\" \/>\n<link rel=\"canonical\" href=\"https:\/\/www.hydrachim.fr\/en\/produit\/cfr_2360_1389\/\" \/>\n<meta property=\"og:locale\" content=\"en_US\" \/>\n<meta property=\"og:type\" content=\"article\" \/>\n<meta property=\"og:title\" content=\"CFR 2360 - Hydrachim\" \/>\n<meta property=\"og:description\" content=\"Biodispersant\" \/>\n<meta property=\"og:url\" content=\"https:\/\/www.hydrachim.fr\/en\/produit\/cfr_2360_1389\/\" \/>\n<meta property=\"og:site_name\" content=\"Hydrachim\" \/>\n<meta property=\"article:modified_time\" content=\"2025-11-18T08:42:24+00:00\" \/>\n<meta property=\"og:image\" content=\"https:\/\/www.hydrachim.fr\/app\/uploads\/2025\/10\/CFR_2360_20KG.png\" \/>\n\t<meta property=\"og:image:width\" content=\"542\" \/>\n\t<meta property=\"og:image:height\" content=\"575\" \/>\n\t<meta property=\"og:image:type\" content=\"image\/png\" \/>\n<meta name=\"twitter:card\" content=\"summary_large_image\" \/>\n<meta name=\"twitter:label1\" content=\"Est. reading time\" \/>\n\t<meta name=\"twitter:data1\" content=\"1 minute\" \/>\n<script type=\"application\/ld+json\" class=\"yoast-schema-graph\">{\"@context\":\"https:\\\/\\\/schema.org\",\"@graph\":[{\"@type\":\"WebPage\",\"@id\":\"https:\\\/\\\/www.hydrachim.fr\\\/en\\\/produit\\\/cfr_2360_1389\\\/\",\"url\":\"https:\\\/\\\/www.hydrachim.fr\\\/en\\\/produit\\\/cfr_2360_1389\\\/\",\"name\":\"CFR 2360 - Hydrachim\",\"isPartOf\":{\"@id\":\"https:\\\/\\\/www.hydrachim.fr\\\/en\\\/#website\"},\"primaryImageOfPage\":{\"@id\":\"https:\\\/\\\/www.hydrachim.fr\\\/en\\\/produit\\\/cfr_2360_1389\\\/#primaryimage\"},\"image\":{\"@id\":\"https:\\\/\\\/www.hydrachim.fr\\\/en\\\/produit\\\/cfr_2360_1389\\\/#primaryimage\"},\"thumbnailUrl\":\"https:\\\/\\\/www.hydrachim.fr\\\/app\\\/uploads\\\/2025\\\/10\\\/CFR_2360_20KG.png\",\"datePublished\":\"2025-09-18T14:34:39+00:00\",\"dateModified\":\"2025-11-18T08:42:24+00:00\",\"breadcrumb\":{\"@id\":\"https:\\\/\\\/www.hydrachim.fr\\\/en\\\/produit\\\/cfr_2360_1389\\\/#breadcrumb\"},\"inLanguage\":\"en-US\",\"potentialAction\":[{\"@type\":\"ReadAction\",\"target\":[\"https:\\\/\\\/www.hydrachim.fr\\\/en\\\/produit\\\/cfr_2360_1389\\\/\"]}]},{\"@type\":\"ImageObject\",\"inLanguage\":\"en-US\",\"@id\":\"https:\\\/\\\/www.hydrachim.fr\\\/en\\\/produit\\\/cfr_2360_1389\\\/#primaryimage\",\"url\":\"https:\\\/\\\/www.hydrachim.fr\\\/app\\\/uploads\\\/2025\\\/10\\\/CFR_2360_20KG.png\",\"contentUrl\":\"https:\\\/\\\/www.hydrachim.fr\\\/app\\\/uploads\\\/2025\\\/10\\\/CFR_2360_20KG.png\",\"width\":542,\"height\":575},{\"@type\":\"BreadcrumbList\",\"@id\":\"https:\\\/\\\/www.hydrachim.fr\\\/en\\\/produit\\\/cfr_2360_1389\\\/#breadcrumb\",\"itemListElement\":[{\"@type\":\"ListItem\",\"position\":1,\"name\":\"Home\",\"item\":\"https:\\\/\\\/www.hydrachim.fr\\\/en\\\/\"},{\"@type\":\"ListItem\",\"position\":2,\"name\":\"Boutique\",\"item\":\"https:\\\/\\\/www.hydrachim.fr\\\/boutique\\\/\"},{\"@type\":\"ListItem\",\"position\":3,\"name\":\"CFR 2360\"}]},{\"@type\":\"WebSite\",\"@id\":\"https:\\\/\\\/www.hydrachim.fr\\\/en\\\/#website\",\"url\":\"https:\\\/\\\/www.hydrachim.fr\\\/en\\\/\",\"name\":\"Hydrachim\",\"description\":\"La science de l&#039;hygi\u00e8ne\",\"potentialAction\":[{\"@type\":\"SearchAction\",\"target\":{\"@type\":\"EntryPoint\",\"urlTemplate\":\"https:\\\/\\\/www.hydrachim.fr\\\/en\\\/?s={search_term_string}\"},\"query-input\":{\"@type\":\"PropertyValueSpecification\",\"valueRequired\":true,\"valueName\":\"search_term_string\"}}],\"inLanguage\":\"en-US\"}]}<\/script>\n<!-- \/ Yoast SEO plugin. -->","yoast_head_json":{"title":"CFR 2360 - Hydrachim","robots":{"index":"index","follow":"follow","max-snippet":"max-snippet:-1","max-image-preview":"max-image-preview:large","max-video-preview":"max-video-preview:-1"},"canonical":"https:\/\/www.hydrachim.fr\/en\/produit\/cfr_2360_1389\/","og_locale":"en_US","og_type":"article","og_title":"CFR 2360 - Hydrachim","og_description":"Biodispersant","og_url":"https:\/\/www.hydrachim.fr\/en\/produit\/cfr_2360_1389\/","og_site_name":"Hydrachim","article_modified_time":"2025-11-18T08:42:24+00:00","og_image":[{"width":542,"height":575,"url":"https:\/\/www.hydrachim.fr\/app\/uploads\/2025\/10\/CFR_2360_20KG.png","type":"image\/png"}],"twitter_card":"summary_large_image","twitter_misc":{"Est. reading time":"1 minute"},"schema":{"@context":"https:\/\/schema.org","@graph":[{"@type":"WebPage","@id":"https:\/\/www.hydrachim.fr\/en\/produit\/cfr_2360_1389\/","url":"https:\/\/www.hydrachim.fr\/en\/produit\/cfr_2360_1389\/","name":"CFR 2360 - Hydrachim","isPartOf":{"@id":"https:\/\/www.hydrachim.fr\/en\/#website"},"primaryImageOfPage":{"@id":"https:\/\/www.hydrachim.fr\/en\/produit\/cfr_2360_1389\/#primaryimage"},"image":{"@id":"https:\/\/www.hydrachim.fr\/en\/produit\/cfr_2360_1389\/#primaryimage"},"thumbnailUrl":"https:\/\/www.hydrachim.fr\/app\/uploads\/2025\/10\/CFR_2360_20KG.png","datePublished":"2025-09-18T14:34:39+00:00","dateModified":"2025-11-18T08:42:24+00:00","breadcrumb":{"@id":"https:\/\/www.hydrachim.fr\/en\/produit\/cfr_2360_1389\/#breadcrumb"},"inLanguage":"en-US","potentialAction":[{"@type":"ReadAction","target":["https:\/\/www.hydrachim.fr\/en\/produit\/cfr_2360_1389\/"]}]},{"@type":"ImageObject","inLanguage":"en-US","@id":"https:\/\/www.hydrachim.fr\/en\/produit\/cfr_2360_1389\/#primaryimage","url":"https:\/\/www.hydrachim.fr\/app\/uploads\/2025\/10\/CFR_2360_20KG.png","contentUrl":"https:\/\/www.hydrachim.fr\/app\/uploads\/2025\/10\/CFR_2360_20KG.png","width":542,"height":575},{"@type":"BreadcrumbList","@id":"https:\/\/www.hydrachim.fr\/en\/produit\/cfr_2360_1389\/#breadcrumb","itemListElement":[{"@type":"ListItem","position":1,"name":"Home","item":"https:\/\/www.hydrachim.fr\/en\/"},{"@type":"ListItem","position":2,"name":"Boutique","item":"https:\/\/www.hydrachim.fr\/boutique\/"},{"@type":"ListItem","position":3,"name":"CFR 2360"}]},{"@type":"WebSite","@id":"https:\/\/www.hydrachim.fr\/en\/#website","url":"https:\/\/www.hydrachim.fr\/en\/","name":"Hydrachim","description":"La science de l&#039;hygi\u00e8ne","potentialAction":[{"@type":"SearchAction","target":{"@type":"EntryPoint","urlTemplate":"https:\/\/www.hydrachim.fr\/en\/?s={search_term_string}"},"query-input":{"@type":"PropertyValueSpecification","valueRequired":true,"valueName":"search_term_string"}}],"inLanguage":"en-US"}]}},"acf":{"fiche_methode":"","fiche_technique":"https:\/\/www.hydrachim.fr\/app\/uploads\/2025\/11\/HYDRACHIM_WATER_FT_1389_CFR_2360.pdf"},"_links":{"self":[{"href":"https:\/\/www.hydrachim.fr\/en\/wp-json\/wp\/v2\/product\/22676","targetHints":{"allow":["GET"]}}],"collection":[{"href":"https:\/\/www.hydrachim.fr\/en\/wp-json\/wp\/v2\/product"}],"about":[{"href":"https:\/\/www.hydrachim.fr\/en\/wp-json\/wp\/v2\/types\/product"}],"wp:featuredmedia":[{"embeddable":true,"href":"https:\/\/www.hydrachim.fr\/en\/wp-json\/wp\/v2\/media\/22913"}],"wp:attachment":[{"href":"https:\/\/www.hydrachim.fr\/en\/wp-json\/wp\/v2\/media?parent=22676"}],"wp:term":[{"taxonomy":"product_brand","embeddable":true,"href":"https:\/\/www.hydrachim.fr\/en\/wp-json\/wp\/v2\/product_brand?post=22676"},{"taxonomy":"product_type","embeddable":true,"href":"https:\/\/www.hydrachim.fr\/en\/wp-json\/wp\/v2\/product_type?post=22676"},{"taxonomy":"product_visibility","embeddable":true,"href":"https:\/\/www.hydrachim.fr\/en\/wp-json\/wp\/v2\/product_visibility?post=22676"},{"taxonomy":"product_cat","embeddable":true,"href":"https:\/\/www.hydrachim.fr\/en\/wp-json\/wp\/v2\/product_cat?post=22676"}],"curies":[{"name":"wp","href":"https:\/\/api.w.org\/{rel}","templated":true}]}}