{"id":22668,"date":"2025-09-18T12:29:21","date_gmt":"2025-09-18T10:29:21","guid":{"rendered":"https:\/\/www.hydrachim.fr\/?post_type=product&#038;p=22668"},"modified":"2025-11-18T12:06:43","modified_gmt":"2025-11-18T10:06:43","slug":"cva_1440_001097004","status":"publish","type":"product","link":"https:\/\/www.hydrachim.fr\/en\/produit\/cva_1440_001097004\/","title":{"rendered":"CVA 1440"},"content":{"rendered":"<p><strong>CVA 1440 est adapt\u00e9 pour les chaudi\u00e8res vapeur basse et moyenne pression, aliment\u00e9es en eau non d\u00e9gaz\u00e9e thermiquement.<br \/>\n<\/strong><\/p>\n<p>CVA 1440 est un r\u00e9actif multifonctionnel qui conditionne l\u2019eau contre les d\u00e9p\u00f4ts et la corrosion de l\u2019alimentation des chaudi\u00e8res vapeur et des lignes de condensats :<br \/>\n&#8211; La pr\u00e9sence d\u2019un r\u00e9ducteur d\u2019oxyg\u00e8ne puissant emp\u00eache toute corrosion due \u00e0 l\u2019absence de d\u00e9gazage thermique.<br \/>\n&#8211; Le phosphate assure la s\u00e9questration des cations alcalino-terreux provenant d\u2019une fuite de duret\u00e9. Il participe \u00e9galement \u00e0 la formation d\u2019un film protecteur sur les parois m\u00e9talliques<br \/>\n&#8211; Le polym\u00e8re disperse et maintient en suspension les \u00e9ventuels pr\u00e9cipit\u00e9s et particules tels que les sels de calcium, silice et oxyde de fer.<br \/>\n&#8211; L\u2019amine \u00e9mise dans la vapeur neutralise, dans les condensats, l\u2019acide carbonique et permet de maintenir le pH des condensats au-dessus de 8,3.<br \/>\n&#8211; Son caract\u00e8re alcalin \u00e9vite l\u2019injection compl\u00e9mentaire d\u2019alcalinisant pour satisfaire aux normes TAC admises en chaudi\u00e8re et permet d\u2019\u00e9quilibrer le rapport SiO2\/TAC.<\/p>\n<p><strong>Disponible en :<br \/>\nBidon de 20 Kg<br \/>\nF\u00fbt de 220 Kg<br \/>\nIBC de 1000 Kg<\/strong><\/p>\n<p class=\"y-product y-product__product-subtitle\">Avantage :<\/p>\n<p>CVA 1440 peut \u00eatre inject\u00e9 pur ou en solution dilu\u00e9e par une station de dosage (simple ou proportionnelle).\n<\/p>\n<p>Le dosage g\u00e9n\u00e9ralisement pr\u00e9conis\u00e9 du CVA 1440 est de 80 g\/m\u00b3 par mg\/l d\u2019oxyg\u00e8ne dissous de mani\u00e8re \u00e0 maintenir les normes constructeurs.<\/p>\n<p>Retrouvez le mode d&#8217;emploi et le dosage du produit en t\u00e9l\u00e9chargeant, ci-dessous, sa Fiche Technique et\/ou sa Fiche M\u00e9thode.<\/p>\n<p><em>Utilisez les biocides avec pr\u00e9caution. Avant toute utilisation, lisez l&#8217;\u00e9tiquette et les informations concernant le produit.<\/em><\/p>\n","protected":false},"excerpt":{"rendered":"<p>Conditionnement int\u00e9gral pour chaudi\u00e8res vapeur<\/p>\n","protected":false},"featured_media":22901,"template":"","meta":[],"product_brand":[],"product_type":[2],"product_visibility":[],"product_cat":[4727,4732,4175,4142,4143,4141,4724],"class_list":{"0":"post-22668","1":"product","2":"type-product","3":"status-publish","4":"has-post-thumbnail","6":"product_cat-produits-produitstraitement-des-eauxchaudiere-vapeur","7":"product_cat-marqueshydrachim-water","8":"product_cat-nouveautesindustries","9":"product_cat-marques","10":"product_cat-nouveautes","11":"product_cat-produits","12":"product_cat-produitstraitement-des-eaux","14":"first","15":"instock","16":"shipping-taxable","17":"product-type-simple"},"yoast_head":"<!-- This site is optimized with the Yoast SEO plugin v27.6 - https:\/\/yoast.com\/product\/yoast-seo-wordpress\/ -->\n<title>CVA 1440 - Hydrachim<\/title>\n<meta name=\"robots\" content=\"index, follow, max-snippet:-1, max-image-preview:large, max-video-preview:-1\" \/>\n<link rel=\"canonical\" href=\"https:\/\/www.hydrachim.fr\/en\/produit\/cva_1440_001097004\/\" \/>\n<meta property=\"og:locale\" content=\"en_US\" \/>\n<meta property=\"og:type\" content=\"article\" \/>\n<meta property=\"og:title\" content=\"CVA 1440 - Hydrachim\" \/>\n<meta property=\"og:description\" content=\"Conditionnement int\u00e9gral pour chaudi\u00e8res vapeur\" \/>\n<meta property=\"og:url\" content=\"https:\/\/www.hydrachim.fr\/en\/produit\/cva_1440_001097004\/\" \/>\n<meta property=\"og:site_name\" content=\"Hydrachim\" \/>\n<meta property=\"article:modified_time\" content=\"2025-11-18T10:06:43+00:00\" \/>\n<meta property=\"og:image\" content=\"https:\/\/www.hydrachim.fr\/app\/uploads\/2025\/10\/CVA_1440_20KG.png\" \/>\n\t<meta property=\"og:image:width\" content=\"542\" \/>\n\t<meta property=\"og:image:height\" content=\"575\" \/>\n\t<meta property=\"og:image:type\" content=\"image\/png\" \/>\n<meta name=\"twitter:card\" content=\"summary_large_image\" \/>\n<meta name=\"twitter:label1\" content=\"Est. reading time\" \/>\n\t<meta name=\"twitter:data1\" content=\"1 minute\" \/>\n<script type=\"application\/ld+json\" class=\"yoast-schema-graph\">{\"@context\":\"https:\\\/\\\/schema.org\",\"@graph\":[{\"@type\":\"WebPage\",\"@id\":\"https:\\\/\\\/www.hydrachim.fr\\\/en\\\/produit\\\/cva_1440_001097004\\\/\",\"url\":\"https:\\\/\\\/www.hydrachim.fr\\\/en\\\/produit\\\/cva_1440_001097004\\\/\",\"name\":\"CVA 1440 - Hydrachim\",\"isPartOf\":{\"@id\":\"https:\\\/\\\/www.hydrachim.fr\\\/en\\\/#website\"},\"primaryImageOfPage\":{\"@id\":\"https:\\\/\\\/www.hydrachim.fr\\\/en\\\/produit\\\/cva_1440_001097004\\\/#primaryimage\"},\"image\":{\"@id\":\"https:\\\/\\\/www.hydrachim.fr\\\/en\\\/produit\\\/cva_1440_001097004\\\/#primaryimage\"},\"thumbnailUrl\":\"https:\\\/\\\/www.hydrachim.fr\\\/app\\\/uploads\\\/2025\\\/10\\\/CVA_1440_20KG.png\",\"datePublished\":\"2025-09-18T10:29:21+00:00\",\"dateModified\":\"2025-11-18T10:06:43+00:00\",\"breadcrumb\":{\"@id\":\"https:\\\/\\\/www.hydrachim.fr\\\/en\\\/produit\\\/cva_1440_001097004\\\/#breadcrumb\"},\"inLanguage\":\"en-US\",\"potentialAction\":[{\"@type\":\"ReadAction\",\"target\":[\"https:\\\/\\\/www.hydrachim.fr\\\/en\\\/produit\\\/cva_1440_001097004\\\/\"]}]},{\"@type\":\"ImageObject\",\"inLanguage\":\"en-US\",\"@id\":\"https:\\\/\\\/www.hydrachim.fr\\\/en\\\/produit\\\/cva_1440_001097004\\\/#primaryimage\",\"url\":\"https:\\\/\\\/www.hydrachim.fr\\\/app\\\/uploads\\\/2025\\\/10\\\/CVA_1440_20KG.png\",\"contentUrl\":\"https:\\\/\\\/www.hydrachim.fr\\\/app\\\/uploads\\\/2025\\\/10\\\/CVA_1440_20KG.png\",\"width\":542,\"height\":575},{\"@type\":\"BreadcrumbList\",\"@id\":\"https:\\\/\\\/www.hydrachim.fr\\\/en\\\/produit\\\/cva_1440_001097004\\\/#breadcrumb\",\"itemListElement\":[{\"@type\":\"ListItem\",\"position\":1,\"name\":\"Home\",\"item\":\"https:\\\/\\\/www.hydrachim.fr\\\/en\\\/\"},{\"@type\":\"ListItem\",\"position\":2,\"name\":\"Boutique\",\"item\":\"https:\\\/\\\/www.hydrachim.fr\\\/boutique\\\/\"},{\"@type\":\"ListItem\",\"position\":3,\"name\":\"CVA 1440\"}]},{\"@type\":\"WebSite\",\"@id\":\"https:\\\/\\\/www.hydrachim.fr\\\/en\\\/#website\",\"url\":\"https:\\\/\\\/www.hydrachim.fr\\\/en\\\/\",\"name\":\"Hydrachim\",\"description\":\"La science de l&#039;hygi\u00e8ne\",\"potentialAction\":[{\"@type\":\"SearchAction\",\"target\":{\"@type\":\"EntryPoint\",\"urlTemplate\":\"https:\\\/\\\/www.hydrachim.fr\\\/en\\\/?s={search_term_string}\"},\"query-input\":{\"@type\":\"PropertyValueSpecification\",\"valueRequired\":true,\"valueName\":\"search_term_string\"}}],\"inLanguage\":\"en-US\"}]}<\/script>\n<!-- \/ Yoast SEO plugin. -->","yoast_head_json":{"title":"CVA 1440 - Hydrachim","robots":{"index":"index","follow":"follow","max-snippet":"max-snippet:-1","max-image-preview":"max-image-preview:large","max-video-preview":"max-video-preview:-1"},"canonical":"https:\/\/www.hydrachim.fr\/en\/produit\/cva_1440_001097004\/","og_locale":"en_US","og_type":"article","og_title":"CVA 1440 - Hydrachim","og_description":"Conditionnement int\u00e9gral pour chaudi\u00e8res vapeur","og_url":"https:\/\/www.hydrachim.fr\/en\/produit\/cva_1440_001097004\/","og_site_name":"Hydrachim","article_modified_time":"2025-11-18T10:06:43+00:00","og_image":[{"width":542,"height":575,"url":"https:\/\/www.hydrachim.fr\/app\/uploads\/2025\/10\/CVA_1440_20KG.png","type":"image\/png"}],"twitter_card":"summary_large_image","twitter_misc":{"Est. reading time":"1 minute"},"schema":{"@context":"https:\/\/schema.org","@graph":[{"@type":"WebPage","@id":"https:\/\/www.hydrachim.fr\/en\/produit\/cva_1440_001097004\/","url":"https:\/\/www.hydrachim.fr\/en\/produit\/cva_1440_001097004\/","name":"CVA 1440 - Hydrachim","isPartOf":{"@id":"https:\/\/www.hydrachim.fr\/en\/#website"},"primaryImageOfPage":{"@id":"https:\/\/www.hydrachim.fr\/en\/produit\/cva_1440_001097004\/#primaryimage"},"image":{"@id":"https:\/\/www.hydrachim.fr\/en\/produit\/cva_1440_001097004\/#primaryimage"},"thumbnailUrl":"https:\/\/www.hydrachim.fr\/app\/uploads\/2025\/10\/CVA_1440_20KG.png","datePublished":"2025-09-18T10:29:21+00:00","dateModified":"2025-11-18T10:06:43+00:00","breadcrumb":{"@id":"https:\/\/www.hydrachim.fr\/en\/produit\/cva_1440_001097004\/#breadcrumb"},"inLanguage":"en-US","potentialAction":[{"@type":"ReadAction","target":["https:\/\/www.hydrachim.fr\/en\/produit\/cva_1440_001097004\/"]}]},{"@type":"ImageObject","inLanguage":"en-US","@id":"https:\/\/www.hydrachim.fr\/en\/produit\/cva_1440_001097004\/#primaryimage","url":"https:\/\/www.hydrachim.fr\/app\/uploads\/2025\/10\/CVA_1440_20KG.png","contentUrl":"https:\/\/www.hydrachim.fr\/app\/uploads\/2025\/10\/CVA_1440_20KG.png","width":542,"height":575},{"@type":"BreadcrumbList","@id":"https:\/\/www.hydrachim.fr\/en\/produit\/cva_1440_001097004\/#breadcrumb","itemListElement":[{"@type":"ListItem","position":1,"name":"Home","item":"https:\/\/www.hydrachim.fr\/en\/"},{"@type":"ListItem","position":2,"name":"Boutique","item":"https:\/\/www.hydrachim.fr\/boutique\/"},{"@type":"ListItem","position":3,"name":"CVA 1440"}]},{"@type":"WebSite","@id":"https:\/\/www.hydrachim.fr\/en\/#website","url":"https:\/\/www.hydrachim.fr\/en\/","name":"Hydrachim","description":"La science de l&#039;hygi\u00e8ne","potentialAction":[{"@type":"SearchAction","target":{"@type":"EntryPoint","urlTemplate":"https:\/\/www.hydrachim.fr\/en\/?s={search_term_string}"},"query-input":{"@type":"PropertyValueSpecification","valueRequired":true,"valueName":"search_term_string"}}],"inLanguage":"en-US"}]}},"acf":{"fiche_methode":"","fiche_technique":"https:\/\/www.hydrachim.fr\/app\/uploads\/2025\/11\/HYDRACHIM_WATER_FR_0970_CVA_1440.pdf"},"_links":{"self":[{"href":"https:\/\/www.hydrachim.fr\/en\/wp-json\/wp\/v2\/product\/22668","targetHints":{"allow":["GET"]}}],"collection":[{"href":"https:\/\/www.hydrachim.fr\/en\/wp-json\/wp\/v2\/product"}],"about":[{"href":"https:\/\/www.hydrachim.fr\/en\/wp-json\/wp\/v2\/types\/product"}],"wp:featuredmedia":[{"embeddable":true,"href":"https:\/\/www.hydrachim.fr\/en\/wp-json\/wp\/v2\/media\/22901"}],"wp:attachment":[{"href":"https:\/\/www.hydrachim.fr\/en\/wp-json\/wp\/v2\/media?parent=22668"}],"wp:term":[{"taxonomy":"product_brand","embeddable":true,"href":"https:\/\/www.hydrachim.fr\/en\/wp-json\/wp\/v2\/product_brand?post=22668"},{"taxonomy":"product_type","embeddable":true,"href":"https:\/\/www.hydrachim.fr\/en\/wp-json\/wp\/v2\/product_type?post=22668"},{"taxonomy":"product_visibility","embeddable":true,"href":"https:\/\/www.hydrachim.fr\/en\/wp-json\/wp\/v2\/product_visibility?post=22668"},{"taxonomy":"product_cat","embeddable":true,"href":"https:\/\/www.hydrachim.fr\/en\/wp-json\/wp\/v2\/product_cat?post=22668"}],"curies":[{"name":"wp","href":"https:\/\/api.w.org\/{rel}","templated":true}]}}