{"id":22653,"date":"2025-09-17T14:44:26","date_gmt":"2025-09-17T12:44:26","guid":{"rendered":"https:\/\/www.hydrachim.fr\/?post_type=product&#038;p=22653"},"modified":"2026-01-26T15:45:06","modified_gmt":"2026-01-26T13:45:06","slug":"bactidor_v-o-_pin_eucalyptus_002554294","status":"publish","type":"product","link":"https:\/\/www.hydrachim.fr\/en\/produit\/bactidor_v-o-_pin_eucalyptus_002554294\/","title":{"rendered":"BACTIDOR V.O. PIN EUCALYPTUS"},"content":{"rendered":"<p><strong>. Bact\u00e9ricide, fongicide, levuricide, virucide, sporicide, mycobact\u00e9ricide. (Pour plus de d\u00e9tails, se r\u00e9f\u00e9rer \u00e0 la fiche technique.)<br \/>\n. Faiblement moussant aux doses pr\u00e9conis\u00e9es, NOSOSURF PREMIUM peut \u00eatre utilis\u00e9 manuellement ou en autolaveuse et ne n\u00e9cessite aucun rin\u00e7age.<\/strong><\/p>\n<p>Nettoyant, d\u00e9sodorisant et d\u00e9sinfectant en int\u00e9rieur des \u00e9quipements et espaces li\u00e9s \u00e0 la gestion des d\u00e9chets : vide ordure, conteneurs, locaux techniques, gaines, bennes et v\u00e9hicules de collecte.<br \/>\nIl lutte contre les mauvaises odeurs grace \u00e0 son parfum(1) Pin Eucalyptus r\u00e9manent de 6h \u00e0 8h.<\/p>\n<p>Soutenue au niveau du r\u00e8glement biocide (CE) n\u00b0528\/2012 en vue d\u2019obtenir une AMM.<br \/>\nProduit enregistr\u00e9 sous BioCID. Produit utilis\u00e9 en TP2 . SL \u2013 Concentr\u00e9 soluble.<br \/>\n(1) Parfum de synth\u00e8se.<\/p>\n<p><strong>Disponible en :<br \/>\n&#8211; Carton de 4 x 5L.<\/strong><\/p>\n<p class=\"y-product y-product__product-subtitle\">Avantage :<\/p>\n<p>D\u00e9sinfectant utilisable en condition de salet\u00e9 g\u00e9n\u00e9rale et salet\u00e9 m\u00e9dicale, avec et sans action m\u00e9canique.<br \/>\nFabrication fran\u00e7aise.<\/p>\n<p>Retrouvez le mode d&#8217;emploi et le dosage du produit en t\u00e9l\u00e9chargeant sa Fiche Technique.<\/p>\n<p><em>Utilisez les biocides avec pr\u00e9caution. Avant toute utilisation, lire l&#8217;\u00e9tiquette et les informations concernant le produit.<br \/>\nProduit strictement professionnel.<br \/>\nAvant toute utilisation, assurez-vous que celle-ci est indispensable, notamment dans les lieux fr\u00e9quent\u00e9s par le grand public.<br \/>\nPrivil\u00e9giez chaque fois que possible les m\u00e9thodes alternatives et les produits pr\u00e9sentant le risque le plus faible pour la sant\u00e9 humaine et animale et pour l&#8217;environnement.<br \/>\nLa r\u00e9manence varie en fonction de la taille de la pi\u00e8ce, de la surface, de l&#8217;a\u00e9ration et du passage apr\u00e8s nettoyage.<br \/>\nTP2 : D\u00e9sinfectants utilis\u00e9s dans le domaine priv\u00e9 et dans le domaine de la sant\u00e9 publique et autres produits biocides.<\/em><\/p>\n","protected":false},"excerpt":{"rendered":"<p>Nettoyant &#8211; D\u00e9sinfectant &#8211; D\u00e9sodorisant vides ordures<\/p>\n","protected":false},"featured_media":30084,"template":"","meta":[],"product_brand":[],"product_type":[2],"product_visibility":[],"product_cat":[4111,4174,4128,4145,4112,4127],"class_list":{"0":"post-22653","1":"product","2":"type-product","3":"status-publish","4":"has-post-thumbnail","6":"product_cat-produitsdesinfection","7":"product_cat-nouveautesdesinfection","8":"product_cat-solentretien","9":"product_cat-marquesorlav","10":"product_cat-dsinfectionsurface","11":"product_cat-produitssurface-sol","12":"product_tag-3d","13":"product_tag-autolaveuse","14":"product_tag-bactericide","15":"product_tag-desinfectant","16":"product_tag-detergent","17":"product_tag-eucalyptus","18":"product_tag-levuricide","19":"product_tag-liquide","20":"product_tag-manuel","21":"product_tag-nettoyant","22":"product_tag-pin","23":"product_tag-surodorant","24":"product_tag-tp2","26":"first","27":"instock","28":"shipping-taxable","29":"product-type-simple"},"yoast_head":"<!-- This site is optimized with the Yoast SEO plugin v27.4 - https:\/\/yoast.com\/product\/yoast-seo-wordpress\/ -->\n<title>BACTIDOR V.O. PIN EUCALYPTUS - Hydrachim<\/title>\n<meta name=\"robots\" content=\"index, follow, max-snippet:-1, max-image-preview:large, max-video-preview:-1\" \/>\n<link rel=\"canonical\" href=\"https:\/\/www.hydrachim.fr\/en\/produit\/bactidor_v-o-_pin_eucalyptus_002554294\/\" \/>\n<meta property=\"og:locale\" content=\"en_US\" \/>\n<meta property=\"og:type\" content=\"article\" \/>\n<meta property=\"og:title\" content=\"BACTIDOR V.O. PIN EUCALYPTUS - Hydrachim\" \/>\n<meta property=\"og:description\" content=\"Nettoyant - D\u00e9sinfectant - D\u00e9sodorisant vides ordures\" \/>\n<meta property=\"og:url\" content=\"https:\/\/www.hydrachim.fr\/en\/produit\/bactidor_v-o-_pin_eucalyptus_002554294\/\" \/>\n<meta property=\"og:site_name\" content=\"Hydrachim\" \/>\n<meta property=\"article:modified_time\" content=\"2026-01-26T13:45:06+00:00\" \/>\n<meta property=\"og:image\" content=\"https:\/\/www.hydrachim.fr\/app\/uploads\/2026\/01\/5542___BACTIDOR_VO_Style_5L.png\" \/>\n\t<meta property=\"og:image:width\" content=\"450\" \/>\n\t<meta property=\"og:image:height\" content=\"778\" \/>\n\t<meta property=\"og:image:type\" content=\"image\/png\" \/>\n<meta name=\"twitter:card\" content=\"summary_large_image\" \/>\n<meta name=\"twitter:label1\" content=\"Est. reading time\" \/>\n\t<meta name=\"twitter:data1\" content=\"1 minute\" \/>\n<script type=\"application\/ld+json\" class=\"yoast-schema-graph\">{\"@context\":\"https:\\\/\\\/schema.org\",\"@graph\":[{\"@type\":\"WebPage\",\"@id\":\"https:\\\/\\\/www.hydrachim.fr\\\/en\\\/produit\\\/bactidor_v-o-_pin_eucalyptus_002554294\\\/\",\"url\":\"https:\\\/\\\/www.hydrachim.fr\\\/en\\\/produit\\\/bactidor_v-o-_pin_eucalyptus_002554294\\\/\",\"name\":\"BACTIDOR V.O. PIN EUCALYPTUS - Hydrachim\",\"isPartOf\":{\"@id\":\"https:\\\/\\\/www.hydrachim.fr\\\/en\\\/#website\"},\"primaryImageOfPage\":{\"@id\":\"https:\\\/\\\/www.hydrachim.fr\\\/en\\\/produit\\\/bactidor_v-o-_pin_eucalyptus_002554294\\\/#primaryimage\"},\"image\":{\"@id\":\"https:\\\/\\\/www.hydrachim.fr\\\/en\\\/produit\\\/bactidor_v-o-_pin_eucalyptus_002554294\\\/#primaryimage\"},\"thumbnailUrl\":\"https:\\\/\\\/www.hydrachim.fr\\\/app\\\/uploads\\\/2026\\\/01\\\/5542___BACTIDOR_VO_Style_5L.png\",\"datePublished\":\"2025-09-17T12:44:26+00:00\",\"dateModified\":\"2026-01-26T13:45:06+00:00\",\"breadcrumb\":{\"@id\":\"https:\\\/\\\/www.hydrachim.fr\\\/en\\\/produit\\\/bactidor_v-o-_pin_eucalyptus_002554294\\\/#breadcrumb\"},\"inLanguage\":\"en-US\",\"potentialAction\":[{\"@type\":\"ReadAction\",\"target\":[\"https:\\\/\\\/www.hydrachim.fr\\\/en\\\/produit\\\/bactidor_v-o-_pin_eucalyptus_002554294\\\/\"]}]},{\"@type\":\"ImageObject\",\"inLanguage\":\"en-US\",\"@id\":\"https:\\\/\\\/www.hydrachim.fr\\\/en\\\/produit\\\/bactidor_v-o-_pin_eucalyptus_002554294\\\/#primaryimage\",\"url\":\"https:\\\/\\\/www.hydrachim.fr\\\/app\\\/uploads\\\/2026\\\/01\\\/5542___BACTIDOR_VO_Style_5L.png\",\"contentUrl\":\"https:\\\/\\\/www.hydrachim.fr\\\/app\\\/uploads\\\/2026\\\/01\\\/5542___BACTIDOR_VO_Style_5L.png\",\"width\":450,\"height\":778},{\"@type\":\"BreadcrumbList\",\"@id\":\"https:\\\/\\\/www.hydrachim.fr\\\/en\\\/produit\\\/bactidor_v-o-_pin_eucalyptus_002554294\\\/#breadcrumb\",\"itemListElement\":[{\"@type\":\"ListItem\",\"position\":1,\"name\":\"Home\",\"item\":\"https:\\\/\\\/www.hydrachim.fr\\\/en\\\/\"},{\"@type\":\"ListItem\",\"position\":2,\"name\":\"Boutique\",\"item\":\"https:\\\/\\\/www.hydrachim.fr\\\/boutique\\\/\"},{\"@type\":\"ListItem\",\"position\":3,\"name\":\"BACTIDOR V.O. PIN EUCALYPTUS\"}]},{\"@type\":\"WebSite\",\"@id\":\"https:\\\/\\\/www.hydrachim.fr\\\/en\\\/#website\",\"url\":\"https:\\\/\\\/www.hydrachim.fr\\\/en\\\/\",\"name\":\"Hydrachim\",\"description\":\"La science de l&#039;hygi\u00e8ne\",\"potentialAction\":[{\"@type\":\"SearchAction\",\"target\":{\"@type\":\"EntryPoint\",\"urlTemplate\":\"https:\\\/\\\/www.hydrachim.fr\\\/en\\\/?s={search_term_string}\"},\"query-input\":{\"@type\":\"PropertyValueSpecification\",\"valueRequired\":true,\"valueName\":\"search_term_string\"}}],\"inLanguage\":\"en-US\"}]}<\/script>\n<!-- \/ Yoast SEO plugin. -->","yoast_head_json":{"title":"BACTIDOR V.O. PIN EUCALYPTUS - Hydrachim","robots":{"index":"index","follow":"follow","max-snippet":"max-snippet:-1","max-image-preview":"max-image-preview:large","max-video-preview":"max-video-preview:-1"},"canonical":"https:\/\/www.hydrachim.fr\/en\/produit\/bactidor_v-o-_pin_eucalyptus_002554294\/","og_locale":"en_US","og_type":"article","og_title":"BACTIDOR V.O. PIN EUCALYPTUS - Hydrachim","og_description":"Nettoyant - D\u00e9sinfectant - D\u00e9sodorisant vides ordures","og_url":"https:\/\/www.hydrachim.fr\/en\/produit\/bactidor_v-o-_pin_eucalyptus_002554294\/","og_site_name":"Hydrachim","article_modified_time":"2026-01-26T13:45:06+00:00","og_image":[{"width":450,"height":778,"url":"https:\/\/www.hydrachim.fr\/app\/uploads\/2026\/01\/5542___BACTIDOR_VO_Style_5L.png","type":"image\/png"}],"twitter_card":"summary_large_image","twitter_misc":{"Est. reading time":"1 minute"},"schema":{"@context":"https:\/\/schema.org","@graph":[{"@type":"WebPage","@id":"https:\/\/www.hydrachim.fr\/en\/produit\/bactidor_v-o-_pin_eucalyptus_002554294\/","url":"https:\/\/www.hydrachim.fr\/en\/produit\/bactidor_v-o-_pin_eucalyptus_002554294\/","name":"BACTIDOR V.O. PIN EUCALYPTUS - Hydrachim","isPartOf":{"@id":"https:\/\/www.hydrachim.fr\/en\/#website"},"primaryImageOfPage":{"@id":"https:\/\/www.hydrachim.fr\/en\/produit\/bactidor_v-o-_pin_eucalyptus_002554294\/#primaryimage"},"image":{"@id":"https:\/\/www.hydrachim.fr\/en\/produit\/bactidor_v-o-_pin_eucalyptus_002554294\/#primaryimage"},"thumbnailUrl":"https:\/\/www.hydrachim.fr\/app\/uploads\/2026\/01\/5542___BACTIDOR_VO_Style_5L.png","datePublished":"2025-09-17T12:44:26+00:00","dateModified":"2026-01-26T13:45:06+00:00","breadcrumb":{"@id":"https:\/\/www.hydrachim.fr\/en\/produit\/bactidor_v-o-_pin_eucalyptus_002554294\/#breadcrumb"},"inLanguage":"en-US","potentialAction":[{"@type":"ReadAction","target":["https:\/\/www.hydrachim.fr\/en\/produit\/bactidor_v-o-_pin_eucalyptus_002554294\/"]}]},{"@type":"ImageObject","inLanguage":"en-US","@id":"https:\/\/www.hydrachim.fr\/en\/produit\/bactidor_v-o-_pin_eucalyptus_002554294\/#primaryimage","url":"https:\/\/www.hydrachim.fr\/app\/uploads\/2026\/01\/5542___BACTIDOR_VO_Style_5L.png","contentUrl":"https:\/\/www.hydrachim.fr\/app\/uploads\/2026\/01\/5542___BACTIDOR_VO_Style_5L.png","width":450,"height":778},{"@type":"BreadcrumbList","@id":"https:\/\/www.hydrachim.fr\/en\/produit\/bactidor_v-o-_pin_eucalyptus_002554294\/#breadcrumb","itemListElement":[{"@type":"ListItem","position":1,"name":"Home","item":"https:\/\/www.hydrachim.fr\/en\/"},{"@type":"ListItem","position":2,"name":"Boutique","item":"https:\/\/www.hydrachim.fr\/boutique\/"},{"@type":"ListItem","position":3,"name":"BACTIDOR V.O. PIN EUCALYPTUS"}]},{"@type":"WebSite","@id":"https:\/\/www.hydrachim.fr\/en\/#website","url":"https:\/\/www.hydrachim.fr\/en\/","name":"Hydrachim","description":"La science de l&#039;hygi\u00e8ne","potentialAction":[{"@type":"SearchAction","target":{"@type":"EntryPoint","urlTemplate":"https:\/\/www.hydrachim.fr\/en\/?s={search_term_string}"},"query-input":{"@type":"PropertyValueSpecification","valueRequired":true,"valueName":"search_term_string"}}],"inLanguage":"en-US"}]}},"acf":{"fiche_methode":"","fiche_technique":"https:\/\/www.hydrachim.fr\/app\/uploads\/2026\/01\/FT___5542___BACTIDOR_V_O__PIN_EUCALYPTUS.pdf"},"_links":{"self":[{"href":"https:\/\/www.hydrachim.fr\/en\/wp-json\/wp\/v2\/product\/22653","targetHints":{"allow":["GET"]}}],"collection":[{"href":"https:\/\/www.hydrachim.fr\/en\/wp-json\/wp\/v2\/product"}],"about":[{"href":"https:\/\/www.hydrachim.fr\/en\/wp-json\/wp\/v2\/types\/product"}],"wp:featuredmedia":[{"embeddable":true,"href":"https:\/\/www.hydrachim.fr\/en\/wp-json\/wp\/v2\/media\/30084"}],"wp:attachment":[{"href":"https:\/\/www.hydrachim.fr\/en\/wp-json\/wp\/v2\/media?parent=22653"}],"wp:term":[{"taxonomy":"product_brand","embeddable":true,"href":"https:\/\/www.hydrachim.fr\/en\/wp-json\/wp\/v2\/product_brand?post=22653"},{"taxonomy":"product_type","embeddable":true,"href":"https:\/\/www.hydrachim.fr\/en\/wp-json\/wp\/v2\/product_type?post=22653"},{"taxonomy":"product_visibility","embeddable":true,"href":"https:\/\/www.hydrachim.fr\/en\/wp-json\/wp\/v2\/product_visibility?post=22653"},{"taxonomy":"product_cat","embeddable":true,"href":"https:\/\/www.hydrachim.fr\/en\/wp-json\/wp\/v2\/product_cat?post=22653"}],"curies":[{"name":"wp","href":"https:\/\/api.w.org\/{rel}","templated":true}]}}