{"id":22637,"date":"2025-09-17T08:45:36","date_gmt":"2025-09-17T06:45:36","guid":{"rendered":"https:\/\/www.hydrachim.fr\/?post_type=product&#038;p=22637"},"modified":"2025-11-18T10:50:00","modified_gmt":"2025-11-18T08:50:00","slug":"cif_9310_001097502","status":"publish","type":"product","link":"https:\/\/www.hydrachim.fr\/en\/produit\/cif_9310_001097502\/","title":{"rendered":"CIF 9310"},"content":{"rendered":"<p><strong>CIF 9310 est utilis\u00e9 pour le d\u00e9sembouage en continu des circuits ferm\u00e9s de chauffage et de climatisation.<br \/>\n<\/strong><\/p>\n<p>Il \u00e9limine les d\u00e9p\u00f4ts biologiques et les d\u00e9p\u00f4ts d\u2019oxydes de fer.<\/p>\n<p><strong>Disponible en :<br \/>\nBidon de 20Kg<\/strong><\/p>\n<p class=\"y-product y-product__product-subtitle\">Avantage :<\/p>\n<p>CIF 9310 permet la passivation de la plupart des m\u00e9taux ou alliages, comme l\u2019aluminium.\n<\/p>\n<p>CIF 9310 peut \u00eatre inject\u00e9 pur ou dilu\u00e9, par un groupe de dosage proportionnel ou un pot d\u2019introduction. Le dosage est en g\u00e9n\u00e9ral compris entre 2 et 5 Kg\/m\u00b3 en fonction du degr\u00e9 d\u2019encrassement du circuit.<br \/>\nL\u2019installation d\u2019un filtre magn\u00e9tique est recommand\u00e9 et il est conseill\u00e9 de faire des purges r\u00e9guli\u00e8res en points bas du circuit.<\/p>\n<p>Retrouvez le mode d&#8217;emploi et le dosage du produit en t\u00e9l\u00e9chargeant, ci-dessous, sa Fiche Technique et\/ou sa Fiche M\u00e9thode.<\/p>\n<p><em>Utilisez les biocides avec pr\u00e9caution. Avant toute utilisation, lisez l&#8217;\u00e9tiquette et les informations concernant le produit.<\/em><\/p>\n","protected":false},"excerpt":{"rendered":"<p>Conditionnement de l\u2019eau des circuits ferm\u00e9s chauds et froids<\/p>\n","protected":false},"featured_media":22883,"template":"","meta":[],"product_brand":[],"product_type":[2],"product_visibility":[],"product_cat":[4729,4732,4175,4142,4143,4141,4724],"class_list":{"0":"post-22637","1":"product","2":"type-product","3":"status-publish","4":"has-post-thumbnail","6":"product_cat-produits-produitstraitement-des-eauxcircuit-chaud-et-froid","7":"product_cat-marqueshydrachim-water","8":"product_cat-nouveautesindustries","9":"product_cat-marques","10":"product_cat-nouveautes","11":"product_cat-produits","12":"product_cat-produitstraitement-des-eaux","14":"first","15":"instock","16":"shipping-taxable","17":"product-type-simple"},"yoast_head":"<!-- This site is optimized with the Yoast SEO plugin v27.6 - https:\/\/yoast.com\/product\/yoast-seo-wordpress\/ -->\n<title>CIF 9310 - Hydrachim<\/title>\n<meta name=\"robots\" content=\"index, follow, max-snippet:-1, max-image-preview:large, max-video-preview:-1\" \/>\n<link rel=\"canonical\" href=\"https:\/\/www.hydrachim.fr\/en\/produit\/cif_9310_001097502\/\" \/>\n<meta property=\"og:locale\" content=\"en_US\" \/>\n<meta property=\"og:type\" content=\"article\" \/>\n<meta property=\"og:title\" content=\"CIF 9310 - Hydrachim\" \/>\n<meta property=\"og:description\" content=\"Conditionnement de l\u2019eau des circuits ferm\u00e9s chauds et froids\" \/>\n<meta property=\"og:url\" content=\"https:\/\/www.hydrachim.fr\/en\/produit\/cif_9310_001097502\/\" \/>\n<meta property=\"og:site_name\" content=\"Hydrachim\" \/>\n<meta property=\"article:modified_time\" content=\"2025-11-18T08:50:00+00:00\" \/>\n<meta property=\"og:image\" content=\"https:\/\/www.hydrachim.fr\/app\/uploads\/2025\/10\/CIF_9310_20KG.png\" \/>\n\t<meta property=\"og:image:width\" content=\"543\" \/>\n\t<meta property=\"og:image:height\" content=\"575\" \/>\n\t<meta property=\"og:image:type\" content=\"image\/png\" \/>\n<meta name=\"twitter:card\" content=\"summary_large_image\" \/>\n<meta name=\"twitter:label1\" content=\"Est. reading time\" \/>\n\t<meta name=\"twitter:data1\" content=\"1 minute\" \/>\n<script type=\"application\/ld+json\" class=\"yoast-schema-graph\">{\"@context\":\"https:\\\/\\\/schema.org\",\"@graph\":[{\"@type\":\"WebPage\",\"@id\":\"https:\\\/\\\/www.hydrachim.fr\\\/en\\\/produit\\\/cif_9310_001097502\\\/\",\"url\":\"https:\\\/\\\/www.hydrachim.fr\\\/en\\\/produit\\\/cif_9310_001097502\\\/\",\"name\":\"CIF 9310 - Hydrachim\",\"isPartOf\":{\"@id\":\"https:\\\/\\\/www.hydrachim.fr\\\/en\\\/#website\"},\"primaryImageOfPage\":{\"@id\":\"https:\\\/\\\/www.hydrachim.fr\\\/en\\\/produit\\\/cif_9310_001097502\\\/#primaryimage\"},\"image\":{\"@id\":\"https:\\\/\\\/www.hydrachim.fr\\\/en\\\/produit\\\/cif_9310_001097502\\\/#primaryimage\"},\"thumbnailUrl\":\"https:\\\/\\\/www.hydrachim.fr\\\/app\\\/uploads\\\/2025\\\/10\\\/CIF_9310_20KG.png\",\"datePublished\":\"2025-09-17T06:45:36+00:00\",\"dateModified\":\"2025-11-18T08:50:00+00:00\",\"breadcrumb\":{\"@id\":\"https:\\\/\\\/www.hydrachim.fr\\\/en\\\/produit\\\/cif_9310_001097502\\\/#breadcrumb\"},\"inLanguage\":\"en-US\",\"potentialAction\":[{\"@type\":\"ReadAction\",\"target\":[\"https:\\\/\\\/www.hydrachim.fr\\\/en\\\/produit\\\/cif_9310_001097502\\\/\"]}]},{\"@type\":\"ImageObject\",\"inLanguage\":\"en-US\",\"@id\":\"https:\\\/\\\/www.hydrachim.fr\\\/en\\\/produit\\\/cif_9310_001097502\\\/#primaryimage\",\"url\":\"https:\\\/\\\/www.hydrachim.fr\\\/app\\\/uploads\\\/2025\\\/10\\\/CIF_9310_20KG.png\",\"contentUrl\":\"https:\\\/\\\/www.hydrachim.fr\\\/app\\\/uploads\\\/2025\\\/10\\\/CIF_9310_20KG.png\",\"width\":543,\"height\":575},{\"@type\":\"BreadcrumbList\",\"@id\":\"https:\\\/\\\/www.hydrachim.fr\\\/en\\\/produit\\\/cif_9310_001097502\\\/#breadcrumb\",\"itemListElement\":[{\"@type\":\"ListItem\",\"position\":1,\"name\":\"Home\",\"item\":\"https:\\\/\\\/www.hydrachim.fr\\\/en\\\/\"},{\"@type\":\"ListItem\",\"position\":2,\"name\":\"Boutique\",\"item\":\"https:\\\/\\\/www.hydrachim.fr\\\/boutique\\\/\"},{\"@type\":\"ListItem\",\"position\":3,\"name\":\"CIF 9310\"}]},{\"@type\":\"WebSite\",\"@id\":\"https:\\\/\\\/www.hydrachim.fr\\\/en\\\/#website\",\"url\":\"https:\\\/\\\/www.hydrachim.fr\\\/en\\\/\",\"name\":\"Hydrachim\",\"description\":\"La science de l&#039;hygi\u00e8ne\",\"potentialAction\":[{\"@type\":\"SearchAction\",\"target\":{\"@type\":\"EntryPoint\",\"urlTemplate\":\"https:\\\/\\\/www.hydrachim.fr\\\/en\\\/?s={search_term_string}\"},\"query-input\":{\"@type\":\"PropertyValueSpecification\",\"valueRequired\":true,\"valueName\":\"search_term_string\"}}],\"inLanguage\":\"en-US\"}]}<\/script>\n<!-- \/ Yoast SEO plugin. -->","yoast_head_json":{"title":"CIF 9310 - Hydrachim","robots":{"index":"index","follow":"follow","max-snippet":"max-snippet:-1","max-image-preview":"max-image-preview:large","max-video-preview":"max-video-preview:-1"},"canonical":"https:\/\/www.hydrachim.fr\/en\/produit\/cif_9310_001097502\/","og_locale":"en_US","og_type":"article","og_title":"CIF 9310 - Hydrachim","og_description":"Conditionnement de l\u2019eau des circuits ferm\u00e9s chauds et froids","og_url":"https:\/\/www.hydrachim.fr\/en\/produit\/cif_9310_001097502\/","og_site_name":"Hydrachim","article_modified_time":"2025-11-18T08:50:00+00:00","og_image":[{"width":543,"height":575,"url":"https:\/\/www.hydrachim.fr\/app\/uploads\/2025\/10\/CIF_9310_20KG.png","type":"image\/png"}],"twitter_card":"summary_large_image","twitter_misc":{"Est. reading time":"1 minute"},"schema":{"@context":"https:\/\/schema.org","@graph":[{"@type":"WebPage","@id":"https:\/\/www.hydrachim.fr\/en\/produit\/cif_9310_001097502\/","url":"https:\/\/www.hydrachim.fr\/en\/produit\/cif_9310_001097502\/","name":"CIF 9310 - Hydrachim","isPartOf":{"@id":"https:\/\/www.hydrachim.fr\/en\/#website"},"primaryImageOfPage":{"@id":"https:\/\/www.hydrachim.fr\/en\/produit\/cif_9310_001097502\/#primaryimage"},"image":{"@id":"https:\/\/www.hydrachim.fr\/en\/produit\/cif_9310_001097502\/#primaryimage"},"thumbnailUrl":"https:\/\/www.hydrachim.fr\/app\/uploads\/2025\/10\/CIF_9310_20KG.png","datePublished":"2025-09-17T06:45:36+00:00","dateModified":"2025-11-18T08:50:00+00:00","breadcrumb":{"@id":"https:\/\/www.hydrachim.fr\/en\/produit\/cif_9310_001097502\/#breadcrumb"},"inLanguage":"en-US","potentialAction":[{"@type":"ReadAction","target":["https:\/\/www.hydrachim.fr\/en\/produit\/cif_9310_001097502\/"]}]},{"@type":"ImageObject","inLanguage":"en-US","@id":"https:\/\/www.hydrachim.fr\/en\/produit\/cif_9310_001097502\/#primaryimage","url":"https:\/\/www.hydrachim.fr\/app\/uploads\/2025\/10\/CIF_9310_20KG.png","contentUrl":"https:\/\/www.hydrachim.fr\/app\/uploads\/2025\/10\/CIF_9310_20KG.png","width":543,"height":575},{"@type":"BreadcrumbList","@id":"https:\/\/www.hydrachim.fr\/en\/produit\/cif_9310_001097502\/#breadcrumb","itemListElement":[{"@type":"ListItem","position":1,"name":"Home","item":"https:\/\/www.hydrachim.fr\/en\/"},{"@type":"ListItem","position":2,"name":"Boutique","item":"https:\/\/www.hydrachim.fr\/boutique\/"},{"@type":"ListItem","position":3,"name":"CIF 9310"}]},{"@type":"WebSite","@id":"https:\/\/www.hydrachim.fr\/en\/#website","url":"https:\/\/www.hydrachim.fr\/en\/","name":"Hydrachim","description":"La science de l&#039;hygi\u00e8ne","potentialAction":[{"@type":"SearchAction","target":{"@type":"EntryPoint","urlTemplate":"https:\/\/www.hydrachim.fr\/en\/?s={search_term_string}"},"query-input":{"@type":"PropertyValueSpecification","valueRequired":true,"valueName":"search_term_string"}}],"inLanguage":"en-US"}]}},"acf":{"fiche_methode":"","fiche_technique":"https:\/\/www.hydrachim.fr\/app\/uploads\/2025\/11\/HYDRACHIM_WATER_FT_0975_CIF_9310.pdf"},"_links":{"self":[{"href":"https:\/\/www.hydrachim.fr\/en\/wp-json\/wp\/v2\/product\/22637","targetHints":{"allow":["GET"]}}],"collection":[{"href":"https:\/\/www.hydrachim.fr\/en\/wp-json\/wp\/v2\/product"}],"about":[{"href":"https:\/\/www.hydrachim.fr\/en\/wp-json\/wp\/v2\/types\/product"}],"wp:featuredmedia":[{"embeddable":true,"href":"https:\/\/www.hydrachim.fr\/en\/wp-json\/wp\/v2\/media\/22883"}],"wp:attachment":[{"href":"https:\/\/www.hydrachim.fr\/en\/wp-json\/wp\/v2\/media?parent=22637"}],"wp:term":[{"taxonomy":"product_brand","embeddable":true,"href":"https:\/\/www.hydrachim.fr\/en\/wp-json\/wp\/v2\/product_brand?post=22637"},{"taxonomy":"product_type","embeddable":true,"href":"https:\/\/www.hydrachim.fr\/en\/wp-json\/wp\/v2\/product_type?post=22637"},{"taxonomy":"product_visibility","embeddable":true,"href":"https:\/\/www.hydrachim.fr\/en\/wp-json\/wp\/v2\/product_visibility?post=22637"},{"taxonomy":"product_cat","embeddable":true,"href":"https:\/\/www.hydrachim.fr\/en\/wp-json\/wp\/v2\/product_cat?post=22637"}],"curies":[{"name":"wp","href":"https:\/\/api.w.org\/{rel}","templated":true}]}}