{"id":22635,"date":"2025-09-17T08:28:13","date_gmt":"2025-09-17T06:28:13","guid":{"rendered":"https:\/\/www.hydrachim.fr\/?post_type=product&#038;p=22635"},"modified":"2025-11-18T11:00:15","modified_gmt":"2025-11-18T09:00:15","slug":"cif_4330_001118004","status":"publish","type":"product","link":"https:\/\/www.hydrachim.fr\/en\/produit\/cif_4330_001118004\/","title":{"rendered":"CIF 4330"},"content":{"rendered":"<p><strong>CIF 4330 est un inhibiteur de corrosion et d\u2019entartrage, dispersant pour circuits ferm\u00e9s chauds (&lt;110\u00b0C) ou froids, compatible avec les circuits comprenant de l\u2019aluminium, avec ou sans contact \u00e0 l\u2019air libre.<br \/>\n<\/strong><\/p>\n<p>CIF 4330 est une composition \u00e0 base d\u2019inhibiteurs de corrosion multi-fonctionnels permettant de r\u00e9soudre avec un seul produit les ph\u00e9nom\u00e8nes d\u2019entartrage, de corrosion et de fouling (salissures).<\/p>\n<p><strong>Disponible en :<br \/>\nBidon de 20Kg<\/strong><\/p>\n<p class=\"y-product y-product__product-subtitle\">Avantage :<\/p>\n<p>CIF 4330 poss\u00e8de des propri\u00e9t\u00e9s filmantes du cuivre (faisceaux d\u2019\u00e9changeurs) et de l\u2019aluminium (chaudi\u00e8res \u00e0 condensation, radiateurs). Il est particuli\u00e8rement efficace contre la corrosion galvanique en raison de l\u2019h\u00e9t\u00e9rog\u00e9n\u00e9it\u00e9 des m\u00e9taux. Son action dispersante pour les zones \u00e0 caract\u00e8re entartrant ou \u00e0 moindre circulation, permet d\u2019\u00e9viter l\u2019embouage.<\/p>\n<p>CIF 4330 peut \u00eatre inject\u00e9 pur ou dilu\u00e9, par un groupe de dosage proportionnel ou un pot d\u2019introduction.<br \/>\nLe dosage recommand\u00e9 est de 1 \u00e0 2 kg\/m\u00b3 selon le type de r\u00e9seau et le circuit \u00e0 conditionner.<br \/>\nLa recherche de la concentration en CIF 4330 s\u2019effectue par la mesure des Molybdates.<br \/>\nPar ailleurs, la mise en place de t\u00e9moins de corrosion permet d\u2019appr\u00e9cier l\u2019efficacit\u00e9 du conditionnement.\n<\/p>\n<p>Retrouvez le mode d&#8217;emploi et le dosage du produit en t\u00e9l\u00e9chargeant, ci-dessous, sa Fiche Technique et\/ou sa Fiche M\u00e9thode.<\/p>\n<p><em>Utilisez les biocides avec pr\u00e9caution. Avant toute utilisation, lisez l&#8217;\u00e9tiquette et les informations concernant le produit.<\/em><\/p>\n","protected":false},"excerpt":{"rendered":"<p>Conditionnement de l\u2019eau des circuits ferm\u00e9s chauds et froids<\/p>\n","protected":false},"featured_media":22633,"template":"","meta":[],"product_brand":[],"product_type":[2],"product_visibility":[],"product_cat":[4729,4732,4175,4142,4143,4141,4724],"class_list":{"0":"post-22635","1":"product","2":"type-product","3":"status-publish","4":"has-post-thumbnail","6":"product_cat-produits-produitstraitement-des-eauxcircuit-chaud-et-froid","7":"product_cat-marqueshydrachim-water","8":"product_cat-nouveautesindustries","9":"product_cat-marques","10":"product_cat-nouveautes","11":"product_cat-produits","12":"product_cat-produitstraitement-des-eaux","14":"first","15":"instock","16":"shipping-taxable","17":"product-type-simple"},"yoast_head":"<!-- This site is optimized with the Yoast SEO plugin v27.6 - https:\/\/yoast.com\/product\/yoast-seo-wordpress\/ -->\n<title>CIF 4330 - Hydrachim<\/title>\n<meta name=\"robots\" content=\"index, follow, max-snippet:-1, max-image-preview:large, max-video-preview:-1\" \/>\n<link rel=\"canonical\" href=\"https:\/\/www.hydrachim.fr\/en\/produit\/cif_4330_001118004\/\" \/>\n<meta property=\"og:locale\" content=\"en_US\" \/>\n<meta property=\"og:type\" content=\"article\" \/>\n<meta property=\"og:title\" content=\"CIF 4330 - Hydrachim\" \/>\n<meta property=\"og:description\" content=\"Conditionnement de l\u2019eau des circuits ferm\u00e9s chauds et froids\" \/>\n<meta property=\"og:url\" content=\"https:\/\/www.hydrachim.fr\/en\/produit\/cif_4330_001118004\/\" \/>\n<meta property=\"og:site_name\" content=\"Hydrachim\" \/>\n<meta property=\"article:modified_time\" content=\"2025-11-18T09:00:15+00:00\" \/>\n<meta property=\"og:image\" content=\"https:\/\/www.hydrachim.fr\/app\/uploads\/2025\/09\/CIF_4330_20_KG.png\" \/>\n\t<meta property=\"og:image:width\" content=\"542\" \/>\n\t<meta property=\"og:image:height\" content=\"575\" \/>\n\t<meta property=\"og:image:type\" content=\"image\/png\" \/>\n<meta name=\"twitter:card\" content=\"summary_large_image\" \/>\n<meta name=\"twitter:label1\" content=\"Est. reading time\" \/>\n\t<meta name=\"twitter:data1\" content=\"1 minute\" \/>\n<script type=\"application\/ld+json\" class=\"yoast-schema-graph\">{\"@context\":\"https:\\\/\\\/schema.org\",\"@graph\":[{\"@type\":\"WebPage\",\"@id\":\"https:\\\/\\\/www.hydrachim.fr\\\/en\\\/produit\\\/cif_4330_001118004\\\/\",\"url\":\"https:\\\/\\\/www.hydrachim.fr\\\/en\\\/produit\\\/cif_4330_001118004\\\/\",\"name\":\"CIF 4330 - Hydrachim\",\"isPartOf\":{\"@id\":\"https:\\\/\\\/www.hydrachim.fr\\\/en\\\/#website\"},\"primaryImageOfPage\":{\"@id\":\"https:\\\/\\\/www.hydrachim.fr\\\/en\\\/produit\\\/cif_4330_001118004\\\/#primaryimage\"},\"image\":{\"@id\":\"https:\\\/\\\/www.hydrachim.fr\\\/en\\\/produit\\\/cif_4330_001118004\\\/#primaryimage\"},\"thumbnailUrl\":\"https:\\\/\\\/www.hydrachim.fr\\\/app\\\/uploads\\\/2025\\\/09\\\/CIF_4330_20_KG.png\",\"datePublished\":\"2025-09-17T06:28:13+00:00\",\"dateModified\":\"2025-11-18T09:00:15+00:00\",\"breadcrumb\":{\"@id\":\"https:\\\/\\\/www.hydrachim.fr\\\/en\\\/produit\\\/cif_4330_001118004\\\/#breadcrumb\"},\"inLanguage\":\"en-US\",\"potentialAction\":[{\"@type\":\"ReadAction\",\"target\":[\"https:\\\/\\\/www.hydrachim.fr\\\/en\\\/produit\\\/cif_4330_001118004\\\/\"]}]},{\"@type\":\"ImageObject\",\"inLanguage\":\"en-US\",\"@id\":\"https:\\\/\\\/www.hydrachim.fr\\\/en\\\/produit\\\/cif_4330_001118004\\\/#primaryimage\",\"url\":\"https:\\\/\\\/www.hydrachim.fr\\\/app\\\/uploads\\\/2025\\\/09\\\/CIF_4330_20_KG.png\",\"contentUrl\":\"https:\\\/\\\/www.hydrachim.fr\\\/app\\\/uploads\\\/2025\\\/09\\\/CIF_4330_20_KG.png\",\"width\":542,\"height\":575},{\"@type\":\"BreadcrumbList\",\"@id\":\"https:\\\/\\\/www.hydrachim.fr\\\/en\\\/produit\\\/cif_4330_001118004\\\/#breadcrumb\",\"itemListElement\":[{\"@type\":\"ListItem\",\"position\":1,\"name\":\"Home\",\"item\":\"https:\\\/\\\/www.hydrachim.fr\\\/en\\\/\"},{\"@type\":\"ListItem\",\"position\":2,\"name\":\"Boutique\",\"item\":\"https:\\\/\\\/www.hydrachim.fr\\\/boutique\\\/\"},{\"@type\":\"ListItem\",\"position\":3,\"name\":\"CIF 4330\"}]},{\"@type\":\"WebSite\",\"@id\":\"https:\\\/\\\/www.hydrachim.fr\\\/en\\\/#website\",\"url\":\"https:\\\/\\\/www.hydrachim.fr\\\/en\\\/\",\"name\":\"Hydrachim\",\"description\":\"La science de l&#039;hygi\u00e8ne\",\"potentialAction\":[{\"@type\":\"SearchAction\",\"target\":{\"@type\":\"EntryPoint\",\"urlTemplate\":\"https:\\\/\\\/www.hydrachim.fr\\\/en\\\/?s={search_term_string}\"},\"query-input\":{\"@type\":\"PropertyValueSpecification\",\"valueRequired\":true,\"valueName\":\"search_term_string\"}}],\"inLanguage\":\"en-US\"}]}<\/script>\n<!-- \/ Yoast SEO plugin. -->","yoast_head_json":{"title":"CIF 4330 - Hydrachim","robots":{"index":"index","follow":"follow","max-snippet":"max-snippet:-1","max-image-preview":"max-image-preview:large","max-video-preview":"max-video-preview:-1"},"canonical":"https:\/\/www.hydrachim.fr\/en\/produit\/cif_4330_001118004\/","og_locale":"en_US","og_type":"article","og_title":"CIF 4330 - Hydrachim","og_description":"Conditionnement de l\u2019eau des circuits ferm\u00e9s chauds et froids","og_url":"https:\/\/www.hydrachim.fr\/en\/produit\/cif_4330_001118004\/","og_site_name":"Hydrachim","article_modified_time":"2025-11-18T09:00:15+00:00","og_image":[{"width":542,"height":575,"url":"https:\/\/www.hydrachim.fr\/app\/uploads\/2025\/09\/CIF_4330_20_KG.png","type":"image\/png"}],"twitter_card":"summary_large_image","twitter_misc":{"Est. reading time":"1 minute"},"schema":{"@context":"https:\/\/schema.org","@graph":[{"@type":"WebPage","@id":"https:\/\/www.hydrachim.fr\/en\/produit\/cif_4330_001118004\/","url":"https:\/\/www.hydrachim.fr\/en\/produit\/cif_4330_001118004\/","name":"CIF 4330 - Hydrachim","isPartOf":{"@id":"https:\/\/www.hydrachim.fr\/en\/#website"},"primaryImageOfPage":{"@id":"https:\/\/www.hydrachim.fr\/en\/produit\/cif_4330_001118004\/#primaryimage"},"image":{"@id":"https:\/\/www.hydrachim.fr\/en\/produit\/cif_4330_001118004\/#primaryimage"},"thumbnailUrl":"https:\/\/www.hydrachim.fr\/app\/uploads\/2025\/09\/CIF_4330_20_KG.png","datePublished":"2025-09-17T06:28:13+00:00","dateModified":"2025-11-18T09:00:15+00:00","breadcrumb":{"@id":"https:\/\/www.hydrachim.fr\/en\/produit\/cif_4330_001118004\/#breadcrumb"},"inLanguage":"en-US","potentialAction":[{"@type":"ReadAction","target":["https:\/\/www.hydrachim.fr\/en\/produit\/cif_4330_001118004\/"]}]},{"@type":"ImageObject","inLanguage":"en-US","@id":"https:\/\/www.hydrachim.fr\/en\/produit\/cif_4330_001118004\/#primaryimage","url":"https:\/\/www.hydrachim.fr\/app\/uploads\/2025\/09\/CIF_4330_20_KG.png","contentUrl":"https:\/\/www.hydrachim.fr\/app\/uploads\/2025\/09\/CIF_4330_20_KG.png","width":542,"height":575},{"@type":"BreadcrumbList","@id":"https:\/\/www.hydrachim.fr\/en\/produit\/cif_4330_001118004\/#breadcrumb","itemListElement":[{"@type":"ListItem","position":1,"name":"Home","item":"https:\/\/www.hydrachim.fr\/en\/"},{"@type":"ListItem","position":2,"name":"Boutique","item":"https:\/\/www.hydrachim.fr\/boutique\/"},{"@type":"ListItem","position":3,"name":"CIF 4330"}]},{"@type":"WebSite","@id":"https:\/\/www.hydrachim.fr\/en\/#website","url":"https:\/\/www.hydrachim.fr\/en\/","name":"Hydrachim","description":"La science de l&#039;hygi\u00e8ne","potentialAction":[{"@type":"SearchAction","target":{"@type":"EntryPoint","urlTemplate":"https:\/\/www.hydrachim.fr\/en\/?s={search_term_string}"},"query-input":{"@type":"PropertyValueSpecification","valueRequired":true,"valueName":"search_term_string"}}],"inLanguage":"en-US"}]}},"acf":{"fiche_methode":"","fiche_technique":"https:\/\/www.hydrachim.fr\/app\/uploads\/2025\/11\/HYDRACHIM_WATER_FT_1180_CIF_4330.pdf"},"_links":{"self":[{"href":"https:\/\/www.hydrachim.fr\/en\/wp-json\/wp\/v2\/product\/22635","targetHints":{"allow":["GET"]}}],"collection":[{"href":"https:\/\/www.hydrachim.fr\/en\/wp-json\/wp\/v2\/product"}],"about":[{"href":"https:\/\/www.hydrachim.fr\/en\/wp-json\/wp\/v2\/types\/product"}],"wp:featuredmedia":[{"embeddable":true,"href":"https:\/\/www.hydrachim.fr\/en\/wp-json\/wp\/v2\/media\/22633"}],"wp:attachment":[{"href":"https:\/\/www.hydrachim.fr\/en\/wp-json\/wp\/v2\/media?parent=22635"}],"wp:term":[{"taxonomy":"product_brand","embeddable":true,"href":"https:\/\/www.hydrachim.fr\/en\/wp-json\/wp\/v2\/product_brand?post=22635"},{"taxonomy":"product_type","embeddable":true,"href":"https:\/\/www.hydrachim.fr\/en\/wp-json\/wp\/v2\/product_type?post=22635"},{"taxonomy":"product_visibility","embeddable":true,"href":"https:\/\/www.hydrachim.fr\/en\/wp-json\/wp\/v2\/product_visibility?post=22635"},{"taxonomy":"product_cat","embeddable":true,"href":"https:\/\/www.hydrachim.fr\/en\/wp-json\/wp\/v2\/product_cat?post=22635"}],"curies":[{"name":"wp","href":"https:\/\/api.w.org\/{rel}","templated":true}]}}