{"id":22623,"date":"2025-09-16T09:52:23","date_gmt":"2025-09-16T07:52:23","guid":{"rendered":"https:\/\/www.hydrachim.fr\/?post_type=product&#038;p=22623"},"modified":"2025-11-18T12:49:47","modified_gmt":"2025-11-18T10:49:47","slug":"hydrachlor_12-6_001101401","status":"publish","type":"product","link":"https:\/\/www.hydrachim.fr\/en\/produit\/hydrachlor_12-6_001101401\/","title":{"rendered":"HYDRACHLOR 12.6"},"content":{"rendered":"<p><strong>Hydrachlor 12,6 est une formulation liquide destin\u00e9e \u00e0 la potabilisation des eaux et la lutte contre le d\u00e9veloppement des micro-organismes dans les circuits de refroidissement.<\/strong><\/p>\n<p>Hydrachlor 12.6 est conforme \u00e0 la norme NF EN 901, relative \u00e0 l\u2019hypochlorite de sodium qui s\u2019applique au traitement de l\u2019eau destin\u00e9e \u00e0 la consommation humaine. Hydrachlor 12.6 est soutenu au niveau du r\u00e8glement Biocide (CE) n\u00b0528\/2012 en TP5, d\u00e9sinfectant des eaux de boisson.<\/p>\n<p><strong>Disponible en :<br \/>\nBidon de 24 kg<br \/>\nF\u00fbt de 240 kg<br \/>\nIBC de 1100 kg<\/strong><\/p>\n<p class=\"y-product y-product__product-subtitle\">Avantage :<\/p>\n<p>Hydrachlor 12.6 a un effet bact\u00e9ricide sur les l\u00e9gionelles. Il est utilis\u00e9 en traitement continu pour d\u00e9sinfecter les eaux de fabrication et refroidissement ; et entretenir les circuits ferm\u00e9s et les circuits d\u2019eau chaude sanitaires.<br \/>\nHydrachlor 12.6 est bact\u00e9ricide (incluant Legionella) et virucide. Le pourcentage d\u2019actif biocide g\u00e9n\u00e9r\u00e9 par Hydrachlor 12.6 est fonction du pH.<\/p>\n<p>Hydrachlor 12.6 est inject\u00e9 pur par une station de dosage dans une canalisation en mat\u00e9riaux compatibles, en d\u00e9rivation et isolable par vannes. La mise en place d\u2019un analyseur en continu de la concentration en oxydant libre r\u00e9siduel (chlore libre, redox) est fortement conseill\u00e9e.<\/p>\n","protected":false},"excerpt":{"rendered":"<p>Potabilisation des eaux de boisson &#8211; Biocide oxydant<\/p>\n","protected":false},"featured_media":22877,"template":"","meta":[],"product_brand":[],"product_type":[2],"product_visibility":[],"product_cat":[4730,4732,4175,4142,4143,4141,4724],"class_list":{"0":"post-22623","1":"product","2":"type-product","3":"status-publish","4":"has-post-thumbnail","6":"product_cat-produits-produitstraitement-des-eauxeau-chaude-sanitaire","7":"product_cat-marqueshydrachim-water","8":"product_cat-nouveautesindustries","9":"product_cat-marques","10":"product_cat-nouveautes","11":"product_cat-produits","12":"product_cat-produitstraitement-des-eaux","14":"first","15":"instock","16":"shipping-taxable","17":"product-type-simple"},"yoast_head":"<!-- This site is optimized with the Yoast SEO plugin v27.6 - https:\/\/yoast.com\/product\/yoast-seo-wordpress\/ -->\n<title>HYDRACHLOR 12.6 - Hydrachim<\/title>\n<meta name=\"robots\" content=\"index, follow, max-snippet:-1, max-image-preview:large, max-video-preview:-1\" \/>\n<link rel=\"canonical\" href=\"https:\/\/www.hydrachim.fr\/en\/produit\/hydrachlor_12-6_001101401\/\" \/>\n<meta property=\"og:locale\" content=\"en_US\" \/>\n<meta property=\"og:type\" content=\"article\" \/>\n<meta property=\"og:title\" content=\"HYDRACHLOR 12.6 - Hydrachim\" \/>\n<meta property=\"og:description\" content=\"Potabilisation des eaux de boisson - Biocide oxydant\" \/>\n<meta property=\"og:url\" content=\"https:\/\/www.hydrachim.fr\/en\/produit\/hydrachlor_12-6_001101401\/\" \/>\n<meta property=\"og:site_name\" content=\"Hydrachim\" \/>\n<meta property=\"article:modified_time\" content=\"2025-11-18T10:49:47+00:00\" \/>\n<meta property=\"og:image\" content=\"https:\/\/www.hydrachim.fr\/app\/uploads\/2025\/10\/HYDRA_12_6_24KG.png\" \/>\n\t<meta property=\"og:image:width\" content=\"542\" \/>\n\t<meta property=\"og:image:height\" content=\"575\" \/>\n\t<meta property=\"og:image:type\" content=\"image\/png\" \/>\n<meta name=\"twitter:card\" content=\"summary_large_image\" \/>\n<meta name=\"twitter:label1\" content=\"Est. reading time\" \/>\n\t<meta name=\"twitter:data1\" content=\"1 minute\" \/>\n<script type=\"application\/ld+json\" class=\"yoast-schema-graph\">{\"@context\":\"https:\\\/\\\/schema.org\",\"@graph\":[{\"@type\":\"WebPage\",\"@id\":\"https:\\\/\\\/www.hydrachim.fr\\\/en\\\/produit\\\/hydrachlor_12-6_001101401\\\/\",\"url\":\"https:\\\/\\\/www.hydrachim.fr\\\/en\\\/produit\\\/hydrachlor_12-6_001101401\\\/\",\"name\":\"HYDRACHLOR 12.6 - Hydrachim\",\"isPartOf\":{\"@id\":\"https:\\\/\\\/www.hydrachim.fr\\\/en\\\/#website\"},\"primaryImageOfPage\":{\"@id\":\"https:\\\/\\\/www.hydrachim.fr\\\/en\\\/produit\\\/hydrachlor_12-6_001101401\\\/#primaryimage\"},\"image\":{\"@id\":\"https:\\\/\\\/www.hydrachim.fr\\\/en\\\/produit\\\/hydrachlor_12-6_001101401\\\/#primaryimage\"},\"thumbnailUrl\":\"https:\\\/\\\/www.hydrachim.fr\\\/app\\\/uploads\\\/2025\\\/10\\\/HYDRA_12_6_24KG.png\",\"datePublished\":\"2025-09-16T07:52:23+00:00\",\"dateModified\":\"2025-11-18T10:49:47+00:00\",\"breadcrumb\":{\"@id\":\"https:\\\/\\\/www.hydrachim.fr\\\/en\\\/produit\\\/hydrachlor_12-6_001101401\\\/#breadcrumb\"},\"inLanguage\":\"en-US\",\"potentialAction\":[{\"@type\":\"ReadAction\",\"target\":[\"https:\\\/\\\/www.hydrachim.fr\\\/en\\\/produit\\\/hydrachlor_12-6_001101401\\\/\"]}]},{\"@type\":\"ImageObject\",\"inLanguage\":\"en-US\",\"@id\":\"https:\\\/\\\/www.hydrachim.fr\\\/en\\\/produit\\\/hydrachlor_12-6_001101401\\\/#primaryimage\",\"url\":\"https:\\\/\\\/www.hydrachim.fr\\\/app\\\/uploads\\\/2025\\\/10\\\/HYDRA_12_6_24KG.png\",\"contentUrl\":\"https:\\\/\\\/www.hydrachim.fr\\\/app\\\/uploads\\\/2025\\\/10\\\/HYDRA_12_6_24KG.png\",\"width\":542,\"height\":575},{\"@type\":\"BreadcrumbList\",\"@id\":\"https:\\\/\\\/www.hydrachim.fr\\\/en\\\/produit\\\/hydrachlor_12-6_001101401\\\/#breadcrumb\",\"itemListElement\":[{\"@type\":\"ListItem\",\"position\":1,\"name\":\"Home\",\"item\":\"https:\\\/\\\/www.hydrachim.fr\\\/en\\\/\"},{\"@type\":\"ListItem\",\"position\":2,\"name\":\"Boutique\",\"item\":\"https:\\\/\\\/www.hydrachim.fr\\\/boutique\\\/\"},{\"@type\":\"ListItem\",\"position\":3,\"name\":\"HYDRACHLOR 12.6\"}]},{\"@type\":\"WebSite\",\"@id\":\"https:\\\/\\\/www.hydrachim.fr\\\/en\\\/#website\",\"url\":\"https:\\\/\\\/www.hydrachim.fr\\\/en\\\/\",\"name\":\"Hydrachim\",\"description\":\"La science de l&#039;hygi\u00e8ne\",\"potentialAction\":[{\"@type\":\"SearchAction\",\"target\":{\"@type\":\"EntryPoint\",\"urlTemplate\":\"https:\\\/\\\/www.hydrachim.fr\\\/en\\\/?s={search_term_string}\"},\"query-input\":{\"@type\":\"PropertyValueSpecification\",\"valueRequired\":true,\"valueName\":\"search_term_string\"}}],\"inLanguage\":\"en-US\"}]}<\/script>\n<!-- \/ Yoast SEO plugin. -->","yoast_head_json":{"title":"HYDRACHLOR 12.6 - Hydrachim","robots":{"index":"index","follow":"follow","max-snippet":"max-snippet:-1","max-image-preview":"max-image-preview:large","max-video-preview":"max-video-preview:-1"},"canonical":"https:\/\/www.hydrachim.fr\/en\/produit\/hydrachlor_12-6_001101401\/","og_locale":"en_US","og_type":"article","og_title":"HYDRACHLOR 12.6 - Hydrachim","og_description":"Potabilisation des eaux de boisson - Biocide oxydant","og_url":"https:\/\/www.hydrachim.fr\/en\/produit\/hydrachlor_12-6_001101401\/","og_site_name":"Hydrachim","article_modified_time":"2025-11-18T10:49:47+00:00","og_image":[{"width":542,"height":575,"url":"https:\/\/www.hydrachim.fr\/app\/uploads\/2025\/10\/HYDRA_12_6_24KG.png","type":"image\/png"}],"twitter_card":"summary_large_image","twitter_misc":{"Est. reading time":"1 minute"},"schema":{"@context":"https:\/\/schema.org","@graph":[{"@type":"WebPage","@id":"https:\/\/www.hydrachim.fr\/en\/produit\/hydrachlor_12-6_001101401\/","url":"https:\/\/www.hydrachim.fr\/en\/produit\/hydrachlor_12-6_001101401\/","name":"HYDRACHLOR 12.6 - Hydrachim","isPartOf":{"@id":"https:\/\/www.hydrachim.fr\/en\/#website"},"primaryImageOfPage":{"@id":"https:\/\/www.hydrachim.fr\/en\/produit\/hydrachlor_12-6_001101401\/#primaryimage"},"image":{"@id":"https:\/\/www.hydrachim.fr\/en\/produit\/hydrachlor_12-6_001101401\/#primaryimage"},"thumbnailUrl":"https:\/\/www.hydrachim.fr\/app\/uploads\/2025\/10\/HYDRA_12_6_24KG.png","datePublished":"2025-09-16T07:52:23+00:00","dateModified":"2025-11-18T10:49:47+00:00","breadcrumb":{"@id":"https:\/\/www.hydrachim.fr\/en\/produit\/hydrachlor_12-6_001101401\/#breadcrumb"},"inLanguage":"en-US","potentialAction":[{"@type":"ReadAction","target":["https:\/\/www.hydrachim.fr\/en\/produit\/hydrachlor_12-6_001101401\/"]}]},{"@type":"ImageObject","inLanguage":"en-US","@id":"https:\/\/www.hydrachim.fr\/en\/produit\/hydrachlor_12-6_001101401\/#primaryimage","url":"https:\/\/www.hydrachim.fr\/app\/uploads\/2025\/10\/HYDRA_12_6_24KG.png","contentUrl":"https:\/\/www.hydrachim.fr\/app\/uploads\/2025\/10\/HYDRA_12_6_24KG.png","width":542,"height":575},{"@type":"BreadcrumbList","@id":"https:\/\/www.hydrachim.fr\/en\/produit\/hydrachlor_12-6_001101401\/#breadcrumb","itemListElement":[{"@type":"ListItem","position":1,"name":"Home","item":"https:\/\/www.hydrachim.fr\/en\/"},{"@type":"ListItem","position":2,"name":"Boutique","item":"https:\/\/www.hydrachim.fr\/boutique\/"},{"@type":"ListItem","position":3,"name":"HYDRACHLOR 12.6"}]},{"@type":"WebSite","@id":"https:\/\/www.hydrachim.fr\/en\/#website","url":"https:\/\/www.hydrachim.fr\/en\/","name":"Hydrachim","description":"La science de l&#039;hygi\u00e8ne","potentialAction":[{"@type":"SearchAction","target":{"@type":"EntryPoint","urlTemplate":"https:\/\/www.hydrachim.fr\/en\/?s={search_term_string}"},"query-input":{"@type":"PropertyValueSpecification","valueRequired":true,"valueName":"search_term_string"}}],"inLanguage":"en-US"}]}},"acf":{"fiche_methode":"","fiche_technique":"https:\/\/www.hydrachim.fr\/app\/uploads\/2025\/11\/HYDRACHIM_WATER_FT_1014_HYDRACHLOR_12_6.pdf"},"_links":{"self":[{"href":"https:\/\/www.hydrachim.fr\/en\/wp-json\/wp\/v2\/product\/22623","targetHints":{"allow":["GET"]}}],"collection":[{"href":"https:\/\/www.hydrachim.fr\/en\/wp-json\/wp\/v2\/product"}],"about":[{"href":"https:\/\/www.hydrachim.fr\/en\/wp-json\/wp\/v2\/types\/product"}],"wp:featuredmedia":[{"embeddable":true,"href":"https:\/\/www.hydrachim.fr\/en\/wp-json\/wp\/v2\/media\/22877"}],"wp:attachment":[{"href":"https:\/\/www.hydrachim.fr\/en\/wp-json\/wp\/v2\/media?parent=22623"}],"wp:term":[{"taxonomy":"product_brand","embeddable":true,"href":"https:\/\/www.hydrachim.fr\/en\/wp-json\/wp\/v2\/product_brand?post=22623"},{"taxonomy":"product_type","embeddable":true,"href":"https:\/\/www.hydrachim.fr\/en\/wp-json\/wp\/v2\/product_type?post=22623"},{"taxonomy":"product_visibility","embeddable":true,"href":"https:\/\/www.hydrachim.fr\/en\/wp-json\/wp\/v2\/product_visibility?post=22623"},{"taxonomy":"product_cat","embeddable":true,"href":"https:\/\/www.hydrachim.fr\/en\/wp-json\/wp\/v2\/product_cat?post=22623"}],"curies":[{"name":"wp","href":"https:\/\/api.w.org\/{rel}","templated":true}]}}