{"id":22620,"date":"2025-09-16T08:37:24","date_gmt":"2025-09-16T06:37:24","guid":{"rendered":"https:\/\/www.hydrachim.fr\/?post_type=product&#038;p=22620"},"modified":"2025-11-18T12:40:27","modified_gmt":"2025-11-18T10:40:27","slug":"hydra_3200_001097102","status":"publish","type":"product","link":"https:\/\/www.hydrachim.fr\/en\/produit\/hydra_3200_001097102\/","title":{"rendered":"HYDRA 3200"},"content":{"rendered":"<p><strong>Hydra 3200 est une formule liquide \u00e0 base de silicates-polyphosphates pour les installations de production et de distribution d\u2019eau chaude sanitaire.<\/strong><\/p>\n<p>Hydra 3200 assure une protection contre la corrosion par blocage des plages anodiques et cathodiques et un effet antitartre par la s\u00e9questration des sels min\u00e9raux. La duret\u00e9 bicarbonat\u00e9e de l\u2019eau trait\u00e9e doit \u00eatre au moins de 8\u00b0F. Dans le cas d\u2019utilisation d\u2019eau adoucie, il y a lieu de redurcir par injection d\u2019eau brute en by-pass ; pour les eaux agressives, assurer une neutralisation.\n<\/p>\n<p><strong>Disponible en :<br \/>\nBidon de 20Kg<br \/>\nF\u00fbt de 220Kg<br \/>\nIBC de 1000Kg<\/strong><\/p>\n<p>HYDRA 3200 doit \u00eatre introduit pur ou dilu\u00e9 \u00e0 l\u2019aide d\u2019un groupe de dosage proportionnel.<br \/>\nLe dosage initial du r\u00e9actif HYDRA 3200 doit \u00eatre de 50 g\/m3 d\u2019eau \u00e0 traiter. Ce dosage peut \u00e9ventuellement \u00eatre r\u00e9duit (pas inf\u00e9rieur \u00e0 30 g\/m3) en fonction du r\u00e9sultat de l\u2019examen des tubes t\u00e9moins et des analyses d\u2019eau. Le suivi de la teneur en Hydra 3200 s\u2019effectue par la silice et les phosphates.\n<\/p>\n<p>Retrouvez le mode d&#8217;emploi et le dosage en t\u00e9l\u00e9chargeant, ci-dessous, sa Fiche Technique.<\/p>\n<p><em>Avant toute utilisation, lisez l&#8217;\u00e9tiquette et les informations concernant le produit.<\/em><\/p>\n","protected":false},"excerpt":{"rendered":"<p>Produit antitartre, anti-corrosion pour eau chaude sanitaire<\/p>\n","protected":false},"featured_media":22621,"template":"","meta":[],"product_brand":[],"product_type":[2],"product_visibility":[],"product_cat":[4730,4732,4175,4142,4143,4141,4724],"class_list":{"0":"post-22620","1":"product","2":"type-product","3":"status-publish","4":"has-post-thumbnail","6":"product_cat-produits-produitstraitement-des-eauxeau-chaude-sanitaire","7":"product_cat-marqueshydrachim-water","8":"product_cat-nouveautesindustries","9":"product_cat-marques","10":"product_cat-nouveautes","11":"product_cat-produits","12":"product_cat-produitstraitement-des-eaux","14":"first","15":"instock","16":"shipping-taxable","17":"product-type-simple"},"yoast_head":"<!-- This site is optimized with the Yoast SEO plugin v27.6 - https:\/\/yoast.com\/product\/yoast-seo-wordpress\/ -->\n<title>HYDRA 3200 - Hydrachim<\/title>\n<meta name=\"robots\" content=\"index, follow, max-snippet:-1, max-image-preview:large, max-video-preview:-1\" \/>\n<link rel=\"canonical\" href=\"https:\/\/www.hydrachim.fr\/en\/produit\/hydra_3200_001097102\/\" \/>\n<meta property=\"og:locale\" content=\"en_US\" \/>\n<meta property=\"og:type\" content=\"article\" \/>\n<meta property=\"og:title\" content=\"HYDRA 3200 - Hydrachim\" \/>\n<meta property=\"og:description\" content=\"Produit antitartre, anti-corrosion pour eau chaude sanitaire\" \/>\n<meta property=\"og:url\" content=\"https:\/\/www.hydrachim.fr\/en\/produit\/hydra_3200_001097102\/\" \/>\n<meta property=\"og:site_name\" content=\"Hydrachim\" \/>\n<meta property=\"article:modified_time\" content=\"2025-11-18T10:40:27+00:00\" \/>\n<meta property=\"og:image\" content=\"https:\/\/www.hydrachim.fr\/app\/uploads\/2025\/09\/HYDRA_3200_20_KG.png\" \/>\n\t<meta property=\"og:image:width\" content=\"542\" \/>\n\t<meta property=\"og:image:height\" content=\"575\" \/>\n\t<meta property=\"og:image:type\" content=\"image\/png\" \/>\n<meta name=\"twitter:card\" content=\"summary_large_image\" \/>\n<meta name=\"twitter:label1\" content=\"Est. reading time\" \/>\n\t<meta name=\"twitter:data1\" content=\"1 minute\" \/>\n<script type=\"application\/ld+json\" class=\"yoast-schema-graph\">{\"@context\":\"https:\\\/\\\/schema.org\",\"@graph\":[{\"@type\":\"WebPage\",\"@id\":\"https:\\\/\\\/www.hydrachim.fr\\\/en\\\/produit\\\/hydra_3200_001097102\\\/\",\"url\":\"https:\\\/\\\/www.hydrachim.fr\\\/en\\\/produit\\\/hydra_3200_001097102\\\/\",\"name\":\"HYDRA 3200 - Hydrachim\",\"isPartOf\":{\"@id\":\"https:\\\/\\\/www.hydrachim.fr\\\/en\\\/#website\"},\"primaryImageOfPage\":{\"@id\":\"https:\\\/\\\/www.hydrachim.fr\\\/en\\\/produit\\\/hydra_3200_001097102\\\/#primaryimage\"},\"image\":{\"@id\":\"https:\\\/\\\/www.hydrachim.fr\\\/en\\\/produit\\\/hydra_3200_001097102\\\/#primaryimage\"},\"thumbnailUrl\":\"https:\\\/\\\/www.hydrachim.fr\\\/app\\\/uploads\\\/2025\\\/09\\\/HYDRA_3200_20_KG.png\",\"datePublished\":\"2025-09-16T06:37:24+00:00\",\"dateModified\":\"2025-11-18T10:40:27+00:00\",\"breadcrumb\":{\"@id\":\"https:\\\/\\\/www.hydrachim.fr\\\/en\\\/produit\\\/hydra_3200_001097102\\\/#breadcrumb\"},\"inLanguage\":\"en-US\",\"potentialAction\":[{\"@type\":\"ReadAction\",\"target\":[\"https:\\\/\\\/www.hydrachim.fr\\\/en\\\/produit\\\/hydra_3200_001097102\\\/\"]}]},{\"@type\":\"ImageObject\",\"inLanguage\":\"en-US\",\"@id\":\"https:\\\/\\\/www.hydrachim.fr\\\/en\\\/produit\\\/hydra_3200_001097102\\\/#primaryimage\",\"url\":\"https:\\\/\\\/www.hydrachim.fr\\\/app\\\/uploads\\\/2025\\\/09\\\/HYDRA_3200_20_KG.png\",\"contentUrl\":\"https:\\\/\\\/www.hydrachim.fr\\\/app\\\/uploads\\\/2025\\\/09\\\/HYDRA_3200_20_KG.png\",\"width\":542,\"height\":575},{\"@type\":\"BreadcrumbList\",\"@id\":\"https:\\\/\\\/www.hydrachim.fr\\\/en\\\/produit\\\/hydra_3200_001097102\\\/#breadcrumb\",\"itemListElement\":[{\"@type\":\"ListItem\",\"position\":1,\"name\":\"Home\",\"item\":\"https:\\\/\\\/www.hydrachim.fr\\\/en\\\/\"},{\"@type\":\"ListItem\",\"position\":2,\"name\":\"Boutique\",\"item\":\"https:\\\/\\\/www.hydrachim.fr\\\/boutique\\\/\"},{\"@type\":\"ListItem\",\"position\":3,\"name\":\"HYDRA 3200\"}]},{\"@type\":\"WebSite\",\"@id\":\"https:\\\/\\\/www.hydrachim.fr\\\/en\\\/#website\",\"url\":\"https:\\\/\\\/www.hydrachim.fr\\\/en\\\/\",\"name\":\"Hydrachim\",\"description\":\"La science de l&#039;hygi\u00e8ne\",\"potentialAction\":[{\"@type\":\"SearchAction\",\"target\":{\"@type\":\"EntryPoint\",\"urlTemplate\":\"https:\\\/\\\/www.hydrachim.fr\\\/en\\\/?s={search_term_string}\"},\"query-input\":{\"@type\":\"PropertyValueSpecification\",\"valueRequired\":true,\"valueName\":\"search_term_string\"}}],\"inLanguage\":\"en-US\"}]}<\/script>\n<!-- \/ Yoast SEO plugin. -->","yoast_head_json":{"title":"HYDRA 3200 - Hydrachim","robots":{"index":"index","follow":"follow","max-snippet":"max-snippet:-1","max-image-preview":"max-image-preview:large","max-video-preview":"max-video-preview:-1"},"canonical":"https:\/\/www.hydrachim.fr\/en\/produit\/hydra_3200_001097102\/","og_locale":"en_US","og_type":"article","og_title":"HYDRA 3200 - Hydrachim","og_description":"Produit antitartre, anti-corrosion pour eau chaude sanitaire","og_url":"https:\/\/www.hydrachim.fr\/en\/produit\/hydra_3200_001097102\/","og_site_name":"Hydrachim","article_modified_time":"2025-11-18T10:40:27+00:00","og_image":[{"width":542,"height":575,"url":"https:\/\/www.hydrachim.fr\/app\/uploads\/2025\/09\/HYDRA_3200_20_KG.png","type":"image\/png"}],"twitter_card":"summary_large_image","twitter_misc":{"Est. reading time":"1 minute"},"schema":{"@context":"https:\/\/schema.org","@graph":[{"@type":"WebPage","@id":"https:\/\/www.hydrachim.fr\/en\/produit\/hydra_3200_001097102\/","url":"https:\/\/www.hydrachim.fr\/en\/produit\/hydra_3200_001097102\/","name":"HYDRA 3200 - Hydrachim","isPartOf":{"@id":"https:\/\/www.hydrachim.fr\/en\/#website"},"primaryImageOfPage":{"@id":"https:\/\/www.hydrachim.fr\/en\/produit\/hydra_3200_001097102\/#primaryimage"},"image":{"@id":"https:\/\/www.hydrachim.fr\/en\/produit\/hydra_3200_001097102\/#primaryimage"},"thumbnailUrl":"https:\/\/www.hydrachim.fr\/app\/uploads\/2025\/09\/HYDRA_3200_20_KG.png","datePublished":"2025-09-16T06:37:24+00:00","dateModified":"2025-11-18T10:40:27+00:00","breadcrumb":{"@id":"https:\/\/www.hydrachim.fr\/en\/produit\/hydra_3200_001097102\/#breadcrumb"},"inLanguage":"en-US","potentialAction":[{"@type":"ReadAction","target":["https:\/\/www.hydrachim.fr\/en\/produit\/hydra_3200_001097102\/"]}]},{"@type":"ImageObject","inLanguage":"en-US","@id":"https:\/\/www.hydrachim.fr\/en\/produit\/hydra_3200_001097102\/#primaryimage","url":"https:\/\/www.hydrachim.fr\/app\/uploads\/2025\/09\/HYDRA_3200_20_KG.png","contentUrl":"https:\/\/www.hydrachim.fr\/app\/uploads\/2025\/09\/HYDRA_3200_20_KG.png","width":542,"height":575},{"@type":"BreadcrumbList","@id":"https:\/\/www.hydrachim.fr\/en\/produit\/hydra_3200_001097102\/#breadcrumb","itemListElement":[{"@type":"ListItem","position":1,"name":"Home","item":"https:\/\/www.hydrachim.fr\/en\/"},{"@type":"ListItem","position":2,"name":"Boutique","item":"https:\/\/www.hydrachim.fr\/boutique\/"},{"@type":"ListItem","position":3,"name":"HYDRA 3200"}]},{"@type":"WebSite","@id":"https:\/\/www.hydrachim.fr\/en\/#website","url":"https:\/\/www.hydrachim.fr\/en\/","name":"Hydrachim","description":"La science de l&#039;hygi\u00e8ne","potentialAction":[{"@type":"SearchAction","target":{"@type":"EntryPoint","urlTemplate":"https:\/\/www.hydrachim.fr\/en\/?s={search_term_string}"},"query-input":{"@type":"PropertyValueSpecification","valueRequired":true,"valueName":"search_term_string"}}],"inLanguage":"en-US"}]}},"acf":{"fiche_methode":"","fiche_technique":"https:\/\/www.hydrachim.fr\/app\/uploads\/2025\/11\/HYDRACHIM_WATER_FT_0971_HYDRA_3200.pdf"},"_links":{"self":[{"href":"https:\/\/www.hydrachim.fr\/en\/wp-json\/wp\/v2\/product\/22620","targetHints":{"allow":["GET"]}}],"collection":[{"href":"https:\/\/www.hydrachim.fr\/en\/wp-json\/wp\/v2\/product"}],"about":[{"href":"https:\/\/www.hydrachim.fr\/en\/wp-json\/wp\/v2\/types\/product"}],"wp:featuredmedia":[{"embeddable":true,"href":"https:\/\/www.hydrachim.fr\/en\/wp-json\/wp\/v2\/media\/22621"}],"wp:attachment":[{"href":"https:\/\/www.hydrachim.fr\/en\/wp-json\/wp\/v2\/media?parent=22620"}],"wp:term":[{"taxonomy":"product_brand","embeddable":true,"href":"https:\/\/www.hydrachim.fr\/en\/wp-json\/wp\/v2\/product_brand?post=22620"},{"taxonomy":"product_type","embeddable":true,"href":"https:\/\/www.hydrachim.fr\/en\/wp-json\/wp\/v2\/product_type?post=22620"},{"taxonomy":"product_visibility","embeddable":true,"href":"https:\/\/www.hydrachim.fr\/en\/wp-json\/wp\/v2\/product_visibility?post=22620"},{"taxonomy":"product_cat","embeddable":true,"href":"https:\/\/www.hydrachim.fr\/en\/wp-json\/wp\/v2\/product_cat?post=22620"}],"curies":[{"name":"wp","href":"https:\/\/api.w.org\/{rel}","templated":true}]}}