{"id":22405,"date":"2025-08-05T14:56:56","date_gmt":"2025-08-05T12:56:56","guid":{"rendered":"https:\/\/www.hydrachim.fr\/?post_type=product&#038;p=22405"},"modified":"2025-10-21T10:28:26","modified_gmt":"2025-10-21T08:28:26","slug":"jedor_3d_ndb_002550103","status":"publish","type":"product","link":"https:\/\/www.hydrachim.fr\/en\/produit\/jedor_3d_ndb_002550103\/","title":{"rendered":"JEDOR 3D NDB"},"content":{"rendered":"<p><strong>. Nettoyant &#8211; Surodorant &#8211; D\u00e9sinfectant.<br \/>\n. Parfum r\u00e9manent 6 \u00e0 8h.<br \/>\n. Bact\u00e9ricide, fongicide, levuricide, virucide, sporicide, mycobact\u00e9ricide. (Pour plus de d\u00e9tails, se r\u00e9f\u00e9rer \u00e0 la fiche technique.)<br \/>\n. Faiblement moussant aux doses pr\u00e9conis\u00e9es, JEDOR NDB 3D peut \u00eatre utilis\u00e9 manuellement ou en autolaveuse et ne n\u00e9cessite aucun rin\u00e7age.<\/strong><\/p>\n<p>JEDOR 3D NDB peut-\u00eatre utilis\u00e9 de toutes les surfaces lavables : des sols, des carrelages, des thermoplastiques etc.<\/p>\n<p>Son emploi est recommand\u00e9 pour l\u2019entretien r\u00e9gulier des locaux o\u00f9 peuvent se d\u00e9velopper les micro-organismes. (Maisons de retraite, domaines m\u00e9dicale (Hors bloc op\u00e9ratoire) et param\u00e9dicale, \u00e9coles, lieux publics, collectivit\u00e9s, etc.).<\/p>\n<p>Soutenue au niveau du r\u00e8glement biocide (CE) n\u00b0528\/2012 en vue d\u2019obtenir une AMM.<br \/>\nProduit enregistr\u00e9 sous BioCID. Produit utilis\u00e9 en TP2 . SL \u2013 Concentr\u00e9 soluble.<\/p>\n<p><strong>Disponible en :<br \/>\n&#8211; Carton de 6 x 1L doseur<br \/>\n&#8211; Carton de 4 x 5L<br \/>\n&#8211; Carton de 250 dosettes de 20 mL.<\/strong><\/p>\n<p class=\"y-product y-product__product-subtitle\">Avantage :<\/p>\n<p>D\u00e9sinfectant utilisable en condition de salet\u00e9 g\u00e9n\u00e9rale et salet\u00e9 m\u00e9dicale, avec et sans action m\u00e9canique.<br \/>\nFabrication fran\u00e7aise.<\/p>\n<p>Retrouvez le mode d&#8217;emploi et le dosage du produit en t\u00e9l\u00e9chargeant sa Fiche Technique.<\/p>\n<p><em>Utilisez les biocides avec pr\u00e9caution. Avant toute utilisation, lire l&#8217;\u00e9tiquette et les informations concernant le produit.<br \/>\nProduit strictement professionnel.<br \/>\nPour les dosettes JEDOR 3D, avant toute utilisation, assurez-vous que celle-ci est indispensable, notamment dans les lieux fr\u00e9quent\u00e9s par le grand public.<br \/>\nPrivil\u00e9giez chaque fois que possible les m\u00e9thodes alternatives et les produits pr\u00e9sentant le risque le plus faible pour la sant\u00e9 humaine et animale et pour l&#8217;environnement.<br \/>\nLa r\u00e9manence varie en fonction de la taille de la pi\u00e8ce, de la surface, de l&#8217;a\u00e9ration et du passage apr\u00e8s nettoyage.<br \/>\nTP2 : D\u00e9sinfectants utilis\u00e9s dans le domaine priv\u00e9 et dans le domaine de la sant\u00e9 publique et autres produits biocides.<\/em><\/p>\n","protected":false},"excerpt":{"rendered":"<p>La gamme Jedor 3D est d\u00e9velopp\u00e9e par notre laboratoire pour cr\u00e9er une signature olfactive unique et intense.<br \/>\nDisponible en Citron, Pamplemousse, Floral, Ambiance, Pin Eucalyptus, Fraicheur ou Fraise<\/p>\n","protected":false},"featured_media":22411,"template":"","meta":[],"product_brand":[],"product_type":[2],"product_visibility":[],"product_cat":[4111,4128,4148,4132,4112,4127],"class_list":{"0":"post-22405","1":"product","2":"type-product","3":"status-publish","4":"has-post-thumbnail","6":"product_cat-produitsdesinfection","7":"product_cat-solentretien","8":"product_cat-marquesjdor","9":"product_cat-solodeur","10":"product_cat-dsinfectionsurface","11":"product_cat-produitssurface-sol","12":"product_tag-3d","13":"product_tag-ambiance","14":"product_tag-autolaveuse","15":"product_tag-bactericide","16":"product_tag-citron","17":"product_tag-desinfectant","18":"product_tag-desodorisant","19":"product_tag-detergent","20":"product_tag-floral","21":"product_tag-fongicide","22":"product_tag-fraicheur","23":"product_tag-fraise","24":"product_tag-levuricide","25":"product_tag-liquide","26":"product_tag-manuel","27":"product_tag-nettoyant","28":"product_tag-pamplemousse","29":"product_tag-pin","30":"product_tag-surodorant","31":"product_tag-tp2","33":"first","34":"instock","35":"shipping-taxable","36":"product-type-simple"},"yoast_head":"<!-- This site is optimized with the Yoast SEO plugin v27.4 - https:\/\/yoast.com\/product\/yoast-seo-wordpress\/ -->\n<title>JEDOR 3D NDB - Hydrachim<\/title>\n<meta name=\"robots\" content=\"index, follow, max-snippet:-1, max-image-preview:large, max-video-preview:-1\" \/>\n<link rel=\"canonical\" href=\"https:\/\/www.hydrachim.fr\/en\/produit\/jedor_3d_ndb_002550103\/\" \/>\n<meta property=\"og:locale\" content=\"en_US\" \/>\n<meta property=\"og:type\" content=\"article\" \/>\n<meta property=\"og:title\" content=\"JEDOR 3D NDB - Hydrachim\" \/>\n<meta property=\"og:description\" content=\"La gamme Jedor 3D est d\u00e9velopp\u00e9e par notre laboratoire pour cr\u00e9er une signature olfactive unique et intense. Disponible en Citron, Pamplemousse, Floral, Ambiance, Pin Eucalyptus, Fraicheur ou Fraise\" \/>\n<meta property=\"og:url\" content=\"https:\/\/www.hydrachim.fr\/en\/produit\/jedor_3d_ndb_002550103\/\" \/>\n<meta property=\"og:site_name\" content=\"Hydrachim\" \/>\n<meta property=\"article:modified_time\" content=\"2025-10-21T08:28:26+00:00\" \/>\n<meta property=\"og:image\" content=\"https:\/\/www.hydrachim.fr\/app\/uploads\/2025\/08\/Photo_gamme_JEDOR_bd.png\" \/>\n\t<meta property=\"og:image:width\" content=\"827\" \/>\n\t<meta property=\"og:image:height\" content=\"325\" \/>\n\t<meta property=\"og:image:type\" content=\"image\/png\" \/>\n<meta name=\"twitter:card\" content=\"summary_large_image\" \/>\n<meta name=\"twitter:label1\" content=\"Est. reading time\" \/>\n\t<meta name=\"twitter:data1\" content=\"2 minutes\" \/>\n<script type=\"application\/ld+json\" class=\"yoast-schema-graph\">{\"@context\":\"https:\\\/\\\/schema.org\",\"@graph\":[{\"@type\":\"WebPage\",\"@id\":\"https:\\\/\\\/www.hydrachim.fr\\\/en\\\/produit\\\/jedor_3d_ndb_002550103\\\/\",\"url\":\"https:\\\/\\\/www.hydrachim.fr\\\/en\\\/produit\\\/jedor_3d_ndb_002550103\\\/\",\"name\":\"JEDOR 3D NDB - Hydrachim\",\"isPartOf\":{\"@id\":\"https:\\\/\\\/www.hydrachim.fr\\\/en\\\/#website\"},\"primaryImageOfPage\":{\"@id\":\"https:\\\/\\\/www.hydrachim.fr\\\/en\\\/produit\\\/jedor_3d_ndb_002550103\\\/#primaryimage\"},\"image\":{\"@id\":\"https:\\\/\\\/www.hydrachim.fr\\\/en\\\/produit\\\/jedor_3d_ndb_002550103\\\/#primaryimage\"},\"thumbnailUrl\":\"https:\\\/\\\/www.hydrachim.fr\\\/app\\\/uploads\\\/2025\\\/08\\\/Photo_gamme_JEDOR_bd.png\",\"datePublished\":\"2025-08-05T12:56:56+00:00\",\"dateModified\":\"2025-10-21T08:28:26+00:00\",\"breadcrumb\":{\"@id\":\"https:\\\/\\\/www.hydrachim.fr\\\/en\\\/produit\\\/jedor_3d_ndb_002550103\\\/#breadcrumb\"},\"inLanguage\":\"en-US\",\"potentialAction\":[{\"@type\":\"ReadAction\",\"target\":[\"https:\\\/\\\/www.hydrachim.fr\\\/en\\\/produit\\\/jedor_3d_ndb_002550103\\\/\"]}]},{\"@type\":\"ImageObject\",\"inLanguage\":\"en-US\",\"@id\":\"https:\\\/\\\/www.hydrachim.fr\\\/en\\\/produit\\\/jedor_3d_ndb_002550103\\\/#primaryimage\",\"url\":\"https:\\\/\\\/www.hydrachim.fr\\\/app\\\/uploads\\\/2025\\\/08\\\/Photo_gamme_JEDOR_bd.png\",\"contentUrl\":\"https:\\\/\\\/www.hydrachim.fr\\\/app\\\/uploads\\\/2025\\\/08\\\/Photo_gamme_JEDOR_bd.png\",\"width\":827,\"height\":325},{\"@type\":\"BreadcrumbList\",\"@id\":\"https:\\\/\\\/www.hydrachim.fr\\\/en\\\/produit\\\/jedor_3d_ndb_002550103\\\/#breadcrumb\",\"itemListElement\":[{\"@type\":\"ListItem\",\"position\":1,\"name\":\"Home\",\"item\":\"https:\\\/\\\/www.hydrachim.fr\\\/en\\\/\"},{\"@type\":\"ListItem\",\"position\":2,\"name\":\"Boutique\",\"item\":\"https:\\\/\\\/www.hydrachim.fr\\\/boutique\\\/\"},{\"@type\":\"ListItem\",\"position\":3,\"name\":\"JEDOR 3D NDB\"}]},{\"@type\":\"WebSite\",\"@id\":\"https:\\\/\\\/www.hydrachim.fr\\\/en\\\/#website\",\"url\":\"https:\\\/\\\/www.hydrachim.fr\\\/en\\\/\",\"name\":\"Hydrachim\",\"description\":\"La science de l&#039;hygi\u00e8ne\",\"potentialAction\":[{\"@type\":\"SearchAction\",\"target\":{\"@type\":\"EntryPoint\",\"urlTemplate\":\"https:\\\/\\\/www.hydrachim.fr\\\/en\\\/?s={search_term_string}\"},\"query-input\":{\"@type\":\"PropertyValueSpecification\",\"valueRequired\":true,\"valueName\":\"search_term_string\"}}],\"inLanguage\":\"en-US\"}]}<\/script>\n<!-- \/ Yoast SEO plugin. -->","yoast_head_json":{"title":"JEDOR 3D NDB - Hydrachim","robots":{"index":"index","follow":"follow","max-snippet":"max-snippet:-1","max-image-preview":"max-image-preview:large","max-video-preview":"max-video-preview:-1"},"canonical":"https:\/\/www.hydrachim.fr\/en\/produit\/jedor_3d_ndb_002550103\/","og_locale":"en_US","og_type":"article","og_title":"JEDOR 3D NDB - Hydrachim","og_description":"La gamme Jedor 3D est d\u00e9velopp\u00e9e par notre laboratoire pour cr\u00e9er une signature olfactive unique et intense. Disponible en Citron, Pamplemousse, Floral, Ambiance, Pin Eucalyptus, Fraicheur ou Fraise","og_url":"https:\/\/www.hydrachim.fr\/en\/produit\/jedor_3d_ndb_002550103\/","og_site_name":"Hydrachim","article_modified_time":"2025-10-21T08:28:26+00:00","og_image":[{"width":827,"height":325,"url":"https:\/\/www.hydrachim.fr\/app\/uploads\/2025\/08\/Photo_gamme_JEDOR_bd.png","type":"image\/png"}],"twitter_card":"summary_large_image","twitter_misc":{"Est. reading time":"2 minutes"},"schema":{"@context":"https:\/\/schema.org","@graph":[{"@type":"WebPage","@id":"https:\/\/www.hydrachim.fr\/en\/produit\/jedor_3d_ndb_002550103\/","url":"https:\/\/www.hydrachim.fr\/en\/produit\/jedor_3d_ndb_002550103\/","name":"JEDOR 3D NDB - Hydrachim","isPartOf":{"@id":"https:\/\/www.hydrachim.fr\/en\/#website"},"primaryImageOfPage":{"@id":"https:\/\/www.hydrachim.fr\/en\/produit\/jedor_3d_ndb_002550103\/#primaryimage"},"image":{"@id":"https:\/\/www.hydrachim.fr\/en\/produit\/jedor_3d_ndb_002550103\/#primaryimage"},"thumbnailUrl":"https:\/\/www.hydrachim.fr\/app\/uploads\/2025\/08\/Photo_gamme_JEDOR_bd.png","datePublished":"2025-08-05T12:56:56+00:00","dateModified":"2025-10-21T08:28:26+00:00","breadcrumb":{"@id":"https:\/\/www.hydrachim.fr\/en\/produit\/jedor_3d_ndb_002550103\/#breadcrumb"},"inLanguage":"en-US","potentialAction":[{"@type":"ReadAction","target":["https:\/\/www.hydrachim.fr\/en\/produit\/jedor_3d_ndb_002550103\/"]}]},{"@type":"ImageObject","inLanguage":"en-US","@id":"https:\/\/www.hydrachim.fr\/en\/produit\/jedor_3d_ndb_002550103\/#primaryimage","url":"https:\/\/www.hydrachim.fr\/app\/uploads\/2025\/08\/Photo_gamme_JEDOR_bd.png","contentUrl":"https:\/\/www.hydrachim.fr\/app\/uploads\/2025\/08\/Photo_gamme_JEDOR_bd.png","width":827,"height":325},{"@type":"BreadcrumbList","@id":"https:\/\/www.hydrachim.fr\/en\/produit\/jedor_3d_ndb_002550103\/#breadcrumb","itemListElement":[{"@type":"ListItem","position":1,"name":"Home","item":"https:\/\/www.hydrachim.fr\/en\/"},{"@type":"ListItem","position":2,"name":"Boutique","item":"https:\/\/www.hydrachim.fr\/boutique\/"},{"@type":"ListItem","position":3,"name":"JEDOR 3D NDB"}]},{"@type":"WebSite","@id":"https:\/\/www.hydrachim.fr\/en\/#website","url":"https:\/\/www.hydrachim.fr\/en\/","name":"Hydrachim","description":"La science de l&#039;hygi\u00e8ne","potentialAction":[{"@type":"SearchAction","target":{"@type":"EntryPoint","urlTemplate":"https:\/\/www.hydrachim.fr\/en\/?s={search_term_string}"},"query-input":{"@type":"PropertyValueSpecification","valueRequired":true,"valueName":"search_term_string"}}],"inLanguage":"en-US"}]}},"acf":{"fiche_methode":"","fiche_technique":"https:\/\/www.hydrachim.fr\/app\/uploads\/2025\/10\/FT_JEDOR_NDB_3D___AMM.pdf"},"_links":{"self":[{"href":"https:\/\/www.hydrachim.fr\/en\/wp-json\/wp\/v2\/product\/22405","targetHints":{"allow":["GET"]}}],"collection":[{"href":"https:\/\/www.hydrachim.fr\/en\/wp-json\/wp\/v2\/product"}],"about":[{"href":"https:\/\/www.hydrachim.fr\/en\/wp-json\/wp\/v2\/types\/product"}],"wp:featuredmedia":[{"embeddable":true,"href":"https:\/\/www.hydrachim.fr\/en\/wp-json\/wp\/v2\/media\/22411"}],"wp:attachment":[{"href":"https:\/\/www.hydrachim.fr\/en\/wp-json\/wp\/v2\/media?parent=22405"}],"wp:term":[{"taxonomy":"product_brand","embeddable":true,"href":"https:\/\/www.hydrachim.fr\/en\/wp-json\/wp\/v2\/product_brand?post=22405"},{"taxonomy":"product_type","embeddable":true,"href":"https:\/\/www.hydrachim.fr\/en\/wp-json\/wp\/v2\/product_type?post=22405"},{"taxonomy":"product_visibility","embeddable":true,"href":"https:\/\/www.hydrachim.fr\/en\/wp-json\/wp\/v2\/product_visibility?post=22405"},{"taxonomy":"product_cat","embeddable":true,"href":"https:\/\/www.hydrachim.fr\/en\/wp-json\/wp\/v2\/product_cat?post=22405"}],"curies":[{"name":"wp","href":"https:\/\/api.w.org\/{rel}","templated":true}]}}