{"id":22208,"date":"2025-07-10T10:39:58","date_gmt":"2025-07-10T08:39:58","guid":{"rendered":"https:\/\/www.hydrachim.fr\/?post_type=product&#038;p=22208"},"modified":"2026-03-18T09:55:08","modified_gmt":"2026-03-18T07:55:08","slug":"sanitgel_m4_002215502","status":"publish","type":"product","link":"https:\/\/www.hydrachim.fr\/en\/produit\/sanitgel_m4_002215502\/","title":{"rendered":"Sanit&#8217;Gel M4"},"content":{"rendered":"<p><strong>Sanit\u2019Gel M4 nettoie, d\u00e9sinfecte, d\u00e9tartre et parfume les sanitaires.<\/strong><\/p>\n<p>&#8211; Nettoyant, d\u00e9tartrant, d\u00e9sinfectant sp\u00e9cialement con\u00e7u pour l\u2019entretien quotidien des cuvettes WC et des urinoirs.<br \/>\n&#8211; \u00c9limine les d\u00e9p\u00f4ts calcaires.<br \/>\n&#8211; Id\u00e9al pour les cuvettes WC et urinoirs.<br \/>\n&#8211; Sa formule g\u00e9lifi\u00e9e et son emballage coud\u00e9 permettent de d\u00e9poser le produit jusque sous les rebords de la cuvette, le produit permet un temps de contact prolong\u00e9 pour une efficacit\u00e9 optimale.<br \/>\n&#8211; S\u00e8che sans trace apr\u00e8s application (nettoyage et rin\u00e7age).<br \/>\n&#8211; Laisse un parfum Menthe Eucalyptus.<\/p>\n<p>Produit conforme au r\u00e8glement biocide (CE) n\u00b0528\/2012 et enregistr\u00e9 sous BioCID sous le n\u00b080457.<br \/>\nUtilisable en TP2 et TP4.\n<\/p>\n<p><strong>Disponible en :<br \/>\n&#8211; Carton de 6x1L Flex. R\u00e9f : 002215502<\/strong><\/p>\n<p class=\"y-product y-product__product-subtitle\">Avantage :<\/p>\n<p>Bact\u00e9ricide, levuricide et virucide (Pour plus de d\u00e9tails se r\u00e9f\u00e9rer \u00e0 la fiche technique).<br \/>\nUtilisable avec et sans action m\u00e9canique.<\/p>\n<p>Retrouvez le mode d\u2019emploi et le dosage du produit en t\u00e9l\u00e9chargeant, ci-dessous, sa Fiche Technique.<\/p>\n<p><em>Utilisez les biocides avec pr\u00e9caution. Avant toute utilisation, lisez l\u2019\u00e9tiquette et les informations concernant le produit.<br \/>\nProduit strictement professionnel.<br \/>\nAvant toute utilisation, assurez-vous que celle-ci est indispensable, notamment dans les lieux fr\u00e9quent\u00e9s par le grand public.<br \/>\nPrivil\u00e9giez chaque fois que possible les m\u00e9thodes alternatives et les produits pr\u00e9sentant le risque le plus faible pour la sant\u00e9 humaine et animale et pour l\u2019environnement.<\/p>\n<p>TP2 : D\u00e9sinfectants utilis\u00e9s dans le domaine priv\u00e9 et dans le domaine de la sant\u00e9 publique et autres produits biocides.<br \/>\nTP4 : D\u00e9sinfectants pour les surfaces nr\u00e9es alimentaires et les aliments pour en contact avec les de animaux.<\/em><\/p>\n","protected":false},"excerpt":{"rendered":"<p>Gel WC pr\u00eat \u00e0 l&#8217;emploi sanitaire \u00e0 la fois nettoyant, d\u00e9tartrant, d\u00e9sinfectant et d\u00e9sodorisant.<\/p>\n","protected":false},"featured_media":30662,"template":"","meta":[],"product_brand":[],"product_type":[2],"product_visibility":[],"product_cat":[4553,4174,4554,4145,4113,4124,4556,4123],"class_list":{"0":"post-22208","1":"product","2":"type-product","3":"status-publish","4":"has-post-thumbnail","6":"product_cat-produits-produitstype-defficacitebactericide","7":"product_cat-nouveautesdesinfection","8":"product_cat-produits-produitstype-defficacitelevuricide","9":"product_cat-marquesorlav","10":"product_cat-dsinfectionsanitaire","11":"product_cat-sanitairesurface","12":"product_cat-produits-produitstype-defficacitevirucide","13":"product_cat-sanitairewc","14":"product_tag-chr","15":"product_tag-desinfectant","16":"product_tag-desodorisant","17":"product_tag-detartrant","18":"product_tag-gel","19":"product_tag-nettoyant","20":"product_tag-pret-a-lemploi","21":"product_tag-sanitaire","22":"product_tag-wc","24":"first","25":"instock","26":"shipping-taxable","27":"product-type-simple"},"yoast_head":"<!-- This site is optimized with the Yoast SEO plugin v27.4 - https:\/\/yoast.com\/product\/yoast-seo-wordpress\/ -->\n<title>Sanit&#039;Gel M4 - Hydrachim<\/title>\n<meta name=\"robots\" content=\"index, follow, max-snippet:-1, max-image-preview:large, max-video-preview:-1\" \/>\n<link rel=\"canonical\" href=\"https:\/\/www.hydrachim.fr\/en\/produit\/sanitgel_m4_002215502\/\" \/>\n<meta property=\"og:locale\" content=\"en_US\" \/>\n<meta property=\"og:type\" content=\"article\" \/>\n<meta property=\"og:title\" content=\"Sanit&#039;Gel M4 - Hydrachim\" \/>\n<meta property=\"og:description\" content=\"Gel WC pr\u00eat \u00e0 l&#039;emploi sanitaire \u00e0 la fois nettoyant, d\u00e9tartrant, d\u00e9sinfectant et d\u00e9sodorisant.\" \/>\n<meta property=\"og:url\" content=\"https:\/\/www.hydrachim.fr\/en\/produit\/sanitgel_m4_002215502\/\" \/>\n<meta property=\"og:site_name\" content=\"Hydrachim\" \/>\n<meta property=\"article:modified_time\" content=\"2026-03-18T07:55:08+00:00\" \/>\n<meta property=\"og:image\" content=\"https:\/\/www.hydrachim.fr\/app\/uploads\/2026\/03\/2155___SANIT_GEL_4___1L_FLEX.png\" \/>\n\t<meta property=\"og:image:width\" content=\"600\" \/>\n\t<meta property=\"og:image:height\" content=\"800\" \/>\n\t<meta property=\"og:image:type\" content=\"image\/png\" \/>\n<meta name=\"twitter:card\" content=\"summary_large_image\" \/>\n<meta name=\"twitter:label1\" content=\"Est. reading time\" \/>\n\t<meta name=\"twitter:data1\" content=\"1 minute\" \/>\n<script type=\"application\/ld+json\" class=\"yoast-schema-graph\">{\"@context\":\"https:\\\/\\\/schema.org\",\"@graph\":[{\"@type\":\"WebPage\",\"@id\":\"https:\\\/\\\/www.hydrachim.fr\\\/en\\\/produit\\\/sanitgel_m4_002215502\\\/\",\"url\":\"https:\\\/\\\/www.hydrachim.fr\\\/en\\\/produit\\\/sanitgel_m4_002215502\\\/\",\"name\":\"Sanit'Gel M4 - Hydrachim\",\"isPartOf\":{\"@id\":\"https:\\\/\\\/www.hydrachim.fr\\\/en\\\/#website\"},\"primaryImageOfPage\":{\"@id\":\"https:\\\/\\\/www.hydrachim.fr\\\/en\\\/produit\\\/sanitgel_m4_002215502\\\/#primaryimage\"},\"image\":{\"@id\":\"https:\\\/\\\/www.hydrachim.fr\\\/en\\\/produit\\\/sanitgel_m4_002215502\\\/#primaryimage\"},\"thumbnailUrl\":\"https:\\\/\\\/www.hydrachim.fr\\\/app\\\/uploads\\\/2026\\\/03\\\/2155___SANIT_GEL_4___1L_FLEX.png\",\"datePublished\":\"2025-07-10T08:39:58+00:00\",\"dateModified\":\"2026-03-18T07:55:08+00:00\",\"breadcrumb\":{\"@id\":\"https:\\\/\\\/www.hydrachim.fr\\\/en\\\/produit\\\/sanitgel_m4_002215502\\\/#breadcrumb\"},\"inLanguage\":\"en-US\",\"potentialAction\":[{\"@type\":\"ReadAction\",\"target\":[\"https:\\\/\\\/www.hydrachim.fr\\\/en\\\/produit\\\/sanitgel_m4_002215502\\\/\"]}]},{\"@type\":\"ImageObject\",\"inLanguage\":\"en-US\",\"@id\":\"https:\\\/\\\/www.hydrachim.fr\\\/en\\\/produit\\\/sanitgel_m4_002215502\\\/#primaryimage\",\"url\":\"https:\\\/\\\/www.hydrachim.fr\\\/app\\\/uploads\\\/2026\\\/03\\\/2155___SANIT_GEL_4___1L_FLEX.png\",\"contentUrl\":\"https:\\\/\\\/www.hydrachim.fr\\\/app\\\/uploads\\\/2026\\\/03\\\/2155___SANIT_GEL_4___1L_FLEX.png\",\"width\":600,\"height\":800},{\"@type\":\"BreadcrumbList\",\"@id\":\"https:\\\/\\\/www.hydrachim.fr\\\/en\\\/produit\\\/sanitgel_m4_002215502\\\/#breadcrumb\",\"itemListElement\":[{\"@type\":\"ListItem\",\"position\":1,\"name\":\"Home\",\"item\":\"https:\\\/\\\/www.hydrachim.fr\\\/en\\\/\"},{\"@type\":\"ListItem\",\"position\":2,\"name\":\"Boutique\",\"item\":\"https:\\\/\\\/www.hydrachim.fr\\\/boutique\\\/\"},{\"@type\":\"ListItem\",\"position\":3,\"name\":\"Sanit&rsquo;Gel M4\"}]},{\"@type\":\"WebSite\",\"@id\":\"https:\\\/\\\/www.hydrachim.fr\\\/en\\\/#website\",\"url\":\"https:\\\/\\\/www.hydrachim.fr\\\/en\\\/\",\"name\":\"Hydrachim\",\"description\":\"La science de l&#039;hygi\u00e8ne\",\"potentialAction\":[{\"@type\":\"SearchAction\",\"target\":{\"@type\":\"EntryPoint\",\"urlTemplate\":\"https:\\\/\\\/www.hydrachim.fr\\\/en\\\/?s={search_term_string}\"},\"query-input\":{\"@type\":\"PropertyValueSpecification\",\"valueRequired\":true,\"valueName\":\"search_term_string\"}}],\"inLanguage\":\"en-US\"}]}<\/script>\n<!-- \/ Yoast SEO plugin. -->","yoast_head_json":{"title":"Sanit'Gel M4 - Hydrachim","robots":{"index":"index","follow":"follow","max-snippet":"max-snippet:-1","max-image-preview":"max-image-preview:large","max-video-preview":"max-video-preview:-1"},"canonical":"https:\/\/www.hydrachim.fr\/en\/produit\/sanitgel_m4_002215502\/","og_locale":"en_US","og_type":"article","og_title":"Sanit'Gel M4 - Hydrachim","og_description":"Gel WC pr\u00eat \u00e0 l'emploi sanitaire \u00e0 la fois nettoyant, d\u00e9tartrant, d\u00e9sinfectant et d\u00e9sodorisant.","og_url":"https:\/\/www.hydrachim.fr\/en\/produit\/sanitgel_m4_002215502\/","og_site_name":"Hydrachim","article_modified_time":"2026-03-18T07:55:08+00:00","og_image":[{"width":600,"height":800,"url":"https:\/\/www.hydrachim.fr\/app\/uploads\/2026\/03\/2155___SANIT_GEL_4___1L_FLEX.png","type":"image\/png"}],"twitter_card":"summary_large_image","twitter_misc":{"Est. reading time":"1 minute"},"schema":{"@context":"https:\/\/schema.org","@graph":[{"@type":"WebPage","@id":"https:\/\/www.hydrachim.fr\/en\/produit\/sanitgel_m4_002215502\/","url":"https:\/\/www.hydrachim.fr\/en\/produit\/sanitgel_m4_002215502\/","name":"Sanit'Gel M4 - Hydrachim","isPartOf":{"@id":"https:\/\/www.hydrachim.fr\/en\/#website"},"primaryImageOfPage":{"@id":"https:\/\/www.hydrachim.fr\/en\/produit\/sanitgel_m4_002215502\/#primaryimage"},"image":{"@id":"https:\/\/www.hydrachim.fr\/en\/produit\/sanitgel_m4_002215502\/#primaryimage"},"thumbnailUrl":"https:\/\/www.hydrachim.fr\/app\/uploads\/2026\/03\/2155___SANIT_GEL_4___1L_FLEX.png","datePublished":"2025-07-10T08:39:58+00:00","dateModified":"2026-03-18T07:55:08+00:00","breadcrumb":{"@id":"https:\/\/www.hydrachim.fr\/en\/produit\/sanitgel_m4_002215502\/#breadcrumb"},"inLanguage":"en-US","potentialAction":[{"@type":"ReadAction","target":["https:\/\/www.hydrachim.fr\/en\/produit\/sanitgel_m4_002215502\/"]}]},{"@type":"ImageObject","inLanguage":"en-US","@id":"https:\/\/www.hydrachim.fr\/en\/produit\/sanitgel_m4_002215502\/#primaryimage","url":"https:\/\/www.hydrachim.fr\/app\/uploads\/2026\/03\/2155___SANIT_GEL_4___1L_FLEX.png","contentUrl":"https:\/\/www.hydrachim.fr\/app\/uploads\/2026\/03\/2155___SANIT_GEL_4___1L_FLEX.png","width":600,"height":800},{"@type":"BreadcrumbList","@id":"https:\/\/www.hydrachim.fr\/en\/produit\/sanitgel_m4_002215502\/#breadcrumb","itemListElement":[{"@type":"ListItem","position":1,"name":"Home","item":"https:\/\/www.hydrachim.fr\/en\/"},{"@type":"ListItem","position":2,"name":"Boutique","item":"https:\/\/www.hydrachim.fr\/boutique\/"},{"@type":"ListItem","position":3,"name":"Sanit&rsquo;Gel M4"}]},{"@type":"WebSite","@id":"https:\/\/www.hydrachim.fr\/en\/#website","url":"https:\/\/www.hydrachim.fr\/en\/","name":"Hydrachim","description":"La science de l&#039;hygi\u00e8ne","potentialAction":[{"@type":"SearchAction","target":{"@type":"EntryPoint","urlTemplate":"https:\/\/www.hydrachim.fr\/en\/?s={search_term_string}"},"query-input":{"@type":"PropertyValueSpecification","valueRequired":true,"valueName":"search_term_string"}}],"inLanguage":"en-US"}]}},"acf":{"fiche_methode":"","fiche_technique":"https:\/\/www.hydrachim.fr\/app\/uploads\/2026\/03\/FT_ORLAV___2155___SANIT_GEL_M4.pdf"},"_links":{"self":[{"href":"https:\/\/www.hydrachim.fr\/en\/wp-json\/wp\/v2\/product\/22208","targetHints":{"allow":["GET"]}}],"collection":[{"href":"https:\/\/www.hydrachim.fr\/en\/wp-json\/wp\/v2\/product"}],"about":[{"href":"https:\/\/www.hydrachim.fr\/en\/wp-json\/wp\/v2\/types\/product"}],"wp:featuredmedia":[{"embeddable":true,"href":"https:\/\/www.hydrachim.fr\/en\/wp-json\/wp\/v2\/media\/30662"}],"wp:attachment":[{"href":"https:\/\/www.hydrachim.fr\/en\/wp-json\/wp\/v2\/media?parent=22208"}],"wp:term":[{"taxonomy":"product_brand","embeddable":true,"href":"https:\/\/www.hydrachim.fr\/en\/wp-json\/wp\/v2\/product_brand?post=22208"},{"taxonomy":"product_type","embeddable":true,"href":"https:\/\/www.hydrachim.fr\/en\/wp-json\/wp\/v2\/product_type?post=22208"},{"taxonomy":"product_visibility","embeddable":true,"href":"https:\/\/www.hydrachim.fr\/en\/wp-json\/wp\/v2\/product_visibility?post=22208"},{"taxonomy":"product_cat","embeddable":true,"href":"https:\/\/www.hydrachim.fr\/en\/wp-json\/wp\/v2\/product_cat?post=22208"}],"curies":[{"name":"wp","href":"https:\/\/api.w.org\/{rel}","templated":true}]}}