{"id":22207,"date":"2025-07-10T10:30:28","date_gmt":"2025-07-10T08:30:28","guid":{"rendered":"https:\/\/www.hydrachim.fr\/?post_type=product&#038;p=22207"},"modified":"2025-11-13T17:56:09","modified_gmt":"2025-11-13T15:56:09","slug":"sanitmousse_ap_pae_002218601","status":"publish","type":"product","link":"https:\/\/www.hydrachim.fr\/en\/produit\/sanitmousse_ap_pae_002218601\/","title":{"rendered":"Sanit\u2019Mousse AP PAE"},"content":{"rendered":"<p><strong>Sanit\u2019Mousse AP PAE nettoie, d\u00e9sinfecte, d\u00e9tartre et parfume les sanitaires.<\/strong><\/p>\n<p>&#8211; Nettoie, d\u00e9tartre, d\u00e9sinfecte et d\u00e9sodorise les sanitaires*.<br \/>\n&#8211; S\u00e8che sans traces apr\u00e8s application (nettoyage et rin\u00e7age).<br \/>\n&#8211; Dissout le calcaire et les traces laiss\u00e9es par l\u2019eau et le savon.<br \/>\n&#8211; Id\u00e9al pour les baignoires, lavabos, robinetteries, carrelages, vitres de douches, cuvettes WC&#8230;<br \/>\n&#8211; Laisse un parfum Fleurs Blanches.<\/p>\n<p>Produit conforme au r\u00e8glement biocide (CE) n\u00b0528\/2012 et enregistr\u00e9 sous BioCID sous le n\u00b079849.<br \/>\nUtilisable en TP2 et TP4.<\/p>\n<p>*Faire un essai pr\u00e9alable sur une petite surface non visible.\n<\/p>\n<p><strong>Disponible en :<br \/>\n&#8211; Carton de 4x5L. R\u00e9f : 002218601<br \/>\n&#8211; Carton de 12x1L bouillotte. R\u00e9f : 002218602<br \/>\n&#8211; Carton de 12x750mL. R\u00e9f : 002218603<\/strong><\/p>\n<p class=\"y-product y-product__product-subtitle\">Avantage :<\/p>\n<p>Bact\u00e9ricide, levuricide et virucide (Pour plus de d\u00e9tails se r\u00e9f\u00e9rer \u00e0 la fiche technique).<br \/>\nUtilisable avec et sans action m\u00e9canique.<\/p>\n<p>Retrouvez le mode d\u2019emploi et le dosage du produit en t\u00e9l\u00e9chargeant, ci-dessous, sa Fiche Technique.<\/p>\n<p><em>Utilisez les biocides avec pr\u00e9caution. Avant toute utilisation, lisez l\u2019\u00e9tiquette et les informations concernant le produit.<br \/>\nProduit strictement professionnel.<br \/>\nAvant toute utilisation, assurez-vous que celle-ci est indispensable, notamment dans les lieux fr\u00e9quent\u00e9s par le grand public.<br \/>\nPrivil\u00e9giez chaque fois que possible les m\u00e9thodes alternatives et les produits pr\u00e9sentant le risque le plus faible pour la sant\u00e9 humaine et animale et pour l\u2019environnement.<\/p>\n<p>TP2 : D\u00e9sinfectants utilis\u00e9s dans le domaine priv\u00e9 et dans le domaine de la sant\u00e9 publique et autres produits biocides.<br \/>\nTP4 : D\u00e9sinfectants pour les surfaces nr\u00e9es alimentaires et les aliments pour en contact avec les de animaux.<\/em><\/p>\n","protected":false},"excerpt":{"rendered":"<p>Produit liquide pr\u00eat \u00e0 l&#8217;emploi sanitaire \u00e0 la fois nettoyant, d\u00e9tartrant, d\u00e9sinfectant et d\u00e9sodorisant.<\/p>\n","protected":false},"featured_media":22329,"template":"","meta":[],"product_brand":[],"product_type":[2],"product_visibility":[],"product_cat":[4553,4174,4554,4145,4113,4124,4556],"class_list":{"0":"post-22207","1":"product","2":"type-product","3":"status-publish","4":"has-post-thumbnail","6":"product_cat-produits-produitstype-defficacitebactericide","7":"product_cat-nouveautesdesinfection","8":"product_cat-produits-produitstype-defficacitelevuricide","9":"product_cat-marquesorlav","10":"product_cat-dsinfectionsanitaire","11":"product_cat-sanitairesurface","12":"product_cat-produits-produitstype-defficacitevirucide","13":"product_tag-chr","14":"product_tag-desinfectant","15":"product_tag-desodorisant","16":"product_tag-detartrant","17":"product_tag-nettoyant","18":"product_tag-pret-a-lemploi","19":"product_tag-sanitaire","21":"first","22":"instock","23":"shipping-taxable","24":"product-type-simple"},"yoast_head":"<!-- This site is optimized with the Yoast SEO plugin v27.4 - https:\/\/yoast.com\/product\/yoast-seo-wordpress\/ -->\n<title>Sanit\u2019Mousse AP PAE - Hydrachim<\/title>\n<meta name=\"robots\" content=\"index, follow, max-snippet:-1, max-image-preview:large, max-video-preview:-1\" \/>\n<link rel=\"canonical\" href=\"https:\/\/www.hydrachim.fr\/en\/produit\/sanitmousse_ap_pae_002218601\/\" \/>\n<meta property=\"og:locale\" content=\"en_US\" \/>\n<meta property=\"og:type\" content=\"article\" \/>\n<meta property=\"og:title\" content=\"Sanit\u2019Mousse AP PAE - Hydrachim\" \/>\n<meta property=\"og:description\" content=\"Produit liquide pr\u00eat \u00e0 l&#039;emploi sanitaire \u00e0 la fois nettoyant, d\u00e9tartrant, d\u00e9sinfectant et d\u00e9sodorisant.\" \/>\n<meta property=\"og:url\" content=\"https:\/\/www.hydrachim.fr\/en\/produit\/sanitmousse_ap_pae_002218601\/\" \/>\n<meta property=\"og:site_name\" content=\"Hydrachim\" \/>\n<meta property=\"article:modified_time\" content=\"2025-11-13T15:56:09+00:00\" \/>\n<meta property=\"og:image\" content=\"https:\/\/www.hydrachim.fr\/app\/uploads\/2025\/07\/2186___SANIT_MOUSSE_AP_PAE___750ML-1.png\" \/>\n\t<meta property=\"og:image:width\" content=\"600\" \/>\n\t<meta property=\"og:image:height\" content=\"1092\" \/>\n\t<meta property=\"og:image:type\" content=\"image\/png\" \/>\n<meta name=\"twitter:card\" content=\"summary_large_image\" \/>\n<meta name=\"twitter:label1\" content=\"Est. reading time\" \/>\n\t<meta name=\"twitter:data1\" content=\"1 minute\" \/>\n<script type=\"application\/ld+json\" class=\"yoast-schema-graph\">{\"@context\":\"https:\\\/\\\/schema.org\",\"@graph\":[{\"@type\":\"WebPage\",\"@id\":\"https:\\\/\\\/www.hydrachim.fr\\\/en\\\/produit\\\/sanitmousse_ap_pae_002218601\\\/\",\"url\":\"https:\\\/\\\/www.hydrachim.fr\\\/en\\\/produit\\\/sanitmousse_ap_pae_002218601\\\/\",\"name\":\"Sanit\u2019Mousse AP PAE - Hydrachim\",\"isPartOf\":{\"@id\":\"https:\\\/\\\/www.hydrachim.fr\\\/en\\\/#website\"},\"primaryImageOfPage\":{\"@id\":\"https:\\\/\\\/www.hydrachim.fr\\\/en\\\/produit\\\/sanitmousse_ap_pae_002218601\\\/#primaryimage\"},\"image\":{\"@id\":\"https:\\\/\\\/www.hydrachim.fr\\\/en\\\/produit\\\/sanitmousse_ap_pae_002218601\\\/#primaryimage\"},\"thumbnailUrl\":\"https:\\\/\\\/www.hydrachim.fr\\\/app\\\/uploads\\\/2025\\\/07\\\/2186___SANIT_MOUSSE_AP_PAE___750ML-1.png\",\"datePublished\":\"2025-07-10T08:30:28+00:00\",\"dateModified\":\"2025-11-13T15:56:09+00:00\",\"breadcrumb\":{\"@id\":\"https:\\\/\\\/www.hydrachim.fr\\\/en\\\/produit\\\/sanitmousse_ap_pae_002218601\\\/#breadcrumb\"},\"inLanguage\":\"en-US\",\"potentialAction\":[{\"@type\":\"ReadAction\",\"target\":[\"https:\\\/\\\/www.hydrachim.fr\\\/en\\\/produit\\\/sanitmousse_ap_pae_002218601\\\/\"]}]},{\"@type\":\"ImageObject\",\"inLanguage\":\"en-US\",\"@id\":\"https:\\\/\\\/www.hydrachim.fr\\\/en\\\/produit\\\/sanitmousse_ap_pae_002218601\\\/#primaryimage\",\"url\":\"https:\\\/\\\/www.hydrachim.fr\\\/app\\\/uploads\\\/2025\\\/07\\\/2186___SANIT_MOUSSE_AP_PAE___750ML-1.png\",\"contentUrl\":\"https:\\\/\\\/www.hydrachim.fr\\\/app\\\/uploads\\\/2025\\\/07\\\/2186___SANIT_MOUSSE_AP_PAE___750ML-1.png\",\"width\":600,\"height\":1092},{\"@type\":\"BreadcrumbList\",\"@id\":\"https:\\\/\\\/www.hydrachim.fr\\\/en\\\/produit\\\/sanitmousse_ap_pae_002218601\\\/#breadcrumb\",\"itemListElement\":[{\"@type\":\"ListItem\",\"position\":1,\"name\":\"Home\",\"item\":\"https:\\\/\\\/www.hydrachim.fr\\\/en\\\/\"},{\"@type\":\"ListItem\",\"position\":2,\"name\":\"Boutique\",\"item\":\"https:\\\/\\\/www.hydrachim.fr\\\/boutique\\\/\"},{\"@type\":\"ListItem\",\"position\":3,\"name\":\"Sanit\u2019Mousse AP PAE\"}]},{\"@type\":\"WebSite\",\"@id\":\"https:\\\/\\\/www.hydrachim.fr\\\/en\\\/#website\",\"url\":\"https:\\\/\\\/www.hydrachim.fr\\\/en\\\/\",\"name\":\"Hydrachim\",\"description\":\"La science de l&#039;hygi\u00e8ne\",\"potentialAction\":[{\"@type\":\"SearchAction\",\"target\":{\"@type\":\"EntryPoint\",\"urlTemplate\":\"https:\\\/\\\/www.hydrachim.fr\\\/en\\\/?s={search_term_string}\"},\"query-input\":{\"@type\":\"PropertyValueSpecification\",\"valueRequired\":true,\"valueName\":\"search_term_string\"}}],\"inLanguage\":\"en-US\"}]}<\/script>\n<!-- \/ Yoast SEO plugin. -->","yoast_head_json":{"title":"Sanit\u2019Mousse AP PAE - Hydrachim","robots":{"index":"index","follow":"follow","max-snippet":"max-snippet:-1","max-image-preview":"max-image-preview:large","max-video-preview":"max-video-preview:-1"},"canonical":"https:\/\/www.hydrachim.fr\/en\/produit\/sanitmousse_ap_pae_002218601\/","og_locale":"en_US","og_type":"article","og_title":"Sanit\u2019Mousse AP PAE - Hydrachim","og_description":"Produit liquide pr\u00eat \u00e0 l'emploi sanitaire \u00e0 la fois nettoyant, d\u00e9tartrant, d\u00e9sinfectant et d\u00e9sodorisant.","og_url":"https:\/\/www.hydrachim.fr\/en\/produit\/sanitmousse_ap_pae_002218601\/","og_site_name":"Hydrachim","article_modified_time":"2025-11-13T15:56:09+00:00","og_image":[{"width":600,"height":1092,"url":"https:\/\/www.hydrachim.fr\/app\/uploads\/2025\/07\/2186___SANIT_MOUSSE_AP_PAE___750ML-1.png","type":"image\/png"}],"twitter_card":"summary_large_image","twitter_misc":{"Est. reading time":"1 minute"},"schema":{"@context":"https:\/\/schema.org","@graph":[{"@type":"WebPage","@id":"https:\/\/www.hydrachim.fr\/en\/produit\/sanitmousse_ap_pae_002218601\/","url":"https:\/\/www.hydrachim.fr\/en\/produit\/sanitmousse_ap_pae_002218601\/","name":"Sanit\u2019Mousse AP PAE - Hydrachim","isPartOf":{"@id":"https:\/\/www.hydrachim.fr\/en\/#website"},"primaryImageOfPage":{"@id":"https:\/\/www.hydrachim.fr\/en\/produit\/sanitmousse_ap_pae_002218601\/#primaryimage"},"image":{"@id":"https:\/\/www.hydrachim.fr\/en\/produit\/sanitmousse_ap_pae_002218601\/#primaryimage"},"thumbnailUrl":"https:\/\/www.hydrachim.fr\/app\/uploads\/2025\/07\/2186___SANIT_MOUSSE_AP_PAE___750ML-1.png","datePublished":"2025-07-10T08:30:28+00:00","dateModified":"2025-11-13T15:56:09+00:00","breadcrumb":{"@id":"https:\/\/www.hydrachim.fr\/en\/produit\/sanitmousse_ap_pae_002218601\/#breadcrumb"},"inLanguage":"en-US","potentialAction":[{"@type":"ReadAction","target":["https:\/\/www.hydrachim.fr\/en\/produit\/sanitmousse_ap_pae_002218601\/"]}]},{"@type":"ImageObject","inLanguage":"en-US","@id":"https:\/\/www.hydrachim.fr\/en\/produit\/sanitmousse_ap_pae_002218601\/#primaryimage","url":"https:\/\/www.hydrachim.fr\/app\/uploads\/2025\/07\/2186___SANIT_MOUSSE_AP_PAE___750ML-1.png","contentUrl":"https:\/\/www.hydrachim.fr\/app\/uploads\/2025\/07\/2186___SANIT_MOUSSE_AP_PAE___750ML-1.png","width":600,"height":1092},{"@type":"BreadcrumbList","@id":"https:\/\/www.hydrachim.fr\/en\/produit\/sanitmousse_ap_pae_002218601\/#breadcrumb","itemListElement":[{"@type":"ListItem","position":1,"name":"Home","item":"https:\/\/www.hydrachim.fr\/en\/"},{"@type":"ListItem","position":2,"name":"Boutique","item":"https:\/\/www.hydrachim.fr\/boutique\/"},{"@type":"ListItem","position":3,"name":"Sanit\u2019Mousse AP PAE"}]},{"@type":"WebSite","@id":"https:\/\/www.hydrachim.fr\/en\/#website","url":"https:\/\/www.hydrachim.fr\/en\/","name":"Hydrachim","description":"La science de l&#039;hygi\u00e8ne","potentialAction":[{"@type":"SearchAction","target":{"@type":"EntryPoint","urlTemplate":"https:\/\/www.hydrachim.fr\/en\/?s={search_term_string}"},"query-input":{"@type":"PropertyValueSpecification","valueRequired":true,"valueName":"search_term_string"}}],"inLanguage":"en-US"}]}},"acf":{"fiche_methode":"","fiche_technique":"https:\/\/www.hydrachim.fr\/app\/uploads\/2025\/07\/FT_ORLAV___2186___SANIT_MOUSSE_AP_PAE.pdf"},"_links":{"self":[{"href":"https:\/\/www.hydrachim.fr\/en\/wp-json\/wp\/v2\/product\/22207","targetHints":{"allow":["GET"]}}],"collection":[{"href":"https:\/\/www.hydrachim.fr\/en\/wp-json\/wp\/v2\/product"}],"about":[{"href":"https:\/\/www.hydrachim.fr\/en\/wp-json\/wp\/v2\/types\/product"}],"wp:featuredmedia":[{"embeddable":true,"href":"https:\/\/www.hydrachim.fr\/en\/wp-json\/wp\/v2\/media\/22329"}],"wp:attachment":[{"href":"https:\/\/www.hydrachim.fr\/en\/wp-json\/wp\/v2\/media?parent=22207"}],"wp:term":[{"taxonomy":"product_brand","embeddable":true,"href":"https:\/\/www.hydrachim.fr\/en\/wp-json\/wp\/v2\/product_brand?post=22207"},{"taxonomy":"product_type","embeddable":true,"href":"https:\/\/www.hydrachim.fr\/en\/wp-json\/wp\/v2\/product_type?post=22207"},{"taxonomy":"product_visibility","embeddable":true,"href":"https:\/\/www.hydrachim.fr\/en\/wp-json\/wp\/v2\/product_visibility?post=22207"},{"taxonomy":"product_cat","embeddable":true,"href":"https:\/\/www.hydrachim.fr\/en\/wp-json\/wp\/v2\/product_cat?post=22207"}],"curies":[{"name":"wp","href":"https:\/\/api.w.org\/{rel}","templated":true}]}}