{"id":22082,"date":"2025-06-26T17:17:25","date_gmt":"2025-06-26T15:17:25","guid":{"rendered":"https:\/\/www.hydrachim.fr\/?post_type=product&#038;p=22082"},"modified":"2026-01-09T10:38:19","modified_gmt":"2026-01-09T08:38:19","slug":"ovicapspray_001102606","status":"publish","type":"product","link":"https:\/\/www.hydrachim.fr\/en\/produit\/ovicapspray_001102606\/","title":{"rendered":"OVICAP&#8217;SPRAY"},"content":{"rendered":"<p><strong>Protection des trayons apr\u00e8s traite.<\/strong><\/p>\n<p>Produit liquide, pr\u00eat \u00e0 l\u2019emploi, \u00e0 base de CHLORHEXIDINE.<br \/>\nOVICAP&#8217;Spray est efficace sur les bact\u00e9ries responsables des mammites.<br \/>\nEfficace d\u00e8s 5 minutes : bact\u00e9ricide conform\u00e9ment aux normes EN1656 et EN 17422 et levuricide selon la norme EN1657, consulter la FT ci-jointe.<\/p>\n<p><strong>Disponible en :<br \/>\n&#8211; Bidon 10kg R\u00e9f 001102606,<br \/>\n&#8211; Bidon de 20kg R\u00e9f. 001102692,<\/strong><\/p>\n<p class=\"y-product y-product__product-subtitle\">Avantage :<\/p>\n<p>Disponible en petit conditionnement pour un transport et un stockage ais\u00e9. Id\u00e9al sur les petites exploitations.<\/p>\n<p>Produit utilisable en agriculture biologique conforme au (UE) 2018\/848 (et ses amendements).<\/p>\n<p>Retrouvez le mode d&#8217;emploi et le dosage du produit en t\u00e9l\u00e9chargeant, ci-dessous, sa Fiche Technique.<\/p>\n<p><em>Utilisez les biocides avec pr\u00e9caution. Avant toute utilisation, lisez l&#8217;\u00e9tiquette et les informations concernant le produit.<\/p>\n<p>TP03 : Hygi\u00e8ne du trayon hors hygi\u00e8ne v\u00e9t\u00e9rinaire.<br \/>\n<\/em><\/p>\n","protected":false},"excerpt":{"rendered":"<p>Pulv\u00e9risation pour l&#8217;hygi\u00e8ne des trayons d\u00e9licat en \u00e9levage caprin et ovin.<\/p>\n","protected":false},"featured_media":22258,"template":"","meta":[],"product_brand":[],"product_type":[2],"product_visibility":[],"product_cat":[4154,4802,3985],"class_list":{"0":"post-22082","1":"product","2":"type-product","3":"status-publish","4":"has-post-thumbnail","6":"product_cat-marqueshydrachim-elevage","7":"product_cat-nouveautshygiene-en-elevage","8":"product_cat-hygiene-mamelle","9":"product_tag-bactericide","10":"product_tag-degraissant","11":"product_tag-hygine-du-trayon","12":"product_tag-mamelle","13":"product_tag-pulverisation","14":"product_tag-spray","15":"product_tag-tp3","17":"first","18":"instock","19":"shipping-taxable","20":"product-type-simple"},"yoast_head":"<!-- This site is optimized with the Yoast SEO plugin v27.4 - https:\/\/yoast.com\/product\/yoast-seo-wordpress\/ -->\n<title>OVICAP&#039;SPRAY - Hydrachim<\/title>\n<meta name=\"robots\" content=\"index, follow, max-snippet:-1, max-image-preview:large, max-video-preview:-1\" \/>\n<link rel=\"canonical\" href=\"https:\/\/www.hydrachim.fr\/en\/produit\/ovicapspray_001102606\/\" \/>\n<meta property=\"og:locale\" content=\"en_US\" \/>\n<meta property=\"og:type\" content=\"article\" \/>\n<meta property=\"og:title\" content=\"OVICAP&#039;SPRAY - Hydrachim\" \/>\n<meta property=\"og:description\" content=\"Pulv\u00e9risation pour l&#039;hygi\u00e8ne des trayons d\u00e9licat en \u00e9levage caprin et ovin.\" \/>\n<meta property=\"og:url\" content=\"https:\/\/www.hydrachim.fr\/en\/produit\/ovicapspray_001102606\/\" \/>\n<meta property=\"og:site_name\" content=\"Hydrachim\" \/>\n<meta property=\"article:modified_time\" content=\"2026-01-09T08:38:19+00:00\" \/>\n<meta property=\"og:image\" content=\"https:\/\/www.hydrachim.fr\/app\/uploads\/2025\/07\/1026_Ovicap_Spray_10kg.png\" \/>\n\t<meta property=\"og:image:width\" content=\"472\" \/>\n\t<meta property=\"og:image:height\" content=\"537\" \/>\n\t<meta property=\"og:image:type\" content=\"image\/png\" \/>\n<meta name=\"twitter:card\" content=\"summary_large_image\" \/>\n<meta name=\"twitter:label1\" content=\"Est. reading time\" \/>\n\t<meta name=\"twitter:data1\" content=\"1 minute\" \/>\n<script type=\"application\/ld+json\" class=\"yoast-schema-graph\">{\"@context\":\"https:\\\/\\\/schema.org\",\"@graph\":[{\"@type\":\"WebPage\",\"@id\":\"https:\\\/\\\/www.hydrachim.fr\\\/en\\\/produit\\\/ovicapspray_001102606\\\/\",\"url\":\"https:\\\/\\\/www.hydrachim.fr\\\/en\\\/produit\\\/ovicapspray_001102606\\\/\",\"name\":\"OVICAP'SPRAY - Hydrachim\",\"isPartOf\":{\"@id\":\"https:\\\/\\\/www.hydrachim.fr\\\/en\\\/#website\"},\"primaryImageOfPage\":{\"@id\":\"https:\\\/\\\/www.hydrachim.fr\\\/en\\\/produit\\\/ovicapspray_001102606\\\/#primaryimage\"},\"image\":{\"@id\":\"https:\\\/\\\/www.hydrachim.fr\\\/en\\\/produit\\\/ovicapspray_001102606\\\/#primaryimage\"},\"thumbnailUrl\":\"https:\\\/\\\/www.hydrachim.fr\\\/app\\\/uploads\\\/2025\\\/07\\\/1026_Ovicap_Spray_10kg.png\",\"datePublished\":\"2025-06-26T15:17:25+00:00\",\"dateModified\":\"2026-01-09T08:38:19+00:00\",\"breadcrumb\":{\"@id\":\"https:\\\/\\\/www.hydrachim.fr\\\/en\\\/produit\\\/ovicapspray_001102606\\\/#breadcrumb\"},\"inLanguage\":\"en-US\",\"potentialAction\":[{\"@type\":\"ReadAction\",\"target\":[\"https:\\\/\\\/www.hydrachim.fr\\\/en\\\/produit\\\/ovicapspray_001102606\\\/\"]}]},{\"@type\":\"ImageObject\",\"inLanguage\":\"en-US\",\"@id\":\"https:\\\/\\\/www.hydrachim.fr\\\/en\\\/produit\\\/ovicapspray_001102606\\\/#primaryimage\",\"url\":\"https:\\\/\\\/www.hydrachim.fr\\\/app\\\/uploads\\\/2025\\\/07\\\/1026_Ovicap_Spray_10kg.png\",\"contentUrl\":\"https:\\\/\\\/www.hydrachim.fr\\\/app\\\/uploads\\\/2025\\\/07\\\/1026_Ovicap_Spray_10kg.png\",\"width\":472,\"height\":537},{\"@type\":\"BreadcrumbList\",\"@id\":\"https:\\\/\\\/www.hydrachim.fr\\\/en\\\/produit\\\/ovicapspray_001102606\\\/#breadcrumb\",\"itemListElement\":[{\"@type\":\"ListItem\",\"position\":1,\"name\":\"Home\",\"item\":\"https:\\\/\\\/www.hydrachim.fr\\\/en\\\/\"},{\"@type\":\"ListItem\",\"position\":2,\"name\":\"Boutique\",\"item\":\"https:\\\/\\\/www.hydrachim.fr\\\/boutique\\\/\"},{\"@type\":\"ListItem\",\"position\":3,\"name\":\"OVICAP&rsquo;SPRAY\"}]},{\"@type\":\"WebSite\",\"@id\":\"https:\\\/\\\/www.hydrachim.fr\\\/en\\\/#website\",\"url\":\"https:\\\/\\\/www.hydrachim.fr\\\/en\\\/\",\"name\":\"Hydrachim\",\"description\":\"La science de l&#039;hygi\u00e8ne\",\"potentialAction\":[{\"@type\":\"SearchAction\",\"target\":{\"@type\":\"EntryPoint\",\"urlTemplate\":\"https:\\\/\\\/www.hydrachim.fr\\\/en\\\/?s={search_term_string}\"},\"query-input\":{\"@type\":\"PropertyValueSpecification\",\"valueRequired\":true,\"valueName\":\"search_term_string\"}}],\"inLanguage\":\"en-US\"}]}<\/script>\n<!-- \/ Yoast SEO plugin. -->","yoast_head_json":{"title":"OVICAP'SPRAY - Hydrachim","robots":{"index":"index","follow":"follow","max-snippet":"max-snippet:-1","max-image-preview":"max-image-preview:large","max-video-preview":"max-video-preview:-1"},"canonical":"https:\/\/www.hydrachim.fr\/en\/produit\/ovicapspray_001102606\/","og_locale":"en_US","og_type":"article","og_title":"OVICAP'SPRAY - Hydrachim","og_description":"Pulv\u00e9risation pour l'hygi\u00e8ne des trayons d\u00e9licat en \u00e9levage caprin et ovin.","og_url":"https:\/\/www.hydrachim.fr\/en\/produit\/ovicapspray_001102606\/","og_site_name":"Hydrachim","article_modified_time":"2026-01-09T08:38:19+00:00","og_image":[{"width":472,"height":537,"url":"https:\/\/www.hydrachim.fr\/app\/uploads\/2025\/07\/1026_Ovicap_Spray_10kg.png","type":"image\/png"}],"twitter_card":"summary_large_image","twitter_misc":{"Est. reading time":"1 minute"},"schema":{"@context":"https:\/\/schema.org","@graph":[{"@type":"WebPage","@id":"https:\/\/www.hydrachim.fr\/en\/produit\/ovicapspray_001102606\/","url":"https:\/\/www.hydrachim.fr\/en\/produit\/ovicapspray_001102606\/","name":"OVICAP'SPRAY - Hydrachim","isPartOf":{"@id":"https:\/\/www.hydrachim.fr\/en\/#website"},"primaryImageOfPage":{"@id":"https:\/\/www.hydrachim.fr\/en\/produit\/ovicapspray_001102606\/#primaryimage"},"image":{"@id":"https:\/\/www.hydrachim.fr\/en\/produit\/ovicapspray_001102606\/#primaryimage"},"thumbnailUrl":"https:\/\/www.hydrachim.fr\/app\/uploads\/2025\/07\/1026_Ovicap_Spray_10kg.png","datePublished":"2025-06-26T15:17:25+00:00","dateModified":"2026-01-09T08:38:19+00:00","breadcrumb":{"@id":"https:\/\/www.hydrachim.fr\/en\/produit\/ovicapspray_001102606\/#breadcrumb"},"inLanguage":"en-US","potentialAction":[{"@type":"ReadAction","target":["https:\/\/www.hydrachim.fr\/en\/produit\/ovicapspray_001102606\/"]}]},{"@type":"ImageObject","inLanguage":"en-US","@id":"https:\/\/www.hydrachim.fr\/en\/produit\/ovicapspray_001102606\/#primaryimage","url":"https:\/\/www.hydrachim.fr\/app\/uploads\/2025\/07\/1026_Ovicap_Spray_10kg.png","contentUrl":"https:\/\/www.hydrachim.fr\/app\/uploads\/2025\/07\/1026_Ovicap_Spray_10kg.png","width":472,"height":537},{"@type":"BreadcrumbList","@id":"https:\/\/www.hydrachim.fr\/en\/produit\/ovicapspray_001102606\/#breadcrumb","itemListElement":[{"@type":"ListItem","position":1,"name":"Home","item":"https:\/\/www.hydrachim.fr\/en\/"},{"@type":"ListItem","position":2,"name":"Boutique","item":"https:\/\/www.hydrachim.fr\/boutique\/"},{"@type":"ListItem","position":3,"name":"OVICAP&rsquo;SPRAY"}]},{"@type":"WebSite","@id":"https:\/\/www.hydrachim.fr\/en\/#website","url":"https:\/\/www.hydrachim.fr\/en\/","name":"Hydrachim","description":"La science de l&#039;hygi\u00e8ne","potentialAction":[{"@type":"SearchAction","target":{"@type":"EntryPoint","urlTemplate":"https:\/\/www.hydrachim.fr\/en\/?s={search_term_string}"},"query-input":{"@type":"PropertyValueSpecification","valueRequired":true,"valueName":"search_term_string"}}],"inLanguage":"en-US"}]}},"acf":{"fiche_methode":"","fiche_technique":"https:\/\/www.hydrachim.fr\/app\/uploads\/2025\/12\/HYDRACHIM_ELEVAGE_Gamme_BREBIS_Chevre_OVICAP__SPRAY.pdf"},"_links":{"self":[{"href":"https:\/\/www.hydrachim.fr\/en\/wp-json\/wp\/v2\/product\/22082","targetHints":{"allow":["GET"]}}],"collection":[{"href":"https:\/\/www.hydrachim.fr\/en\/wp-json\/wp\/v2\/product"}],"about":[{"href":"https:\/\/www.hydrachim.fr\/en\/wp-json\/wp\/v2\/types\/product"}],"wp:featuredmedia":[{"embeddable":true,"href":"https:\/\/www.hydrachim.fr\/en\/wp-json\/wp\/v2\/media\/22258"}],"wp:attachment":[{"href":"https:\/\/www.hydrachim.fr\/en\/wp-json\/wp\/v2\/media?parent=22082"}],"wp:term":[{"taxonomy":"product_brand","embeddable":true,"href":"https:\/\/www.hydrachim.fr\/en\/wp-json\/wp\/v2\/product_brand?post=22082"},{"taxonomy":"product_type","embeddable":true,"href":"https:\/\/www.hydrachim.fr\/en\/wp-json\/wp\/v2\/product_type?post=22082"},{"taxonomy":"product_visibility","embeddable":true,"href":"https:\/\/www.hydrachim.fr\/en\/wp-json\/wp\/v2\/product_visibility?post=22082"},{"taxonomy":"product_cat","embeddable":true,"href":"https:\/\/www.hydrachim.fr\/en\/wp-json\/wp\/v2\/product_cat?post=22082"}],"curies":[{"name":"wp","href":"https:\/\/api.w.org\/{rel}","templated":true}]}}