{"id":21954,"date":"2025-06-19T11:18:26","date_gmt":"2025-06-19T09:18:26","guid":{"rendered":"https:\/\/www.hydrachim.fr\/?post_type=product&#038;p=21954"},"modified":"2025-12-15T10:42:30","modified_gmt":"2025-12-15T08:42:30","slug":"cip_d-i-s_001146592","status":"publish","type":"product","link":"https:\/\/www.hydrachim.fr\/en\/produit\/cip_d-i-s_001146592\/","title":{"rendered":"CIP D.I.S"},"content":{"rendered":"<p><strong>D\u00e9graissant industriel surpuissant pour industrie agroalimentaire et viniculture.<\/strong><\/p>\n<p>CIP D.I.S est un d\u00e9graissant industriel surpuissant qui permet une \u00e9limination efficace des souillures, m\u00eames les plus tenaces.<br \/>\nIl s\u2019utilise en machine haute pression, en auto-laveuse, en trempage ou en pulv\u00e9risation.<br \/>\nIl peut \u00eatre utilis\u00e9 en industries agroalimentaires ou en viniculture (mat\u00e9riel agricole, rails, routes, vides ordures en IAA, etc.)<\/p>\n<p><strong>Disponible en :<br \/>\n&#8211; Bidon de 12 kg. R\u00e9f. 001146591<br \/>\n&#8211; Bidon de 24 kg. R\u00e9f. 001146592<\/strong><\/p>\n<p class=\"y-product y-product__product-subtitle\">Avantage :<\/p>\n<p>Produit ne disposant pas de compos\u00e9s organiques volatils (COV).<\/p>\n<p>Retrouvez le mode d\u2019emploi et le dosage du produit en t\u00e9l\u00e9chargeant, ci-dessous, sa Fiche Technique et\/ou sa Fiche M\u00e9thode.<\/p>\n<p><em>Ne jamais m\u00e9langer CIP DIS avec un produit acide<\/em><\/p>\n","protected":false},"excerpt":{"rendered":"<p>D\u00e9graissant industriel.<\/p>\n","protected":false},"featured_media":21957,"template":"","meta":[],"product_brand":[],"product_type":[2],"product_visibility":[],"product_cat":[4155],"class_list":{"0":"post-21954","1":"product","2":"type-product","3":"status-publish","4":"has-post-thumbnail","6":"product_cat-marqueshydrachim-industrie","7":"product_tag-alcalin","8":"product_tag-autolaveuse","9":"product_tag-degraissant","10":"product_tag-industrie-agroalimentaire_1","11":"product_tag-industrie-boisson-brasserie-viniculture","12":"product_tag-souillure-organique","13":"product_tag-trempage","15":"first","16":"instock","17":"shipping-taxable","18":"product-type-simple"},"yoast_head":"<!-- This site is optimized with the Yoast SEO plugin v27.5 - https:\/\/yoast.com\/product\/yoast-seo-wordpress\/ -->\n<title>CIP D.I.S - Hydrachim<\/title>\n<meta name=\"robots\" content=\"index, follow, max-snippet:-1, max-image-preview:large, max-video-preview:-1\" \/>\n<link rel=\"canonical\" href=\"https:\/\/www.hydrachim.fr\/en\/produit\/cip_d-i-s_001146592\/\" \/>\n<meta property=\"og:locale\" content=\"en_US\" \/>\n<meta property=\"og:type\" content=\"article\" \/>\n<meta property=\"og:title\" content=\"CIP D.I.S - Hydrachim\" \/>\n<meta property=\"og:description\" content=\"D\u00e9graissant industriel.\" \/>\n<meta property=\"og:url\" content=\"https:\/\/www.hydrachim.fr\/en\/produit\/cip_d-i-s_001146592\/\" \/>\n<meta property=\"og:site_name\" content=\"Hydrachim\" \/>\n<meta property=\"article:modified_time\" content=\"2025-12-15T08:42:30+00:00\" \/>\n<meta property=\"og:image\" content=\"https:\/\/www.hydrachim.fr\/app\/uploads\/2025\/06\/CIP_D_I_S___001146502.png\" \/>\n\t<meta property=\"og:image:width\" content=\"639\" \/>\n\t<meta property=\"og:image:height\" content=\"914\" \/>\n\t<meta property=\"og:image:type\" content=\"image\/png\" \/>\n<meta name=\"twitter:card\" content=\"summary_large_image\" \/>\n<meta name=\"twitter:label1\" content=\"Est. reading time\" \/>\n\t<meta name=\"twitter:data1\" content=\"1 minute\" \/>\n<script type=\"application\/ld+json\" class=\"yoast-schema-graph\">{\"@context\":\"https:\\\/\\\/schema.org\",\"@graph\":[{\"@type\":\"WebPage\",\"@id\":\"https:\\\/\\\/www.hydrachim.fr\\\/en\\\/produit\\\/cip_d-i-s_001146592\\\/\",\"url\":\"https:\\\/\\\/www.hydrachim.fr\\\/en\\\/produit\\\/cip_d-i-s_001146592\\\/\",\"name\":\"CIP D.I.S - Hydrachim\",\"isPartOf\":{\"@id\":\"https:\\\/\\\/www.hydrachim.fr\\\/en\\\/#website\"},\"primaryImageOfPage\":{\"@id\":\"https:\\\/\\\/www.hydrachim.fr\\\/en\\\/produit\\\/cip_d-i-s_001146592\\\/#primaryimage\"},\"image\":{\"@id\":\"https:\\\/\\\/www.hydrachim.fr\\\/en\\\/produit\\\/cip_d-i-s_001146592\\\/#primaryimage\"},\"thumbnailUrl\":\"https:\\\/\\\/www.hydrachim.fr\\\/app\\\/uploads\\\/2025\\\/06\\\/CIP_D_I_S___001146502.png\",\"datePublished\":\"2025-06-19T09:18:26+00:00\",\"dateModified\":\"2025-12-15T08:42:30+00:00\",\"breadcrumb\":{\"@id\":\"https:\\\/\\\/www.hydrachim.fr\\\/en\\\/produit\\\/cip_d-i-s_001146592\\\/#breadcrumb\"},\"inLanguage\":\"en-US\",\"potentialAction\":[{\"@type\":\"ReadAction\",\"target\":[\"https:\\\/\\\/www.hydrachim.fr\\\/en\\\/produit\\\/cip_d-i-s_001146592\\\/\"]}]},{\"@type\":\"ImageObject\",\"inLanguage\":\"en-US\",\"@id\":\"https:\\\/\\\/www.hydrachim.fr\\\/en\\\/produit\\\/cip_d-i-s_001146592\\\/#primaryimage\",\"url\":\"https:\\\/\\\/www.hydrachim.fr\\\/app\\\/uploads\\\/2025\\\/06\\\/CIP_D_I_S___001146502.png\",\"contentUrl\":\"https:\\\/\\\/www.hydrachim.fr\\\/app\\\/uploads\\\/2025\\\/06\\\/CIP_D_I_S___001146502.png\",\"width\":639,\"height\":914},{\"@type\":\"BreadcrumbList\",\"@id\":\"https:\\\/\\\/www.hydrachim.fr\\\/en\\\/produit\\\/cip_d-i-s_001146592\\\/#breadcrumb\",\"itemListElement\":[{\"@type\":\"ListItem\",\"position\":1,\"name\":\"Home\",\"item\":\"https:\\\/\\\/www.hydrachim.fr\\\/en\\\/\"},{\"@type\":\"ListItem\",\"position\":2,\"name\":\"Boutique\",\"item\":\"https:\\\/\\\/www.hydrachim.fr\\\/boutique\\\/\"},{\"@type\":\"ListItem\",\"position\":3,\"name\":\"CIP D.I.S\"}]},{\"@type\":\"WebSite\",\"@id\":\"https:\\\/\\\/www.hydrachim.fr\\\/en\\\/#website\",\"url\":\"https:\\\/\\\/www.hydrachim.fr\\\/en\\\/\",\"name\":\"Hydrachim\",\"description\":\"La science de l&#039;hygi\u00e8ne\",\"potentialAction\":[{\"@type\":\"SearchAction\",\"target\":{\"@type\":\"EntryPoint\",\"urlTemplate\":\"https:\\\/\\\/www.hydrachim.fr\\\/en\\\/?s={search_term_string}\"},\"query-input\":{\"@type\":\"PropertyValueSpecification\",\"valueRequired\":true,\"valueName\":\"search_term_string\"}}],\"inLanguage\":\"en-US\"}]}<\/script>\n<!-- \/ Yoast SEO plugin. -->","yoast_head_json":{"title":"CIP D.I.S - Hydrachim","robots":{"index":"index","follow":"follow","max-snippet":"max-snippet:-1","max-image-preview":"max-image-preview:large","max-video-preview":"max-video-preview:-1"},"canonical":"https:\/\/www.hydrachim.fr\/en\/produit\/cip_d-i-s_001146592\/","og_locale":"en_US","og_type":"article","og_title":"CIP D.I.S - Hydrachim","og_description":"D\u00e9graissant industriel.","og_url":"https:\/\/www.hydrachim.fr\/en\/produit\/cip_d-i-s_001146592\/","og_site_name":"Hydrachim","article_modified_time":"2025-12-15T08:42:30+00:00","og_image":[{"width":639,"height":914,"url":"https:\/\/www.hydrachim.fr\/app\/uploads\/2025\/06\/CIP_D_I_S___001146502.png","type":"image\/png"}],"twitter_card":"summary_large_image","twitter_misc":{"Est. reading time":"1 minute"},"schema":{"@context":"https:\/\/schema.org","@graph":[{"@type":"WebPage","@id":"https:\/\/www.hydrachim.fr\/en\/produit\/cip_d-i-s_001146592\/","url":"https:\/\/www.hydrachim.fr\/en\/produit\/cip_d-i-s_001146592\/","name":"CIP D.I.S - Hydrachim","isPartOf":{"@id":"https:\/\/www.hydrachim.fr\/en\/#website"},"primaryImageOfPage":{"@id":"https:\/\/www.hydrachim.fr\/en\/produit\/cip_d-i-s_001146592\/#primaryimage"},"image":{"@id":"https:\/\/www.hydrachim.fr\/en\/produit\/cip_d-i-s_001146592\/#primaryimage"},"thumbnailUrl":"https:\/\/www.hydrachim.fr\/app\/uploads\/2025\/06\/CIP_D_I_S___001146502.png","datePublished":"2025-06-19T09:18:26+00:00","dateModified":"2025-12-15T08:42:30+00:00","breadcrumb":{"@id":"https:\/\/www.hydrachim.fr\/en\/produit\/cip_d-i-s_001146592\/#breadcrumb"},"inLanguage":"en-US","potentialAction":[{"@type":"ReadAction","target":["https:\/\/www.hydrachim.fr\/en\/produit\/cip_d-i-s_001146592\/"]}]},{"@type":"ImageObject","inLanguage":"en-US","@id":"https:\/\/www.hydrachim.fr\/en\/produit\/cip_d-i-s_001146592\/#primaryimage","url":"https:\/\/www.hydrachim.fr\/app\/uploads\/2025\/06\/CIP_D_I_S___001146502.png","contentUrl":"https:\/\/www.hydrachim.fr\/app\/uploads\/2025\/06\/CIP_D_I_S___001146502.png","width":639,"height":914},{"@type":"BreadcrumbList","@id":"https:\/\/www.hydrachim.fr\/en\/produit\/cip_d-i-s_001146592\/#breadcrumb","itemListElement":[{"@type":"ListItem","position":1,"name":"Home","item":"https:\/\/www.hydrachim.fr\/en\/"},{"@type":"ListItem","position":2,"name":"Boutique","item":"https:\/\/www.hydrachim.fr\/boutique\/"},{"@type":"ListItem","position":3,"name":"CIP D.I.S"}]},{"@type":"WebSite","@id":"https:\/\/www.hydrachim.fr\/en\/#website","url":"https:\/\/www.hydrachim.fr\/en\/","name":"Hydrachim","description":"La science de l&#039;hygi\u00e8ne","potentialAction":[{"@type":"SearchAction","target":{"@type":"EntryPoint","urlTemplate":"https:\/\/www.hydrachim.fr\/en\/?s={search_term_string}"},"query-input":{"@type":"PropertyValueSpecification","valueRequired":true,"valueName":"search_term_string"}}],"inLanguage":"en-US"}]}},"acf":{"fiche_methode":"","fiche_technique":"https:\/\/www.hydrachim.fr\/app\/uploads\/2025\/06\/FT_1465_CIP_D_I_S.pdf"},"_links":{"self":[{"href":"https:\/\/www.hydrachim.fr\/en\/wp-json\/wp\/v2\/product\/21954","targetHints":{"allow":["GET"]}}],"collection":[{"href":"https:\/\/www.hydrachim.fr\/en\/wp-json\/wp\/v2\/product"}],"about":[{"href":"https:\/\/www.hydrachim.fr\/en\/wp-json\/wp\/v2\/types\/product"}],"wp:featuredmedia":[{"embeddable":true,"href":"https:\/\/www.hydrachim.fr\/en\/wp-json\/wp\/v2\/media\/21957"}],"wp:attachment":[{"href":"https:\/\/www.hydrachim.fr\/en\/wp-json\/wp\/v2\/media?parent=21954"}],"wp:term":[{"taxonomy":"product_brand","embeddable":true,"href":"https:\/\/www.hydrachim.fr\/en\/wp-json\/wp\/v2\/product_brand?post=21954"},{"taxonomy":"product_type","embeddable":true,"href":"https:\/\/www.hydrachim.fr\/en\/wp-json\/wp\/v2\/product_type?post=21954"},{"taxonomy":"product_visibility","embeddable":true,"href":"https:\/\/www.hydrachim.fr\/en\/wp-json\/wp\/v2\/product_visibility?post=21954"},{"taxonomy":"product_cat","embeddable":true,"href":"https:\/\/www.hydrachim.fr\/en\/wp-json\/wp\/v2\/product_cat?post=21954"}],"curies":[{"name":"wp","href":"https:\/\/api.w.org\/{rel}","templated":true}]}}