{"id":21718,"date":"2025-06-02T09:26:45","date_gmt":"2025-06-02T07:26:45","guid":{"rendered":"https:\/\/www.hydrachim.fr\/?post_type=product&#038;p=21718"},"modified":"2025-06-30T13:51:48","modified_gmt":"2025-06-30T11:51:48","slug":"ultra_degraissant_002053101","status":"publish","type":"product","link":"https:\/\/www.hydrachim.fr\/en\/produit\/ultra_degraissant_002053101\/","title":{"rendered":"ULTRA DEGRAISSANT"},"content":{"rendered":"<p><strong>Notre produit Ultra d\u00e9graissant est un pr\u00eat-\u00e0-l&#8217;emploi puissant qui d\u00e9graisse et nettoie les surfaces.<br \/>\nIl \u00e9limine toutes les sallissures grasses et tenaces. <\/strong><\/p>\n<p><strong>Produit pr\u00eat \u00e0 l&#8217;emploi.<\/strong><\/p>\n<p>&#8211; S&#8217;utilise pur, en pulv\u00e9risation.<br \/>\n&#8211; Appliquer sur la surface.<br \/>\n&#8211; Frotter \u00e0 l&#8217;aide d&#8217;une \u00e9ponge ou d&#8217;une lavette.<br \/>\n&#8211; Rincer \u00e0 l&#8217;eau claire.<br \/>\n&#8211; Renouveler l&#8217;op\u00e9ration si n\u00e9cessaire.<\/p>\n","protected":false},"excerpt":{"rendered":"<p>D\u00e9graissant puissant pour cuisines professionnelles<\/p>\n","protected":false},"featured_media":21798,"template":"","meta":[],"product_brand":[],"product_type":[2],"product_visibility":[],"product_cat":[4141],"class_list":{"0":"post-21718","1":"product","2":"type-product","3":"status-publish","4":"has-post-thumbnail","6":"product_cat-produits","7":"product_tag-cuisine","8":"product_tag-degraissant","9":"product_tag-nettoyant","10":"product_tag-pret-a-lemploi","12":"first","13":"instock","14":"shipping-taxable","15":"product-type-simple"},"yoast_head":"<!-- This site is optimized with the Yoast SEO plugin v27.5 - https:\/\/yoast.com\/product\/yoast-seo-wordpress\/ -->\n<title>ULTRA DEGRAISSANT - Hydrachim<\/title>\n<meta name=\"robots\" content=\"index, follow, max-snippet:-1, max-image-preview:large, max-video-preview:-1\" \/>\n<link rel=\"canonical\" href=\"https:\/\/www.hydrachim.fr\/en\/produit\/ultra_degraissant_002053101\/\" \/>\n<meta property=\"og:locale\" content=\"en_US\" \/>\n<meta property=\"og:type\" content=\"article\" \/>\n<meta property=\"og:title\" content=\"ULTRA DEGRAISSANT - Hydrachim\" \/>\n<meta property=\"og:description\" content=\"D\u00e9graissant puissant pour cuisines professionnelles\" \/>\n<meta property=\"og:url\" content=\"https:\/\/www.hydrachim.fr\/en\/produit\/ultra_degraissant_002053101\/\" \/>\n<meta property=\"og:site_name\" content=\"Hydrachim\" \/>\n<meta property=\"article:modified_time\" content=\"2025-06-30T11:51:48+00:00\" \/>\n<meta property=\"og:image\" content=\"https:\/\/www.hydrachim.fr\/app\/uploads\/2025\/06\/0531___ORLAV___ULTRA_DEGRAISSANT____750ML___web_-2.png\" \/>\n\t<meta property=\"og:image:width\" content=\"283\" \/>\n\t<meta property=\"og:image:height\" content=\"598\" \/>\n\t<meta property=\"og:image:type\" content=\"image\/png\" \/>\n<meta name=\"twitter:card\" content=\"summary_large_image\" \/>\n<meta name=\"twitter:label1\" content=\"Est. reading time\" \/>\n\t<meta name=\"twitter:data1\" content=\"1 minute\" \/>\n<script type=\"application\/ld+json\" class=\"yoast-schema-graph\">{\"@context\":\"https:\\\/\\\/schema.org\",\"@graph\":[{\"@type\":\"WebPage\",\"@id\":\"https:\\\/\\\/www.hydrachim.fr\\\/en\\\/produit\\\/ultra_degraissant_002053101\\\/\",\"url\":\"https:\\\/\\\/www.hydrachim.fr\\\/en\\\/produit\\\/ultra_degraissant_002053101\\\/\",\"name\":\"ULTRA DEGRAISSANT - Hydrachim\",\"isPartOf\":{\"@id\":\"https:\\\/\\\/www.hydrachim.fr\\\/en\\\/#website\"},\"primaryImageOfPage\":{\"@id\":\"https:\\\/\\\/www.hydrachim.fr\\\/en\\\/produit\\\/ultra_degraissant_002053101\\\/#primaryimage\"},\"image\":{\"@id\":\"https:\\\/\\\/www.hydrachim.fr\\\/en\\\/produit\\\/ultra_degraissant_002053101\\\/#primaryimage\"},\"thumbnailUrl\":\"https:\\\/\\\/www.hydrachim.fr\\\/app\\\/uploads\\\/2025\\\/06\\\/0531___ORLAV___ULTRA_DEGRAISSANT____750ML___web_-2.png\",\"datePublished\":\"2025-06-02T07:26:45+00:00\",\"dateModified\":\"2025-06-30T11:51:48+00:00\",\"breadcrumb\":{\"@id\":\"https:\\\/\\\/www.hydrachim.fr\\\/en\\\/produit\\\/ultra_degraissant_002053101\\\/#breadcrumb\"},\"inLanguage\":\"en-US\",\"potentialAction\":[{\"@type\":\"ReadAction\",\"target\":[\"https:\\\/\\\/www.hydrachim.fr\\\/en\\\/produit\\\/ultra_degraissant_002053101\\\/\"]}]},{\"@type\":\"ImageObject\",\"inLanguage\":\"en-US\",\"@id\":\"https:\\\/\\\/www.hydrachim.fr\\\/en\\\/produit\\\/ultra_degraissant_002053101\\\/#primaryimage\",\"url\":\"https:\\\/\\\/www.hydrachim.fr\\\/app\\\/uploads\\\/2025\\\/06\\\/0531___ORLAV___ULTRA_DEGRAISSANT____750ML___web_-2.png\",\"contentUrl\":\"https:\\\/\\\/www.hydrachim.fr\\\/app\\\/uploads\\\/2025\\\/06\\\/0531___ORLAV___ULTRA_DEGRAISSANT____750ML___web_-2.png\",\"width\":283,\"height\":598},{\"@type\":\"BreadcrumbList\",\"@id\":\"https:\\\/\\\/www.hydrachim.fr\\\/en\\\/produit\\\/ultra_degraissant_002053101\\\/#breadcrumb\",\"itemListElement\":[{\"@type\":\"ListItem\",\"position\":1,\"name\":\"Home\",\"item\":\"https:\\\/\\\/www.hydrachim.fr\\\/en\\\/\"},{\"@type\":\"ListItem\",\"position\":2,\"name\":\"Boutique\",\"item\":\"https:\\\/\\\/www.hydrachim.fr\\\/boutique\\\/\"},{\"@type\":\"ListItem\",\"position\":3,\"name\":\"ULTRA DEGRAISSANT\"}]},{\"@type\":\"WebSite\",\"@id\":\"https:\\\/\\\/www.hydrachim.fr\\\/en\\\/#website\",\"url\":\"https:\\\/\\\/www.hydrachim.fr\\\/en\\\/\",\"name\":\"Hydrachim\",\"description\":\"La science de l&#039;hygi\u00e8ne\",\"potentialAction\":[{\"@type\":\"SearchAction\",\"target\":{\"@type\":\"EntryPoint\",\"urlTemplate\":\"https:\\\/\\\/www.hydrachim.fr\\\/en\\\/?s={search_term_string}\"},\"query-input\":{\"@type\":\"PropertyValueSpecification\",\"valueRequired\":true,\"valueName\":\"search_term_string\"}}],\"inLanguage\":\"en-US\"}]}<\/script>\n<!-- \/ Yoast SEO plugin. -->","yoast_head_json":{"title":"ULTRA DEGRAISSANT - Hydrachim","robots":{"index":"index","follow":"follow","max-snippet":"max-snippet:-1","max-image-preview":"max-image-preview:large","max-video-preview":"max-video-preview:-1"},"canonical":"https:\/\/www.hydrachim.fr\/en\/produit\/ultra_degraissant_002053101\/","og_locale":"en_US","og_type":"article","og_title":"ULTRA DEGRAISSANT - Hydrachim","og_description":"D\u00e9graissant puissant pour cuisines professionnelles","og_url":"https:\/\/www.hydrachim.fr\/en\/produit\/ultra_degraissant_002053101\/","og_site_name":"Hydrachim","article_modified_time":"2025-06-30T11:51:48+00:00","og_image":[{"width":283,"height":598,"url":"https:\/\/www.hydrachim.fr\/app\/uploads\/2025\/06\/0531___ORLAV___ULTRA_DEGRAISSANT____750ML___web_-2.png","type":"image\/png"}],"twitter_card":"summary_large_image","twitter_misc":{"Est. reading time":"1 minute"},"schema":{"@context":"https:\/\/schema.org","@graph":[{"@type":"WebPage","@id":"https:\/\/www.hydrachim.fr\/en\/produit\/ultra_degraissant_002053101\/","url":"https:\/\/www.hydrachim.fr\/en\/produit\/ultra_degraissant_002053101\/","name":"ULTRA DEGRAISSANT - Hydrachim","isPartOf":{"@id":"https:\/\/www.hydrachim.fr\/en\/#website"},"primaryImageOfPage":{"@id":"https:\/\/www.hydrachim.fr\/en\/produit\/ultra_degraissant_002053101\/#primaryimage"},"image":{"@id":"https:\/\/www.hydrachim.fr\/en\/produit\/ultra_degraissant_002053101\/#primaryimage"},"thumbnailUrl":"https:\/\/www.hydrachim.fr\/app\/uploads\/2025\/06\/0531___ORLAV___ULTRA_DEGRAISSANT____750ML___web_-2.png","datePublished":"2025-06-02T07:26:45+00:00","dateModified":"2025-06-30T11:51:48+00:00","breadcrumb":{"@id":"https:\/\/www.hydrachim.fr\/en\/produit\/ultra_degraissant_002053101\/#breadcrumb"},"inLanguage":"en-US","potentialAction":[{"@type":"ReadAction","target":["https:\/\/www.hydrachim.fr\/en\/produit\/ultra_degraissant_002053101\/"]}]},{"@type":"ImageObject","inLanguage":"en-US","@id":"https:\/\/www.hydrachim.fr\/en\/produit\/ultra_degraissant_002053101\/#primaryimage","url":"https:\/\/www.hydrachim.fr\/app\/uploads\/2025\/06\/0531___ORLAV___ULTRA_DEGRAISSANT____750ML___web_-2.png","contentUrl":"https:\/\/www.hydrachim.fr\/app\/uploads\/2025\/06\/0531___ORLAV___ULTRA_DEGRAISSANT____750ML___web_-2.png","width":283,"height":598},{"@type":"BreadcrumbList","@id":"https:\/\/www.hydrachim.fr\/en\/produit\/ultra_degraissant_002053101\/#breadcrumb","itemListElement":[{"@type":"ListItem","position":1,"name":"Home","item":"https:\/\/www.hydrachim.fr\/en\/"},{"@type":"ListItem","position":2,"name":"Boutique","item":"https:\/\/www.hydrachim.fr\/boutique\/"},{"@type":"ListItem","position":3,"name":"ULTRA DEGRAISSANT"}]},{"@type":"WebSite","@id":"https:\/\/www.hydrachim.fr\/en\/#website","url":"https:\/\/www.hydrachim.fr\/en\/","name":"Hydrachim","description":"La science de l&#039;hygi\u00e8ne","potentialAction":[{"@type":"SearchAction","target":{"@type":"EntryPoint","urlTemplate":"https:\/\/www.hydrachim.fr\/en\/?s={search_term_string}"},"query-input":{"@type":"PropertyValueSpecification","valueRequired":true,"valueName":"search_term_string"}}],"inLanguage":"en-US"}]}},"acf":{"fiche_technique":"https:\/\/www.hydrachim.fr\/app\/uploads\/2025\/06\/FT_0531_ULTRA_DEGRAISSANT_compressed_pdf.pdf","fiche_methode":""},"_links":{"self":[{"href":"https:\/\/www.hydrachim.fr\/en\/wp-json\/wp\/v2\/product\/21718","targetHints":{"allow":["GET"]}}],"collection":[{"href":"https:\/\/www.hydrachim.fr\/en\/wp-json\/wp\/v2\/product"}],"about":[{"href":"https:\/\/www.hydrachim.fr\/en\/wp-json\/wp\/v2\/types\/product"}],"wp:featuredmedia":[{"embeddable":true,"href":"https:\/\/www.hydrachim.fr\/en\/wp-json\/wp\/v2\/media\/21798"}],"wp:attachment":[{"href":"https:\/\/www.hydrachim.fr\/en\/wp-json\/wp\/v2\/media?parent=21718"}],"wp:term":[{"taxonomy":"product_brand","embeddable":true,"href":"https:\/\/www.hydrachim.fr\/en\/wp-json\/wp\/v2\/product_brand?post=21718"},{"taxonomy":"product_type","embeddable":true,"href":"https:\/\/www.hydrachim.fr\/en\/wp-json\/wp\/v2\/product_type?post=21718"},{"taxonomy":"product_visibility","embeddable":true,"href":"https:\/\/www.hydrachim.fr\/en\/wp-json\/wp\/v2\/product_visibility?post=21718"},{"taxonomy":"product_cat","embeddable":true,"href":"https:\/\/www.hydrachim.fr\/en\/wp-json\/wp\/v2\/product_cat?post=21718"}],"curies":[{"name":"wp","href":"https:\/\/api.w.org\/{rel}","templated":true}]}}