{"id":21391,"date":"2025-04-17T16:54:10","date_gmt":"2025-04-17T14:54:10","guid":{"rendered":"https:\/\/www.hydrachim.fr\/produit\/pastilles_lave-vaisselle_tri-couches_0002047501\/"},"modified":"2025-06-30T13:50:57","modified_gmt":"2025-06-30T11:50:57","slug":"pastilles_lave_vaisselle_tri_couches_002047501","status":"publish","type":"product","link":"https:\/\/www.hydrachim.fr\/en\/produit\/pastilles_lave_vaisselle_tri_couches_002047501\/","title":{"rendered":"PASTILLES LAVE VAISSELLE TRI COUCHES"},"content":{"rendered":"<p><strong>Pastille en sachet hydrosoluble individuel de 20g. Les tablettes \u00e9liminent efficacement la salet\u00e9 et les s\u00e9diments les plus tenaces, laissant la vaisselle propre et brillante.<\/strong><\/p>\n<p>&#8211; Lave efficacement, m\u00eame \u00e0 basse temp\u00e9rature : \u00c9limine les taches tenaces, les br\u00fblures, la graisse, les r\u00e9sidus de caf\u00e9 et de th\u00e9,<br \/>\n&#8211; Donne un effet brillant, la vaisselle est \u00e9tincelante de propret\u00e9,<br \/>\n&#8211; Prot\u00e8ge le lave-vaisselle et emp\u00eache les d\u00e9p\u00f4ts de calcaire,<br \/>\n&#8211; Prot\u00e9ge le verre et \u00e9vite que les objets en verre ne s\u2019assombrissent,<br \/>\n&#8211; Prot\u00e8ge les objets en acier de la corrosion,<br \/>\n&#8211; Laisse une odeur agr\u00e9able de longue dur\u00e9e.<\/p>\n<p><strong>Seau de 3KG. Sachet individuel de 20g.<\/strong><\/p>\n<p>1 pastille pour 20 litres d\u2019eau \u00e0 55\/60\u00b0C. D\u00e9poser la pastille (sans enlever le sachet) au fond du bac de lavage ou dans le r\u00e9servoir \u00e0 produit de votre lave-vaissellle. Pour les machines professionnelles, ajouter une pastille toutes les 3 \u00e0 5 lavages.<\/p>\n","protected":false},"excerpt":{"rendered":"<p>Pastille tri-couches (jaune\/blanc\/bleu) con\u00e7ue pour le lavage automatique en machine.<\/p>\n","protected":false},"featured_media":21389,"template":"","meta":[],"product_brand":[],"product_type":[2],"product_visibility":[],"product_cat":[4117,4141,4120],"class_list":{"0":"post-21391","1":"product","2":"type-product","3":"status-publish","4":"has-post-thumbnail","6":"product_cat-produitscuisine","7":"product_cat-produits","8":"product_cat-cuisinevaisselle-machine","9":"product_tag-citron","10":"product_tag-cuisine","11":"product_tag-lave-verre","12":"product_tag-pastille","14":"first","15":"instock","16":"shipping-taxable","17":"product-type-simple"},"yoast_head":"<!-- This site is optimized with the Yoast SEO plugin v27.6 - https:\/\/yoast.com\/product\/yoast-seo-wordpress\/ -->\n<title>PASTILLES LAVE VAISSELLE TRI COUCHES - Hydrachim<\/title>\n<meta name=\"robots\" content=\"index, follow, max-snippet:-1, max-image-preview:large, max-video-preview:-1\" \/>\n<link rel=\"canonical\" href=\"https:\/\/www.hydrachim.fr\/en\/produit\/pastilles_lave_vaisselle_tri_couches_002047501\/\" \/>\n<meta property=\"og:locale\" content=\"en_US\" \/>\n<meta property=\"og:type\" content=\"article\" \/>\n<meta property=\"og:title\" content=\"PASTILLES LAVE VAISSELLE TRI COUCHES - Hydrachim\" \/>\n<meta property=\"og:description\" content=\"Pastille tri-couches (jaune\/blanc\/bleu) con\u00e7ue pour le lavage automatique en machine.\" \/>\n<meta property=\"og:url\" content=\"https:\/\/www.hydrachim.fr\/en\/produit\/pastilles_lave_vaisselle_tri_couches_002047501\/\" \/>\n<meta property=\"og:site_name\" content=\"Hydrachim\" \/>\n<meta property=\"article:modified_time\" content=\"2025-06-30T11:50:57+00:00\" \/>\n<meta property=\"og:image\" content=\"https:\/\/www.hydrachim.fr\/app\/uploads\/2025\/04\/PP___site_internet.png\" \/>\n\t<meta property=\"og:image:width\" content=\"283\" \/>\n\t<meta property=\"og:image:height\" content=\"224\" \/>\n\t<meta property=\"og:image:type\" content=\"image\/png\" \/>\n<meta name=\"twitter:card\" content=\"summary_large_image\" \/>\n<meta name=\"twitter:label1\" content=\"Est. reading time\" \/>\n\t<meta name=\"twitter:data1\" content=\"1 minute\" \/>\n<script type=\"application\/ld+json\" class=\"yoast-schema-graph\">{\"@context\":\"https:\\\/\\\/schema.org\",\"@graph\":[{\"@type\":\"WebPage\",\"@id\":\"https:\\\/\\\/www.hydrachim.fr\\\/en\\\/produit\\\/pastilles_lave_vaisselle_tri_couches_002047501\\\/\",\"url\":\"https:\\\/\\\/www.hydrachim.fr\\\/en\\\/produit\\\/pastilles_lave_vaisselle_tri_couches_002047501\\\/\",\"name\":\"PASTILLES LAVE VAISSELLE TRI COUCHES - Hydrachim\",\"isPartOf\":{\"@id\":\"https:\\\/\\\/www.hydrachim.fr\\\/en\\\/#website\"},\"primaryImageOfPage\":{\"@id\":\"https:\\\/\\\/www.hydrachim.fr\\\/en\\\/produit\\\/pastilles_lave_vaisselle_tri_couches_002047501\\\/#primaryimage\"},\"image\":{\"@id\":\"https:\\\/\\\/www.hydrachim.fr\\\/en\\\/produit\\\/pastilles_lave_vaisselle_tri_couches_002047501\\\/#primaryimage\"},\"thumbnailUrl\":\"https:\\\/\\\/www.hydrachim.fr\\\/app\\\/uploads\\\/2025\\\/04\\\/PP___site_internet.png\",\"datePublished\":\"2025-04-17T14:54:10+00:00\",\"dateModified\":\"2025-06-30T11:50:57+00:00\",\"breadcrumb\":{\"@id\":\"https:\\\/\\\/www.hydrachim.fr\\\/en\\\/produit\\\/pastilles_lave_vaisselle_tri_couches_002047501\\\/#breadcrumb\"},\"inLanguage\":\"en-US\",\"potentialAction\":[{\"@type\":\"ReadAction\",\"target\":[\"https:\\\/\\\/www.hydrachim.fr\\\/en\\\/produit\\\/pastilles_lave_vaisselle_tri_couches_002047501\\\/\"]}]},{\"@type\":\"ImageObject\",\"inLanguage\":\"en-US\",\"@id\":\"https:\\\/\\\/www.hydrachim.fr\\\/en\\\/produit\\\/pastilles_lave_vaisselle_tri_couches_002047501\\\/#primaryimage\",\"url\":\"https:\\\/\\\/www.hydrachim.fr\\\/app\\\/uploads\\\/2025\\\/04\\\/PP___site_internet.png\",\"contentUrl\":\"https:\\\/\\\/www.hydrachim.fr\\\/app\\\/uploads\\\/2025\\\/04\\\/PP___site_internet.png\",\"width\":283,\"height\":224},{\"@type\":\"BreadcrumbList\",\"@id\":\"https:\\\/\\\/www.hydrachim.fr\\\/en\\\/produit\\\/pastilles_lave_vaisselle_tri_couches_002047501\\\/#breadcrumb\",\"itemListElement\":[{\"@type\":\"ListItem\",\"position\":1,\"name\":\"Home\",\"item\":\"https:\\\/\\\/www.hydrachim.fr\\\/en\\\/\"},{\"@type\":\"ListItem\",\"position\":2,\"name\":\"Boutique\",\"item\":\"https:\\\/\\\/www.hydrachim.fr\\\/boutique\\\/\"},{\"@type\":\"ListItem\",\"position\":3,\"name\":\"PASTILLES LAVE VAISSELLE TRI COUCHES\"}]},{\"@type\":\"WebSite\",\"@id\":\"https:\\\/\\\/www.hydrachim.fr\\\/en\\\/#website\",\"url\":\"https:\\\/\\\/www.hydrachim.fr\\\/en\\\/\",\"name\":\"Hydrachim\",\"description\":\"La science de l&#039;hygi\u00e8ne\",\"potentialAction\":[{\"@type\":\"SearchAction\",\"target\":{\"@type\":\"EntryPoint\",\"urlTemplate\":\"https:\\\/\\\/www.hydrachim.fr\\\/en\\\/?s={search_term_string}\"},\"query-input\":{\"@type\":\"PropertyValueSpecification\",\"valueRequired\":true,\"valueName\":\"search_term_string\"}}],\"inLanguage\":\"en-US\"}]}<\/script>\n<!-- \/ Yoast SEO plugin. -->","yoast_head_json":{"title":"PASTILLES LAVE VAISSELLE TRI COUCHES - Hydrachim","robots":{"index":"index","follow":"follow","max-snippet":"max-snippet:-1","max-image-preview":"max-image-preview:large","max-video-preview":"max-video-preview:-1"},"canonical":"https:\/\/www.hydrachim.fr\/en\/produit\/pastilles_lave_vaisselle_tri_couches_002047501\/","og_locale":"en_US","og_type":"article","og_title":"PASTILLES LAVE VAISSELLE TRI COUCHES - Hydrachim","og_description":"Pastille tri-couches (jaune\/blanc\/bleu) con\u00e7ue pour le lavage automatique en machine.","og_url":"https:\/\/www.hydrachim.fr\/en\/produit\/pastilles_lave_vaisselle_tri_couches_002047501\/","og_site_name":"Hydrachim","article_modified_time":"2025-06-30T11:50:57+00:00","og_image":[{"width":283,"height":224,"url":"https:\/\/www.hydrachim.fr\/app\/uploads\/2025\/04\/PP___site_internet.png","type":"image\/png"}],"twitter_card":"summary_large_image","twitter_misc":{"Est. reading time":"1 minute"},"schema":{"@context":"https:\/\/schema.org","@graph":[{"@type":"WebPage","@id":"https:\/\/www.hydrachim.fr\/en\/produit\/pastilles_lave_vaisselle_tri_couches_002047501\/","url":"https:\/\/www.hydrachim.fr\/en\/produit\/pastilles_lave_vaisselle_tri_couches_002047501\/","name":"PASTILLES LAVE VAISSELLE TRI COUCHES - Hydrachim","isPartOf":{"@id":"https:\/\/www.hydrachim.fr\/en\/#website"},"primaryImageOfPage":{"@id":"https:\/\/www.hydrachim.fr\/en\/produit\/pastilles_lave_vaisselle_tri_couches_002047501\/#primaryimage"},"image":{"@id":"https:\/\/www.hydrachim.fr\/en\/produit\/pastilles_lave_vaisselle_tri_couches_002047501\/#primaryimage"},"thumbnailUrl":"https:\/\/www.hydrachim.fr\/app\/uploads\/2025\/04\/PP___site_internet.png","datePublished":"2025-04-17T14:54:10+00:00","dateModified":"2025-06-30T11:50:57+00:00","breadcrumb":{"@id":"https:\/\/www.hydrachim.fr\/en\/produit\/pastilles_lave_vaisselle_tri_couches_002047501\/#breadcrumb"},"inLanguage":"en-US","potentialAction":[{"@type":"ReadAction","target":["https:\/\/www.hydrachim.fr\/en\/produit\/pastilles_lave_vaisselle_tri_couches_002047501\/"]}]},{"@type":"ImageObject","inLanguage":"en-US","@id":"https:\/\/www.hydrachim.fr\/en\/produit\/pastilles_lave_vaisselle_tri_couches_002047501\/#primaryimage","url":"https:\/\/www.hydrachim.fr\/app\/uploads\/2025\/04\/PP___site_internet.png","contentUrl":"https:\/\/www.hydrachim.fr\/app\/uploads\/2025\/04\/PP___site_internet.png","width":283,"height":224},{"@type":"BreadcrumbList","@id":"https:\/\/www.hydrachim.fr\/en\/produit\/pastilles_lave_vaisselle_tri_couches_002047501\/#breadcrumb","itemListElement":[{"@type":"ListItem","position":1,"name":"Home","item":"https:\/\/www.hydrachim.fr\/en\/"},{"@type":"ListItem","position":2,"name":"Boutique","item":"https:\/\/www.hydrachim.fr\/boutique\/"},{"@type":"ListItem","position":3,"name":"PASTILLES LAVE VAISSELLE TRI COUCHES"}]},{"@type":"WebSite","@id":"https:\/\/www.hydrachim.fr\/en\/#website","url":"https:\/\/www.hydrachim.fr\/en\/","name":"Hydrachim","description":"La science de l&#039;hygi\u00e8ne","potentialAction":[{"@type":"SearchAction","target":{"@type":"EntryPoint","urlTemplate":"https:\/\/www.hydrachim.fr\/en\/?s={search_term_string}"},"query-input":{"@type":"PropertyValueSpecification","valueRequired":true,"valueName":"search_term_string"}}],"inLanguage":"en-US"}]}},"acf":{"fiche_methode":"","fiche_technique":"https:\/\/www.hydrachim.fr\/app\/uploads\/2025\/06\/FT_0475_PASTILLES_LAVE_VAISSELLE.pdf"},"_links":{"self":[{"href":"https:\/\/www.hydrachim.fr\/en\/wp-json\/wp\/v2\/product\/21391","targetHints":{"allow":["GET"]}}],"collection":[{"href":"https:\/\/www.hydrachim.fr\/en\/wp-json\/wp\/v2\/product"}],"about":[{"href":"https:\/\/www.hydrachim.fr\/en\/wp-json\/wp\/v2\/types\/product"}],"wp:featuredmedia":[{"embeddable":true,"href":"https:\/\/www.hydrachim.fr\/en\/wp-json\/wp\/v2\/media\/21389"}],"wp:attachment":[{"href":"https:\/\/www.hydrachim.fr\/en\/wp-json\/wp\/v2\/media?parent=21391"}],"wp:term":[{"taxonomy":"product_brand","embeddable":true,"href":"https:\/\/www.hydrachim.fr\/en\/wp-json\/wp\/v2\/product_brand?post=21391"},{"taxonomy":"product_type","embeddable":true,"href":"https:\/\/www.hydrachim.fr\/en\/wp-json\/wp\/v2\/product_type?post=21391"},{"taxonomy":"product_visibility","embeddable":true,"href":"https:\/\/www.hydrachim.fr\/en\/wp-json\/wp\/v2\/product_visibility?post=21391"},{"taxonomy":"product_cat","embeddable":true,"href":"https:\/\/www.hydrachim.fr\/en\/wp-json\/wp\/v2\/product_cat?post=21391"}],"curies":[{"name":"wp","href":"https:\/\/api.w.org\/{rel}","templated":true}]}}