{"id":20935,"date":"2025-02-18T12:12:02","date_gmt":"2025-02-18T10:12:02","guid":{"rendered":"https:\/\/www.hydrachim.fr\/?post_type=product&#038;p=20935"},"modified":"2025-05-14T16:55:15","modified_gmt":"2025-05-14T14:55:15","slug":"ddm_food_002070001","status":"publish","type":"product","link":"https:\/\/www.hydrachim.fr\/en\/produit\/ddm_food_002070001\/","title":{"rendered":"DDM FOOD"},"content":{"rendered":"<p><strong>DETERQUAT DDM FOOD est un d\u00e9graissant d\u00e9sinfectant alcalin sans chlore actif.<br \/>\nId\u00e9al pour les surfaces alimentaires et non alimentaires.<\/strong><\/p>\n<p>DETERQUAT DDM FOOD est un produit \u00e0 fort pouvoir d\u00e9graissant et \u00e9mulsifiant assurant un parfait nettoyage du mat\u00e9riel.<\/p>\n<p>DETERQUAT DDM FOOD s&#8217;utilise sur tous les supports*, sols, murs, tables, appareils de d\u00e9coupe, hottes, caissons d&#8217;a\u00e9ration, vitrines r\u00e9frig\u00e9r\u00e9es et chambres froides.<br \/>\nId\u00e9al dans le secteur de la transformation alimentaire artisanale et m\u00e9tiers de bouche.<\/p>\n<p>DETERQUAT DDM FOOD est :<br \/>\n&#8211; Bact\u00e9ricide,<br \/>\n&#8211; Levuricide,<br \/>\n&#8211; Fongicide,<br \/>\n&#8211; Virucide<br \/>\nselon les normes europ\u00e9ennes en vigueur.<\/p>\n<p><strong>Disponible en :<br \/>\n&#8211; Carton de 4 x 5L &#8211; R\u00e9f. 002070001<br \/>\n&#8211; Bidon de 20L &#8211; R\u00e9f. 002070002<br \/>\n&#8211; F\u00fbt de 200L &#8211; R\u00e9f. 002070005<br \/>\n&#8211; Container de 1000L &#8211; R\u00e9f. 002070024<\/strong><\/p>\n<p>*Faire un test au pr\u00e9alable sur une surface non visible, avec le plus grand dosage et le plus long temps de contact.<\/p>\n<p>Retrouvez le mode d\u2019emploi et le dosage du produit en t\u00e9l\u00e9chargeant la fiche technique.<\/p>\n<p><em>Utilisez les biocides avec pr\u00e9caution. Avant toute utilisation, lisez l\u2019\u00e9tiquette et les informations concernant le produit.<br \/>\nAvant toute utilisation, assurez-vous que celle-ci est indispensable, notamment dans les lieux fr\u00e9quent\u00e9s par le grand public. Privil\u00e9giez chaque fois que possible les m\u00e9thodes alternatives et les produits pr\u00e9sentant le risque le plus faible pour la sant\u00e9 humaine et animale et pour l\u2019environnement.<br \/>\nTP2 : D\u00e9sinfectants utilis\u00e9s dans le domaine priv\u00e9 et dans le domaine de la sant\u00e9 publique et autres produits biocides<br \/>\nTP4 : D\u00e9sinfectants pour les surfaces en contact avec les denr\u00e9es alimentaires et les aliments pour animaux<\/em><\/p>\n","protected":false},"excerpt":{"rendered":"<p>D\u00e9tergent d\u00e9graissant d\u00e9sinfectant alcalin sans chlore actif.<\/p>\n","protected":false},"featured_media":20936,"template":"","meta":[],"product_brand":[],"product_type":[2],"product_visibility":[],"product_cat":[4114,4111,4174,4151,4112,4127],"class_list":{"0":"post-20935","1":"product","2":"type-product","3":"status-publish","4":"has-post-thumbnail","6":"product_cat-dsinfectioncuisine","7":"product_cat-produitsdesinfection","8":"product_cat-nouveautesdesinfection","9":"product_cat-marquesdeterquat","10":"product_cat-dsinfectionsurface","11":"product_cat-produitssurface-sol","12":"product_tag-alcalin","13":"product_tag-alimentaire_1","14":"product_tag-bactericide-type-defficacit","15":"product_tag-biocide","16":"product_tag-canon-a-mousse","17":"product_tag-degraissant","18":"product_tag-desinfectant","19":"product_tag-fongicide_1","20":"product_tag-industrie-agroalimentaire_1","21":"product_tag-industrie-boulangerie-viennoiserie-patisserie","22":"product_tag-industrie-viande-poisson","23":"product_tag-levuricide_1","24":"product_tag-multi-surfaces","25":"product_tag-pulverisation","26":"product_tag-sur-surfaces-ouvertes-sols-murs-plafonds","27":"product_tag-surface","28":"product_tag-tous-types-dapplication","29":"product_tag-tous-types-defficacite","30":"product_tag-tous-types-de-secteur-dactivite","31":"product_tag-tp2","32":"product_tag-tp4","33":"product_tag-virucide_1","35":"first","36":"instock","37":"shipping-taxable","38":"product-type-simple"},"yoast_head":"<!-- This site is optimized with the Yoast SEO plugin v27.4 - https:\/\/yoast.com\/product\/yoast-seo-wordpress\/ -->\n<title>DDM FOOD - Hydrachim<\/title>\n<meta name=\"robots\" content=\"index, follow, max-snippet:-1, max-image-preview:large, max-video-preview:-1\" \/>\n<link rel=\"canonical\" href=\"https:\/\/www.hydrachim.fr\/en\/produit\/ddm_food_002070001\/\" \/>\n<meta property=\"og:locale\" content=\"en_US\" \/>\n<meta property=\"og:type\" content=\"article\" \/>\n<meta property=\"og:title\" content=\"DDM FOOD - Hydrachim\" \/>\n<meta property=\"og:description\" content=\"D\u00e9tergent d\u00e9graissant d\u00e9sinfectant alcalin sans chlore actif.\" \/>\n<meta property=\"og:url\" content=\"https:\/\/www.hydrachim.fr\/en\/produit\/ddm_food_002070001\/\" \/>\n<meta property=\"og:site_name\" content=\"Hydrachim\" \/>\n<meta property=\"article:modified_time\" content=\"2025-05-14T14:55:15+00:00\" \/>\n<meta property=\"og:image\" content=\"https:\/\/www.hydrachim.fr\/app\/uploads\/2025\/02\/0700___DETERQUAT_DDM_FOOD___5L.png\" \/>\n\t<meta property=\"og:image:width\" content=\"600\" \/>\n\t<meta property=\"og:image:height\" content=\"912\" \/>\n\t<meta property=\"og:image:type\" content=\"image\/png\" \/>\n<meta name=\"twitter:card\" content=\"summary_large_image\" \/>\n<meta name=\"twitter:label1\" content=\"Est. reading time\" \/>\n\t<meta name=\"twitter:data1\" content=\"1 minute\" \/>\n<script type=\"application\/ld+json\" class=\"yoast-schema-graph\">{\"@context\":\"https:\\\/\\\/schema.org\",\"@graph\":[{\"@type\":\"WebPage\",\"@id\":\"https:\\\/\\\/www.hydrachim.fr\\\/en\\\/produit\\\/ddm_food_002070001\\\/\",\"url\":\"https:\\\/\\\/www.hydrachim.fr\\\/en\\\/produit\\\/ddm_food_002070001\\\/\",\"name\":\"DDM FOOD - Hydrachim\",\"isPartOf\":{\"@id\":\"https:\\\/\\\/www.hydrachim.fr\\\/en\\\/#website\"},\"primaryImageOfPage\":{\"@id\":\"https:\\\/\\\/www.hydrachim.fr\\\/en\\\/produit\\\/ddm_food_002070001\\\/#primaryimage\"},\"image\":{\"@id\":\"https:\\\/\\\/www.hydrachim.fr\\\/en\\\/produit\\\/ddm_food_002070001\\\/#primaryimage\"},\"thumbnailUrl\":\"https:\\\/\\\/www.hydrachim.fr\\\/app\\\/uploads\\\/2025\\\/02\\\/0700___DETERQUAT_DDM_FOOD___5L.png\",\"datePublished\":\"2025-02-18T10:12:02+00:00\",\"dateModified\":\"2025-05-14T14:55:15+00:00\",\"breadcrumb\":{\"@id\":\"https:\\\/\\\/www.hydrachim.fr\\\/en\\\/produit\\\/ddm_food_002070001\\\/#breadcrumb\"},\"inLanguage\":\"en-US\",\"potentialAction\":[{\"@type\":\"ReadAction\",\"target\":[\"https:\\\/\\\/www.hydrachim.fr\\\/en\\\/produit\\\/ddm_food_002070001\\\/\"]}]},{\"@type\":\"ImageObject\",\"inLanguage\":\"en-US\",\"@id\":\"https:\\\/\\\/www.hydrachim.fr\\\/en\\\/produit\\\/ddm_food_002070001\\\/#primaryimage\",\"url\":\"https:\\\/\\\/www.hydrachim.fr\\\/app\\\/uploads\\\/2025\\\/02\\\/0700___DETERQUAT_DDM_FOOD___5L.png\",\"contentUrl\":\"https:\\\/\\\/www.hydrachim.fr\\\/app\\\/uploads\\\/2025\\\/02\\\/0700___DETERQUAT_DDM_FOOD___5L.png\",\"width\":600,\"height\":912},{\"@type\":\"BreadcrumbList\",\"@id\":\"https:\\\/\\\/www.hydrachim.fr\\\/en\\\/produit\\\/ddm_food_002070001\\\/#breadcrumb\",\"itemListElement\":[{\"@type\":\"ListItem\",\"position\":1,\"name\":\"Home\",\"item\":\"https:\\\/\\\/www.hydrachim.fr\\\/en\\\/\"},{\"@type\":\"ListItem\",\"position\":2,\"name\":\"Boutique\",\"item\":\"https:\\\/\\\/www.hydrachim.fr\\\/boutique\\\/\"},{\"@type\":\"ListItem\",\"position\":3,\"name\":\"DDM FOOD\"}]},{\"@type\":\"WebSite\",\"@id\":\"https:\\\/\\\/www.hydrachim.fr\\\/en\\\/#website\",\"url\":\"https:\\\/\\\/www.hydrachim.fr\\\/en\\\/\",\"name\":\"Hydrachim\",\"description\":\"La science de l&#039;hygi\u00e8ne\",\"potentialAction\":[{\"@type\":\"SearchAction\",\"target\":{\"@type\":\"EntryPoint\",\"urlTemplate\":\"https:\\\/\\\/www.hydrachim.fr\\\/en\\\/?s={search_term_string}\"},\"query-input\":{\"@type\":\"PropertyValueSpecification\",\"valueRequired\":true,\"valueName\":\"search_term_string\"}}],\"inLanguage\":\"en-US\"}]}<\/script>\n<!-- \/ Yoast SEO plugin. -->","yoast_head_json":{"title":"DDM FOOD - Hydrachim","robots":{"index":"index","follow":"follow","max-snippet":"max-snippet:-1","max-image-preview":"max-image-preview:large","max-video-preview":"max-video-preview:-1"},"canonical":"https:\/\/www.hydrachim.fr\/en\/produit\/ddm_food_002070001\/","og_locale":"en_US","og_type":"article","og_title":"DDM FOOD - Hydrachim","og_description":"D\u00e9tergent d\u00e9graissant d\u00e9sinfectant alcalin sans chlore actif.","og_url":"https:\/\/www.hydrachim.fr\/en\/produit\/ddm_food_002070001\/","og_site_name":"Hydrachim","article_modified_time":"2025-05-14T14:55:15+00:00","og_image":[{"width":600,"height":912,"url":"https:\/\/www.hydrachim.fr\/app\/uploads\/2025\/02\/0700___DETERQUAT_DDM_FOOD___5L.png","type":"image\/png"}],"twitter_card":"summary_large_image","twitter_misc":{"Est. reading time":"1 minute"},"schema":{"@context":"https:\/\/schema.org","@graph":[{"@type":"WebPage","@id":"https:\/\/www.hydrachim.fr\/en\/produit\/ddm_food_002070001\/","url":"https:\/\/www.hydrachim.fr\/en\/produit\/ddm_food_002070001\/","name":"DDM FOOD - Hydrachim","isPartOf":{"@id":"https:\/\/www.hydrachim.fr\/en\/#website"},"primaryImageOfPage":{"@id":"https:\/\/www.hydrachim.fr\/en\/produit\/ddm_food_002070001\/#primaryimage"},"image":{"@id":"https:\/\/www.hydrachim.fr\/en\/produit\/ddm_food_002070001\/#primaryimage"},"thumbnailUrl":"https:\/\/www.hydrachim.fr\/app\/uploads\/2025\/02\/0700___DETERQUAT_DDM_FOOD___5L.png","datePublished":"2025-02-18T10:12:02+00:00","dateModified":"2025-05-14T14:55:15+00:00","breadcrumb":{"@id":"https:\/\/www.hydrachim.fr\/en\/produit\/ddm_food_002070001\/#breadcrumb"},"inLanguage":"en-US","potentialAction":[{"@type":"ReadAction","target":["https:\/\/www.hydrachim.fr\/en\/produit\/ddm_food_002070001\/"]}]},{"@type":"ImageObject","inLanguage":"en-US","@id":"https:\/\/www.hydrachim.fr\/en\/produit\/ddm_food_002070001\/#primaryimage","url":"https:\/\/www.hydrachim.fr\/app\/uploads\/2025\/02\/0700___DETERQUAT_DDM_FOOD___5L.png","contentUrl":"https:\/\/www.hydrachim.fr\/app\/uploads\/2025\/02\/0700___DETERQUAT_DDM_FOOD___5L.png","width":600,"height":912},{"@type":"BreadcrumbList","@id":"https:\/\/www.hydrachim.fr\/en\/produit\/ddm_food_002070001\/#breadcrumb","itemListElement":[{"@type":"ListItem","position":1,"name":"Home","item":"https:\/\/www.hydrachim.fr\/en\/"},{"@type":"ListItem","position":2,"name":"Boutique","item":"https:\/\/www.hydrachim.fr\/boutique\/"},{"@type":"ListItem","position":3,"name":"DDM FOOD"}]},{"@type":"WebSite","@id":"https:\/\/www.hydrachim.fr\/en\/#website","url":"https:\/\/www.hydrachim.fr\/en\/","name":"Hydrachim","description":"La science de l&#039;hygi\u00e8ne","potentialAction":[{"@type":"SearchAction","target":{"@type":"EntryPoint","urlTemplate":"https:\/\/www.hydrachim.fr\/en\/?s={search_term_string}"},"query-input":{"@type":"PropertyValueSpecification","valueRequired":true,"valueName":"search_term_string"}}],"inLanguage":"en-US"}]}},"acf":{"fiche_methode":"","fiche_technique":"https:\/\/www.hydrachim.fr\/app\/uploads\/2025\/05\/FT___DETERQUAT___0700___DDM_FOOD.pdf"},"_links":{"self":[{"href":"https:\/\/www.hydrachim.fr\/en\/wp-json\/wp\/v2\/product\/20935","targetHints":{"allow":["GET"]}}],"collection":[{"href":"https:\/\/www.hydrachim.fr\/en\/wp-json\/wp\/v2\/product"}],"about":[{"href":"https:\/\/www.hydrachim.fr\/en\/wp-json\/wp\/v2\/types\/product"}],"wp:featuredmedia":[{"embeddable":true,"href":"https:\/\/www.hydrachim.fr\/en\/wp-json\/wp\/v2\/media\/20936"}],"wp:attachment":[{"href":"https:\/\/www.hydrachim.fr\/en\/wp-json\/wp\/v2\/media?parent=20935"}],"wp:term":[{"taxonomy":"product_brand","embeddable":true,"href":"https:\/\/www.hydrachim.fr\/en\/wp-json\/wp\/v2\/product_brand?post=20935"},{"taxonomy":"product_type","embeddable":true,"href":"https:\/\/www.hydrachim.fr\/en\/wp-json\/wp\/v2\/product_type?post=20935"},{"taxonomy":"product_visibility","embeddable":true,"href":"https:\/\/www.hydrachim.fr\/en\/wp-json\/wp\/v2\/product_visibility?post=20935"},{"taxonomy":"product_cat","embeddable":true,"href":"https:\/\/www.hydrachim.fr\/en\/wp-json\/wp\/v2\/product_cat?post=20935"}],"curies":[{"name":"wp","href":"https:\/\/api.w.org\/{rel}","templated":true}]}}