{"id":20870,"date":"2025-02-13T16:43:25","date_gmt":"2025-02-13T14:43:25","guid":{"rendered":"https:\/\/www.hydrachim.fr\/?post_type=product&#038;p=20870"},"modified":"2025-02-17T14:28:47","modified_gmt":"2025-02-17T12:28:47","slug":"dsa_pae_002216203","status":"publish","type":"product","link":"https:\/\/www.hydrachim.fr\/en\/produit\/dsa_pae_002216203\/","title":{"rendered":"DSA PAE"},"content":{"rendered":"<p><strong>DETERQUAT DSA PAE est un d\u00e9sinfectant qui s&#8217;utilise sur un grand nombre de surfaces* dans tous les domaines d&#8217;activit\u00e9s comme les collectivit\u00e9s, restaurants, cantines,  cr\u00e8ches, industries agroalimentaires.<\/p>\n<p>Id\u00e9al pour la d\u00e9sinfection des salles, chambres, couloirs, salles d&#8217;attente, ascenseurs, escaliers dans les collectivit\u00e9s, cr\u00e8ches et \u00e9coles.<\/p>\n<p>S&#8217;utilise \u00e9galement en industries alimentaires : Pr\u00e9paration et transport de la nourriture des animaux domestiques, r\u00e9coltes, transports, stockages, transformations industrielles et commercialisation des produits d&#8217;origine animale et v\u00e9g\u00e9tale.<\/p>\n<p>*Faire un essai au pr\u00e9alable sur une petite surface peu visible.<\/strong><\/p>\n<p>DETERQUAT DSA PAE est :<br \/>\n&#8211; Bact\u00e9ricide,<br \/>\n&#8211; Levuricide,<br \/>\n&#8211; Fongicide,<br \/>\n&#8211; Virucide<br \/>\nselon les normes europ\u00e9ennes en vigueur.<\/p>\n<p><strong>Disponible en :<br \/>\n&#8211; Carton de 12 x 750mL &#8211; R\u00e9f. 002216203<\/strong><\/p>\n<p class=\"y-product y-product__product-subtitle\">Avantage :<\/p>\n<p>&#8211; Pr\u00eat \u00e0 l&#8217;emploi<br \/>\n&#8211; Adapt\u00e9 aux surfaces en contact alimentaire<\/p>\n<p>Retrouvez le mode d&#8217;emploi et le dosage du produit en t\u00e9l\u00e9chargeant sa Fiche Technique.<\/p>\n<p><em>Utilisez les biocides avec pr\u00e9caution. Avant toute utilisation, lisez l&#8217;\u00e9tiquette et les informations concernant le produit.<\/p>\n<p>TP2 : D\u00e9sinfectants utilis\u00e9s dans le domaine priv\u00e9 et dans le domaine de la sant\u00e9 publique et autres produits biocides.<br \/>\nTP4 : D\u00e9sinfectants pour les surfaces en contact avec les denr\u00e9es alimentaires et les aliments pour animaux.<\/em><\/p>\n","protected":false},"excerpt":{"rendered":"<p>D\u00e9sinfectant pr\u00eat \u00e0 l&#8217;emploi<\/p>\n","protected":false},"featured_media":20875,"template":"","meta":[],"product_brand":[],"product_type":[2],"product_visibility":[],"product_cat":[4174,4111,4151,4112],"class_list":{"0":"post-20870","1":"product","2":"type-product","3":"status-publish","4":"has-post-thumbnail","6":"product_cat-nouveautesdesinfection","7":"product_cat-produitsdesinfection","8":"product_cat-marquesdeterquat","9":"product_cat-dsinfectionsurface","10":"product_tag-agro-alimentaire","11":"product_tag-alimentaire","12":"product_tag-bactericide","13":"product_tag-crche","14":"product_tag-creches-ecoles-ehpad-secteur-dactivit","15":"product_tag-desinfectant","16":"product_tag-fongicide","17":"product_tag-industrie-agroalimentaire_1","18":"product_tag-levuricide","19":"product_tag-spray","20":"product_tag-surface","21":"product_tag-tp2","22":"product_tag-tp4","23":"product_tag-virucide","25":"first","26":"instock","27":"shipping-taxable","28":"product-type-simple"},"yoast_head":"<!-- This site is optimized with the Yoast SEO plugin v27.4 - https:\/\/yoast.com\/product\/yoast-seo-wordpress\/ -->\n<title>DSA PAE - Hydrachim<\/title>\n<meta name=\"robots\" content=\"index, follow, max-snippet:-1, max-image-preview:large, max-video-preview:-1\" \/>\n<link rel=\"canonical\" href=\"https:\/\/www.hydrachim.fr\/en\/produit\/dsa_pae_002216203\/\" \/>\n<meta property=\"og:locale\" content=\"en_US\" \/>\n<meta property=\"og:type\" content=\"article\" \/>\n<meta property=\"og:title\" content=\"DSA PAE - Hydrachim\" \/>\n<meta property=\"og:description\" content=\"D\u00e9sinfectant pr\u00eat \u00e0 l&#039;emploi\" \/>\n<meta property=\"og:url\" content=\"https:\/\/www.hydrachim.fr\/en\/produit\/dsa_pae_002216203\/\" \/>\n<meta property=\"og:site_name\" content=\"Hydrachim\" \/>\n<meta property=\"article:modified_time\" content=\"2025-02-17T12:28:47+00:00\" \/>\n<meta property=\"og:image\" content=\"https:\/\/www.hydrachim.fr\/app\/uploads\/2025\/02\/2162___DETERQUAT___DSA_PAE___750ML___compress_.png\" \/>\n\t<meta property=\"og:image:width\" content=\"827\" \/>\n\t<meta property=\"og:image:height\" content=\"1772\" \/>\n\t<meta property=\"og:image:type\" content=\"image\/png\" \/>\n<meta name=\"twitter:card\" content=\"summary_large_image\" \/>\n<meta name=\"twitter:label1\" content=\"Est. reading time\" \/>\n\t<meta name=\"twitter:data1\" content=\"1 minute\" \/>\n<script type=\"application\/ld+json\" class=\"yoast-schema-graph\">{\"@context\":\"https:\\\/\\\/schema.org\",\"@graph\":[{\"@type\":\"WebPage\",\"@id\":\"https:\\\/\\\/www.hydrachim.fr\\\/en\\\/produit\\\/dsa_pae_002216203\\\/\",\"url\":\"https:\\\/\\\/www.hydrachim.fr\\\/en\\\/produit\\\/dsa_pae_002216203\\\/\",\"name\":\"DSA PAE - Hydrachim\",\"isPartOf\":{\"@id\":\"https:\\\/\\\/www.hydrachim.fr\\\/en\\\/#website\"},\"primaryImageOfPage\":{\"@id\":\"https:\\\/\\\/www.hydrachim.fr\\\/en\\\/produit\\\/dsa_pae_002216203\\\/#primaryimage\"},\"image\":{\"@id\":\"https:\\\/\\\/www.hydrachim.fr\\\/en\\\/produit\\\/dsa_pae_002216203\\\/#primaryimage\"},\"thumbnailUrl\":\"https:\\\/\\\/www.hydrachim.fr\\\/app\\\/uploads\\\/2025\\\/02\\\/2162___DETERQUAT___DSA_PAE___750ML___compress_.png\",\"datePublished\":\"2025-02-13T14:43:25+00:00\",\"dateModified\":\"2025-02-17T12:28:47+00:00\",\"breadcrumb\":{\"@id\":\"https:\\\/\\\/www.hydrachim.fr\\\/en\\\/produit\\\/dsa_pae_002216203\\\/#breadcrumb\"},\"inLanguage\":\"en-US\",\"potentialAction\":[{\"@type\":\"ReadAction\",\"target\":[\"https:\\\/\\\/www.hydrachim.fr\\\/en\\\/produit\\\/dsa_pae_002216203\\\/\"]}]},{\"@type\":\"ImageObject\",\"inLanguage\":\"en-US\",\"@id\":\"https:\\\/\\\/www.hydrachim.fr\\\/en\\\/produit\\\/dsa_pae_002216203\\\/#primaryimage\",\"url\":\"https:\\\/\\\/www.hydrachim.fr\\\/app\\\/uploads\\\/2025\\\/02\\\/2162___DETERQUAT___DSA_PAE___750ML___compress_.png\",\"contentUrl\":\"https:\\\/\\\/www.hydrachim.fr\\\/app\\\/uploads\\\/2025\\\/02\\\/2162___DETERQUAT___DSA_PAE___750ML___compress_.png\",\"width\":827,\"height\":1772},{\"@type\":\"BreadcrumbList\",\"@id\":\"https:\\\/\\\/www.hydrachim.fr\\\/en\\\/produit\\\/dsa_pae_002216203\\\/#breadcrumb\",\"itemListElement\":[{\"@type\":\"ListItem\",\"position\":1,\"name\":\"Home\",\"item\":\"https:\\\/\\\/www.hydrachim.fr\\\/en\\\/\"},{\"@type\":\"ListItem\",\"position\":2,\"name\":\"Boutique\",\"item\":\"https:\\\/\\\/www.hydrachim.fr\\\/boutique\\\/\"},{\"@type\":\"ListItem\",\"position\":3,\"name\":\"DSA PAE\"}]},{\"@type\":\"WebSite\",\"@id\":\"https:\\\/\\\/www.hydrachim.fr\\\/en\\\/#website\",\"url\":\"https:\\\/\\\/www.hydrachim.fr\\\/en\\\/\",\"name\":\"Hydrachim\",\"description\":\"La science de l&#039;hygi\u00e8ne\",\"potentialAction\":[{\"@type\":\"SearchAction\",\"target\":{\"@type\":\"EntryPoint\",\"urlTemplate\":\"https:\\\/\\\/www.hydrachim.fr\\\/en\\\/?s={search_term_string}\"},\"query-input\":{\"@type\":\"PropertyValueSpecification\",\"valueRequired\":true,\"valueName\":\"search_term_string\"}}],\"inLanguage\":\"en-US\"}]}<\/script>\n<!-- \/ Yoast SEO plugin. -->","yoast_head_json":{"title":"DSA PAE - Hydrachim","robots":{"index":"index","follow":"follow","max-snippet":"max-snippet:-1","max-image-preview":"max-image-preview:large","max-video-preview":"max-video-preview:-1"},"canonical":"https:\/\/www.hydrachim.fr\/en\/produit\/dsa_pae_002216203\/","og_locale":"en_US","og_type":"article","og_title":"DSA PAE - Hydrachim","og_description":"D\u00e9sinfectant pr\u00eat \u00e0 l'emploi","og_url":"https:\/\/www.hydrachim.fr\/en\/produit\/dsa_pae_002216203\/","og_site_name":"Hydrachim","article_modified_time":"2025-02-17T12:28:47+00:00","og_image":[{"width":827,"height":1772,"url":"https:\/\/www.hydrachim.fr\/app\/uploads\/2025\/02\/2162___DETERQUAT___DSA_PAE___750ML___compress_.png","type":"image\/png"}],"twitter_card":"summary_large_image","twitter_misc":{"Est. reading time":"1 minute"},"schema":{"@context":"https:\/\/schema.org","@graph":[{"@type":"WebPage","@id":"https:\/\/www.hydrachim.fr\/en\/produit\/dsa_pae_002216203\/","url":"https:\/\/www.hydrachim.fr\/en\/produit\/dsa_pae_002216203\/","name":"DSA PAE - Hydrachim","isPartOf":{"@id":"https:\/\/www.hydrachim.fr\/en\/#website"},"primaryImageOfPage":{"@id":"https:\/\/www.hydrachim.fr\/en\/produit\/dsa_pae_002216203\/#primaryimage"},"image":{"@id":"https:\/\/www.hydrachim.fr\/en\/produit\/dsa_pae_002216203\/#primaryimage"},"thumbnailUrl":"https:\/\/www.hydrachim.fr\/app\/uploads\/2025\/02\/2162___DETERQUAT___DSA_PAE___750ML___compress_.png","datePublished":"2025-02-13T14:43:25+00:00","dateModified":"2025-02-17T12:28:47+00:00","breadcrumb":{"@id":"https:\/\/www.hydrachim.fr\/en\/produit\/dsa_pae_002216203\/#breadcrumb"},"inLanguage":"en-US","potentialAction":[{"@type":"ReadAction","target":["https:\/\/www.hydrachim.fr\/en\/produit\/dsa_pae_002216203\/"]}]},{"@type":"ImageObject","inLanguage":"en-US","@id":"https:\/\/www.hydrachim.fr\/en\/produit\/dsa_pae_002216203\/#primaryimage","url":"https:\/\/www.hydrachim.fr\/app\/uploads\/2025\/02\/2162___DETERQUAT___DSA_PAE___750ML___compress_.png","contentUrl":"https:\/\/www.hydrachim.fr\/app\/uploads\/2025\/02\/2162___DETERQUAT___DSA_PAE___750ML___compress_.png","width":827,"height":1772},{"@type":"BreadcrumbList","@id":"https:\/\/www.hydrachim.fr\/en\/produit\/dsa_pae_002216203\/#breadcrumb","itemListElement":[{"@type":"ListItem","position":1,"name":"Home","item":"https:\/\/www.hydrachim.fr\/en\/"},{"@type":"ListItem","position":2,"name":"Boutique","item":"https:\/\/www.hydrachim.fr\/boutique\/"},{"@type":"ListItem","position":3,"name":"DSA PAE"}]},{"@type":"WebSite","@id":"https:\/\/www.hydrachim.fr\/en\/#website","url":"https:\/\/www.hydrachim.fr\/en\/","name":"Hydrachim","description":"La science de l&#039;hygi\u00e8ne","potentialAction":[{"@type":"SearchAction","target":{"@type":"EntryPoint","urlTemplate":"https:\/\/www.hydrachim.fr\/en\/?s={search_term_string}"},"query-input":{"@type":"PropertyValueSpecification","valueRequired":true,"valueName":"search_term_string"}}],"inLanguage":"en-US"}]}},"acf":{"fiche_methode":"","fiche_technique":"https:\/\/www.hydrachim.fr\/app\/uploads\/2025\/02\/FT___2162___DSA_PAE.pdf"},"_links":{"self":[{"href":"https:\/\/www.hydrachim.fr\/en\/wp-json\/wp\/v2\/product\/20870","targetHints":{"allow":["GET"]}}],"collection":[{"href":"https:\/\/www.hydrachim.fr\/en\/wp-json\/wp\/v2\/product"}],"about":[{"href":"https:\/\/www.hydrachim.fr\/en\/wp-json\/wp\/v2\/types\/product"}],"wp:featuredmedia":[{"embeddable":true,"href":"https:\/\/www.hydrachim.fr\/en\/wp-json\/wp\/v2\/media\/20875"}],"wp:attachment":[{"href":"https:\/\/www.hydrachim.fr\/en\/wp-json\/wp\/v2\/media?parent=20870"}],"wp:term":[{"taxonomy":"product_brand","embeddable":true,"href":"https:\/\/www.hydrachim.fr\/en\/wp-json\/wp\/v2\/product_brand?post=20870"},{"taxonomy":"product_type","embeddable":true,"href":"https:\/\/www.hydrachim.fr\/en\/wp-json\/wp\/v2\/product_type?post=20870"},{"taxonomy":"product_visibility","embeddable":true,"href":"https:\/\/www.hydrachim.fr\/en\/wp-json\/wp\/v2\/product_visibility?post=20870"},{"taxonomy":"product_cat","embeddable":true,"href":"https:\/\/www.hydrachim.fr\/en\/wp-json\/wp\/v2\/product_cat?post=20870"}],"curies":[{"name":"wp","href":"https:\/\/api.w.org\/{rel}","templated":true}]}}