{"id":20761,"date":"2025-02-04T11:21:36","date_gmt":"2025-02-04T09:21:36","guid":{"rendered":"https:\/\/www.hydrachim.fr\/?post_type=product&#038;p=20761"},"modified":"2025-02-06T13:11:55","modified_gmt":"2025-02-06T11:11:55","slug":"deterquat_clm_002095302","status":"publish","type":"product","link":"https:\/\/www.hydrachim.fr\/en\/produit\/deterquat_clm_002095302\/","title":{"rendered":"DETERQUAT CLM"},"content":{"rendered":"<p><strong>DETERQUAT CLM s\u2019utilise sur les surfaces ouvertes dans tous les types d\u2019industries Alimentaires : viande, laiterie, poisson&#8230; Il peut \u00e9galement \u00eatre utilis\u00e9 dans les industries pharmaceutiques et cosm\u00e9tiques.<br \/>\nEfficacit\u00e9 virucide couverte sur Coronavirus.<\/strong><\/p>\n<p>DETERQUAT CLM est un produit d\u00e9tergent et d\u00e9sinfectant \u00e0 fort pouvoir moussant. Utilis\u00e9 avec un canon \u00e0 mousse, il permet le nettoyage des surfaces verticales.<br \/>\nDETERQUAT CLM est :<br \/>\n\u2013 Bact\u00e9ricide,<br \/>\n\u2013 Levuricide,<br \/>\n\u2013 Fongicide,<br \/>\n\u2013 Mycobact\u00e9ricide,<br \/>\n\u2013 Sporicide,<br \/>\n\u2013 Virucide.<br \/>\nselon les normes europ\u00e9ennes en vigueur.<\/p>\n<p><strong>Disponible en :<br \/>\n\u2013 Carton de 4 x 5kg. R\u00e9f. 002095301.<br \/>\n&#8211; Bidon de 10 kg. R\u00e9f. 002095305.<br \/>\n\u2013 Bidon de 24 kg. R\u00e9f. 002095302.<br \/>\n\u2013 F\u00fbt de 240 kg. R\u00e9f. 002095303.<br \/>\n\u2013 Container de 1100kg. R\u00e9f. 002095304.<\/strong><\/p>\n<p class=\"y-product y-product__product-subtitle\">Avantage :<\/p>\n<p>Gr\u00e2ce \u00e0 la synergie de ses tensioactifs, du chlore et de la soude, CLM pr\u00e9sente une tr\u00e8s grande capacit\u00e9 \u00e0 d\u00e9graisser.<\/p>\n<p>Retrouvez le mode d\u2019emploi et le dosage du produit en t\u00e9l\u00e9chargeant sa Fiche Technique.<\/p>\n<p><em>Utilisez les biocides avec pr\u00e9caution. Avant toute utilisation, lisez l\u2019\u00e9tiquette et les informations concernant le produit.<br \/>\nAvant toute utilisation, assurez-vous que celle-ci est indispensable, notamment dans les lieux fr\u00e9quent\u00e9s par le grand public. Privil\u00e9giez chaque fois que possible les m\u00e9thodes alternatives et les produits pr\u00e9sentant le risque le plus faible pour la sant\u00e9 humaine et animale et pour l\u2019environnement.<br \/>\nTP2 : D\u00e9sinfectants utilis\u00e9s dans le domaine priv\u00e9 et dans le domaine de la sant\u00e9 publique et autres produits biocides<br \/>\nTP4 : D\u00e9sinfectants pour les surfaces en contact avec les denr\u00e9es alimentaires et les aliments pour animaux<\/em><\/p>\n","protected":false},"excerpt":{"rendered":"<p>DETERQUAT CLM est un produit liquide alcalin chlor\u00e9 moussant.<\/p>\n","protected":false},"featured_media":20792,"template":"","meta":[],"product_brand":[],"product_type":[2],"product_visibility":[],"product_cat":[4151],"class_list":{"0":"post-20761","1":"product","2":"type-product","3":"status-publish","4":"has-post-thumbnail","6":"product_cat-marquesdeterquat","7":"product_tag-alcalin","8":"product_tag-bactericide-type-defficacit","9":"product_tag-canon-a-mousse","10":"product_tag-chlore","11":"product_tag-desinfectant","12":"product_tag-detergent","13":"product_tag-efficace-sur-coronavirus","14":"product_tag-fongicide_1","15":"product_tag-industrie-agroalimentaire_1","16":"product_tag-industrie-boisson-brasserie-viniculture","17":"product_tag-industrie-laitiere","18":"product_tag-levuricide_1","19":"product_tag-moussant_1","20":"product_tag-mycobactericide","21":"product_tag-sporicide_1","22":"product_tag-sur-surfaces-ouvertes-sols-murs-plafonds","23":"product_tag-tous-types-dapplication","24":"product_tag-tous-types-de-secteur-dactivite","25":"product_tag-tp2","26":"product_tag-tp4","28":"first","29":"instock","30":"shipping-taxable","31":"product-type-simple"},"yoast_head":"<!-- This site is optimized with the Yoast SEO plugin v27.5 - https:\/\/yoast.com\/product\/yoast-seo-wordpress\/ -->\n<title>DETERQUAT CLM - Hydrachim<\/title>\n<meta name=\"robots\" content=\"index, follow, max-snippet:-1, max-image-preview:large, max-video-preview:-1\" \/>\n<link rel=\"canonical\" href=\"https:\/\/www.hydrachim.fr\/en\/produit\/deterquat_clm_002095302\/\" \/>\n<meta property=\"og:locale\" content=\"en_US\" \/>\n<meta property=\"og:type\" content=\"article\" \/>\n<meta property=\"og:title\" content=\"DETERQUAT CLM - Hydrachim\" \/>\n<meta property=\"og:description\" content=\"DETERQUAT CLM est un produit liquide alcalin chlor\u00e9 moussant.\" \/>\n<meta property=\"og:url\" content=\"https:\/\/www.hydrachim.fr\/en\/produit\/deterquat_clm_002095302\/\" \/>\n<meta property=\"og:site_name\" content=\"Hydrachim\" \/>\n<meta property=\"article:modified_time\" content=\"2025-02-06T11:11:55+00:00\" \/>\n<meta name=\"twitter:card\" content=\"summary_large_image\" \/>\n<meta name=\"twitter:label1\" content=\"Est. reading time\" \/>\n\t<meta name=\"twitter:data1\" content=\"1 minute\" \/>\n<script type=\"application\/ld+json\" class=\"yoast-schema-graph\">{\"@context\":\"https:\\\/\\\/schema.org\",\"@graph\":[{\"@type\":\"WebPage\",\"@id\":\"https:\\\/\\\/www.hydrachim.fr\\\/en\\\/produit\\\/deterquat_clm_002095302\\\/\",\"url\":\"https:\\\/\\\/www.hydrachim.fr\\\/en\\\/produit\\\/deterquat_clm_002095302\\\/\",\"name\":\"DETERQUAT CLM - Hydrachim\",\"isPartOf\":{\"@id\":\"https:\\\/\\\/www.hydrachim.fr\\\/en\\\/#website\"},\"primaryImageOfPage\":{\"@id\":\"https:\\\/\\\/www.hydrachim.fr\\\/en\\\/produit\\\/deterquat_clm_002095302\\\/#primaryimage\"},\"image\":{\"@id\":\"https:\\\/\\\/www.hydrachim.fr\\\/en\\\/produit\\\/deterquat_clm_002095302\\\/#primaryimage\"},\"thumbnailUrl\":\"https:\\\/\\\/www.hydrachim.fr\\\/app\\\/uploads\\\/2025\\\/02\\\/0953___DETERQUAT___CLM_24kg_mercury2-1.png\",\"datePublished\":\"2025-02-04T09:21:36+00:00\",\"dateModified\":\"2025-02-06T11:11:55+00:00\",\"breadcrumb\":{\"@id\":\"https:\\\/\\\/www.hydrachim.fr\\\/en\\\/produit\\\/deterquat_clm_002095302\\\/#breadcrumb\"},\"inLanguage\":\"en-US\",\"potentialAction\":[{\"@type\":\"ReadAction\",\"target\":[\"https:\\\/\\\/www.hydrachim.fr\\\/en\\\/produit\\\/deterquat_clm_002095302\\\/\"]}]},{\"@type\":\"ImageObject\",\"inLanguage\":\"en-US\",\"@id\":\"https:\\\/\\\/www.hydrachim.fr\\\/en\\\/produit\\\/deterquat_clm_002095302\\\/#primaryimage\",\"url\":\"https:\\\/\\\/www.hydrachim.fr\\\/app\\\/uploads\\\/2025\\\/02\\\/0953___DETERQUAT___CLM_24kg_mercury2-1.png\",\"contentUrl\":\"https:\\\/\\\/www.hydrachim.fr\\\/app\\\/uploads\\\/2025\\\/02\\\/0953___DETERQUAT___CLM_24kg_mercury2-1.png\",\"width\":515,\"height\":737},{\"@type\":\"BreadcrumbList\",\"@id\":\"https:\\\/\\\/www.hydrachim.fr\\\/en\\\/produit\\\/deterquat_clm_002095302\\\/#breadcrumb\",\"itemListElement\":[{\"@type\":\"ListItem\",\"position\":1,\"name\":\"Home\",\"item\":\"https:\\\/\\\/www.hydrachim.fr\\\/en\\\/\"},{\"@type\":\"ListItem\",\"position\":2,\"name\":\"Boutique\",\"item\":\"https:\\\/\\\/www.hydrachim.fr\\\/boutique\\\/\"},{\"@type\":\"ListItem\",\"position\":3,\"name\":\"DETERQUAT CLM\"}]},{\"@type\":\"WebSite\",\"@id\":\"https:\\\/\\\/www.hydrachim.fr\\\/en\\\/#website\",\"url\":\"https:\\\/\\\/www.hydrachim.fr\\\/en\\\/\",\"name\":\"Hydrachim\",\"description\":\"La science de l&#039;hygi\u00e8ne\",\"potentialAction\":[{\"@type\":\"SearchAction\",\"target\":{\"@type\":\"EntryPoint\",\"urlTemplate\":\"https:\\\/\\\/www.hydrachim.fr\\\/en\\\/?s={search_term_string}\"},\"query-input\":{\"@type\":\"PropertyValueSpecification\",\"valueRequired\":true,\"valueName\":\"search_term_string\"}}],\"inLanguage\":\"en-US\"}]}<\/script>\n<!-- \/ Yoast SEO plugin. -->","yoast_head_json":{"title":"DETERQUAT CLM - Hydrachim","robots":{"index":"index","follow":"follow","max-snippet":"max-snippet:-1","max-image-preview":"max-image-preview:large","max-video-preview":"max-video-preview:-1"},"canonical":"https:\/\/www.hydrachim.fr\/en\/produit\/deterquat_clm_002095302\/","og_locale":"en_US","og_type":"article","og_title":"DETERQUAT CLM - Hydrachim","og_description":"DETERQUAT CLM est un produit liquide alcalin chlor\u00e9 moussant.","og_url":"https:\/\/www.hydrachim.fr\/en\/produit\/deterquat_clm_002095302\/","og_site_name":"Hydrachim","article_modified_time":"2025-02-06T11:11:55+00:00","twitter_card":"summary_large_image","twitter_misc":{"Est. reading time":"1 minute"},"schema":{"@context":"https:\/\/schema.org","@graph":[{"@type":"WebPage","@id":"https:\/\/www.hydrachim.fr\/en\/produit\/deterquat_clm_002095302\/","url":"https:\/\/www.hydrachim.fr\/en\/produit\/deterquat_clm_002095302\/","name":"DETERQUAT CLM - Hydrachim","isPartOf":{"@id":"https:\/\/www.hydrachim.fr\/en\/#website"},"primaryImageOfPage":{"@id":"https:\/\/www.hydrachim.fr\/en\/produit\/deterquat_clm_002095302\/#primaryimage"},"image":{"@id":"https:\/\/www.hydrachim.fr\/en\/produit\/deterquat_clm_002095302\/#primaryimage"},"thumbnailUrl":"https:\/\/www.hydrachim.fr\/app\/uploads\/2025\/02\/0953___DETERQUAT___CLM_24kg_mercury2-1.png","datePublished":"2025-02-04T09:21:36+00:00","dateModified":"2025-02-06T11:11:55+00:00","breadcrumb":{"@id":"https:\/\/www.hydrachim.fr\/en\/produit\/deterquat_clm_002095302\/#breadcrumb"},"inLanguage":"en-US","potentialAction":[{"@type":"ReadAction","target":["https:\/\/www.hydrachim.fr\/en\/produit\/deterquat_clm_002095302\/"]}]},{"@type":"ImageObject","inLanguage":"en-US","@id":"https:\/\/www.hydrachim.fr\/en\/produit\/deterquat_clm_002095302\/#primaryimage","url":"https:\/\/www.hydrachim.fr\/app\/uploads\/2025\/02\/0953___DETERQUAT___CLM_24kg_mercury2-1.png","contentUrl":"https:\/\/www.hydrachim.fr\/app\/uploads\/2025\/02\/0953___DETERQUAT___CLM_24kg_mercury2-1.png","width":515,"height":737},{"@type":"BreadcrumbList","@id":"https:\/\/www.hydrachim.fr\/en\/produit\/deterquat_clm_002095302\/#breadcrumb","itemListElement":[{"@type":"ListItem","position":1,"name":"Home","item":"https:\/\/www.hydrachim.fr\/en\/"},{"@type":"ListItem","position":2,"name":"Boutique","item":"https:\/\/www.hydrachim.fr\/boutique\/"},{"@type":"ListItem","position":3,"name":"DETERQUAT CLM"}]},{"@type":"WebSite","@id":"https:\/\/www.hydrachim.fr\/en\/#website","url":"https:\/\/www.hydrachim.fr\/en\/","name":"Hydrachim","description":"La science de l&#039;hygi\u00e8ne","potentialAction":[{"@type":"SearchAction","target":{"@type":"EntryPoint","urlTemplate":"https:\/\/www.hydrachim.fr\/en\/?s={search_term_string}"},"query-input":{"@type":"PropertyValueSpecification","valueRequired":true,"valueName":"search_term_string"}}],"inLanguage":"en-US"}]}},"acf":{"fiche_methode":"","fiche_technique":"https:\/\/www.hydrachim.fr\/app\/uploads\/2025\/02\/FT_0953_DETERQUAT_CLM.pdf"},"_links":{"self":[{"href":"https:\/\/www.hydrachim.fr\/en\/wp-json\/wp\/v2\/product\/20761","targetHints":{"allow":["GET"]}}],"collection":[{"href":"https:\/\/www.hydrachim.fr\/en\/wp-json\/wp\/v2\/product"}],"about":[{"href":"https:\/\/www.hydrachim.fr\/en\/wp-json\/wp\/v2\/types\/product"}],"wp:featuredmedia":[{"embeddable":true,"href":"https:\/\/www.hydrachim.fr\/en\/wp-json\/wp\/v2\/media\/20792"}],"wp:attachment":[{"href":"https:\/\/www.hydrachim.fr\/en\/wp-json\/wp\/v2\/media?parent=20761"}],"wp:term":[{"taxonomy":"product_brand","embeddable":true,"href":"https:\/\/www.hydrachim.fr\/en\/wp-json\/wp\/v2\/product_brand?post=20761"},{"taxonomy":"product_type","embeddable":true,"href":"https:\/\/www.hydrachim.fr\/en\/wp-json\/wp\/v2\/product_type?post=20761"},{"taxonomy":"product_visibility","embeddable":true,"href":"https:\/\/www.hydrachim.fr\/en\/wp-json\/wp\/v2\/product_visibility?post=20761"},{"taxonomy":"product_cat","embeddable":true,"href":"https:\/\/www.hydrachim.fr\/en\/wp-json\/wp\/v2\/product_cat?post=20761"}],"curies":[{"name":"wp","href":"https:\/\/api.w.org\/{rel}","templated":true}]}}