{"id":20692,"date":"2025-01-27T11:06:11","date_gmt":"2025-01-27T09:06:11","guid":{"rendered":"https:\/\/www.hydrachim.fr\/?post_type=product&#038;p=20692"},"modified":"2025-10-13T08:34:51","modified_gmt":"2025-10-13T06:34:51","slug":"lotion_lavante_dsf_0020455","status":"publish","type":"product","link":"https:\/\/www.hydrachim.fr\/en\/produit\/lotion_lavante_dsf_0020455\/","title":{"rendered":"Lotion lavante DSF"},"content":{"rendered":"<p><strong>Steril mains est une cr\u00e8me lavante virucide, bact\u00e9ricide et levuricide pour le lavage des mains.<br \/>\nSans parfum &#8211; sans colorant.<\/strong><\/p>\n<p>Cr\u00e8me liquide bact\u00e9ricide, levuricide et virucide* pour le lavage des mains. Efficace sur Coronavirus**. Sans parfum, sans colorant. Recommand\u00e9e dans les secteurs suivants : restauration, industrie alimentaire, collectivit\u00e9s, maisons de retraite, cr\u00e8che,&#8230;<br \/>\n-**Efficacit\u00e9 virucide approuv\u00e9e sur MVA (Modified Vacciniarus Ankara), Coronavirus, virus herp\u00e8s simplex suivant la norme EN 14476 (60 sec., 20\u00b0C en condition de salet\u00e9).<br \/>\n-Bact\u00e9ricide (dont souches Listeria monocytogenes et Salmonella enterica) suivant les normes EN 1276 et EN<br \/>\n1499 (30 sec., 20\u00b0C) en condition de salet\u00e9.<br \/>\n-Levuricide suivant la norme EN 1650 (30 sec., 20\u00b0C) en condition de salet\u00e9.<br \/>\n*Virucide sur virus envelopp\u00e9s.\n<\/p>\n<p><strong>Disponible en  :<br \/>\n-Carton : 6 x 500ml avec pompe (la pompe distribue 3mL). 126 cartons par palette. R\u00e9f. 002045501.<br \/>\n-Carton : 6 x 1L poche. (Doses de 0,4 ml ou 0,8 ml) 432 poches par palette. R\u00e9f. 002045502.<br \/>\n-Carton : 12 x 1L Airless. 384 bidons par palette. R\u00e9f. 002045503.<br \/>\n-Carton : 4 x 5L. 128 bidons par palette. R\u00e9f. 002045504.<br \/>\n<\/strong><\/p>\n<p>Pour un lavage et une d\u00e9sinfection optimum des mains, sur peau mouill\u00e9e, verser une noisette de produit (3 mL environ) au creux des mains.<br \/>\nPuis frotter pendant au moins 30 secondes, (ou suivant l\u2019efficacit\u00e9 recherch\u00e9e), les mains, poignets, ongles, rincer puis s\u00e9cher.\n<\/p>\n<p><em>Tenir hors de port\u00e9e des enfants. <\/p>\n<p>TP01 &#8211; D\u00e9sinfection des mains saines.<\/em><\/p>\n","protected":false},"excerpt":{"rendered":"<p>Cr\u00e8me lavante d\u00e9sinfectante<\/p>\n","protected":false},"featured_media":20693,"template":"","meta":[],"product_brand":[],"product_type":[2],"product_visibility":[],"product_cat":[4141],"class_list":{"0":"post-20692","1":"product","2":"type-product","3":"status-publish","4":"has-post-thumbnail","6":"product_cat-produits","8":"first","9":"instock","10":"shipping-taxable","11":"product-type-simple"},"yoast_head":"<!-- This site is optimized with the Yoast SEO plugin v27.4 - https:\/\/yoast.com\/product\/yoast-seo-wordpress\/ -->\n<title>Lotion lavante DSF - Hydrachim<\/title>\n<meta name=\"robots\" content=\"index, follow, max-snippet:-1, max-image-preview:large, max-video-preview:-1\" \/>\n<link rel=\"canonical\" href=\"https:\/\/www.hydrachim.fr\/en\/produit\/lotion_lavante_dsf_0020455\/\" \/>\n<meta property=\"og:locale\" content=\"en_US\" \/>\n<meta property=\"og:type\" content=\"article\" \/>\n<meta property=\"og:title\" content=\"Lotion lavante DSF - Hydrachim\" \/>\n<meta property=\"og:description\" content=\"Cr\u00e8me lavante d\u00e9sinfectante\" \/>\n<meta property=\"og:url\" content=\"https:\/\/www.hydrachim.fr\/en\/produit\/lotion_lavante_dsf_0020455\/\" \/>\n<meta property=\"og:site_name\" content=\"Hydrachim\" \/>\n<meta property=\"article:modified_time\" content=\"2025-10-13T06:34:51+00:00\" \/>\n<meta property=\"og:image\" content=\"https:\/\/www.hydrachim.fr\/app\/uploads\/2025\/01\/SIMPLEMENT___0455___LOTION_LAVANTE_DSF___5L___compress____4_.png\" \/>\n\t<meta property=\"og:image:width\" content=\"585\" \/>\n\t<meta property=\"og:image:height\" content=\"819\" \/>\n\t<meta property=\"og:image:type\" content=\"image\/png\" \/>\n<meta name=\"twitter:card\" content=\"summary_large_image\" \/>\n<meta name=\"twitter:label1\" content=\"Est. reading time\" \/>\n\t<meta name=\"twitter:data1\" content=\"1 minute\" \/>\n<script type=\"application\/ld+json\" class=\"yoast-schema-graph\">{\"@context\":\"https:\\\/\\\/schema.org\",\"@graph\":[{\"@type\":\"WebPage\",\"@id\":\"https:\\\/\\\/www.hydrachim.fr\\\/en\\\/produit\\\/lotion_lavante_dsf_0020455\\\/\",\"url\":\"https:\\\/\\\/www.hydrachim.fr\\\/en\\\/produit\\\/lotion_lavante_dsf_0020455\\\/\",\"name\":\"Lotion lavante DSF - Hydrachim\",\"isPartOf\":{\"@id\":\"https:\\\/\\\/www.hydrachim.fr\\\/en\\\/#website\"},\"primaryImageOfPage\":{\"@id\":\"https:\\\/\\\/www.hydrachim.fr\\\/en\\\/produit\\\/lotion_lavante_dsf_0020455\\\/#primaryimage\"},\"image\":{\"@id\":\"https:\\\/\\\/www.hydrachim.fr\\\/en\\\/produit\\\/lotion_lavante_dsf_0020455\\\/#primaryimage\"},\"thumbnailUrl\":\"https:\\\/\\\/www.hydrachim.fr\\\/app\\\/uploads\\\/2025\\\/01\\\/SIMPLEMENT___0455___LOTION_LAVANTE_DSF___5L___compress____4_.png\",\"datePublished\":\"2025-01-27T09:06:11+00:00\",\"dateModified\":\"2025-10-13T06:34:51+00:00\",\"breadcrumb\":{\"@id\":\"https:\\\/\\\/www.hydrachim.fr\\\/en\\\/produit\\\/lotion_lavante_dsf_0020455\\\/#breadcrumb\"},\"inLanguage\":\"en-US\",\"potentialAction\":[{\"@type\":\"ReadAction\",\"target\":[\"https:\\\/\\\/www.hydrachim.fr\\\/en\\\/produit\\\/lotion_lavante_dsf_0020455\\\/\"]}]},{\"@type\":\"ImageObject\",\"inLanguage\":\"en-US\",\"@id\":\"https:\\\/\\\/www.hydrachim.fr\\\/en\\\/produit\\\/lotion_lavante_dsf_0020455\\\/#primaryimage\",\"url\":\"https:\\\/\\\/www.hydrachim.fr\\\/app\\\/uploads\\\/2025\\\/01\\\/SIMPLEMENT___0455___LOTION_LAVANTE_DSF___5L___compress____4_.png\",\"contentUrl\":\"https:\\\/\\\/www.hydrachim.fr\\\/app\\\/uploads\\\/2025\\\/01\\\/SIMPLEMENT___0455___LOTION_LAVANTE_DSF___5L___compress____4_.png\",\"width\":585,\"height\":819},{\"@type\":\"BreadcrumbList\",\"@id\":\"https:\\\/\\\/www.hydrachim.fr\\\/en\\\/produit\\\/lotion_lavante_dsf_0020455\\\/#breadcrumb\",\"itemListElement\":[{\"@type\":\"ListItem\",\"position\":1,\"name\":\"Home\",\"item\":\"https:\\\/\\\/www.hydrachim.fr\\\/en\\\/\"},{\"@type\":\"ListItem\",\"position\":2,\"name\":\"Boutique\",\"item\":\"https:\\\/\\\/www.hydrachim.fr\\\/boutique\\\/\"},{\"@type\":\"ListItem\",\"position\":3,\"name\":\"Lotion lavante DSF\"}]},{\"@type\":\"WebSite\",\"@id\":\"https:\\\/\\\/www.hydrachim.fr\\\/en\\\/#website\",\"url\":\"https:\\\/\\\/www.hydrachim.fr\\\/en\\\/\",\"name\":\"Hydrachim\",\"description\":\"La science de l&#039;hygi\u00e8ne\",\"potentialAction\":[{\"@type\":\"SearchAction\",\"target\":{\"@type\":\"EntryPoint\",\"urlTemplate\":\"https:\\\/\\\/www.hydrachim.fr\\\/en\\\/?s={search_term_string}\"},\"query-input\":{\"@type\":\"PropertyValueSpecification\",\"valueRequired\":true,\"valueName\":\"search_term_string\"}}],\"inLanguage\":\"en-US\"}]}<\/script>\n<!-- \/ Yoast SEO plugin. -->","yoast_head_json":{"title":"Lotion lavante DSF - Hydrachim","robots":{"index":"index","follow":"follow","max-snippet":"max-snippet:-1","max-image-preview":"max-image-preview:large","max-video-preview":"max-video-preview:-1"},"canonical":"https:\/\/www.hydrachim.fr\/en\/produit\/lotion_lavante_dsf_0020455\/","og_locale":"en_US","og_type":"article","og_title":"Lotion lavante DSF - Hydrachim","og_description":"Cr\u00e8me lavante d\u00e9sinfectante","og_url":"https:\/\/www.hydrachim.fr\/en\/produit\/lotion_lavante_dsf_0020455\/","og_site_name":"Hydrachim","article_modified_time":"2025-10-13T06:34:51+00:00","og_image":[{"width":585,"height":819,"url":"https:\/\/www.hydrachim.fr\/app\/uploads\/2025\/01\/SIMPLEMENT___0455___LOTION_LAVANTE_DSF___5L___compress____4_.png","type":"image\/png"}],"twitter_card":"summary_large_image","twitter_misc":{"Est. reading time":"1 minute"},"schema":{"@context":"https:\/\/schema.org","@graph":[{"@type":"WebPage","@id":"https:\/\/www.hydrachim.fr\/en\/produit\/lotion_lavante_dsf_0020455\/","url":"https:\/\/www.hydrachim.fr\/en\/produit\/lotion_lavante_dsf_0020455\/","name":"Lotion lavante DSF - Hydrachim","isPartOf":{"@id":"https:\/\/www.hydrachim.fr\/en\/#website"},"primaryImageOfPage":{"@id":"https:\/\/www.hydrachim.fr\/en\/produit\/lotion_lavante_dsf_0020455\/#primaryimage"},"image":{"@id":"https:\/\/www.hydrachim.fr\/en\/produit\/lotion_lavante_dsf_0020455\/#primaryimage"},"thumbnailUrl":"https:\/\/www.hydrachim.fr\/app\/uploads\/2025\/01\/SIMPLEMENT___0455___LOTION_LAVANTE_DSF___5L___compress____4_.png","datePublished":"2025-01-27T09:06:11+00:00","dateModified":"2025-10-13T06:34:51+00:00","breadcrumb":{"@id":"https:\/\/www.hydrachim.fr\/en\/produit\/lotion_lavante_dsf_0020455\/#breadcrumb"},"inLanguage":"en-US","potentialAction":[{"@type":"ReadAction","target":["https:\/\/www.hydrachim.fr\/en\/produit\/lotion_lavante_dsf_0020455\/"]}]},{"@type":"ImageObject","inLanguage":"en-US","@id":"https:\/\/www.hydrachim.fr\/en\/produit\/lotion_lavante_dsf_0020455\/#primaryimage","url":"https:\/\/www.hydrachim.fr\/app\/uploads\/2025\/01\/SIMPLEMENT___0455___LOTION_LAVANTE_DSF___5L___compress____4_.png","contentUrl":"https:\/\/www.hydrachim.fr\/app\/uploads\/2025\/01\/SIMPLEMENT___0455___LOTION_LAVANTE_DSF___5L___compress____4_.png","width":585,"height":819},{"@type":"BreadcrumbList","@id":"https:\/\/www.hydrachim.fr\/en\/produit\/lotion_lavante_dsf_0020455\/#breadcrumb","itemListElement":[{"@type":"ListItem","position":1,"name":"Home","item":"https:\/\/www.hydrachim.fr\/en\/"},{"@type":"ListItem","position":2,"name":"Boutique","item":"https:\/\/www.hydrachim.fr\/boutique\/"},{"@type":"ListItem","position":3,"name":"Lotion lavante DSF"}]},{"@type":"WebSite","@id":"https:\/\/www.hydrachim.fr\/en\/#website","url":"https:\/\/www.hydrachim.fr\/en\/","name":"Hydrachim","description":"La science de l&#039;hygi\u00e8ne","potentialAction":[{"@type":"SearchAction","target":{"@type":"EntryPoint","urlTemplate":"https:\/\/www.hydrachim.fr\/en\/?s={search_term_string}"},"query-input":{"@type":"PropertyValueSpecification","valueRequired":true,"valueName":"search_term_string"}}],"inLanguage":"en-US"}]}},"acf":{"fiche_methode":"","fiche_technique":"https:\/\/www.hydrachim.fr\/app\/uploads\/2025\/01\/FT___0455____Lotion_lavante_DSF.pdf"},"_links":{"self":[{"href":"https:\/\/www.hydrachim.fr\/en\/wp-json\/wp\/v2\/product\/20692","targetHints":{"allow":["GET"]}}],"collection":[{"href":"https:\/\/www.hydrachim.fr\/en\/wp-json\/wp\/v2\/product"}],"about":[{"href":"https:\/\/www.hydrachim.fr\/en\/wp-json\/wp\/v2\/types\/product"}],"wp:featuredmedia":[{"embeddable":true,"href":"https:\/\/www.hydrachim.fr\/en\/wp-json\/wp\/v2\/media\/20693"}],"wp:attachment":[{"href":"https:\/\/www.hydrachim.fr\/en\/wp-json\/wp\/v2\/media?parent=20692"}],"wp:term":[{"taxonomy":"product_brand","embeddable":true,"href":"https:\/\/www.hydrachim.fr\/en\/wp-json\/wp\/v2\/product_brand?post=20692"},{"taxonomy":"product_type","embeddable":true,"href":"https:\/\/www.hydrachim.fr\/en\/wp-json\/wp\/v2\/product_type?post=20692"},{"taxonomy":"product_visibility","embeddable":true,"href":"https:\/\/www.hydrachim.fr\/en\/wp-json\/wp\/v2\/product_visibility?post=20692"},{"taxonomy":"product_cat","embeddable":true,"href":"https:\/\/www.hydrachim.fr\/en\/wp-json\/wp\/v2\/product_cat?post=20692"}],"curies":[{"name":"wp","href":"https:\/\/api.w.org\/{rel}","templated":true}]}}