{"id":20649,"date":"2025-01-22T13:19:24","date_gmt":"2025-01-22T11:19:24","guid":{"rendered":"https:\/\/www.hydrachim.fr\/?post_type=product&#038;p=20649"},"modified":"2025-08-22T11:47:26","modified_gmt":"2025-08-22T09:47:26","slug":"washr_ecolabel_002066291","status":"publish","type":"product","link":"https:\/\/www.hydrachim.fr\/en\/produit\/washr_ecolabel_002066291\/","title":{"rendered":"WASH&#8217;R ECOLABEL"},"content":{"rendered":"<p><strong>Liquide de lavage vaisselle en machine pour toutes eaux.<\/strong><\/p>\n<p><font color=\"#f08500\"><b>WASH\u2019R<\/b><\/font> est formul\u00e9 pour le nettoyage m\u00e9canique de la vaisselle. Il convient pour toutes les qualit\u00e9s d\u2019eaux, gr\u00e2ce \u00e0 son pouvoir s\u00e9questrant.<\/p>\n<p><font color=\"#f08500\"><b>WASH\u2019R<\/b><\/font> convient \u00e0 tout type de lave-vaisselle professionnel (machine \u00e0 capot type mono-zone ou convoyeur type multi-zones), pour machines moyens et gros d\u00e9bits et des vaisselles difficiles \u00e0 salissures importantes.<\/p>\n<p><font color=\"#f08500\"><b>WASH\u2019R<\/b><\/font> est fabriqu\u00e9 en France.<\/p>\n<p><font color=\"#f08500\"><b>WASH\u2019R<\/b><\/font> est compos\u00e9 de 66% d\u2019ingr\u00e9dients d\u2019origine v\u00e9g\u00e9tale et min\u00e9rale.<\/p>\n<p><strong>Disponible en :<br \/>\n&#8211; Carton de 2&#215;5 L \u2013 (Palette de 144 bidons soit 72 cartons) \u2013 R\u00e9f.002066201<br \/>\n&#8211; Bidon de 10 L &#8211; (Palette de 63 bidons) \u2013 R\u00e9f.002066202<\/strong><\/p>\n<p class=\"y-product y-product__product-subtitle\">Avantage :<\/p>\n<p><\/p>\n<ul>\n<li>Gain de place de stockage et de recyclage.<\/li>\n<li>Gain de co\u00fbt de transport.<\/li>\n<\/ul>\n<p><h4><b>Mode d&#8217;emploi :<\/b><\/h4>\n<p>Utiliser le produit avec un doseur automatique de lavage vaisselle et adapter la concentration en fonction de la duret\u00e9 de l\u2019eau.<br \/>\nConsultez votre mairie ou le site du minist\u00e8re charg\u00e9 de la sant\u00e9 ou votre facture d\u2019eau pour conna\u00eetre la duret\u00e9 de l\u2019eau de votre r\u00e9gion.<\/p>\n<p>Temp\u00e9rature optimale de lavage : entre 60 et 65\u00b0C. (Sans d\u00e9passer 65\u00b0C).<br \/>\nAjouter en compl\u00e9ment le DRY\u2019R pour un r\u00e9sultat optimal.<\/p>\n<p>En machine industrielle : en injection automatique (voir tableau ci-dessous).<\/p>\n<p>Dosage en g\/L selon la duret\u00e9 de l\u2019eau (TH\u00b0) :<\/p>\n<ul>\n<li>Eau douce en dessous de 16\u00b0 TH -&gt; 0.25 \u00e0 0.5 g\/L<\/li>\n<li>Eau moyennement dure entre 16 et 24\u00b0 TH -&gt; 0,5 \u00e0 0.75 g\/L<\/li>\n<li>Eau dure au dessus de 24\u00b0 TH -&gt; 0.75 \u00e0 1 g\/L<\/li>\n<p>Appliquer le bon dosage et la temp\u00e9rature minimale recommand\u00e9e afin de faire baisser autant que possible la consommation d\u2019\u00e9nergie, d\u2019eau et de r\u00e9duire la pollution de l\u2019eau.<\/p>\n<p><em>Formule d\u00e9pos\u00e9e au centre antipoison Europ\u00e9en (PCN).<br \/>\nN\u00b0 de t\u00e9l\u00e9phone d\u2019appel d\u2019urgence INRS\/ORFILA : + 33 (0)1 45 42 59 59.<br \/>\nFiche de donn\u00e9es de s\u00e9curit\u00e9 disponible sur le site : www.hydrachim.fr .<br \/>\nPour une question de s\u00e9curit\u00e9, ne pas r\u00e9utiliser l\u2019emballage vide.<br \/>\nDilu\u00e9 : Conforme \u00e0 la l\u00e9gislation relative aux produits de nettoyage du mat\u00e9riel pouvant se trouver en contact des denr\u00e9es alimentaires. Pour cette utilisation, rin\u00e7age obligatoire.<br \/>\nPour une question de s\u00e9curit\u00e9, ne pas d\u00e9conditionner le produit de son emballage d\u2019origine et ne pas r\u00e9utiliser l\u2019emballage vide.<\/em><\/p>\n","protected":false},"excerpt":{"rendered":"<p>Liquide de lavage concentr\u00e9 ECOLABEL<\/p>\n","protected":false},"featured_media":16377,"template":"","meta":[],"product_brand":[],"product_type":[2],"product_visibility":[],"product_cat":[4189,4143,4120],"class_list":{"0":"post-20649","1":"product","2":"type-product","3":"status-publish","4":"has-post-thumbnail","6":"product_cat-marquesidegreen","7":"product_cat-nouveautes","8":"product_cat-cuisinevaisselle-machine","9":"product_tag-chr","10":"product_tag-concentre","11":"product_tag-nettoyage","12":"product_tag-vaisselle-2","14":"first","15":"instock","16":"shipping-taxable","17":"product-type-simple"},"yoast_head":"<!-- This site is optimized with the Yoast SEO plugin v27.4 - https:\/\/yoast.com\/product\/yoast-seo-wordpress\/ -->\n<title>WASH&#039;R ECOLABEL - Hydrachim<\/title>\n<meta name=\"robots\" content=\"index, follow, max-snippet:-1, max-image-preview:large, max-video-preview:-1\" \/>\n<link rel=\"canonical\" href=\"https:\/\/www.hydrachim.fr\/en\/produit\/washr_ecolabel_002066291\/\" \/>\n<meta property=\"og:locale\" content=\"en_US\" \/>\n<meta property=\"og:type\" content=\"article\" \/>\n<meta property=\"og:title\" content=\"WASH&#039;R ECOLABEL - Hydrachim\" \/>\n<meta property=\"og:description\" content=\"Liquide de lavage concentr\u00e9 ECOLABEL\" \/>\n<meta property=\"og:url\" content=\"https:\/\/www.hydrachim.fr\/en\/produit\/washr_ecolabel_002066291\/\" \/>\n<meta property=\"og:site_name\" content=\"Hydrachim\" \/>\n<meta property=\"article:modified_time\" content=\"2025-08-22T09:47:26+00:00\" \/>\n<meta property=\"og:image\" content=\"https:\/\/www.hydrachim.fr\/app\/uploads\/2023\/12\/PP___wash_R.jpg\" \/>\n\t<meta property=\"og:image:width\" content=\"425\" \/>\n\t<meta property=\"og:image:height\" content=\"402\" \/>\n\t<meta property=\"og:image:type\" content=\"image\/jpeg\" \/>\n<meta name=\"twitter:card\" content=\"summary_large_image\" \/>\n<meta name=\"twitter:label1\" content=\"Est. reading time\" \/>\n\t<meta name=\"twitter:data1\" content=\"2 minutes\" \/>\n<script type=\"application\/ld+json\" class=\"yoast-schema-graph\">{\"@context\":\"https:\\\/\\\/schema.org\",\"@graph\":[{\"@type\":\"WebPage\",\"@id\":\"https:\\\/\\\/www.hydrachim.fr\\\/en\\\/produit\\\/washr_ecolabel_002066291\\\/\",\"url\":\"https:\\\/\\\/www.hydrachim.fr\\\/en\\\/produit\\\/washr_ecolabel_002066291\\\/\",\"name\":\"WASH'R ECOLABEL - Hydrachim\",\"isPartOf\":{\"@id\":\"https:\\\/\\\/www.hydrachim.fr\\\/en\\\/#website\"},\"primaryImageOfPage\":{\"@id\":\"https:\\\/\\\/www.hydrachim.fr\\\/en\\\/produit\\\/washr_ecolabel_002066291\\\/#primaryimage\"},\"image\":{\"@id\":\"https:\\\/\\\/www.hydrachim.fr\\\/en\\\/produit\\\/washr_ecolabel_002066291\\\/#primaryimage\"},\"thumbnailUrl\":\"https:\\\/\\\/www.hydrachim.fr\\\/app\\\/uploads\\\/2023\\\/12\\\/PP___wash_R.jpg\",\"datePublished\":\"2025-01-22T11:19:24+00:00\",\"dateModified\":\"2025-08-22T09:47:26+00:00\",\"breadcrumb\":{\"@id\":\"https:\\\/\\\/www.hydrachim.fr\\\/en\\\/produit\\\/washr_ecolabel_002066291\\\/#breadcrumb\"},\"inLanguage\":\"en-US\",\"potentialAction\":[{\"@type\":\"ReadAction\",\"target\":[\"https:\\\/\\\/www.hydrachim.fr\\\/en\\\/produit\\\/washr_ecolabel_002066291\\\/\"]}]},{\"@type\":\"ImageObject\",\"inLanguage\":\"en-US\",\"@id\":\"https:\\\/\\\/www.hydrachim.fr\\\/en\\\/produit\\\/washr_ecolabel_002066291\\\/#primaryimage\",\"url\":\"https:\\\/\\\/www.hydrachim.fr\\\/app\\\/uploads\\\/2023\\\/12\\\/PP___wash_R.jpg\",\"contentUrl\":\"https:\\\/\\\/www.hydrachim.fr\\\/app\\\/uploads\\\/2023\\\/12\\\/PP___wash_R.jpg\",\"width\":425,\"height\":402},{\"@type\":\"BreadcrumbList\",\"@id\":\"https:\\\/\\\/www.hydrachim.fr\\\/en\\\/produit\\\/washr_ecolabel_002066291\\\/#breadcrumb\",\"itemListElement\":[{\"@type\":\"ListItem\",\"position\":1,\"name\":\"Home\",\"item\":\"https:\\\/\\\/www.hydrachim.fr\\\/en\\\/\"},{\"@type\":\"ListItem\",\"position\":2,\"name\":\"Boutique\",\"item\":\"https:\\\/\\\/www.hydrachim.fr\\\/boutique\\\/\"},{\"@type\":\"ListItem\",\"position\":3,\"name\":\"WASH&rsquo;R ECOLABEL\"}]},{\"@type\":\"WebSite\",\"@id\":\"https:\\\/\\\/www.hydrachim.fr\\\/en\\\/#website\",\"url\":\"https:\\\/\\\/www.hydrachim.fr\\\/en\\\/\",\"name\":\"Hydrachim\",\"description\":\"La science de l&#039;hygi\u00e8ne\",\"potentialAction\":[{\"@type\":\"SearchAction\",\"target\":{\"@type\":\"EntryPoint\",\"urlTemplate\":\"https:\\\/\\\/www.hydrachim.fr\\\/en\\\/?s={search_term_string}\"},\"query-input\":{\"@type\":\"PropertyValueSpecification\",\"valueRequired\":true,\"valueName\":\"search_term_string\"}}],\"inLanguage\":\"en-US\"}]}<\/script>\n<!-- \/ Yoast SEO plugin. -->","yoast_head_json":{"title":"WASH'R ECOLABEL - Hydrachim","robots":{"index":"index","follow":"follow","max-snippet":"max-snippet:-1","max-image-preview":"max-image-preview:large","max-video-preview":"max-video-preview:-1"},"canonical":"https:\/\/www.hydrachim.fr\/en\/produit\/washr_ecolabel_002066291\/","og_locale":"en_US","og_type":"article","og_title":"WASH'R ECOLABEL - Hydrachim","og_description":"Liquide de lavage concentr\u00e9 ECOLABEL","og_url":"https:\/\/www.hydrachim.fr\/en\/produit\/washr_ecolabel_002066291\/","og_site_name":"Hydrachim","article_modified_time":"2025-08-22T09:47:26+00:00","og_image":[{"width":425,"height":402,"url":"https:\/\/www.hydrachim.fr\/app\/uploads\/2023\/12\/PP___wash_R.jpg","type":"image\/jpeg"}],"twitter_card":"summary_large_image","twitter_misc":{"Est. reading time":"2 minutes"},"schema":{"@context":"https:\/\/schema.org","@graph":[{"@type":"WebPage","@id":"https:\/\/www.hydrachim.fr\/en\/produit\/washr_ecolabel_002066291\/","url":"https:\/\/www.hydrachim.fr\/en\/produit\/washr_ecolabel_002066291\/","name":"WASH'R ECOLABEL - Hydrachim","isPartOf":{"@id":"https:\/\/www.hydrachim.fr\/en\/#website"},"primaryImageOfPage":{"@id":"https:\/\/www.hydrachim.fr\/en\/produit\/washr_ecolabel_002066291\/#primaryimage"},"image":{"@id":"https:\/\/www.hydrachim.fr\/en\/produit\/washr_ecolabel_002066291\/#primaryimage"},"thumbnailUrl":"https:\/\/www.hydrachim.fr\/app\/uploads\/2023\/12\/PP___wash_R.jpg","datePublished":"2025-01-22T11:19:24+00:00","dateModified":"2025-08-22T09:47:26+00:00","breadcrumb":{"@id":"https:\/\/www.hydrachim.fr\/en\/produit\/washr_ecolabel_002066291\/#breadcrumb"},"inLanguage":"en-US","potentialAction":[{"@type":"ReadAction","target":["https:\/\/www.hydrachim.fr\/en\/produit\/washr_ecolabel_002066291\/"]}]},{"@type":"ImageObject","inLanguage":"en-US","@id":"https:\/\/www.hydrachim.fr\/en\/produit\/washr_ecolabel_002066291\/#primaryimage","url":"https:\/\/www.hydrachim.fr\/app\/uploads\/2023\/12\/PP___wash_R.jpg","contentUrl":"https:\/\/www.hydrachim.fr\/app\/uploads\/2023\/12\/PP___wash_R.jpg","width":425,"height":402},{"@type":"BreadcrumbList","@id":"https:\/\/www.hydrachim.fr\/en\/produit\/washr_ecolabel_002066291\/#breadcrumb","itemListElement":[{"@type":"ListItem","position":1,"name":"Home","item":"https:\/\/www.hydrachim.fr\/en\/"},{"@type":"ListItem","position":2,"name":"Boutique","item":"https:\/\/www.hydrachim.fr\/boutique\/"},{"@type":"ListItem","position":3,"name":"WASH&rsquo;R ECOLABEL"}]},{"@type":"WebSite","@id":"https:\/\/www.hydrachim.fr\/en\/#website","url":"https:\/\/www.hydrachim.fr\/en\/","name":"Hydrachim","description":"La science de l&#039;hygi\u00e8ne","potentialAction":[{"@type":"SearchAction","target":{"@type":"EntryPoint","urlTemplate":"https:\/\/www.hydrachim.fr\/en\/?s={search_term_string}"},"query-input":{"@type":"PropertyValueSpecification","valueRequired":true,"valueName":"search_term_string"}}],"inLanguage":"en-US"}]}},"acf":{"fiche_methode":"","fiche_technique":"https:\/\/www.hydrachim.fr\/app\/uploads\/2025\/01\/FT_WASH_R_ECOLABEL.pdf"},"_links":{"self":[{"href":"https:\/\/www.hydrachim.fr\/en\/wp-json\/wp\/v2\/product\/20649","targetHints":{"allow":["GET"]}}],"collection":[{"href":"https:\/\/www.hydrachim.fr\/en\/wp-json\/wp\/v2\/product"}],"about":[{"href":"https:\/\/www.hydrachim.fr\/en\/wp-json\/wp\/v2\/types\/product"}],"wp:featuredmedia":[{"embeddable":true,"href":"https:\/\/www.hydrachim.fr\/en\/wp-json\/wp\/v2\/media\/16377"}],"wp:attachment":[{"href":"https:\/\/www.hydrachim.fr\/en\/wp-json\/wp\/v2\/media?parent=20649"}],"wp:term":[{"taxonomy":"product_brand","embeddable":true,"href":"https:\/\/www.hydrachim.fr\/en\/wp-json\/wp\/v2\/product_brand?post=20649"},{"taxonomy":"product_type","embeddable":true,"href":"https:\/\/www.hydrachim.fr\/en\/wp-json\/wp\/v2\/product_type?post=20649"},{"taxonomy":"product_visibility","embeddable":true,"href":"https:\/\/www.hydrachim.fr\/en\/wp-json\/wp\/v2\/product_visibility?post=20649"},{"taxonomy":"product_cat","embeddable":true,"href":"https:\/\/www.hydrachim.fr\/en\/wp-json\/wp\/v2\/product_cat?post=20649"}],"curies":[{"name":"wp","href":"https:\/\/api.w.org\/{rel}","templated":true}]}}