{"id":20343,"date":"2024-12-24T14:55:24","date_gmt":"2024-12-24T12:55:24","guid":{"rendered":"https:\/\/www.hydrachim.fr\/?post_type=product&#038;p=20343"},"modified":"2025-05-22T11:54:32","modified_gmt":"2025-05-22T09:54:32","slug":"multir_ecolabel_concentre___station_de_dilution_002065792","status":"publish","type":"product","link":"https:\/\/www.hydrachim.fr\/en\/produit\/multir_ecolabel_concentre___station_de_dilution_002065792\/","title":{"rendered":"MULTI&#8217;R ECOLABEL concentr\u00e9   station de dilution"},"content":{"rendered":"<p><strong>Nettoyant et d\u00e9graissant multi-surfaces.<\/strong><\/p>\n<p><font color=\"#2a9b60\"><b>MULTI\u2019R ECOLABEL<\/b><\/font> est un nettoyant et d\u00e9graissant multi-surfaces*. Il fait dispara\u00eetre les t\u00e2ches d\u2019encre, de stylos, les graisses, etc.<br \/>\nS\u2019utilise pour les sols, fa\u00efences, tous supports lavables ayant de la mati\u00e8re grasse ou des t\u00e2ches \u00e0 \u00e9liminer.<\/p>\n<p><font color=\"#2a9b60\"><b>MULTI\u2019R ECOLABEL<\/b><\/font> s\u2019utilise pour les surfaces en collectivit\u00e9, cr\u00e8ches, EHPAD, locaux administratifs, h\u00f4tels, industries, locaux sociaux, tertiaires,&#8230;<\/p>\n<p><font color=\"#2a9b60\"><b>MULTI\u2019R ECOLABEL<\/b><\/font> est une formule concentr\u00e9e destin\u00e9e \u00e0 \u00eatre dilu\u00e9e dans un pulv\u00e9risateur.<br \/>\n<font color=\"#2a9b60\"><b>MULTI\u2019R ECOLABEL<\/b><\/font> est certifi\u00e9 selon l\u2019ECOLABEL EUROPEEN, une r\u00e9f\u00e9rence en mati\u00e8re de respect de l\u2019environnement. L\u2019ECOLABEL EUROPEEN garantit une s\u00e9curit\u00e9 pour les utilisateurs, l\u2019environnement et la sant\u00e9.<\/p>\n<p><font color=\"#2a9b60\"><b>MULTI\u2019R ECOLABEL<\/b><\/font> est fabriqu\u00e9 en France.<\/p>\n<ul>\n<li>96% d&#8217;ingr\u00e9dients d&#8217;origine v\u00e9g\u00e9tale ou min\u00e9rale.<\/li>\n<li>Le produit diffuse un parfum de zeste d\u2019agrumes**.<\/li>\n<\/ul>\n<p><strong>Disponible en :<br \/>\n&#8211; Carton de 2&#215;5 L \u2013 R\u00e9f.002065791<br \/>\n&#8211; Carton de 6&#215;1 L \u2013 R\u00e9f.002065792<\/strong><\/p>\n<p class=\"y-product y-product__product-subtitle\">Avantage :<\/p>\n<p>A base d\u2019ingr\u00e9dients d\u2019origines min\u00e9rale ou v\u00e9g\u00e9tale respectant les crit\u00e8res de biod\u00e9gradabilit\u00e9 de la Commission Europ\u00e9enne.<\/p>\n<p>Un bidon de 1Litre vous permet de conditionner 50 pulv\u00e9risateurs de 650 mL.<br \/>\nDe la m\u00eame mani\u00e8re, un bidon de 5 Litres vous permet de conditionner 250 pulv\u00e9risateurs 650 mL. <\/p>\n<ul>\n<li>Gain de place de stockage et de recyclage.<\/li>\n<li>Gain de co\u00fbt de transport.<\/li>\n<p><h4><b>Mode d&#8217;emploi :<\/b><\/h4>\n<p>&gt;&gt; Ne pas utiliser pur. Degreas\u2019R ECOLABEL est concentr\u00e9 et doit \u00eatre dilu\u00e9 avant utilisation.<\/p>\n<p>Vous avez 2 mani\u00e8res de diluer ce produit dans vos pulv\u00e9risateurs techniques :<\/p>\n<p><b>En automatique :<\/b><br \/>\nEn station de dilution de mani\u00e8re \u00e0 obtenir 20 mL de produit dans votre bidon de 650 mL.<\/p>\n<p><b>Manuellement :<\/b><br \/>\n<i>Si vous avez un bidon de 1 L :<\/i><br \/>\n1. Prendre votre bidon,<br \/>\n2. Visser votre bouchon doseur $D-62<br \/>\n3. Presser sur le bidon pour faire monter 20 mL dans votre bouchon,<br \/>\n4. Verser la quantit\u00e9 dans votre pulv\u00e9risateur 650 mL pr\u00e9alablement rempli de 630 mL d\u2019eau.<\/p>\n<p><i>Si vous avez un bidon de 5 L :<\/i><br \/>\n1. Prendre votre bidon,<br \/>\n2. Emboiter votre bec verseur $D-63,<br \/>\n3. Verser 20 ml dans votre pulv\u00e9risateur 650 mL pr\u00e9alablement rempli de 630 mL d\u2019eau.<\/p>\n<p>Votre produit est pr\u00eat \u00e0 l&#8217;emploi !<\/p>\n<p>Pour l&#8217;utilisation du produit PAE : se r\u00e9f\u00e9rer \u00e0 la fiche technique ou \u00e9tiquette du pulv\u00e9risateur. Multi\u2019R ECOLABEL peut se diluer dans notre pulv\u00e9risateur technique (Disponible \u00e0 la vente en assortiment).<\/p>\n<p><em>Attention \u00e0 bien nettoyer et s\u00e9cher votre pulv\u00e9risateur entre chaque recharge.<br \/>\nUne fois votre produit dilu\u00e9 en Pr\u00eat A l\u2019Emploi, vous pouvez conserver ce P.A.E. environ 24 mois.<br \/>\nFormule d\u00e9pos\u00e9e au centre antipoison europ\u00e9en (PCN) (N\u00b00657).<br \/>\nN\u00b0 de t\u00e9l\u00e9phone d\u2019appel d\u2019urgence INRS\/ORFILA : + 33 (0)1 45 42 59 59.<br \/>\nPour une question de s\u00e9curit\u00e9, ne pas r\u00e9utiliser l\u2019emballage vide.<br \/>\nDilu\u00e9 : Conforme \u00e0 la l\u00e9gislation relative aux produits de nettoyage du mat\u00e9riel pouvant se trouver en contact des denr\u00e9es alimentaires. Pour cette utilisation, rin\u00e7age obligatoire.<br \/>\nCe produit n\u2019est pas destin\u00e9 \u00e0 un nettoyage industriel.<br \/>\n*Faire un test au pr\u00e9alable sur une partie non visible du support.<br \/>\n**Parfum de synth\u00e8se.<\/em><\/p>\n","protected":false},"excerpt":{"rendered":"<p>Nettoyant multi-surfaces 2D<\/p>\n","protected":false},"featured_media":21461,"template":"","meta":[],"product_brand":[],"product_type":[2],"product_visibility":[],"product_cat":[4101,4189,4143,4127],"class_list":{"0":"post-20343","1":"product","2":"type-product","3":"status-publish","4":"has-post-thumbnail","6":"product_cat-produitsecolabel","7":"product_cat-marquesidegreen","8":"product_cat-nouveautes","9":"product_cat-produitssurface-sol","10":"product_tag-chr","11":"product_tag-concentre","12":"product_tag-degraissant","13":"product_tag-ecolabel","14":"product_tag-multi-surfaces","15":"product_tag-nettoyant","17":"first","18":"instock","19":"shipping-taxable","20":"product-type-simple"},"yoast_head":"<!-- This site is optimized with the Yoast SEO plugin v27.4 - https:\/\/yoast.com\/product\/yoast-seo-wordpress\/ -->\n<title>MULTI&#039;R ECOLABEL concentr\u00e9  station de dilution - Hydrachim<\/title>\n<meta name=\"robots\" content=\"index, follow, max-snippet:-1, max-image-preview:large, max-video-preview:-1\" \/>\n<link rel=\"canonical\" href=\"https:\/\/www.hydrachim.fr\/en\/produit\/multir_ecolabel_concentre___station_de_dilution_002065792\/\" \/>\n<meta property=\"og:locale\" content=\"en_US\" \/>\n<meta property=\"og:type\" content=\"article\" \/>\n<meta property=\"og:title\" content=\"MULTI&#039;R ECOLABEL concentr\u00e9  station de dilution - Hydrachim\" \/>\n<meta property=\"og:description\" content=\"Nettoyant multi-surfaces 2D\" \/>\n<meta property=\"og:url\" content=\"https:\/\/www.hydrachim.fr\/en\/produit\/multir_ecolabel_concentre___station_de_dilution_002065792\/\" \/>\n<meta property=\"og:site_name\" content=\"Hydrachim\" \/>\n<meta property=\"article:modified_time\" content=\"2025-05-22T09:54:32+00:00\" \/>\n<meta property=\"og:image\" content=\"https:\/\/www.hydrachim.fr\/app\/uploads\/2025\/04\/0657___MULTI_RR___1___1_-1.png\" \/>\n\t<meta property=\"og:image:width\" content=\"1543\" \/>\n\t<meta property=\"og:image:height\" content=\"2227\" \/>\n\t<meta property=\"og:image:type\" content=\"image\/png\" \/>\n<meta name=\"twitter:card\" content=\"summary_large_image\" \/>\n<meta name=\"twitter:label1\" content=\"Est. reading time\" \/>\n\t<meta name=\"twitter:data1\" content=\"3 minutes\" \/>\n<script type=\"application\/ld+json\" class=\"yoast-schema-graph\">{\"@context\":\"https:\\\/\\\/schema.org\",\"@graph\":[{\"@type\":\"WebPage\",\"@id\":\"https:\\\/\\\/www.hydrachim.fr\\\/en\\\/produit\\\/multir_ecolabel_concentre___station_de_dilution_002065792\\\/\",\"url\":\"https:\\\/\\\/www.hydrachim.fr\\\/en\\\/produit\\\/multir_ecolabel_concentre___station_de_dilution_002065792\\\/\",\"name\":\"MULTI'R ECOLABEL concentr\u00e9 station de dilution - Hydrachim\",\"isPartOf\":{\"@id\":\"https:\\\/\\\/www.hydrachim.fr\\\/en\\\/#website\"},\"primaryImageOfPage\":{\"@id\":\"https:\\\/\\\/www.hydrachim.fr\\\/en\\\/produit\\\/multir_ecolabel_concentre___station_de_dilution_002065792\\\/#primaryimage\"},\"image\":{\"@id\":\"https:\\\/\\\/www.hydrachim.fr\\\/en\\\/produit\\\/multir_ecolabel_concentre___station_de_dilution_002065792\\\/#primaryimage\"},\"thumbnailUrl\":\"https:\\\/\\\/www.hydrachim.fr\\\/app\\\/uploads\\\/2025\\\/04\\\/0657___MULTI_RR___1___1_-1.png\",\"datePublished\":\"2024-12-24T12:55:24+00:00\",\"dateModified\":\"2025-05-22T09:54:32+00:00\",\"breadcrumb\":{\"@id\":\"https:\\\/\\\/www.hydrachim.fr\\\/en\\\/produit\\\/multir_ecolabel_concentre___station_de_dilution_002065792\\\/#breadcrumb\"},\"inLanguage\":\"en-US\",\"potentialAction\":[{\"@type\":\"ReadAction\",\"target\":[\"https:\\\/\\\/www.hydrachim.fr\\\/en\\\/produit\\\/multir_ecolabel_concentre___station_de_dilution_002065792\\\/\"]}]},{\"@type\":\"ImageObject\",\"inLanguage\":\"en-US\",\"@id\":\"https:\\\/\\\/www.hydrachim.fr\\\/en\\\/produit\\\/multir_ecolabel_concentre___station_de_dilution_002065792\\\/#primaryimage\",\"url\":\"https:\\\/\\\/www.hydrachim.fr\\\/app\\\/uploads\\\/2025\\\/04\\\/0657___MULTI_RR___1___1_-1.png\",\"contentUrl\":\"https:\\\/\\\/www.hydrachim.fr\\\/app\\\/uploads\\\/2025\\\/04\\\/0657___MULTI_RR___1___1_-1.png\",\"width\":1543,\"height\":2227},{\"@type\":\"BreadcrumbList\",\"@id\":\"https:\\\/\\\/www.hydrachim.fr\\\/en\\\/produit\\\/multir_ecolabel_concentre___station_de_dilution_002065792\\\/#breadcrumb\",\"itemListElement\":[{\"@type\":\"ListItem\",\"position\":1,\"name\":\"Home\",\"item\":\"https:\\\/\\\/www.hydrachim.fr\\\/en\\\/\"},{\"@type\":\"ListItem\",\"position\":2,\"name\":\"Boutique\",\"item\":\"https:\\\/\\\/www.hydrachim.fr\\\/boutique\\\/\"},{\"@type\":\"ListItem\",\"position\":3,\"name\":\"MULTI&rsquo;R ECOLABEL concentr\u00e9 station de dilution\"}]},{\"@type\":\"WebSite\",\"@id\":\"https:\\\/\\\/www.hydrachim.fr\\\/en\\\/#website\",\"url\":\"https:\\\/\\\/www.hydrachim.fr\\\/en\\\/\",\"name\":\"Hydrachim\",\"description\":\"La science de l&#039;hygi\u00e8ne\",\"potentialAction\":[{\"@type\":\"SearchAction\",\"target\":{\"@type\":\"EntryPoint\",\"urlTemplate\":\"https:\\\/\\\/www.hydrachim.fr\\\/en\\\/?s={search_term_string}\"},\"query-input\":{\"@type\":\"PropertyValueSpecification\",\"valueRequired\":true,\"valueName\":\"search_term_string\"}}],\"inLanguage\":\"en-US\"}]}<\/script>\n<!-- \/ Yoast SEO plugin. -->","yoast_head_json":{"title":"MULTI'R ECOLABEL concentr\u00e9  station de dilution - Hydrachim","robots":{"index":"index","follow":"follow","max-snippet":"max-snippet:-1","max-image-preview":"max-image-preview:large","max-video-preview":"max-video-preview:-1"},"canonical":"https:\/\/www.hydrachim.fr\/en\/produit\/multir_ecolabel_concentre___station_de_dilution_002065792\/","og_locale":"en_US","og_type":"article","og_title":"MULTI'R ECOLABEL concentr\u00e9  station de dilution - Hydrachim","og_description":"Nettoyant multi-surfaces 2D","og_url":"https:\/\/www.hydrachim.fr\/en\/produit\/multir_ecolabel_concentre___station_de_dilution_002065792\/","og_site_name":"Hydrachim","article_modified_time":"2025-05-22T09:54:32+00:00","og_image":[{"width":1543,"height":2227,"url":"https:\/\/www.hydrachim.fr\/app\/uploads\/2025\/04\/0657___MULTI_RR___1___1_-1.png","type":"image\/png"}],"twitter_card":"summary_large_image","twitter_misc":{"Est. reading time":"3 minutes"},"schema":{"@context":"https:\/\/schema.org","@graph":[{"@type":"WebPage","@id":"https:\/\/www.hydrachim.fr\/en\/produit\/multir_ecolabel_concentre___station_de_dilution_002065792\/","url":"https:\/\/www.hydrachim.fr\/en\/produit\/multir_ecolabel_concentre___station_de_dilution_002065792\/","name":"MULTI'R ECOLABEL concentr\u00e9 station de dilution - Hydrachim","isPartOf":{"@id":"https:\/\/www.hydrachim.fr\/en\/#website"},"primaryImageOfPage":{"@id":"https:\/\/www.hydrachim.fr\/en\/produit\/multir_ecolabel_concentre___station_de_dilution_002065792\/#primaryimage"},"image":{"@id":"https:\/\/www.hydrachim.fr\/en\/produit\/multir_ecolabel_concentre___station_de_dilution_002065792\/#primaryimage"},"thumbnailUrl":"https:\/\/www.hydrachim.fr\/app\/uploads\/2025\/04\/0657___MULTI_RR___1___1_-1.png","datePublished":"2024-12-24T12:55:24+00:00","dateModified":"2025-05-22T09:54:32+00:00","breadcrumb":{"@id":"https:\/\/www.hydrachim.fr\/en\/produit\/multir_ecolabel_concentre___station_de_dilution_002065792\/#breadcrumb"},"inLanguage":"en-US","potentialAction":[{"@type":"ReadAction","target":["https:\/\/www.hydrachim.fr\/en\/produit\/multir_ecolabel_concentre___station_de_dilution_002065792\/"]}]},{"@type":"ImageObject","inLanguage":"en-US","@id":"https:\/\/www.hydrachim.fr\/en\/produit\/multir_ecolabel_concentre___station_de_dilution_002065792\/#primaryimage","url":"https:\/\/www.hydrachim.fr\/app\/uploads\/2025\/04\/0657___MULTI_RR___1___1_-1.png","contentUrl":"https:\/\/www.hydrachim.fr\/app\/uploads\/2025\/04\/0657___MULTI_RR___1___1_-1.png","width":1543,"height":2227},{"@type":"BreadcrumbList","@id":"https:\/\/www.hydrachim.fr\/en\/produit\/multir_ecolabel_concentre___station_de_dilution_002065792\/#breadcrumb","itemListElement":[{"@type":"ListItem","position":1,"name":"Home","item":"https:\/\/www.hydrachim.fr\/en\/"},{"@type":"ListItem","position":2,"name":"Boutique","item":"https:\/\/www.hydrachim.fr\/boutique\/"},{"@type":"ListItem","position":3,"name":"MULTI&rsquo;R ECOLABEL concentr\u00e9 station de dilution"}]},{"@type":"WebSite","@id":"https:\/\/www.hydrachim.fr\/en\/#website","url":"https:\/\/www.hydrachim.fr\/en\/","name":"Hydrachim","description":"La science de l&#039;hygi\u00e8ne","potentialAction":[{"@type":"SearchAction","target":{"@type":"EntryPoint","urlTemplate":"https:\/\/www.hydrachim.fr\/en\/?s={search_term_string}"},"query-input":{"@type":"PropertyValueSpecification","valueRequired":true,"valueName":"search_term_string"}}],"inLanguage":"en-US"}]}},"acf":{"fiche_methode":"","fiche_technique":""},"_links":{"self":[{"href":"https:\/\/www.hydrachim.fr\/en\/wp-json\/wp\/v2\/product\/20343","targetHints":{"allow":["GET"]}}],"collection":[{"href":"https:\/\/www.hydrachim.fr\/en\/wp-json\/wp\/v2\/product"}],"about":[{"href":"https:\/\/www.hydrachim.fr\/en\/wp-json\/wp\/v2\/types\/product"}],"wp:featuredmedia":[{"embeddable":true,"href":"https:\/\/www.hydrachim.fr\/en\/wp-json\/wp\/v2\/media\/21461"}],"wp:attachment":[{"href":"https:\/\/www.hydrachim.fr\/en\/wp-json\/wp\/v2\/media?parent=20343"}],"wp:term":[{"taxonomy":"product_brand","embeddable":true,"href":"https:\/\/www.hydrachim.fr\/en\/wp-json\/wp\/v2\/product_brand?post=20343"},{"taxonomy":"product_type","embeddable":true,"href":"https:\/\/www.hydrachim.fr\/en\/wp-json\/wp\/v2\/product_type?post=20343"},{"taxonomy":"product_visibility","embeddable":true,"href":"https:\/\/www.hydrachim.fr\/en\/wp-json\/wp\/v2\/product_visibility?post=20343"},{"taxonomy":"product_cat","embeddable":true,"href":"https:\/\/www.hydrachim.fr\/en\/wp-json\/wp\/v2\/product_cat?post=20343"}],"curies":[{"name":"wp","href":"https:\/\/api.w.org\/{rel}","templated":true}]}}