{"id":20328,"date":"2024-12-24T12:26:09","date_gmt":"2024-12-24T10:26:09","guid":{"rendered":"https:\/\/www.hydrachim.fr\/?post_type=product&#038;p=20328"},"modified":"2025-10-21T11:08:14","modified_gmt":"2025-10-21T09:08:14","slug":"degreasr_ecolabel_concentre___recharge_de_50_ml_002065392","status":"publish","type":"product","link":"https:\/\/www.hydrachim.fr\/en\/produit\/degreasr_ecolabel_concentre___recharge_de_50_ml_002065392\/","title":{"rendered":"DEGREAS&#8217;R ECOLABEL concentr\u00e9   Recharge de 50 mL"},"content":{"rendered":"<p><strong>D\u00e9graissant pour les surfaces tr\u00e8s encrass\u00e9es dans l&#8217;univers alimentaire<\/strong><\/p>\n<p><font color=\"#f08500\"><b>DEGREAS\u2019R ECOLABEL<\/b><\/font> est un d\u00e9graissant qui \u00e9limine souillures, huiles, graisses, d\u00e9p\u00f4ts alimentaires*. <\/p>\n<p><font color=\"#f08500\"><b>DEGREAS\u2019R ECOLABEL<\/b><\/font> agit rapidement, m\u00eame sur des surfaces tr\u00e8s encrass\u00e9es. Il s\u2019utilise dans l\u2019univers alimentaire.<\/p>\n<p><font color=\"#f08500\"><b>DEGREAS\u2019R ECOLABEL<\/b><\/font> est une formule concentr\u00e9e conditionn\u00e9e en 50 mL destin\u00e9e \u00e0 \u00eatre dilu\u00e9e dans 700 mL d\u2019eau dans un pulv\u00e9risateur.<\/p>\n<p>Son petit conditionnement permet une r\u00e9duction de plastique et la capsule est enti\u00e8rement recycl\u00e9e et recyclable.<br \/>\n<font color=\"#f08500\"><b>DEGREAS\u2019R ECOLABEL<\/b><\/font> est certifi\u00e9 selon l\u2019ECOLABEL EUROPEEN, une r\u00e9f\u00e9rence en mati\u00e8re de respect de l\u2019environnement. L\u2019ECOLABEL EUROPEEN garantit une s\u00e9curit\u00e9 pour les utilisateurs, l\u2019environnement et la sant\u00e9.<\/p>\n<p><font color=\"#f08500\"><b>DEGREAS\u2019R ECOLABEL<\/b><\/font> est fabriqu\u00e9 en France.<\/p>\n<ul>\n<li>76% d&#8217;ingr\u00e9dients d&#8217;origine v\u00e9g\u00e9tale ou min\u00e9rale.<\/li>\n<li>Sans parfum.<\/li>\n<p><strong>Disponible en :<br \/>\n&#8211; Carton pr\u00eat \u00e0 vendre 2 lots de 12 x 50 mL. R\u00e9f.002065392<\/strong><\/p>\n<p class=\"y-product y-product__product-subtitle\">Avantage :<\/p>\n<p>A base d\u2019ingr\u00e9dients d\u2019origines min\u00e9rale ou v\u00e9g\u00e9tale respectant les crit\u00e8res de biod\u00e9gradabilit\u00e9 de la Commission Europ\u00e9enne.<\/p>\n<ul>\n<li><b>Gain de plastique : <\/b>La recharge d\u2019un PAE par les capsules de la gamme des concentr\u00e9s permet la r\u00e9duction de plus de 78% de plastique. De plus, les capsules sont en plastique PE enti\u00e8rement recycl\u00e9s.<\/li>\n<li><b>Gain d\u2019emballage : <\/b>Nombre d\u2019usage du bidon : R\u00e9utilisable 100 fois apr\u00e8s remplisssage du bidon. Nombre d\u2019usage du spray : R\u00e9utilisable 17 fois apr\u00e8s rempissage du bidon.<\/li>\n<li><b>Gain de place en stockage : <\/b>Une recharge de 50mL est au moins 3 fois plus petite qu\u2019un pulv\u00e9risateur pr\u00eat \u00e0 l\u2019emploi. Soit, 3 cartons de 12 recharges (36 recharges au total) correspondent \u00e0 la place de seulement 4 pulv\u00e9risateurs. (1 palette de recharges \u00e9quivaut \u00e0 12 palettes de pulv\u00e9risateurs.)<\/li>\n<li><b>Gain de transport : <\/b>Le gain de place re\u00e7u par le conditionnement des recharges permet \u00e9galement un gain de transport. Il est possible de palettiser plus de cartons de recharges dans un camion que de cartons pulv\u00e9risateurs pr\u00eat \u00e0 l\u2019emploi : 12 palettes de pulv\u00e9risateurs \u00e9quivalent \u00e0 1 palette de recharge. Cela permet une r\u00e9duction de nos transports et donc une r\u00e9duction de nos \u00e9missions de Co2.<\/li>\n<p><h4><b>Mode d&#8217;emploi :<\/b><\/h4>\n<p>1. Prendre votre flacon, verser 700 mL d&#8217;eau.<br \/>\n2. Visser la recharge de 50 mL sur le flacon. Retourner doucement le flacon avec sa recharge pour vider et m\u00e9langer le produit. D\u00e9visser et retirer la recharge vide.<br \/>\n3. Refermer le flacon avec le pulv\u00e9risateur.<\/p>\n<p><em>En dilution : Conforme \u00e0 la l\u00e9gislation relative aux produits de nettoyage du mat\u00e9riel pouvant se trouver en contact des denr\u00e9es alimentaires (Arr\u00eat\u00e9 du 08\/09\/1999 et ses amendements). Rin\u00e7age obligatoire.<br \/>\nPour plus de d\u00e9tail sur les conditions de rin\u00e7age consulter la fiche de donn\u00e9es de s\u00e9curit\u00e9 et la fiche technique.<\/p>\n<p>Attention \u00e0 bien nettoyer et s\u00e9cher votre pulv\u00e9risateur entre chaque recharge.<br \/>\nUne fois votre produit dilu\u00e9 en Pr\u00eat A l\u2019Emploi, vous pouvez conserver ce P.A.E. environ 24 mois.<br \/>\nFormule d\u00e9pos\u00e9e au centre antipoison de europ\u00e9en (PCN) (N\u00b00653).<br \/>\nN\u00b0 de t\u00e9l\u00e9phone d\u2019appel d\u2019urgence INRS\/ORFILA : + 33 (0)1 45 42 59 59.<br \/>\n*Faire un test au pr\u00e9alable sur une partie non visible du support.<\/em><\/p>\n","protected":false},"excerpt":{"rendered":"<p>D\u00e9graissant surfaces alimentaires &amp; tertiaires.<\/p>\n","protected":false},"featured_media":20329,"template":"","meta":[],"product_brand":[],"product_type":[2],"product_visibility":[],"product_cat":[4117,4101,4189,4143],"class_list":{"0":"post-20328","1":"product","2":"type-product","3":"status-publish","4":"has-post-thumbnail","6":"product_cat-produitscuisine","7":"product_cat-produitsecolabel","8":"product_cat-marquesidegreen","9":"product_cat-nouveautes","10":"product_tag-alimentaire","11":"product_tag-chr","12":"product_tag-concentre","13":"product_tag-degraissant","14":"product_tag-ecolabel","16":"first","17":"instock","18":"shipping-taxable","19":"product-type-simple"},"yoast_head":"<!-- This site is optimized with the Yoast SEO plugin v27.4 - https:\/\/yoast.com\/product\/yoast-seo-wordpress\/ -->\n<title>DEGREAS&#039;R ECOLABEL concentr\u00e9  Recharge de 50 mL - Hydrachim<\/title>\n<meta name=\"robots\" content=\"index, follow, max-snippet:-1, max-image-preview:large, max-video-preview:-1\" \/>\n<link rel=\"canonical\" href=\"https:\/\/www.hydrachim.fr\/en\/produit\/degreasr_ecolabel_concentre___recharge_de_50_ml_002065392\/\" \/>\n<meta property=\"og:locale\" content=\"en_US\" \/>\n<meta property=\"og:type\" content=\"article\" \/>\n<meta property=\"og:title\" content=\"DEGREAS&#039;R ECOLABEL concentr\u00e9  Recharge de 50 mL - Hydrachim\" \/>\n<meta property=\"og:description\" content=\"D\u00e9graissant surfaces alimentaires &amp; tertiaires.\" \/>\n<meta property=\"og:url\" content=\"https:\/\/www.hydrachim.fr\/en\/produit\/degreasr_ecolabel_concentre___recharge_de_50_ml_002065392\/\" \/>\n<meta property=\"og:site_name\" content=\"Hydrachim\" \/>\n<meta property=\"article:modified_time\" content=\"2025-10-21T09:08:14+00:00\" \/>\n<meta property=\"og:image\" content=\"https:\/\/www.hydrachim.fr\/app\/uploads\/2024\/12\/0653_CAPS_DEGREAS_R_ECOLABEL___D_graissant_cuisine_concentr____50mL.png\" \/>\n\t<meta property=\"og:image:width\" content=\"500\" \/>\n\t<meta property=\"og:image:height\" content=\"546\" \/>\n\t<meta property=\"og:image:type\" content=\"image\/png\" \/>\n<meta name=\"twitter:card\" content=\"summary_large_image\" \/>\n<meta name=\"twitter:label1\" content=\"Est. reading time\" \/>\n\t<meta name=\"twitter:data1\" content=\"3 minutes\" \/>\n<script type=\"application\/ld+json\" class=\"yoast-schema-graph\">{\"@context\":\"https:\\\/\\\/schema.org\",\"@graph\":[{\"@type\":\"WebPage\",\"@id\":\"https:\\\/\\\/www.hydrachim.fr\\\/en\\\/produit\\\/degreasr_ecolabel_concentre___recharge_de_50_ml_002065392\\\/\",\"url\":\"https:\\\/\\\/www.hydrachim.fr\\\/en\\\/produit\\\/degreasr_ecolabel_concentre___recharge_de_50_ml_002065392\\\/\",\"name\":\"DEGREAS'R ECOLABEL concentr\u00e9 Recharge de 50 mL - Hydrachim\",\"isPartOf\":{\"@id\":\"https:\\\/\\\/www.hydrachim.fr\\\/en\\\/#website\"},\"primaryImageOfPage\":{\"@id\":\"https:\\\/\\\/www.hydrachim.fr\\\/en\\\/produit\\\/degreasr_ecolabel_concentre___recharge_de_50_ml_002065392\\\/#primaryimage\"},\"image\":{\"@id\":\"https:\\\/\\\/www.hydrachim.fr\\\/en\\\/produit\\\/degreasr_ecolabel_concentre___recharge_de_50_ml_002065392\\\/#primaryimage\"},\"thumbnailUrl\":\"https:\\\/\\\/www.hydrachim.fr\\\/app\\\/uploads\\\/2024\\\/12\\\/0653_CAPS_DEGREAS_R_ECOLABEL___D_graissant_cuisine_concentr____50mL.png\",\"datePublished\":\"2024-12-24T10:26:09+00:00\",\"dateModified\":\"2025-10-21T09:08:14+00:00\",\"breadcrumb\":{\"@id\":\"https:\\\/\\\/www.hydrachim.fr\\\/en\\\/produit\\\/degreasr_ecolabel_concentre___recharge_de_50_ml_002065392\\\/#breadcrumb\"},\"inLanguage\":\"en-US\",\"potentialAction\":[{\"@type\":\"ReadAction\",\"target\":[\"https:\\\/\\\/www.hydrachim.fr\\\/en\\\/produit\\\/degreasr_ecolabel_concentre___recharge_de_50_ml_002065392\\\/\"]}]},{\"@type\":\"ImageObject\",\"inLanguage\":\"en-US\",\"@id\":\"https:\\\/\\\/www.hydrachim.fr\\\/en\\\/produit\\\/degreasr_ecolabel_concentre___recharge_de_50_ml_002065392\\\/#primaryimage\",\"url\":\"https:\\\/\\\/www.hydrachim.fr\\\/app\\\/uploads\\\/2024\\\/12\\\/0653_CAPS_DEGREAS_R_ECOLABEL___D_graissant_cuisine_concentr____50mL.png\",\"contentUrl\":\"https:\\\/\\\/www.hydrachim.fr\\\/app\\\/uploads\\\/2024\\\/12\\\/0653_CAPS_DEGREAS_R_ECOLABEL___D_graissant_cuisine_concentr____50mL.png\",\"width\":500,\"height\":546},{\"@type\":\"BreadcrumbList\",\"@id\":\"https:\\\/\\\/www.hydrachim.fr\\\/en\\\/produit\\\/degreasr_ecolabel_concentre___recharge_de_50_ml_002065392\\\/#breadcrumb\",\"itemListElement\":[{\"@type\":\"ListItem\",\"position\":1,\"name\":\"Home\",\"item\":\"https:\\\/\\\/www.hydrachim.fr\\\/en\\\/\"},{\"@type\":\"ListItem\",\"position\":2,\"name\":\"Boutique\",\"item\":\"https:\\\/\\\/www.hydrachim.fr\\\/boutique\\\/\"},{\"@type\":\"ListItem\",\"position\":3,\"name\":\"DEGREAS&rsquo;R ECOLABEL concentr\u00e9 Recharge de 50 mL\"}]},{\"@type\":\"WebSite\",\"@id\":\"https:\\\/\\\/www.hydrachim.fr\\\/en\\\/#website\",\"url\":\"https:\\\/\\\/www.hydrachim.fr\\\/en\\\/\",\"name\":\"Hydrachim\",\"description\":\"La science de l&#039;hygi\u00e8ne\",\"potentialAction\":[{\"@type\":\"SearchAction\",\"target\":{\"@type\":\"EntryPoint\",\"urlTemplate\":\"https:\\\/\\\/www.hydrachim.fr\\\/en\\\/?s={search_term_string}\"},\"query-input\":{\"@type\":\"PropertyValueSpecification\",\"valueRequired\":true,\"valueName\":\"search_term_string\"}}],\"inLanguage\":\"en-US\"}]}<\/script>\n<!-- \/ Yoast SEO plugin. -->","yoast_head_json":{"title":"DEGREAS'R ECOLABEL concentr\u00e9  Recharge de 50 mL - Hydrachim","robots":{"index":"index","follow":"follow","max-snippet":"max-snippet:-1","max-image-preview":"max-image-preview:large","max-video-preview":"max-video-preview:-1"},"canonical":"https:\/\/www.hydrachim.fr\/en\/produit\/degreasr_ecolabel_concentre___recharge_de_50_ml_002065392\/","og_locale":"en_US","og_type":"article","og_title":"DEGREAS'R ECOLABEL concentr\u00e9  Recharge de 50 mL - Hydrachim","og_description":"D\u00e9graissant surfaces alimentaires &amp; tertiaires.","og_url":"https:\/\/www.hydrachim.fr\/en\/produit\/degreasr_ecolabel_concentre___recharge_de_50_ml_002065392\/","og_site_name":"Hydrachim","article_modified_time":"2025-10-21T09:08:14+00:00","og_image":[{"width":500,"height":546,"url":"https:\/\/www.hydrachim.fr\/app\/uploads\/2024\/12\/0653_CAPS_DEGREAS_R_ECOLABEL___D_graissant_cuisine_concentr____50mL.png","type":"image\/png"}],"twitter_card":"summary_large_image","twitter_misc":{"Est. reading time":"3 minutes"},"schema":{"@context":"https:\/\/schema.org","@graph":[{"@type":"WebPage","@id":"https:\/\/www.hydrachim.fr\/en\/produit\/degreasr_ecolabel_concentre___recharge_de_50_ml_002065392\/","url":"https:\/\/www.hydrachim.fr\/en\/produit\/degreasr_ecolabel_concentre___recharge_de_50_ml_002065392\/","name":"DEGREAS'R ECOLABEL concentr\u00e9 Recharge de 50 mL - Hydrachim","isPartOf":{"@id":"https:\/\/www.hydrachim.fr\/en\/#website"},"primaryImageOfPage":{"@id":"https:\/\/www.hydrachim.fr\/en\/produit\/degreasr_ecolabel_concentre___recharge_de_50_ml_002065392\/#primaryimage"},"image":{"@id":"https:\/\/www.hydrachim.fr\/en\/produit\/degreasr_ecolabel_concentre___recharge_de_50_ml_002065392\/#primaryimage"},"thumbnailUrl":"https:\/\/www.hydrachim.fr\/app\/uploads\/2024\/12\/0653_CAPS_DEGREAS_R_ECOLABEL___D_graissant_cuisine_concentr____50mL.png","datePublished":"2024-12-24T10:26:09+00:00","dateModified":"2025-10-21T09:08:14+00:00","breadcrumb":{"@id":"https:\/\/www.hydrachim.fr\/en\/produit\/degreasr_ecolabel_concentre___recharge_de_50_ml_002065392\/#breadcrumb"},"inLanguage":"en-US","potentialAction":[{"@type":"ReadAction","target":["https:\/\/www.hydrachim.fr\/en\/produit\/degreasr_ecolabel_concentre___recharge_de_50_ml_002065392\/"]}]},{"@type":"ImageObject","inLanguage":"en-US","@id":"https:\/\/www.hydrachim.fr\/en\/produit\/degreasr_ecolabel_concentre___recharge_de_50_ml_002065392\/#primaryimage","url":"https:\/\/www.hydrachim.fr\/app\/uploads\/2024\/12\/0653_CAPS_DEGREAS_R_ECOLABEL___D_graissant_cuisine_concentr____50mL.png","contentUrl":"https:\/\/www.hydrachim.fr\/app\/uploads\/2024\/12\/0653_CAPS_DEGREAS_R_ECOLABEL___D_graissant_cuisine_concentr____50mL.png","width":500,"height":546},{"@type":"BreadcrumbList","@id":"https:\/\/www.hydrachim.fr\/en\/produit\/degreasr_ecolabel_concentre___recharge_de_50_ml_002065392\/#breadcrumb","itemListElement":[{"@type":"ListItem","position":1,"name":"Home","item":"https:\/\/www.hydrachim.fr\/en\/"},{"@type":"ListItem","position":2,"name":"Boutique","item":"https:\/\/www.hydrachim.fr\/boutique\/"},{"@type":"ListItem","position":3,"name":"DEGREAS&rsquo;R ECOLABEL concentr\u00e9 Recharge de 50 mL"}]},{"@type":"WebSite","@id":"https:\/\/www.hydrachim.fr\/en\/#website","url":"https:\/\/www.hydrachim.fr\/en\/","name":"Hydrachim","description":"La science de l&#039;hygi\u00e8ne","potentialAction":[{"@type":"SearchAction","target":{"@type":"EntryPoint","urlTemplate":"https:\/\/www.hydrachim.fr\/en\/?s={search_term_string}"},"query-input":{"@type":"PropertyValueSpecification","valueRequired":true,"valueName":"search_term_string"}}],"inLanguage":"en-US"}]}},"acf":{"fiche_methode":"","fiche_technique":"https:\/\/www.hydrachim.fr\/app\/uploads\/2025\/10\/FT_0653___DEGREAS_R_ECOLABEL___50ml-1.pdf"},"_links":{"self":[{"href":"https:\/\/www.hydrachim.fr\/en\/wp-json\/wp\/v2\/product\/20328","targetHints":{"allow":["GET"]}}],"collection":[{"href":"https:\/\/www.hydrachim.fr\/en\/wp-json\/wp\/v2\/product"}],"about":[{"href":"https:\/\/www.hydrachim.fr\/en\/wp-json\/wp\/v2\/types\/product"}],"wp:featuredmedia":[{"embeddable":true,"href":"https:\/\/www.hydrachim.fr\/en\/wp-json\/wp\/v2\/media\/20329"}],"wp:attachment":[{"href":"https:\/\/www.hydrachim.fr\/en\/wp-json\/wp\/v2\/media?parent=20328"}],"wp:term":[{"taxonomy":"product_brand","embeddable":true,"href":"https:\/\/www.hydrachim.fr\/en\/wp-json\/wp\/v2\/product_brand?post=20328"},{"taxonomy":"product_type","embeddable":true,"href":"https:\/\/www.hydrachim.fr\/en\/wp-json\/wp\/v2\/product_type?post=20328"},{"taxonomy":"product_visibility","embeddable":true,"href":"https:\/\/www.hydrachim.fr\/en\/wp-json\/wp\/v2\/product_visibility?post=20328"},{"taxonomy":"product_cat","embeddable":true,"href":"https:\/\/www.hydrachim.fr\/en\/wp-json\/wp\/v2\/product_cat?post=20328"}],"curies":[{"name":"wp","href":"https:\/\/api.w.org\/{rel}","templated":true}]}}